{"id":9808,"date":"2023-04-26T09:51:33","date_gmt":"2023-04-26T12:51:33","guid":{"rendered":"https:\/\/lda.ar\/wp\/?page_id=9808"},"modified":"2023-04-27T09:38:50","modified_gmt":"2023-04-27T12:38:50","slug":"lu1qa-fiesta-del-cristo-de-la-quebrada","status":"publish","type":"page","link":"https:\/\/lda.ar\/?page_id=9808","title":{"rendered":"(LU1QA) Fiesta del Cristo de la Quebrada"},"content":{"rendered":"<div id=\"pl-gb9808-69e694c08ee07\"  class=\"panel-layout\" ><div id=\"pg-gb9808-69e694c08ee07-0\"  class=\"panel-grid panel-no-style\" ><div id=\"pgc-gb9808-69e694c08ee07-0-0\"  class=\"panel-grid-cell\" ><div id=\"panel-gb9808-69e694c08ee07-0-0-0\" class=\"so-panel widget widget_sow-headline panel-first-child\" data-index=\"0\" ><div\n\t\t\t\n\t\t\tclass=\"so-widget-sow-headline so-widget-sow-headline-default-20c5311775ad-9808\"\n\t\t\t\n\t\t><div class=\"sow-headline-container \">\n\t\t\t\t\t\t<div class=\"decoration\">\n\t\t\t\t\t\t<div class=\"decoration-inside\"><\/div>\n\t\t\t\t\t<\/div>\n\t\t\t\t\t<\/div>\n<\/div><\/div><div id=\"panel-gb9808-69e694c08ee07-0-0-1\" class=\"so-panel widget widget_sow-image panel-last-child\" data-index=\"1\" ><div\n\t\t\t\n\t\t\tclass=\"so-widget-sow-image so-widget-sow-image-default-113ccd71f3e6-9808\"\n\t\t\t\n\t\t>\n<div class=\"sow-image-container\">\n\t\t\t<a href=\"https:\/\/lu1qa.com.ar\/\"\n\t\t\ttarget=\"_blank\" rel=\"noopener noreferrer\" \t\t>\n\t\t\t<img \n\tsrc=\"https:\/\/www.lda.ar\/imagenes\/membretes\/membrete_LU1QA_cristo_quebrada_2023.jpg\" title=\"LU1QA\" alt=\"LU1QA\" \t\tclass=\"so-widget-image\"\/>\n\t\t\t<\/a><\/div>\n\n<\/div><\/div><\/div><\/div><div id=\"pg-gb9808-69e694c08ee07-1\"  class=\"panel-grid panel-no-style\" ><div id=\"pgc-gb9808-69e694c08ee07-1-0\"  class=\"panel-grid-cell\" ><div id=\"panel-gb9808-69e694c08ee07-1-0-0\" class=\"so-panel widget widget_sow-image panel-first-child panel-last-child\" data-index=\"2\" ><div\n\t\t\t\n\t\t\tclass=\"so-widget-sow-image so-widget-sow-image-default-113ccd71f3e6-9808\"\n\t\t\t\n\t\t>\n<div class=\"sow-image-container\">\n\t\t<img \n\tsrc=\"https:\/\/lda.ar\/imagenes\/qsls_311x200x75\/muestra_qsl-LU1QA-CRISTO-QUEBRADA.jpg\" title=\"LU1QA\" alt=\"LU1QA\" \t\tclass=\"so-widget-image\"\/>\n\t<\/div>\n\n<\/div><\/div><\/div><\/div><div id=\"pg-gb9808-69e694c08ee07-2\"  class=\"panel-grid panel-no-style\" ><div id=\"pgc-gb9808-69e694c08ee07-2-0\"  class=\"panel-grid-cell\" ><div id=\"panel-gb9808-69e694c08ee07-2-0-0\" class=\"so-panel widget widget_sow-editor panel-first-child panel-last-child\" data-index=\"3\" ><div\n\t\t\t\n\t\t\tclass=\"so-widget-sow-editor so-widget-sow-editor-base\"\n\t\t\t\n\t\t>\n<div class=\"siteorigin-widget-tinymce textwidget\">\n\t<p><span style=\"color: #196194;\">En <strong>SAN LUIS<\/strong>, al norte de la capital puntana a 38 Km, en <strong>Villa de la Quebrada<\/strong>, se realiza este evento de religiosidad popular que congrega una multitud de peregrinos, quienes agradecen y renuevan sus promesas. En el interior del Santuario se encuentra la peque\u00f1a imagen de Cristo Crucificado <strong>denominado el SE\u00d1OR DE LA QUEBRADA<\/strong>.<br \/>\n<\/span><span style=\"color: #196194;\"><strong>Todos los a\u00f1os los d\u00edas 1 al 3 de mayo<\/strong> congrega una multitud de creyentes y tambi\u00e9n durante la novena que antecede su fiesta.<br \/>\n<\/span><span style=\"color: #196194;\">El origen de la devoci\u00f3n al Cristo de la Quebrada <strong>tiene origen en un hecho ocurrido entre 1847 y 1868<\/strong>. Cuando\u00a0<strong>Tom\u00e1s Alcaraz<\/strong>, propietario de tierras en la actual zona de Villa de la Quebrada, estaba buscando madera para la construcci\u00f3n de la casa de uno de sus hijos. Encontr\u00f3 un algarrobo mediano y <strong>al clavarle un hachazo, este desprendi\u00f3 una astilla, quedando al descubierto una cavidad y dentro de ella un crucifijo<\/strong>.<br \/>\n<\/span><span style=\"color: #196194;\">Con amoroso cuidado lo levanta, monta a caballo y presuroso retorna a su casa distante una media legua. La noticia del hallazgo se difundi\u00f3 entre los vecinos de El Guanaco. En la zona no hay memoria de que alguien lo perdiera o escondiera en la incipiente concavidad de un \u00e1rbol en crecimiento, <strong>adem\u00e1s el cristo no se rompi\u00f3 por el crecimiento del tronco que lo cubr\u00eda<\/strong>. Este es el primer milagro del Cristo de la Quebrada, versi\u00f3n sustentada por la tradici\u00f3n lugare\u00f1a. Tom\u00e1s Alcaraz le arm\u00f3 un altar con velas en su casa. <strong>Al d\u00eda siguiente el cristo no estaba, nadie de la familia lo hab\u00eda movido del lugar, lo encontraron nuevamente en el \u00e1rbol<\/strong> lo que fue interpretado como que ese era su lugar y deb\u00edan construir un templo. Don Tom\u00e1s Alcaraz decidi\u00f3 levantar el templo que custodiara la milagrosa imagen en el mismo lugar donde la encontr\u00f3 y que coincide con la explanada del actual Santuario.<\/span><\/p>\n<\/div>\n<\/div><\/div><\/div><\/div><div id=\"pg-gb9808-69e694c08ee07-3\"  class=\"panel-grid panel-no-style\" ><div id=\"pgc-gb9808-69e694c08ee07-3-0\"  class=\"panel-grid-cell\" ><div id=\"panel-gb9808-69e694c08ee07-3-0-0\" class=\"so-panel widget widget_sow-button panel-first-child\" data-index=\"4\" ><div\n\t\t\t\n\t\t\tclass=\"so-widget-sow-button so-widget-sow-button-atom-84e047a5cb77-9808\"\n\t\t\t\n\t\t><div class=\"ow-button-base ow-button-align-center\"\n>\n\t\t\t<a\n\t\t\t\t\thref=\"https:\/\/lda.ar\/bases\/bases_LU1QA_cristo_quebrada_2023.pdf\"\n\t\t\t\t\tclass=\"sowb-button ow-icon-placement-left ow-button-hover\" target=\"_blank\" rel=\"noopener noreferrer\" \t>\n\t\t<span>\n\t\t\t<span class=\"sow-icon-fontawesome sow-far\" data-sow-icon=\"&#xf1c1;\"\n\t\tstyle=\"\" \n\t\taria-hidden=\"true\"><\/span>\n\t\t\tVER BASES\t\t<\/span>\n\t\t\t<\/a>\n\t<\/div>\n<\/div><\/div><div id=\"panel-gb9808-69e694c08ee07-3-0-1\" class=\"so-panel widget widget_text\" data-index=\"5\" ><div class=\"panel-widget-style panel-widget-style-for-gb9808-69e694c08ee07-3-0-1\" >\t\t\t<div class=\"textwidget\"><p><strong>Los contactos subidos por las estaciones a LdA son exclusiva responsabilidad de las mismas. Si ha detectado una mala carga de alg\u00fan QSO en particular no es LdA quien debe solucionar el problema. P\u00f3ngase en contacto con la instituci\u00f3n organizadora a tal fin o con la estaci\u00f3n contactada buscando sus datos en\u00a0 <a href=\"https:\/\/lda.ar\/?page_id=17\" target=\"_blank\" rel=\"noopener\">USUARIOS DE LdA.<\/a><\/strong><\/p>\n<\/div>\n\t\t<\/div><\/div><div id=\"panel-gb9808-69e694c08ee07-3-0-2\" class=\"so-panel widget widget_text panel-last-child\" data-index=\"6\" ><div class=\"panel-widget-style panel-widget-style-for-gb9808-69e694c08ee07-3-0-2\" >\t\t\t<div class=\"textwidget\"><p><em><strong>\u00abEl certificado es v\u00e1lido para la comprobaci\u00f3n de actividad de radioaficionado.\u00bb<\/strong><\/em><\/p>\n<\/div>\n\t\t<\/div><\/div><\/div><\/div><\/div>\n\n\n<hr class=\"wp-block-separator has-text-color has-luminous-vivid-orange-color has-css-opacity has-luminous-vivid-orange-background-color has-background is-style-wide\"\/>\n\n\n<style>\n       .errordiv { padding:10px; margin:10px; border: 1px solid #555555;color: #000000;background-color: #f8f8f8; width:500px; }#advanced_iframe {visibility:visible;opacity:1;vertical-align:top;}.ai-info-bottom-iframe { position: fixed; z-index: 10000; bottom:0; left: 0; margin: 0px; text-align: center; width: 100%; background-color: #ff9999; padding-left: 5px;padding-bottom: 5px; border-top: 1px solid #aaa } a.ai-bold {font-weight: bold;}#ai-layer-div-advanced_iframe p {height:100%;margin:0;padding:0}<\/style><script type=\"text\/javascript\">var ai_iframe_width_advanced_iframe = 0;var ai_iframe_height_advanced_iframe = 0;function aiReceiveMessageadvanced_iframe(event) {  aiProcessMessage(event,\"advanced_iframe\", \"true\",\"\",\"false\",\"false\");}if (window.addEventListener) {  window.addEventListener(\"message\", aiReceiveMessageadvanced_iframe);} else if (el.attachEvent)  {  el.attachEvent(\"message\", aiReceiveMessageadvanced_iframe);}var aiOnloadScrollTop=\"true\";var aiShowDebug=false;\n\t\tif (typeof aiReadyCallbacks === 'undefined') {\n\t\t\tvar aiReadyCallbacks = [];\n\t\t} else if (!(aiReadyCallbacks instanceof Array)) {\n\t\t\tvar aiReadyCallbacks = [];\n\t\t}    function aiShowIframeId(id_iframe) { jQuery(\"#\"+id_iframe).css(\"visibility\", \"visible\");    }    function aiResizeIframeHeight(height) { aiResizeIframeHeight(height,advanced_iframe); }    function aiResizeIframeHeightId(height,width,id) {aiResizeIframeHeightById(id,height);}<\/script><iframe id=\"advanced_iframe\"  name=\"advanced_iframe\"  src=\"https:\/\/lda.ar\/php\/lu1qa_2023.php\"  width=\"100%\"  height=\"5200\"  frameborder=\"0\"  border=\"0\"  allowtransparency=\"true\"  loading=\"lazy\"  style=\";border-width: 0px;;border: none;;width:100%;;height:5200px;\" ><\/iframe><script type=\"text\/javascript\">var ifrm_advanced_iframe = document.getElementById(\"advanced_iframe\");var hiddenTabsDoneadvanced_iframe = false;\nfunction resizeCallbackadvanced_iframe() {}<\/script><script type=\"text\/javascript\"><\/script><p style=\"display:block !important; visibility:visible !important;margin: -18px 14px 0 0;padding-left: 3px;padding-top:3px;background: white; overflow: hidden; position: relative; line-height:15px;width: fit-content;\"><small style=\"display:block !important;visibility:visible !important\">powered by Advanced iFrame<\/small><\/p>\n\n<div id=\"pl-gb9808-69e694c091404\"  class=\"panel-layout wp-block-siteorigin-panels-layout-block\" ><div id=\"pg-gb9808-69e694c091404-0\"  class=\"panel-grid panel-no-style\" ><div id=\"pgc-gb9808-69e694c091404-0-0\"  class=\"panel-grid-cell\" ><div id=\"panel-gb9808-69e694c091404-0-0-0\" class=\"so-panel widget widget_sow-image-grid panel-first-child panel-last-child\" data-index=\"0\" ><div\n\t\t\t\n\t\t\tclass=\"so-widget-sow-image-grid so-widget-sow-image-grid-default-15bfeffd6b98-9808\"\n\t\t\t\n\t\t>\t<div\n\t\tclass=\"sow-image-grid-wrapper\"\n\t\tdata-max-width=\"85\"\t\tdata-max-height=\"75\"\t>\n\t\t\t\t\t<div class=\"sow-image-grid-image\">\n\t\t\t\t\t\t\t\t\t\t\t\t\t<a href=\"https:\/\/fotovig.com.ar\/\"\n\t\t\t\t\t\t\t\t\t\t\t\t\t\t\t\t\t\ttarget=\"_blank\" \t\t\t\t\t\t\t\t\t\t\t\t\t\t\t\t\t\t\t\t\t\t\t\trel=\"noopener noreferrer\" \t\t\t\t\t\t\t\t\t\t\t>\n\t\t\t\t\t\t\t\t<img decoding=\"async\" title=\"Fotovig\" alt=\"Fotovig&quot;\" class=\"sow-image-grid-image_html\" src=\"https:\/\/lda.ar\/imagenes\/escudos\/Marca%20Foto%20Vig%20(Colores).png\" >\t\t\t\t\t\t\t\t\t<\/a>\n\t\t\t\t\t\t\t\t\t\t\t<\/div>\n\t\t\t\t\t<div class=\"sow-image-grid-image\">\n\t\t\t\t\t\t\t\t\t\t\t\t\t<a href=\"http:\/\/www.sa10m.com.ar\/\"\n\t\t\t\t\t\t\t\t\t\t\t\t\t\t\t\t\t\ttarget=\"_blank\" \t\t\t\t\t\t\t\t\t\t\t\t\t\t\t\t\t\t\t\t\t\t\t\trel=\"noopener noreferrer\" \t\t\t\t\t\t\t\t\t\t\t>\n\t\t\t\t\t\t\t\t<img decoding=\"async\" title=\"SA1\u00d8m Contest\" alt=\"SA10m Contest&quot;\" class=\"sow-image-grid-image_html\" src=\"https:\/\/lda.ar\/imagenes\/escudos\/logo_sa10m.png\" >\t\t\t\t\t\t\t\t\t<\/a>\n\t\t\t\t\t\t\t\t\t\t\t<\/div>\n\t\t\t\t\t<div class=\"sow-image-grid-image\">\n\t\t\t\t\t\t\t\t\t\t\t\t\t<a href=\"http:\/\/www.campeonatohf.com.ar\/\"\n\t\t\t\t\t\t\t\t\t\t\t\t\t\t\t\t\t\ttarget=\"_blank\" \t\t\t\t\t\t\t\t\t\t\t\t\t\t\t\t\t\t\t\t\t\t\t\trel=\"noopener noreferrer\" \t\t\t\t\t\t\t\t\t\t\t>\n\t\t\t\t\t\t\t\t<img decoding=\"async\" title=\"Campeonato Argentino de HF\" alt=\"Campeonato Argentino de HF&quot;\" class=\"sow-image-grid-image_html\" src=\"https:\/\/lda.ar\/imagenes\/escudos\/logo_cahf.png\" >\t\t\t\t\t\t\t\t\t<\/a>\n\t\t\t\t\t\t\t\t\t\t\t<\/div>\n\t\t\t\t\t<div class=\"sow-image-grid-image\">\n\t\t\t\t\t\t\t\t\t\t\t\t\t<a href=\"http:\/\/jvp-antenas.com.ar\/\"\n\t\t\t\t\t\t\t\t\t\t\t\t\t\t\t\t\t\ttarget=\"_blank\" \t\t\t\t\t\t\t\t\t\t\t\t\t\t\t\t\t\t\t\t\t\t\t\trel=\"noopener noreferrer\" \t\t\t\t\t\t\t\t\t\t\t>\n\t\t\t\t\t\t\t\t<img decoding=\"async\" title=\"JVP Antenas\" alt=\"JVP Antenas&quot;\" class=\"sow-image-grid-image_html\" src=\"https:\/\/lda.ar\/imagenes\/escudos\/logo_jvp.png\" >\t\t\t\t\t\t\t\t\t<\/a>\n\t\t\t\t\t\t\t\t\t\t\t<\/div>\n\t\t\t\t\t<div class=\"sow-image-grid-image\">\n\t\t\t\t\t\t\t\t\t\t\t\t\t<a href=\"http:\/\/www.jpv-antenas.com.ar\"\n\t\t\t\t\t\t\t\t\t\t\t\t\t\t\t\t\t\ttarget=\"_blank\" \t\t\t\t\t\t\t\t\t\t\t\t\t\t\t\t\t\t\t\t\t\t\t\trel=\"noopener noreferrer\" \t\t\t\t\t\t\t\t\t\t\t>\n\t\t\t\t\t\t\t\t<img decoding=\"async\" title=\"Yaguaret\u00e9 DX Group\" alt=\"Yaguaret\u00e9 DX Group&quot;\" class=\"sow-image-grid-image_html\" src=\"https:\/\/lda.ar\/imagenes\/escudos\/escudo_yaguarete_dx_group_600px.png\" >\t\t\t\t\t\t\t\t\t<\/a>\n\t\t\t\t\t\t\t\t\t\t\t<\/div>\n\t\t\t\t\t<div class=\"sow-image-grid-image\">\n\t\t\t\t\t\t\t\t\t\t\t\t\t<a href=\"https:\/\/www.argentinaroom.com.ar\/\"\n\t\t\t\t\t\t\t\t\t\t\t\t\t\t\t\t\t\ttarget=\"_blank\" \t\t\t\t\t\t\t\t\t\t\t\t\t\t\t\t\t\t\t\t\t\t\t\trel=\"noopener noreferrer\" \t\t\t\t\t\t\t\t\t\t\t>\n\t\t\t\t\t\t\t\t<img decoding=\"async\" title=\"Argentina ROOM\" alt=\"Argentina ROOM&quot;\" class=\"sow-image-grid-image_html\" src=\"https:\/\/lda.ar\/escudos\/marca_arg_room_circular_fdo_celeste.png\" >\t\t\t\t\t\t\t\t\t<\/a>\n\t\t\t\t\t\t\t\t\t\t\t<\/div>\n\t\t\t<\/div>\n<\/div><\/div><\/div><\/div><\/div>","protected":false},"excerpt":{"rendered":"","protected":false},"author":3,"featured_media":0,"parent":1406,"menu_order":0,"comment_status":"closed","ping_status":"closed","template":"","meta":{"ngg_post_thumbnail":0,"footnotes":""},"class_list":["post-9808","page","type-page","status-publish","hentry"],"_links":{"self":[{"href":"https:\/\/lda.ar\/index.php?rest_route=\/wp\/v2\/pages\/9808","targetHints":{"allow":["GET"]}}],"collection":[{"href":"https:\/\/lda.ar\/index.php?rest_route=\/wp\/v2\/pages"}],"about":[{"href":"https:\/\/lda.ar\/index.php?rest_route=\/wp\/v2\/types\/page"}],"author":[{"embeddable":true,"href":"https:\/\/lda.ar\/index.php?rest_route=\/wp\/v2\/users\/3"}],"replies":[{"embeddable":true,"href":"https:\/\/lda.ar\/index.php?rest_route=%2Fwp%2Fv2%2Fcomments&post=9808"}],"version-history":[{"count":3,"href":"https:\/\/lda.ar\/index.php?rest_route=\/wp\/v2\/pages\/9808\/revisions"}],"predecessor-version":[{"id":9817,"href":"https:\/\/lda.ar\/index.php?rest_route=\/wp\/v2\/pages\/9808\/revisions\/9817"}],"up":[{"embeddable":true,"href":"https:\/\/lda.ar\/index.php?rest_route=\/wp\/v2\/pages\/1406"}],"wp:attachment":[{"href":"https:\/\/lda.ar\/index.php?rest_route=%2Fwp%2Fv2%2Fmedia&parent=9808"}],"curies":[{"name":"wp","href":"https:\/\/api.w.org\/{rel}","templated":true}]}}