{"id":9691,"date":"2023-03-08T18:48:04","date_gmt":"2023-03-08T21:48:04","guid":{"rendered":"https:\/\/lda.ar\/wp\/?page_id=9691"},"modified":"2023-03-14T19:11:37","modified_gmt":"2023-03-14T22:11:37","slug":"nl-lu6dk-lu3eru-41o-convencion-anual-en-vuelo","status":"publish","type":"page","link":"https:\/\/lda.ar\/?page_id=9691","title":{"rendered":"(LU6DK \/ LU3ERU) 41\u00ba Convenci\u00f3n Anual en Vuelo"},"content":{"rendered":"<div id=\"pl-gb9691-69e8a451882d9\"  class=\"panel-layout\" ><div id=\"pg-gb9691-69e8a451882d9-0\"  class=\"panel-grid panel-no-style\" ><div id=\"pgc-gb9691-69e8a451882d9-0-0\"  class=\"panel-grid-cell\" ><div id=\"panel-gb9691-69e8a451882d9-0-0-0\" class=\"so-panel widget widget_sow-headline panel-first-child\" data-index=\"0\" ><div\n\t\t\t\n\t\t\tclass=\"so-widget-sow-headline so-widget-sow-headline-default-20c5311775ad-9691\"\n\t\t\t\n\t\t><div class=\"sow-headline-container \">\n\t\t\t\t\t\t<div class=\"decoration\">\n\t\t\t\t\t\t<div class=\"decoration-inside\"><\/div>\n\t\t\t\t\t<\/div>\n\t\t\t\t\t<\/div>\n<\/div><\/div><div id=\"panel-gb9691-69e8a451882d9-0-0-1\" class=\"so-panel widget widget_sow-image panel-last-child\" data-index=\"1\" ><div\n\t\t\t\n\t\t\tclass=\"so-widget-sow-image so-widget-sow-image-default-113ccd71f3e6-9691\"\n\t\t\t\n\t\t>\n<div class=\"sow-image-container\">\n\t\t\t<a href=\"https:\/\/lu6dk.com\/\"\n\t\t\ttarget=\"_blank\" rel=\"noopener noreferrer\" \t\t>\n\t\t\t<img \n\tsrc=\"https:\/\/www.lda.ar\/imagenes\/membretes\/membrete_LU6DK_vuelo_2023.jpg\" title=\"LU6DK \/ LU3ERU\" alt=\"LU6DK \/ LU3ERU\" \t\tclass=\"so-widget-image\"\/>\n\t\t\t<\/a><\/div>\n\n<\/div><\/div><\/div><\/div><div id=\"pg-gb9691-69e8a451882d9-1\"  class=\"panel-grid panel-no-style\" ><div id=\"pgc-gb9691-69e8a451882d9-1-0\"  class=\"panel-grid-cell panel-grid-cell-empty\" ><\/div><div id=\"pgc-gb9691-69e8a451882d9-1-1\"  class=\"panel-grid-cell\" ><div id=\"panel-gb9691-69e8a451882d9-1-1-0\" class=\"so-panel widget widget_sow-image panel-first-child panel-last-child\" data-index=\"2\" ><div\n\t\t\t\n\t\t\tclass=\"so-widget-sow-image so-widget-sow-image-default-113ccd71f3e6-9691\"\n\t\t\t\n\t\t>\n<div class=\"sow-image-container\">\n\t\t<img \n\tsrc=\"https:\/\/lda.ar\/imagenes\/qsls_311x200x75\/muestra_qsL-LU6DK_D-41CONV-VUELO-2023.jpg\" title=\"LU6DK\/D\" alt=\"LU6DK\/D\" \t\tclass=\"so-widget-image\"\/>\n\t<\/div>\n\n<\/div><\/div><\/div><div id=\"pgc-gb9691-69e8a451882d9-1-2\"  class=\"panel-grid-cell\" ><div id=\"panel-gb9691-69e8a451882d9-1-2-0\" class=\"so-panel widget widget_sow-image panel-first-child panel-last-child\" data-index=\"3\" ><div\n\t\t\t\n\t\t\tclass=\"so-widget-sow-image so-widget-sow-image-default-113ccd71f3e6-9691\"\n\t\t\t\n\t\t>\n<div class=\"sow-image-container\">\n\t\t<img \n\tsrc=\"https:\/\/lda.ar\/imagenes\/qsls_311x200x75\/muestra_qsL-LU3ERU_D-41CONV-VUELO-2023.jpg\" title=\"LU3ERU\" alt=\"LU3ERU\" \t\tclass=\"so-widget-image\"\/>\n\t<\/div>\n\n<\/div><\/div><\/div><div id=\"pgc-gb9691-69e8a451882d9-1-3\"  class=\"panel-grid-cell panel-grid-cell-mobile-last\" ><div id=\"panel-gb9691-69e8a451882d9-1-3-0\" class=\"so-panel widget widget_sow-image panel-first-child panel-last-child\" data-index=\"4\" ><div\n\t\t\t\n\t\t\tclass=\"so-widget-sow-image so-widget-sow-image-default-113ccd71f3e6-9691\"\n\t\t\t\n\t\t>\n<div class=\"sow-image-container\">\n\t\t<img \n\tsrc=\"https:\/\/lda.ar\/imagenes\/qsls_311x200x75\/muestra_qsL-LU3ERU-41CONV-VUELO-2023.jpg\" title=\"LU3ERU\/D\" alt=\"LU3ERU\/D\" \t\tclass=\"so-widget-image\"\/>\n\t<\/div>\n\n<\/div><\/div><\/div><div id=\"pgc-gb9691-69e8a451882d9-1-4\"  class=\"panel-grid-cell panel-grid-cell-empty\" ><\/div><\/div><div id=\"pg-gb9691-69e8a451882d9-2\"  class=\"panel-grid panel-no-style\" ><div id=\"pgc-gb9691-69e8a451882d9-2-0\"  class=\"panel-grid-cell\" ><div id=\"panel-gb9691-69e8a451882d9-2-0-0\" class=\"so-panel widget widget_sow-editor panel-first-child panel-last-child\" data-index=\"5\" ><div\n\t\t\t\n\t\t\tclass=\"so-widget-sow-editor so-widget-sow-editor-base\"\n\t\t\t\n\t\t>\n<div class=\"siteorigin-widget-tinymce textwidget\">\n\t<p><span style=\"color: #333399;\">El <strong>Radio Club Ciudad de General Rodr\u00edguez LU3ERU<\/strong> y el <strong>Radio Club Comandante Tomas Espora de Lomas de Zamora LU6DK<\/strong>, se unen para celebrar la <strong>41\u00b0 Convenci\u00f3n Anual en Vuelo<\/strong>, en la Ciudad de General Rodr\u00edguez.<br \/>\n<\/span><span style=\"color: #333399;\">La <strong>Experimental Aircraft\u00a0 Association, EAA<\/strong>, es la organizaci\u00f3n que alberga a los <strong>constructores hogare\u00f1os de aviones<\/strong>.<br \/>\n<\/span><span style=\"color: #333399;\">Aquellos fan\u00e1ticos que siguiendo planos, consejos, cursos e intuiciones, crean con sus propias manos, las maquinas que luego volaran como experimentales.<br \/>\n<\/span><span style=\"color: #333399;\">Con sede en Oshkosh, Wisconsin, Estados Unidos, traslada esta maravillosa atracci\u00f3n a la Ciudad de General Rodr\u00edguez, <strong>siendo la \u00fanica filial a nivel mundial<\/strong>, donde se realiza este evento fuera de los Estados Unidos.<\/span><\/p>\n<p><span style=\"color: #333399;\">Los contactos son v\u00e1lidos para el \u00ab<strong>CERTIFICADO PERMANENTE DE AERO CLUBES<\/strong>\u201d organizado por el <strong>C\u00edrculo de Radioaficionados de Merlo \u201cMalvinas Argentinas\u201d LU8DR<\/strong><\/span><\/p>\n<p><span style=\"color: #333399;\"><em><strong>(Las fotograf\u00edas utilizadas para ilustraci\u00f3n fueron realizadas por Gabriel Luque Fotograf\u00eda <\/strong><\/em><a style=\"color: #333399;\" href=\"https:\/\/www.instagram.com\/gabrielluquefoto\/?hl=es-la\" target=\"_blank\" rel=\"noopener\"><em><strong>@gabrielluquefoto<\/strong><\/em><\/a><\/span><\/p>\n<\/div>\n<\/div><\/div><\/div><\/div><div id=\"pg-gb9691-69e8a451882d9-3\"  class=\"panel-grid panel-no-style\" ><div id=\"pgc-gb9691-69e8a451882d9-3-0\"  class=\"panel-grid-cell\" ><div id=\"panel-gb9691-69e8a451882d9-3-0-0\" class=\"so-panel widget widget_sow-button panel-first-child\" data-index=\"6\" ><div\n\t\t\t\n\t\t\tclass=\"so-widget-sow-button so-widget-sow-button-atom-84e047a5cb77-9691\"\n\t\t\t\n\t\t><div class=\"ow-button-base ow-button-align-center\"\n>\n\t\t\t<a\n\t\t\t\t\thref=\"https:\/\/lda.ar\/bases\/bases_LU6DK_vuelo_2023.pdf\"\n\t\t\t\t\tclass=\"sowb-button ow-icon-placement-left ow-button-hover\" target=\"_blank\" rel=\"noopener noreferrer\" \t>\n\t\t<span>\n\t\t\t<span class=\"sow-icon-fontawesome sow-far\" data-sow-icon=\"&#xf1c1;\"\n\t\tstyle=\"\" \n\t\taria-hidden=\"true\"><\/span>\n\t\t\tVER BASES\t\t<\/span>\n\t\t\t<\/a>\n\t<\/div>\n<\/div><\/div><div id=\"panel-gb9691-69e8a451882d9-3-0-1\" class=\"so-panel widget widget_text\" data-index=\"7\" ><div class=\"panel-widget-style panel-widget-style-for-gb9691-69e8a451882d9-3-0-1\" >\t\t\t<div class=\"textwidget\"><p><strong>Los contactos subidos por las estaciones a LdA son exclusiva responsabilidad de las mismas. Si ha detectado una mala carga de alg\u00fan QSO en particular no es LdA quien debe solucionar el problema. P\u00f3ngase en contacto con la instituci\u00f3n organizadora a tal fin o con la estaci\u00f3n contactada buscando sus datos en\u00a0 <a href=\"https:\/\/lda.ar\/wp\/?page_id=17\" target=\"_blank\" rel=\"noopener\">USUARIOS DE LdA.<\/a><\/strong><\/p>\n<\/div>\n\t\t<\/div><\/div><div id=\"panel-gb9691-69e8a451882d9-3-0-2\" class=\"so-panel widget widget_text panel-last-child\" data-index=\"8\" ><div class=\"panel-widget-style panel-widget-style-for-gb9691-69e8a451882d9-3-0-2\" >\t\t\t<div class=\"textwidget\"><p><em><strong>\u00abEl certificado es v\u00e1lido para la comprobaci\u00f3n de actividad de radioaficionado.\u00bb<\/strong><\/em><\/p>\n<\/div>\n\t\t<\/div><\/div><\/div><\/div><\/div>\n\n\n<hr class=\"wp-block-separator has-text-color has-luminous-vivid-orange-color has-css-opacity has-luminous-vivid-orange-background-color has-background is-style-wide\"\/>\n\n\n<style>\n       .errordiv { padding:10px; margin:10px; border: 1px solid #555555;color: #000000;background-color: #f8f8f8; width:500px; }#advanced_iframe {visibility:visible;opacity:1;vertical-align:top;}.ai-info-bottom-iframe { position: fixed; z-index: 10000; bottom:0; left: 0; margin: 0px; text-align: center; width: 100%; background-color: #ff9999; padding-left: 5px;padding-bottom: 5px; border-top: 1px solid #aaa } a.ai-bold {font-weight: bold;}#ai-layer-div-advanced_iframe p {height:100%;margin:0;padding:0}<\/style><script type=\"text\/javascript\">var ai_iframe_width_advanced_iframe = 0;var ai_iframe_height_advanced_iframe = 0;function aiReceiveMessageadvanced_iframe(event) {  aiProcessMessage(event,\"advanced_iframe\", \"true\",\"\",\"false\",\"false\");}if (window.addEventListener) {  window.addEventListener(\"message\", aiReceiveMessageadvanced_iframe);} else if (el.attachEvent)  {  el.attachEvent(\"message\", aiReceiveMessageadvanced_iframe);}var aiOnloadScrollTop=\"true\";var aiShowDebug=false;\n\t\tif (typeof aiReadyCallbacks === 'undefined') {\n\t\t\tvar aiReadyCallbacks = [];\n\t\t} else if (!(aiReadyCallbacks instanceof Array)) {\n\t\t\tvar aiReadyCallbacks = [];\n\t\t}    function aiShowIframeId(id_iframe) { jQuery(\"#\"+id_iframe).css(\"visibility\", \"visible\");    }    function aiResizeIframeHeight(height) { aiResizeIframeHeight(height,advanced_iframe); }    function aiResizeIframeHeightId(height,width,id) {aiResizeIframeHeightById(id,height);}<\/script><iframe id=\"advanced_iframe\"  name=\"advanced_iframe\"  src=\"https:\/\/lda.ar\/php\/lu6dk_2023.php\"  width=\"100%\"  height=\"5100\"  frameborder=\"0\"  border=\"0\"  allowtransparency=\"true\"  loading=\"lazy\"  style=\";border-width: 0px;;border: none;;width:100%;;height:5100px;\" ><\/iframe><script type=\"text\/javascript\">var ifrm_advanced_iframe = document.getElementById(\"advanced_iframe\");var hiddenTabsDoneadvanced_iframe = false;\nfunction resizeCallbackadvanced_iframe() {}<\/script><script type=\"text\/javascript\"><\/script><p style=\"display:block !important; visibility:visible !important;margin: -18px 14px 0 0;padding-left: 3px;padding-top:3px;background: white; overflow: hidden; position: relative; line-height:15px;width: fit-content;\"><small style=\"display:block !important;visibility:visible !important\">powered by Advanced iFrame<\/small><\/p>\n\n<div id=\"pl-gb9691-69e8a4518a8d7\"  class=\"panel-layout wp-block-siteorigin-panels-layout-block\" ><div id=\"pg-gb9691-69e8a4518a8d7-0\"  class=\"panel-grid panel-no-style\" ><div id=\"pgc-gb9691-69e8a4518a8d7-0-0\"  class=\"panel-grid-cell\" ><div id=\"panel-gb9691-69e8a4518a8d7-0-0-0\" class=\"so-panel widget widget_sow-image-grid panel-first-child panel-last-child\" data-index=\"0\" ><div\n\t\t\t\n\t\t\tclass=\"so-widget-sow-image-grid so-widget-sow-image-grid-default-15bfeffd6b98-9691\"\n\t\t\t\n\t\t>\t<div\n\t\tclass=\"sow-image-grid-wrapper\"\n\t\tdata-max-width=\"85\"\t\tdata-max-height=\"75\"\t>\n\t\t\t\t\t<div class=\"sow-image-grid-image\">\n\t\t\t\t\t\t\t\t\t\t\t\t\t<a href=\"https:\/\/fotovig.com.ar\/\"\n\t\t\t\t\t\t\t\t\t\t\t\t\t\t\t\t\t\ttarget=\"_blank\" \t\t\t\t\t\t\t\t\t\t\t\t\t\t\t\t\t\t\t\t\t\t\t\trel=\"noopener noreferrer\" \t\t\t\t\t\t\t\t\t\t\t>\n\t\t\t\t\t\t\t\t<img decoding=\"async\" title=\"Fotovig\" alt=\"Fotovig&quot;\" class=\"sow-image-grid-image_html\" src=\"https:\/\/lda.ar\/imagenes\/escudos\/Marca%20Foto%20Vig%20(Colores).png\" >\t\t\t\t\t\t\t\t\t<\/a>\n\t\t\t\t\t\t\t\t\t\t\t<\/div>\n\t\t\t\t\t<div class=\"sow-image-grid-image\">\n\t\t\t\t\t\t\t\t\t\t\t\t\t<a href=\"http:\/\/www.sa10m.com.ar\/\"\n\t\t\t\t\t\t\t\t\t\t\t\t\t\t\t\t\t\ttarget=\"_blank\" \t\t\t\t\t\t\t\t\t\t\t\t\t\t\t\t\t\t\t\t\t\t\t\trel=\"noopener noreferrer\" \t\t\t\t\t\t\t\t\t\t\t>\n\t\t\t\t\t\t\t\t<img decoding=\"async\" title=\"SA1\u00d8m Contest\" alt=\"SA10m Contest&quot;\" class=\"sow-image-grid-image_html\" src=\"https:\/\/lda.ar\/imagenes\/escudos\/logo_sa10m.png\" >\t\t\t\t\t\t\t\t\t<\/a>\n\t\t\t\t\t\t\t\t\t\t\t<\/div>\n\t\t\t\t\t<div class=\"sow-image-grid-image\">\n\t\t\t\t\t\t\t\t\t\t\t\t\t<a href=\"http:\/\/www.campeonatohf.com.ar\/\"\n\t\t\t\t\t\t\t\t\t\t\t\t\t\t\t\t\t\ttarget=\"_blank\" \t\t\t\t\t\t\t\t\t\t\t\t\t\t\t\t\t\t\t\t\t\t\t\trel=\"noopener noreferrer\" \t\t\t\t\t\t\t\t\t\t\t>\n\t\t\t\t\t\t\t\t<img decoding=\"async\" title=\"Campeonato Argentino de HF\" alt=\"Campeonato Argentino de HF&quot;\" class=\"sow-image-grid-image_html\" src=\"https:\/\/lda.ar\/imagenes\/escudos\/logo_cahf.png\" >\t\t\t\t\t\t\t\t\t<\/a>\n\t\t\t\t\t\t\t\t\t\t\t<\/div>\n\t\t\t\t\t<div class=\"sow-image-grid-image\">\n\t\t\t\t\t\t\t\t\t\t\t\t\t<a href=\"http:\/\/jvp-antenas.com.ar\/\"\n\t\t\t\t\t\t\t\t\t\t\t\t\t\t\t\t\t\ttarget=\"_blank\" \t\t\t\t\t\t\t\t\t\t\t\t\t\t\t\t\t\t\t\t\t\t\t\trel=\"noopener noreferrer\" \t\t\t\t\t\t\t\t\t\t\t>\n\t\t\t\t\t\t\t\t<img decoding=\"async\" title=\"JVP Antenas\" alt=\"JVP Antenas&quot;\" class=\"sow-image-grid-image_html\" src=\"https:\/\/lda.ar\/imagenes\/escudos\/logo_jvp.png\" >\t\t\t\t\t\t\t\t\t<\/a>\n\t\t\t\t\t\t\t\t\t\t\t<\/div>\n\t\t\t\t\t<div class=\"sow-image-grid-image\">\n\t\t\t\t\t\t\t\t\t\t\t\t\t<a href=\"http:\/\/www.jpv-antenas.com.ar\"\n\t\t\t\t\t\t\t\t\t\t\t\t\t\t\t\t\t\ttarget=\"_blank\" \t\t\t\t\t\t\t\t\t\t\t\t\t\t\t\t\t\t\t\t\t\t\t\trel=\"noopener noreferrer\" \t\t\t\t\t\t\t\t\t\t\t>\n\t\t\t\t\t\t\t\t<img decoding=\"async\" title=\"Yaguaret\u00e9 DX Group\" alt=\"Yaguaret\u00e9 DX Group&quot;\" class=\"sow-image-grid-image_html\" src=\"https:\/\/lda.ar\/imagenes\/escudos\/escudo_yaguarete_dx_group_600px.png\" >\t\t\t\t\t\t\t\t\t<\/a>\n\t\t\t\t\t\t\t\t\t\t\t<\/div>\n\t\t\t\t\t<div class=\"sow-image-grid-image\">\n\t\t\t\t\t\t\t\t\t\t\t\t\t<a href=\"https:\/\/www.argentinaroom.com.ar\/\"\n\t\t\t\t\t\t\t\t\t\t\t\t\t\t\t\t\t\ttarget=\"_blank\" \t\t\t\t\t\t\t\t\t\t\t\t\t\t\t\t\t\t\t\t\t\t\t\trel=\"noopener noreferrer\" \t\t\t\t\t\t\t\t\t\t\t>\n\t\t\t\t\t\t\t\t<img decoding=\"async\" title=\"Argentina ROOM\" alt=\"Argentina ROOM&quot;\" class=\"sow-image-grid-image_html\" src=\"https:\/\/lda.ar\/escudos\/marca_arg_room_circular_fdo_celeste.png\" >\t\t\t\t\t\t\t\t\t<\/a>\n\t\t\t\t\t\t\t\t\t\t\t<\/div>\n\t\t\t<\/div>\n<\/div><\/div><\/div><\/div><\/div>","protected":false},"excerpt":{"rendered":"","protected":false},"author":3,"featured_media":0,"parent":1406,"menu_order":0,"comment_status":"closed","ping_status":"closed","template":"","meta":{"ngg_post_thumbnail":0,"footnotes":""},"class_list":["post-9691","page","type-page","status-publish","hentry"],"_links":{"self":[{"href":"https:\/\/lda.ar\/index.php?rest_route=\/wp\/v2\/pages\/9691","targetHints":{"allow":["GET"]}}],"collection":[{"href":"https:\/\/lda.ar\/index.php?rest_route=\/wp\/v2\/pages"}],"about":[{"href":"https:\/\/lda.ar\/index.php?rest_route=\/wp\/v2\/types\/page"}],"author":[{"embeddable":true,"href":"https:\/\/lda.ar\/index.php?rest_route=\/wp\/v2\/users\/3"}],"replies":[{"embeddable":true,"href":"https:\/\/lda.ar\/index.php?rest_route=%2Fwp%2Fv2%2Fcomments&post=9691"}],"version-history":[{"count":3,"href":"https:\/\/lda.ar\/index.php?rest_route=\/wp\/v2\/pages\/9691\/revisions"}],"predecessor-version":[{"id":9728,"href":"https:\/\/lda.ar\/index.php?rest_route=\/wp\/v2\/pages\/9691\/revisions\/9728"}],"up":[{"embeddable":true,"href":"https:\/\/lda.ar\/index.php?rest_route=\/wp\/v2\/pages\/1406"}],"wp:attachment":[{"href":"https:\/\/lda.ar\/index.php?rest_route=%2Fwp%2Fv2%2Fmedia&parent=9691"}],"curies":[{"name":"wp","href":"https:\/\/api.w.org\/{rel}","templated":true}]}}