{"id":964,"date":"2020-10-26T10:18:21","date_gmt":"2020-10-26T13:18:21","guid":{"rendered":"https:\/\/lda.ar\/wp\/?page_id=964"},"modified":"2020-10-31T19:42:56","modified_gmt":"2020-10-31T22:42:56","slug":"us-lu1sf-destino-la-rioja-2020","status":"publish","type":"page","link":"https:\/\/lda.ar\/?page_id=964","title":{"rendered":"(LU1SF) Destino La Rioja (2020)"},"content":{"rendered":"<div id=\"pl-gb964-69e68ea89bcd2\"  class=\"panel-layout\" ><div id=\"pg-gb964-69e68ea89bcd2-0\"  class=\"panel-grid panel-no-style\" ><div id=\"pgc-gb964-69e68ea89bcd2-0-0\"  class=\"panel-grid-cell\" ><div id=\"panel-gb964-69e68ea89bcd2-0-0-0\" class=\"so-panel widget widget_sow-image panel-first-child panel-last-child\" data-index=\"0\" ><div\n\t\t\t\n\t\t\tclass=\"so-widget-sow-image so-widget-sow-image-default-113ccd71f3e6-964\"\n\t\t\t\n\t\t>\n<div class=\"sow-image-container\">\n\t\t<img \n\tsrc=\"https:\/\/lda.ar\/wp-content\/uploads\/2020\/10\/membrete_lu1sf_destino_larioja2020.jpg\" width=\"1239\" height=\"163\" srcset=\"https:\/\/lda.ar\/wp-content\/uploads\/2020\/10\/membrete_lu1sf_destino_larioja2020.jpg 1239w, https:\/\/lda.ar\/wp-content\/uploads\/2020\/10\/membrete_lu1sf_destino_larioja2020-300x39.jpg 300w, https:\/\/lda.ar\/wp-content\/uploads\/2020\/10\/membrete_lu1sf_destino_larioja2020-1024x135.jpg 1024w, https:\/\/lda.ar\/wp-content\/uploads\/2020\/10\/membrete_lu1sf_destino_larioja2020-768x101.jpg 768w\" sizes=\"(max-width: 1239px) 100vw, 1239px\" title=\"LU1SF \u00abDestino La Rioja\u00bb\" alt=\"\" \t\tclass=\"so-widget-image\"\/>\n\t<\/div>\n\n<\/div><\/div><\/div><\/div><div id=\"pg-gb964-69e68ea89bcd2-1\"  class=\"panel-grid panel-no-style\" ><div id=\"pgc-gb964-69e68ea89bcd2-1-0\"  class=\"panel-grid-cell\" ><div id=\"panel-gb964-69e68ea89bcd2-1-0-0\" class=\"so-panel widget widget_text panel-first-child\" data-index=\"1\" >\t\t\t<div class=\"textwidget\"><p id=\"u953632-4\"><strong>El 27 de septiembre de 2020 se celebr\u00f3 en todo el mundo el d\u00eda Internacional del Turismo, motivo por el cual el Radio Club La Rioja LU1SF y sus socios, realizaron la actividad en conmemoraci\u00f3n del mismo. Tuvo como objeto homenajear a los profesionales y trabajadores del sector en un a\u00f1o tan particular donde la pandemia golpe\u00f3 duro, mayormente a las econom\u00edas regionales, augur\u00e1ndoles una pronta recuperaci\u00f3n y reactivaci\u00f3n econ\u00f3mica en todo el mundo, en nuestra amada Rep\u00fablica Argentina y en especial a nuestros queridos comprovincianos.<\/strong><\/p>\n<p id=\"u953632-6\"><em><strong>La actividad cont\u00f3 con el apoyo de la Secretar\u00eda de Turismo de la Provincia de La Rioja.<\/strong><\/em><\/p>\n<p id=\"u953632-8\"><strong>La celebraci\u00f3n del D\u00eda Mundial del Turismo se realiza cada 27 de septiembre desde el a\u00f1o 1980. Esta fecha fue elegida cuando se aprobaron los Estatutos de la Organizaci\u00f3n Mundial del Turismo, consider\u00e1ndose un hito en el turismo mundial. La finalidad de festejar este d\u00eda es fomentar el conocimiento entre la comunidad internacional de la importancia del turismo y sus valores sociales, culturales, pol\u00edticos y econ\u00f3micos. Cada pueblo y cada lugar posee una cultura \u00fanica. Experimentar formas de vida distintas, descubrir nuevas gastronom\u00edas y costumbres. Visitar lugares de inter\u00e9s cultural y natural se ha convertido en motivaciones fundamentales para viajar y ser fuente crucial de ingresos y de empleo.<\/strong><\/p>\n<\/div>\n\t\t<\/div><div id=\"panel-gb964-69e68ea89bcd2-1-0-1\" class=\"so-panel widget widget_text panel-last-child\" data-index=\"2\" ><div class=\"panel-widget-style panel-widget-style-for-gb964-69e68ea89bcd2-1-0-1\" >\t\t\t<div class=\"textwidget\"><p><em>El Certificado cumple la totalidad de lo requerido por la Resoluci\u00f3n 3635-E\/2017, art\u00edculos 4.5.4 y 4.6.4, y por lo tanto al tener el Radio Club personer\u00eda jur\u00eddica vigente y ser reconocida por ENACOM es v\u00e1lido para ascensos de categor\u00eda.<\/em><\/p>\n<\/div>\n\t\t<\/div><\/div><\/div><\/div><div id=\"pg-gb964-69e68ea89bcd2-2\"  class=\"panel-grid panel-no-style\" ><div id=\"pgc-gb964-69e68ea89bcd2-2-0\"  class=\"panel-grid-cell\" ><div id=\"panel-gb964-69e68ea89bcd2-2-0-0\" class=\"so-panel widget widget_sow-button panel-first-child\" data-index=\"3\" ><div\n\t\t\t\n\t\t\tclass=\"so-widget-sow-button so-widget-sow-button-atom-84e047a5cb77-964\"\n\t\t\t\n\t\t><div class=\"ow-button-base ow-button-align-center\"\n>\n\t\t\t<a\n\t\t\t\t\thref=\"https:\/\/lda.ar\/bases\/bases_lu1sf_destino_larioja2020.pdf\"\n\t\t\t\t\tclass=\"sowb-button ow-icon-placement-left ow-button-hover\" target=\"_blank\" rel=\"noopener noreferrer\" \t>\n\t\t<span>\n\t\t\t<span class=\"sow-icon-fontawesome sow-far\" data-sow-icon=\"&#xf1c1;\"\n\t\tstyle=\"\" \n\t\taria-hidden=\"true\"><\/span>\n\t\t\tVER BASES\t\t<\/span>\n\t\t\t<\/a>\n\t<\/div>\n<\/div><\/div><div id=\"panel-gb964-69e68ea89bcd2-2-0-1\" class=\"widget_text so-panel widget widget_custom_html panel-last-child\" data-index=\"4\" ><div class=\"textwidget custom-html-widget\"><iframe loading=\"lazy\" width=\"95%\" height=\"3700\" src=\"https:\/\/lda.ar\/php\/lu1sf_destinorioja2020.php\" frameborder=\"0\" allowfullscreen; style=\"margin-left: 2em;\"><\/iframe><\/div><\/div><\/div><\/div><\/div>","protected":false},"excerpt":{"rendered":"<p>El 27 de septiembre de 2020 se celebr\u00f3 en todo el mundo el d\u00eda Internacional del Turismo, motivo por el cual el Radio Club La Rioja LU1SF y sus socios,&hellip; <\/p>\n","protected":false},"author":3,"featured_media":0,"parent":1406,"menu_order":0,"comment_status":"closed","ping_status":"closed","template":"","meta":{"ngg_post_thumbnail":0,"footnotes":""},"class_list":["post-964","page","type-page","status-publish","hentry"],"_links":{"self":[{"href":"https:\/\/lda.ar\/index.php?rest_route=\/wp\/v2\/pages\/964","targetHints":{"allow":["GET"]}}],"collection":[{"href":"https:\/\/lda.ar\/index.php?rest_route=\/wp\/v2\/pages"}],"about":[{"href":"https:\/\/lda.ar\/index.php?rest_route=\/wp\/v2\/types\/page"}],"author":[{"embeddable":true,"href":"https:\/\/lda.ar\/index.php?rest_route=\/wp\/v2\/users\/3"}],"replies":[{"embeddable":true,"href":"https:\/\/lda.ar\/index.php?rest_route=%2Fwp%2Fv2%2Fcomments&post=964"}],"version-history":[{"count":6,"href":"https:\/\/lda.ar\/index.php?rest_route=\/wp\/v2\/pages\/964\/revisions"}],"predecessor-version":[{"id":1650,"href":"https:\/\/lda.ar\/index.php?rest_route=\/wp\/v2\/pages\/964\/revisions\/1650"}],"up":[{"embeddable":true,"href":"https:\/\/lda.ar\/index.php?rest_route=\/wp\/v2\/pages\/1406"}],"wp:attachment":[{"href":"https:\/\/lda.ar\/index.php?rest_route=%2Fwp%2Fv2%2Fmedia&parent=964"}],"curies":[{"name":"wp","href":"https:\/\/api.w.org\/{rel}","templated":true}]}}