{"id":956,"date":"2020-10-26T10:12:14","date_gmt":"2020-10-26T13:12:14","guid":{"rendered":"https:\/\/lda.ar\/wp\/?page_id=956"},"modified":"2020-10-31T11:02:13","modified_gmt":"2020-10-31T14:02:13","slug":"us-lu5dsm-10o-aniversario","status":"publish","type":"page","link":"https:\/\/lda.ar\/?page_id=956","title":{"rendered":"(LU5DSM) 10\u00ba Aniversario"},"content":{"rendered":"<div id=\"pl-gb956-69e6a366afa8c\"  class=\"panel-layout\" ><div id=\"pg-gb956-69e6a366afa8c-0\"  class=\"panel-grid panel-no-style\" ><div id=\"pgc-gb956-69e6a366afa8c-0-0\"  class=\"panel-grid-cell\" ><div id=\"panel-gb956-69e6a366afa8c-0-0-0\" class=\"so-panel widget widget_sow-image panel-first-child panel-last-child\" data-index=\"0\" ><div\n\t\t\t\n\t\t\tclass=\"so-widget-sow-image so-widget-sow-image-default-113ccd71f3e6-956\"\n\t\t\t\n\t\t>\n<div class=\"sow-image-container\">\n\t\t<img \n\tsrc=\"https:\/\/lda.ar\/wp-content\/uploads\/2020\/10\/membrete_lu5dsm_10ani-768x101.jpg\" width=\"768\" height=\"101\" srcset=\"https:\/\/lda.ar\/wp-content\/uploads\/2020\/10\/membrete_lu5dsm_10ani-768x101.jpg 768w, https:\/\/lda.ar\/wp-content\/uploads\/2020\/10\/membrete_lu5dsm_10ani-300x39.jpg 300w, https:\/\/lda.ar\/wp-content\/uploads\/2020\/10\/membrete_lu5dsm_10ani-1024x135.jpg 1024w, https:\/\/lda.ar\/wp-content\/uploads\/2020\/10\/membrete_lu5dsm_10ani.jpg 1239w\" sizes=\"(max-width: 768px) 100vw, 768px\" title=\"LU5DSM 10\u00ba Aniversario\" alt=\"\" \t\tclass=\"so-widget-image\"\/>\n\t<\/div>\n\n<\/div><\/div><\/div><\/div><div id=\"pg-gb956-69e6a366afa8c-1\"  class=\"panel-grid panel-no-style\" ><div id=\"pgc-gb956-69e6a366afa8c-1-0\"  class=\"panel-grid-cell\" ><div id=\"panel-gb956-69e6a366afa8c-1-0-0\" class=\"so-panel widget widget_text panel-first-child\" data-index=\"1\" ><div class=\"panel-widget-style panel-widget-style-for-gb956-69e6a366afa8c-1-0-0\" >\t\t\t<div class=\"textwidget\"><p><strong>Certificado Digital del 01 al 11 de Octubre del 2020, con motivo de cumplir 10 a\u00f1os de vida nuestro Radio Club, el mismo ser\u00e1 realizado a trav\u00e9s de Log de Argentina (LDA). Podr\u00e1n participar y obtener este CERTIFICADO DIGITAL todos los Radioaficionados argentinos, extranjeros y radioescuchas\u00a0 (SWL).<\/strong><\/p>\n<\/div>\n\t\t<\/div><\/div><div id=\"panel-gb956-69e6a366afa8c-1-0-1\" class=\"so-panel widget widget_text panel-last-child\" data-index=\"2\" ><div class=\"panel-widget-style panel-widget-style-for-gb956-69e6a366afa8c-1-0-1\" >\t\t\t<div class=\"textwidget\"><p><em>El Certificado cumple la totalidad de lo requerido por la Resoluci\u00f3n 3635-E\/2017, art\u00edculos 4.5.4 y 4.6.4, y por lo tanto al tener el Radio Club personer\u00eda jur\u00eddica vigente y ser reconocida por ENACOM es v\u00e1lido para ascensos de categor\u00eda.<\/em><\/p>\n<\/div>\n\t\t<\/div><\/div><\/div><\/div><div id=\"pg-gb956-69e6a366afa8c-2\"  class=\"panel-grid panel-no-style\" ><div id=\"pgc-gb956-69e6a366afa8c-2-0\"  class=\"panel-grid-cell\" ><div id=\"panel-gb956-69e6a366afa8c-2-0-0\" class=\"so-panel widget widget_sow-button panel-first-child\" data-index=\"3\" ><div\n\t\t\t\n\t\t\tclass=\"so-widget-sow-button so-widget-sow-button-atom-be12629a47e7-956\"\n\t\t\t\n\t\t><div class=\"ow-button-base ow-button-align-center\"\n>\n\t\t\t<a\n\t\t\t\t\thref=\"https:\/\/lda.ar\/bases\/bases_lu5dsm_10ani.pdf\"\n\t\t\t\t\tclass=\"sowb-button ow-icon-placement-left ow-button-hover\" target=\"_blank\" rel=\"noopener noreferrer\" \t>\n\t\t<span>\n\t\t\t<span class=\"sow-icon-fontawesome sow-far\" data-sow-icon=\"&#xf1c1;\"\n\t\tstyle=\"\" \n\t\taria-hidden=\"true\"><\/span>\n\t\t\tVER BASES\t\t<\/span>\n\t\t\t<\/a>\n\t<\/div>\n<\/div><\/div><div id=\"panel-gb956-69e6a366afa8c-2-0-1\" class=\"widget_text so-panel widget widget_custom_html panel-last-child\" data-index=\"4\" ><div class=\"textwidget custom-html-widget\"><iframe loading=\"lazy\" width=\"95%\" height=\"3700\" src=\"https:\/\/lda.ar\/php\/lu5dsm_10aniv2020.php\" frameborder=\"0\" allowfullscreen; style=\"margin-left: 2em;\"><\/iframe><\/div><\/div><\/div><\/div><\/div>","protected":false},"excerpt":{"rendered":"<p>Certificado Digital del 01 al 11 de Octubre del 2020, con motivo de cumplir 10 a\u00f1os de vida nuestro Radio Club, el mismo ser\u00e1 realizado a trav\u00e9s de Log de&hellip; <\/p>\n","protected":false},"author":3,"featured_media":0,"parent":1406,"menu_order":0,"comment_status":"closed","ping_status":"closed","template":"","meta":{"ngg_post_thumbnail":0,"footnotes":""},"class_list":["post-956","page","type-page","status-publish","hentry"],"_links":{"self":[{"href":"https:\/\/lda.ar\/index.php?rest_route=\/wp\/v2\/pages\/956","targetHints":{"allow":["GET"]}}],"collection":[{"href":"https:\/\/lda.ar\/index.php?rest_route=\/wp\/v2\/pages"}],"about":[{"href":"https:\/\/lda.ar\/index.php?rest_route=\/wp\/v2\/types\/page"}],"author":[{"embeddable":true,"href":"https:\/\/lda.ar\/index.php?rest_route=\/wp\/v2\/users\/3"}],"replies":[{"embeddable":true,"href":"https:\/\/lda.ar\/index.php?rest_route=%2Fwp%2Fv2%2Fcomments&post=956"}],"version-history":[{"count":6,"href":"https:\/\/lda.ar\/index.php?rest_route=\/wp\/v2\/pages\/956\/revisions"}],"predecessor-version":[{"id":1571,"href":"https:\/\/lda.ar\/index.php?rest_route=\/wp\/v2\/pages\/956\/revisions\/1571"}],"up":[{"embeddable":true,"href":"https:\/\/lda.ar\/index.php?rest_route=\/wp\/v2\/pages\/1406"}],"wp:attachment":[{"href":"https:\/\/lda.ar\/index.php?rest_route=%2Fwp%2Fv2%2Fmedia&parent=956"}],"curies":[{"name":"wp","href":"https:\/\/api.w.org\/{rel}","templated":true}]}}