{"id":9379,"date":"2022-11-28T20:58:12","date_gmt":"2022-11-28T23:58:12","guid":{"rendered":"https:\/\/lda.ar\/wp\/?page_id=9379"},"modified":"2024-12-10T14:17:56","modified_gmt":"2024-12-10T17:17:56","slug":"nl-lu1sf-despidiendo-el-2022","status":"publish","type":"page","link":"https:\/\/lda.ar\/?page_id=9379","title":{"rendered":"| LU1SF | Despidiendo el 2022"},"content":{"rendered":"<div id=\"pl-gb9379-69e6648362cb9\"  class=\"panel-layout wp-block-siteorigin-panels-layout-block\" ><div id=\"pg-gb9379-69e6648362cb9-0\"  class=\"panel-grid panel-no-style\" ><div id=\"pgc-gb9379-69e6648362cb9-0-0\"  class=\"panel-grid-cell\" ><div id=\"panel-gb9379-69e6648362cb9-0-0-0\" class=\"so-panel widget widget_sow-headline panel-first-child\" data-index=\"0\" ><div\n\t\t\t\n\t\t\tclass=\"so-widget-sow-headline so-widget-sow-headline-default-20c5311775ad-9379\"\n\t\t\t\n\t\t><div class=\"sow-headline-container \">\n\t\t\t\t\t\t<div class=\"decoration\">\n\t\t\t\t\t\t<div class=\"decoration-inside\"><\/div>\n\t\t\t\t\t<\/div>\n\t\t\t\t\t<\/div>\n<\/div><\/div><div id=\"panel-gb9379-69e6648362cb9-0-0-1\" class=\"so-panel widget widget_sow-image\" data-index=\"1\" ><div\n\t\t\t\n\t\t\tclass=\"so-widget-sow-image so-widget-sow-image-default-113ccd71f3e6-9379\"\n\t\t\t\n\t\t>\n<div class=\"sow-image-container\">\n\t\t\t<a href=\"http:\/\/www.lu1sf.com.ar\"\n\t\t\ttarget=\"_blank\" rel=\"noopener noreferrer\" \t\t>\n\t\t\t<img \n\tsrc=\"https:\/\/www.lda.ar\/imagenes\/membretes\/membrete_LU1SF_despidiendo_el_2022.jpg\" title=\"LU1SF\" alt=\"LU1SF\" \t\tclass=\"so-widget-image\"\/>\n\t\t\t<\/a><\/div>\n\n<\/div><\/div><div id=\"panel-gb9379-69e6648362cb9-0-0-2\" class=\"so-panel widget widget_sow-image panel-last-child\" data-index=\"2\" ><div\n\t\t\t\n\t\t\tclass=\"so-widget-sow-image so-widget-sow-image-default-113ccd71f3e6-9379\"\n\t\t\t\n\t\t>\n<div class=\"sow-image-container\">\n\t\t<img \n\tsrc=\"https:\/\/www.lda.ar\/imagenes\/varias\/escudos_LU1SF_despidiendo_el_2022.jpg\" title=\"| LU1SF | Despidiendo el 2022\" alt=\"\" \t\tclass=\"so-widget-image\"\/>\n\t<\/div>\n\n<\/div><\/div><\/div><\/div><div id=\"pg-gb9379-69e6648362cb9-1\"  class=\"panel-grid panel-no-style\" ><div id=\"pgc-gb9379-69e6648362cb9-1-0\"  class=\"panel-grid-cell panel-grid-cell-empty\" ><\/div><\/div><div id=\"pg-gb9379-69e6648362cb9-2\"  class=\"panel-grid panel-no-style\" ><div id=\"pgc-gb9379-69e6648362cb9-2-0\"  class=\"panel-grid-cell\" ><div id=\"panel-gb9379-69e6648362cb9-2-0-0\" class=\"so-panel widget widget_sow-editor panel-first-child panel-last-child\" data-index=\"3\" ><div\n\t\t\t\n\t\t\tclass=\"so-widget-sow-editor so-widget-sow-editor-base\"\n\t\t\t\n\t\t>\n<div class=\"siteorigin-widget-tinymce textwidget\">\n\t<p><span style=\"color: #000080;\">El <strong>Radio Club La Rioja (LU1SF)<\/strong> con la colaboraci\u00f3n de <strong>Radio Clubes amigos e Instituciones Autorizadas<\/strong>, por <strong>cuarto a\u00f1o consecutivo<\/strong> y como cierre de a\u00f1o de las actividades de los Radio Clubes invita a Radioaficionados y a Radioescuchas a participar del evento aleg\u00f3rico al <strong>fin de a\u00f1o 2022<\/strong>, haciendo una fiesta en radio de las instituciones, <strong>con el ideal de enaltecerlas y mantenerlas activas todos los a\u00f1os<\/strong>, aprovechando para saludar en estas fiestas con una actividad interesante. <strong>Este a\u00f1o 54 de las Instituciones de todo el pa\u00eds salen a despedirlo<\/strong>, agradecidos de poder volver a hacerlo en la radio y entre amigos, que es lo que nos une.<\/span><\/p>\n<\/div>\n<\/div><\/div><\/div><\/div><div id=\"pg-gb9379-69e6648362cb9-3\"  class=\"panel-grid panel-no-style\" ><div id=\"pgc-gb9379-69e6648362cb9-3-0\"  class=\"panel-grid-cell\" ><div id=\"panel-gb9379-69e6648362cb9-3-0-0\" class=\"so-panel widget widget_sow-button panel-first-child\" data-index=\"4\" ><div\n\t\t\t\n\t\t\tclass=\"so-widget-sow-button so-widget-sow-button-atom-84e047a5cb77-9379\"\n\t\t\t\n\t\t><div class=\"ow-button-base ow-button-align-center\"\n>\n\t\t\t<a\n\t\t\t\t\thref=\"https:\/\/lda.ar\/bases\/bases_LU1SF_despidiendo_el_2022.pdf\"\n\t\t\t\t\tclass=\"sowb-button ow-icon-placement-left ow-button-hover\" target=\"_blank\" rel=\"noopener noreferrer\" \t>\n\t\t<span>\n\t\t\t<span class=\"sow-icon-fontawesome sow-far\" data-sow-icon=\"&#xf1c1;\"\n\t\tstyle=\"\" \n\t\taria-hidden=\"true\"><\/span>\n\t\t\tVER BASES\t\t<\/span>\n\t\t\t<\/a>\n\t<\/div>\n<\/div><\/div><div id=\"panel-gb9379-69e6648362cb9-3-0-1\" class=\"so-panel widget widget_text\" data-index=\"5\" ><div class=\"panel-widget-style panel-widget-style-for-gb9379-69e6648362cb9-3-0-1\" >\t\t\t<div class=\"textwidget\"><p><strong>Los contactos subidos por las estaciones a LdA son exclusiva responsabilidad de las mismas. Si ha detectado una mala carga de alg\u00fan QSO en particular no es LdA quien debe solucionar el problema. P\u00f3ngase en contacto con la instituci\u00f3n organizadora a tal fin o con la estaci\u00f3n contactada buscando sus datos en\u00a0 <a href=\"https:\/\/lda.ar\/wp\/?page_id=17\" target=\"_blank\" rel=\"noopener\">USUARIOS DE LdA<\/a> o bien en su <a href=\"https:\/\/www.qrz.com\/\" target=\"_blank\" rel=\"noopener\">QRZ.com<\/a><\/strong><\/p>\n<\/div>\n\t\t<\/div><\/div><div id=\"panel-gb9379-69e6648362cb9-3-0-2\" class=\"so-panel widget widget_text panel-last-child\" data-index=\"6\" ><div class=\"panel-widget-style panel-widget-style-for-gb9379-69e6648362cb9-3-0-2\" >\t\t\t<div class=\"textwidget\"><p><em><strong>\u00abEl certificado es v\u00e1lido para la comprobaci\u00f3n de actividad de radioaficionado.\u00bb<\/strong><\/em><\/p>\n<\/div>\n\t\t<\/div><\/div><\/div><\/div><\/div>\n\n\n<hr class=\"wp-block-separator has-text-color has-luminous-vivid-orange-color has-css-opacity has-luminous-vivid-orange-background-color has-background is-style-wide\"\/>\n\n\n<style>\n       .errordiv { padding:10px; margin:10px; border: 1px solid #555555;color: #000000;background-color: #f8f8f8; width:500px; }#advanced_iframe {visibility:visible;opacity:1;vertical-align:top;}.ai-info-bottom-iframe { position: fixed; z-index: 10000; bottom:0; left: 0; margin: 0px; text-align: center; width: 100%; background-color: #ff9999; padding-left: 5px;padding-bottom: 5px; border-top: 1px solid #aaa } a.ai-bold {font-weight: bold;}#ai-layer-div-advanced_iframe p {height:100%;margin:0;padding:0}<\/style><script type=\"text\/javascript\">var ai_iframe_width_advanced_iframe = 0;var ai_iframe_height_advanced_iframe = 0;function aiReceiveMessageadvanced_iframe(event) {  aiProcessMessage(event,\"advanced_iframe\", \"true\",\"\",\"false\",\"false\");}if (window.addEventListener) {  window.addEventListener(\"message\", aiReceiveMessageadvanced_iframe);} else if (el.attachEvent)  {  el.attachEvent(\"message\", aiReceiveMessageadvanced_iframe);}var aiOnloadScrollTop=\"true\";var aiShowDebug=false;\n\t\tif (typeof aiReadyCallbacks === 'undefined') {\n\t\t\tvar aiReadyCallbacks = [];\n\t\t} else if (!(aiReadyCallbacks instanceof Array)) {\n\t\t\tvar aiReadyCallbacks = [];\n\t\t}    function aiShowIframeId(id_iframe) { jQuery(\"#\"+id_iframe).css(\"visibility\", \"visible\");    }    function aiResizeIframeHeight(height) { aiResizeIframeHeight(height,advanced_iframe); }    function aiResizeIframeHeightId(height,width,id) {aiResizeIframeHeightById(id,height);}<\/script><iframe id=\"advanced_iframe\"  name=\"advanced_iframe\"  src=\"https:\/\/logdeargentina.com.ar\/php\/despidiendo_2022.php\"  width=\"100%\"  height=\"5200\"  frameborder=\"0\"  border=\"0\"  allowtransparency=\"true\"  loading=\"lazy\"  style=\";border-width: 0px;;border: none;;width:100%;;height:5200px;\" ><\/iframe><script type=\"text\/javascript\">var ifrm_advanced_iframe = document.getElementById(\"advanced_iframe\");var hiddenTabsDoneadvanced_iframe = false;\nfunction resizeCallbackadvanced_iframe() {}<\/script><script type=\"text\/javascript\"><\/script><p style=\"display:block !important; visibility:visible !important;margin: -18px 14px 0 0;padding-left: 3px;padding-top:3px;background: white; overflow: hidden; position: relative; line-height:15px;width: fit-content;\"><small style=\"display:block !important;visibility:visible !important\">powered by Advanced iFrame<\/small><\/p>\n\n\n<pre class=\"wp-block-preformatted\">LU1DAR LU1DNQ\/D LU1DSO LU1EY LU1EY\/D LU1HPW\/H LU1HRA LU1HYW LU1IG\/I LU1JGU\/J LU1JMC LU1MA LU1MI LU1NF LU1QA LU1SF LU1UG LU1VZ LU1WP LU1XA LU1YY LU2EE LU2MMR LU2MMR\/M LU2WA LU3DAR LU3DN LU3DRP LU3DXG LU3VAL LU4BB LU4DLL LU4FM LU4GF LU4JJ LU4KC LU4LG LU4MH LU4OC LU4TC LU5CBA LU5DSM LU5FJ LU5HR LU5JU\/J LU5LA LU5RC LU6DG LU6DK LU6FE LU6MAE LU7DZL LU7DZV\/D LU8XW LU9MAB\n\nL3\u00d8RCP L5\u00d8EO L62PARC L7\u00d8SF L7\u00d8V L7\u00d8WP L73Q LR5E LT1\u00d8\u00d8KC LT4M LT5I LT5X LV2V LV7N<\/pre>\n\n\n\n<div style=\"width:100%\"><div class=\"wd_error\"><p><strong>No hay una galer\u00eda seleccionada o la galer\u00eda se ha eliminado.<\/strong><\/p><\/div><\/div>\n","protected":false},"excerpt":{"rendered":"<p>LU1DAR LU1DNQ\/D LU1DSO LU1EY LU1EY\/D LU1HPW\/H LU1HRA LU1HYW LU1IG\/I LU1JGU\/J LU1JMC LU1MA LU1MI LU1NF LU1QA LU1SF LU1UG LU1VZ LU1WP LU1XA LU1YY LU2EE LU2MMR LU2MMR\/M LU2WA LU3DAR LU3DN LU3DRP LU3DXG LU3VAL&hellip; <\/p>\n","protected":false},"author":3,"featured_media":0,"parent":11590,"menu_order":0,"comment_status":"closed","ping_status":"closed","template":"","meta":{"ngg_post_thumbnail":0,"footnotes":""},"class_list":["post-9379","page","type-page","status-publish","hentry"],"_links":{"self":[{"href":"https:\/\/lda.ar\/index.php?rest_route=\/wp\/v2\/pages\/9379","targetHints":{"allow":["GET"]}}],"collection":[{"href":"https:\/\/lda.ar\/index.php?rest_route=\/wp\/v2\/pages"}],"about":[{"href":"https:\/\/lda.ar\/index.php?rest_route=\/wp\/v2\/types\/page"}],"author":[{"embeddable":true,"href":"https:\/\/lda.ar\/index.php?rest_route=\/wp\/v2\/users\/3"}],"replies":[{"embeddable":true,"href":"https:\/\/lda.ar\/index.php?rest_route=%2Fwp%2Fv2%2Fcomments&post=9379"}],"version-history":[{"count":6,"href":"https:\/\/lda.ar\/index.php?rest_route=\/wp\/v2\/pages\/9379\/revisions"}],"predecessor-version":[{"id":11882,"href":"https:\/\/lda.ar\/index.php?rest_route=\/wp\/v2\/pages\/9379\/revisions\/11882"}],"up":[{"embeddable":true,"href":"https:\/\/lda.ar\/index.php?rest_route=\/wp\/v2\/pages\/11590"}],"wp:attachment":[{"href":"https:\/\/lda.ar\/index.php?rest_route=%2Fwp%2Fv2%2Fmedia&parent=9379"}],"curies":[{"name":"wp","href":"https:\/\/api.w.org\/{rel}","templated":true}]}}