{"id":931,"date":"2020-10-26T08:18:18","date_gmt":"2020-10-26T11:18:18","guid":{"rendered":"https:\/\/lda.ar\/wp\/?page_id=931"},"modified":"2020-10-31T13:19:37","modified_gmt":"2020-10-31T16:19:37","slug":"us-lu3ht-dia-de-mina-clavero","status":"publish","type":"page","link":"https:\/\/lda.ar\/?page_id=931","title":{"rendered":"(LU3HT) D\u00eda de Mina Clavero"},"content":{"rendered":"<div id=\"pl-gb931-69e6a338a64a2\"  class=\"panel-layout\" ><div id=\"pg-gb931-69e6a338a64a2-0\"  class=\"panel-grid panel-no-style\" ><div id=\"pgc-gb931-69e6a338a64a2-0-0\"  class=\"panel-grid-cell\" ><div id=\"panel-gb931-69e6a338a64a2-0-0-0\" class=\"so-panel widget widget_sow-image panel-first-child panel-last-child\" data-index=\"0\" ><div\n\t\t\t\n\t\t\tclass=\"so-widget-sow-image so-widget-sow-image-default-113ccd71f3e6-931\"\n\t\t\t\n\t\t>\n<div class=\"sow-image-container\">\n\t\t<img \n\tsrc=\"https:\/\/lda.ar\/wp-content\/uploads\/2020\/10\/membrete_lu3ht_minaclavero_2020.jpg\" width=\"1239\" height=\"163\" srcset=\"https:\/\/lda.ar\/wp-content\/uploads\/2020\/10\/membrete_lu3ht_minaclavero_2020.jpg 1239w, https:\/\/lda.ar\/wp-content\/uploads\/2020\/10\/membrete_lu3ht_minaclavero_2020-300x39.jpg 300w, https:\/\/lda.ar\/wp-content\/uploads\/2020\/10\/membrete_lu3ht_minaclavero_2020-1024x135.jpg 1024w, https:\/\/lda.ar\/wp-content\/uploads\/2020\/10\/membrete_lu3ht_minaclavero_2020-768x101.jpg 768w\" sizes=\"(max-width: 1239px) 100vw, 1239px\" title=\"LU3HT\" alt=\"\" \t\tclass=\"so-widget-image\"\/>\n\t<\/div>\n\n<\/div><\/div><\/div><\/div><div id=\"pg-gb931-69e6a338a64a2-1\"  class=\"panel-grid panel-no-style\" ><div id=\"pgc-gb931-69e6a338a64a2-1-0\"  class=\"panel-grid-cell\" ><div id=\"panel-gb931-69e6a338a64a2-1-0-0\" class=\"so-panel widget widget_text panel-first-child\" data-index=\"1\" ><div class=\"panel-widget-style panel-widget-style-for-gb931-69e6a338a64a2-1-0-0\" >\t\t\t<div class=\"textwidget\"><p><strong>El Radio Club Traslasierra (LU3HT) los invita a participar de la celebraci\u00f3n del \u201cD\u00eda de Mina Clavero\u201d.<\/strong><\/p>\n<\/div>\n\t\t<\/div><\/div><div id=\"panel-gb931-69e6a338a64a2-1-0-1\" class=\"so-panel widget widget_text panel-last-child\" data-index=\"2\" ><div class=\"panel-widget-style panel-widget-style-for-gb931-69e6a338a64a2-1-0-1\" >\t\t\t<div class=\"textwidget\"><p><em>El Certificado cumple la totalidad de lo requerido por la Resoluci\u00f3n 3635-E\/2017, art\u00edculos 4.5.4 y 4.6.4, y por lo tanto al tener el Radio Club personer\u00eda jur\u00eddica vigente y ser reconocida por ENACOM es v\u00e1lido para ascensos de categor\u00eda.<\/em><\/p>\n<\/div>\n\t\t<\/div><\/div><\/div><\/div><div id=\"pg-gb931-69e6a338a64a2-2\"  class=\"panel-grid panel-no-style\" ><div id=\"pgc-gb931-69e6a338a64a2-2-0\"  class=\"panel-grid-cell\" ><div id=\"panel-gb931-69e6a338a64a2-2-0-0\" class=\"so-panel widget widget_sow-button panel-first-child\" data-index=\"3\" ><div\n\t\t\t\n\t\t\tclass=\"so-widget-sow-button so-widget-sow-button-atom-be12629a47e7-931\"\n\t\t\t\n\t\t><div class=\"ow-button-base ow-button-align-center\"\n>\n\t\t\t<a\n\t\t\t\t\thref=\"https:\/\/lda.ar\/bases\/bases_lu3ht_minaclavero_2020.pdf\"\n\t\t\t\t\tclass=\"sowb-button ow-icon-placement-left ow-button-hover\" target=\"_blank\" rel=\"noopener noreferrer\" \t>\n\t\t<span>\n\t\t\t<span class=\"sow-icon-fontawesome sow-far\" data-sow-icon=\"&#xf1c1;\"\n\t\tstyle=\"\" \n\t\taria-hidden=\"true\"><\/span>\n\t\t\tVER BASES\t\t<\/span>\n\t\t\t<\/a>\n\t<\/div>\n<\/div><\/div><div id=\"panel-gb931-69e6a338a64a2-2-0-1\" class=\"widget_text so-panel widget widget_custom_html panel-last-child\" data-index=\"4\" ><div class=\"textwidget custom-html-widget\"><iframe loading=\"lazy\" width=\"95%\" height=\"5100\" src=\"https:\/\/lda.ar\/php\/lu3ht_2020.php\" frameborder=\"0\" allowfullscreen; style=\"margin-left: 2em;\"><\/iframe><\/div><\/div><\/div><\/div><\/div>","protected":false},"excerpt":{"rendered":"<p>El Radio Club Traslasierra (LU3HT) los invita a participar de la celebraci\u00f3n del \u201cD\u00eda de Mina Clavero\u201d. El Certificado cumple la totalidad de lo requerido por la Resoluci\u00f3n 3635-E\/2017, art\u00edculos&hellip; <\/p>\n","protected":false},"author":3,"featured_media":0,"parent":1406,"menu_order":0,"comment_status":"closed","ping_status":"closed","template":"","meta":{"ngg_post_thumbnail":0,"footnotes":""},"class_list":["post-931","page","type-page","status-publish","hentry"],"_links":{"self":[{"href":"https:\/\/lda.ar\/index.php?rest_route=\/wp\/v2\/pages\/931","targetHints":{"allow":["GET"]}}],"collection":[{"href":"https:\/\/lda.ar\/index.php?rest_route=\/wp\/v2\/pages"}],"about":[{"href":"https:\/\/lda.ar\/index.php?rest_route=\/wp\/v2\/types\/page"}],"author":[{"embeddable":true,"href":"https:\/\/lda.ar\/index.php?rest_route=\/wp\/v2\/users\/3"}],"replies":[{"embeddable":true,"href":"https:\/\/lda.ar\/index.php?rest_route=%2Fwp%2Fv2%2Fcomments&post=931"}],"version-history":[{"count":7,"href":"https:\/\/lda.ar\/index.php?rest_route=\/wp\/v2\/pages\/931\/revisions"}],"predecessor-version":[{"id":1641,"href":"https:\/\/lda.ar\/index.php?rest_route=\/wp\/v2\/pages\/931\/revisions\/1641"}],"up":[{"embeddable":true,"href":"https:\/\/lda.ar\/index.php?rest_route=\/wp\/v2\/pages\/1406"}],"wp:attachment":[{"href":"https:\/\/lda.ar\/index.php?rest_route=%2Fwp%2Fv2%2Fmedia&parent=931"}],"curies":[{"name":"wp","href":"https:\/\/api.w.org\/{rel}","templated":true}]}}