{"id":9222,"date":"2022-10-18T12:25:29","date_gmt":"2022-10-18T15:25:29","guid":{"rendered":"https:\/\/lda.ar\/wp\/?page_id=9222"},"modified":"2022-10-18T12:26:01","modified_gmt":"2022-10-18T15:26:01","slug":"lu3val-certificado-dia-del-radioaficionado-argentino-homenaje-a-lu7vat","status":"publish","type":"page","link":"https:\/\/lda.ar\/?page_id=9222","title":{"rendered":"(LU3VAL) Certificado \u00abD\u00eda del Radioaficionado Argentino\u00bb (Homenaje a LU7VAT)"},"content":{"rendered":"<div id=\"pl-gb9222-69e68f5fdf06a\"  class=\"panel-layout\" ><div id=\"pg-gb9222-69e68f5fdf06a-0\"  class=\"panel-grid panel-no-style\" ><div id=\"pgc-gb9222-69e68f5fdf06a-0-0\"  class=\"panel-grid-cell\" ><div id=\"panel-gb9222-69e68f5fdf06a-0-0-0\" class=\"so-panel widget widget_sow-headline panel-first-child\" data-index=\"0\" ><div\n\t\t\t\n\t\t\tclass=\"so-widget-sow-headline so-widget-sow-headline-default-20c5311775ad-9222\"\n\t\t\t\n\t\t><div class=\"sow-headline-container \">\n\t\t\t\t\t\t<div class=\"decoration\">\n\t\t\t\t\t\t<div class=\"decoration-inside\"><\/div>\n\t\t\t\t\t<\/div>\n\t\t\t\t\t<\/div>\n<\/div><\/div><div id=\"panel-gb9222-69e68f5fdf06a-0-0-1\" class=\"so-panel widget widget_sow-image panel-last-child\" data-index=\"1\" ><div\n\t\t\t\n\t\t\tclass=\"so-widget-sow-image so-widget-sow-image-default-113ccd71f3e6-9222\"\n\t\t\t\n\t\t>\n<div class=\"sow-image-container\">\n\t\t\t<a href=\"https:\/\/www.qrz.com\/db\/LU3VAL\"\n\t\t\ttarget=\"_blank\" rel=\"noopener noreferrer\" \t\t>\n\t\t\t<img \n\tsrc=\"https:\/\/www.lda.ar\/imagenes\/membretes\/membrete_LU3VAL_homenaje_LU7VAT.jpg\" title=\"LU3VAL\" alt=\"LU3VAL\" \t\tclass=\"so-widget-image\"\/>\n\t\t\t<\/a><\/div>\n\n<\/div><\/div><\/div><\/div><div id=\"pg-gb9222-69e68f5fdf06a-1\"  class=\"panel-grid panel-no-style\" ><div id=\"pgc-gb9222-69e68f5fdf06a-1-0\"  class=\"panel-grid-cell\" ><div id=\"panel-gb9222-69e68f5fdf06a-1-0-0\" class=\"so-panel widget widget_sow-image panel-first-child panel-last-child\" data-index=\"2\" ><div\n\t\t\t\n\t\t\tclass=\"so-widget-sow-image so-widget-sow-image-default-113ccd71f3e6-9222\"\n\t\t\t\n\t\t>\n<div class=\"sow-image-container\">\n\t\t<img \n\tsrc=\"https:\/\/lda.ar\/imagenes\/qsls_311x200x75\/muestra_qsl-LU3VAL-DIA-LU2022.jpg\" title=\"LU3VAL\" alt=\"LU3VAL\" \t\tclass=\"so-widget-image\"\/>\n\t<\/div>\n\n<\/div><\/div><\/div><\/div><div id=\"pg-gb9222-69e68f5fdf06a-2\"  class=\"panel-grid panel-no-style\" ><div id=\"pgc-gb9222-69e68f5fdf06a-2-0\"  class=\"panel-grid-cell\" ><div id=\"panel-gb9222-69e68f5fdf06a-2-0-0\" class=\"so-panel widget widget_sow-editor panel-first-child panel-last-child\" data-index=\"3\" ><div\n\t\t\t\n\t\t\tclass=\"so-widget-sow-editor so-widget-sow-editor-base\"\n\t\t\t\n\t\t>\n<div class=\"siteorigin-widget-tinymce textwidget\">\n\t<p>El d\u00eda del Radioaficionado fue instaurado por la <strong>Tercera Convenci\u00f3n Argentina de Radioaficionados<\/strong>, que tuvo lugar en la ciudad de Mar del Plata <strong>del 4 al 14 de noviembre de 1950<\/strong>. La fecha rinde homenaje a la <strong>fundaci\u00f3n del Radio&nbsp;Club&nbsp;Argentino<\/strong>, que tuvo lugar un d\u00eda como este, pero en <strong>1921<\/strong>.<br \/>\nEn los comienzos, los radioaficionados eran un peque\u00f1o grupo y <strong>conocido por hacer cosas raras<\/strong>, los experimentadores del 1900: <strong>Arl\u00eda, Archevala, los hermanos Evers, Seeber, Ar\u00e9valo, Guerrico<\/strong>.<br \/>\nDesde entonces los radioaficionados se han ido nucleando en diversas partes del mundo hasta formar una gran comunidad apasionada. En nuestro pa\u00eds se estima que hay m\u00e1s de 16 mil radioaficionados y 135 Radioclubes en todo el territorio.<br \/>\n<strong>LU7VAT, Federico Rodolfo Gonz\u00e1lez<\/strong>, radioaficionado desde 1973, 49 a\u00f1os ininterrumpidos de radioaficionado, fue el <strong>primer presidente del Radio Club General Roca<\/strong>. Este a\u00f1o celebramos sus <strong>90 a\u00f1os de vida; es socio Fundador y est\u00e1 ACTIVO<\/strong> siendo un orgullo para nuestra Instituci\u00f3n y es por ellos que decidimos destacarlo en el <strong>D\u00eda del Radioaficionado Argentino.<\/strong><\/p>\n<\/div>\n<\/div><\/div><\/div><\/div><div id=\"pg-gb9222-69e68f5fdf06a-3\"  class=\"panel-grid panel-no-style\" ><div id=\"pgc-gb9222-69e68f5fdf06a-3-0\"  class=\"panel-grid-cell\" ><div id=\"panel-gb9222-69e68f5fdf06a-3-0-0\" class=\"so-panel widget widget_sow-button panel-first-child\" data-index=\"4\" ><div\n\t\t\t\n\t\t\tclass=\"so-widget-sow-button so-widget-sow-button-atom-84e047a5cb77-9222\"\n\t\t\t\n\t\t><div class=\"ow-button-base ow-button-align-center\"\n>\n\t\t\t<a\n\t\t\t\t\thref=\"https:\/\/lda.ar\/bases\/bases_LU3VAL_homenaje_LU7VAT.pdf\"\n\t\t\t\t\tclass=\"sowb-button ow-icon-placement-left ow-button-hover\" target=\"_blank\" rel=\"noopener noreferrer\" \t>\n\t\t<span>\n\t\t\t<span class=\"sow-icon-fontawesome sow-far\" data-sow-icon=\"&#xf1c1;\"\n\t\tstyle=\"\" \n\t\taria-hidden=\"true\"><\/span>\n\t\t\tVER BASES\t\t<\/span>\n\t\t\t<\/a>\n\t<\/div>\n<\/div><\/div><div id=\"panel-gb9222-69e68f5fdf06a-3-0-1\" class=\"so-panel widget widget_text\" data-index=\"5\" ><div class=\"panel-widget-style panel-widget-style-for-gb9222-69e68f5fdf06a-3-0-1\" >\t\t\t<div class=\"textwidget\"><p><strong>Los contactos subidos por las estaciones a LdA son exclusiva responsabilidad de las mismas. Si ha detectado una mala carga de alg\u00fan QSO en particular no es LdA quien debe solucionar el problema. P\u00f3ngase en contacto con la instituci\u00f3n organizadora a tal fin o con la estaci\u00f3n contactada buscando sus datos en\u00a0 <a href=\"https:\/\/lda.ar\/wp\/?page_id=17\" target=\"_blank\" rel=\"noopener\">USUARIOS DE LdA<\/a> o bien en su <a href=\"https:\/\/www.qrz.com\/\" target=\"_blank\" rel=\"noopener\">QRZ.com<\/a><\/strong><\/p>\n<\/div>\n\t\t<\/div><\/div><div id=\"panel-gb9222-69e68f5fdf06a-3-0-2\" class=\"so-panel widget widget_text panel-last-child\" data-index=\"6\" ><div class=\"panel-widget-style panel-widget-style-for-gb9222-69e68f5fdf06a-3-0-2\" >\t\t\t<div class=\"textwidget\"><p><em><strong>\u00abEl certificado es v\u00e1lido para la comprobaci\u00f3n de actividad de radioaficionado.\u00bb<\/strong><\/em><\/p>\n<\/div>\n\t\t<\/div><\/div><\/div><\/div><\/div>\n\n\n<hr class=\"wp-block-separator has-text-color has-luminous-vivid-orange-color has-css-opacity has-luminous-vivid-orange-background-color has-background is-style-wide\"\/>\n\n\n<style>\n       .errordiv { padding:10px; margin:10px; border: 1px solid #555555;color: #000000;background-color: #f8f8f8; width:500px; }#advanced_iframe {visibility:visible;opacity:1;vertical-align:top;}.ai-info-bottom-iframe { position: fixed; z-index: 10000; bottom:0; left: 0; margin: 0px; text-align: center; width: 100%; background-color: #ff9999; padding-left: 5px;padding-bottom: 5px; border-top: 1px solid #aaa } a.ai-bold {font-weight: bold;}#ai-layer-div-advanced_iframe p {height:100%;margin:0;padding:0}<\/style><script type=\"text\/javascript\">var ai_iframe_width_advanced_iframe = 0;var ai_iframe_height_advanced_iframe = 0;function aiReceiveMessageadvanced_iframe(event) {  aiProcessMessage(event,\"advanced_iframe\", \"true\",\"\",\"false\",\"false\");}if (window.addEventListener) {  window.addEventListener(\"message\", aiReceiveMessageadvanced_iframe);} else if (el.attachEvent)  {  el.attachEvent(\"message\", aiReceiveMessageadvanced_iframe);}var aiOnloadScrollTop=\"true\";var aiShowDebug=false;\n\t\tif (typeof aiReadyCallbacks === 'undefined') {\n\t\t\tvar aiReadyCallbacks = [];\n\t\t} else if (!(aiReadyCallbacks instanceof Array)) {\n\t\t\tvar aiReadyCallbacks = [];\n\t\t}    function aiShowIframeId(id_iframe) { jQuery(\"#\"+id_iframe).css(\"visibility\", \"visible\");    }    function aiResizeIframeHeight(height) { aiResizeIframeHeight(height,advanced_iframe); }    function aiResizeIframeHeightId(height,width,id) {aiResizeIframeHeightById(id,height);}<\/script><iframe id=\"advanced_iframe\"  name=\"advanced_iframe\"  src=\"https:\/\/lda.ar\/php\/lu3val_2022_oct.php\"  width=\"100%\"  height=\"5000\"  frameborder=\"0\"  border=\"0\"  allowtransparency=\"true\"  loading=\"lazy\"  style=\";border-width: 0px;;border: none;;width:100%;;height:5000px;\" ><\/iframe><script type=\"text\/javascript\">var ifrm_advanced_iframe = document.getElementById(\"advanced_iframe\");var hiddenTabsDoneadvanced_iframe = false;\nfunction resizeCallbackadvanced_iframe() {}<\/script><script type=\"text\/javascript\"><\/script><p style=\"display:block !important; visibility:visible !important;margin: -18px 14px 0 0;padding-left: 3px;padding-top:3px;background: white; overflow: hidden; position: relative; line-height:15px;width: fit-content;\"><small style=\"display:block !important;visibility:visible !important\">powered by Advanced iFrame<\/small><\/p>","protected":false},"excerpt":{"rendered":"","protected":false},"author":3,"featured_media":0,"parent":1406,"menu_order":0,"comment_status":"closed","ping_status":"closed","template":"","meta":{"ngg_post_thumbnail":0,"footnotes":""},"class_list":["post-9222","page","type-page","status-publish","hentry"],"_links":{"self":[{"href":"https:\/\/lda.ar\/index.php?rest_route=\/wp\/v2\/pages\/9222","targetHints":{"allow":["GET"]}}],"collection":[{"href":"https:\/\/lda.ar\/index.php?rest_route=\/wp\/v2\/pages"}],"about":[{"href":"https:\/\/lda.ar\/index.php?rest_route=\/wp\/v2\/types\/page"}],"author":[{"embeddable":true,"href":"https:\/\/lda.ar\/index.php?rest_route=\/wp\/v2\/users\/3"}],"replies":[{"embeddable":true,"href":"https:\/\/lda.ar\/index.php?rest_route=%2Fwp%2Fv2%2Fcomments&post=9222"}],"version-history":[{"count":2,"href":"https:\/\/lda.ar\/index.php?rest_route=\/wp\/v2\/pages\/9222\/revisions"}],"predecessor-version":[{"id":9224,"href":"https:\/\/lda.ar\/index.php?rest_route=\/wp\/v2\/pages\/9222\/revisions\/9224"}],"up":[{"embeddable":true,"href":"https:\/\/lda.ar\/index.php?rest_route=\/wp\/v2\/pages\/1406"}],"wp:attachment":[{"href":"https:\/\/lda.ar\/index.php?rest_route=%2Fwp%2Fv2%2Fmedia&parent=9222"}],"curies":[{"name":"wp","href":"https:\/\/api.w.org\/{rel}","templated":true}]}}