{"id":7491,"date":"2022-05-06T17:36:22","date_gmt":"2022-05-06T20:36:22","guid":{"rendered":"https:\/\/lda.ar\/wp\/?page_id=7491"},"modified":"2022-05-06T18:21:46","modified_gmt":"2022-05-06T21:21:46","slug":"us-lu1sf-70o-aniversario-radio-club-la-rioja","status":"publish","type":"page","link":"https:\/\/lda.ar\/?page_id=7491","title":{"rendered":"(LU1SF) 70\u00ba Aniversario Radio Club La Rioja"},"content":{"rendered":"<div id=\"pl-gb7491-69e68eb296384\"  class=\"panel-layout\" ><div id=\"pg-gb7491-69e68eb296384-0\"  class=\"panel-grid panel-no-style\" ><div id=\"pgc-gb7491-69e68eb296384-0-0\"  class=\"panel-grid-cell\" ><div id=\"panel-gb7491-69e68eb296384-0-0-0\" class=\"so-panel widget widget_sow-image panel-first-child panel-last-child\" data-index=\"0\" ><div\n\t\t\t\n\t\t\tclass=\"so-widget-sow-image so-widget-sow-image-default-8b5b6f678277-7491\"\n\t\t\t\n\t\t>\n<div class=\"sow-image-container\">\n\t\t\t<a href=\"https:\/\/www.lu1sf.com.ar\/\"\n\t\t\ttarget=\"_blank\" rel=\"noopener noreferrer\" \t\t>\n\t\t\t<img \n\tsrc=\"https:\/\/lda.ar\/imagenes\/membretes\/membrete_LU1SF_70_aniv_2022.jpg\" title=\"LU1SF\" alt=\"LU1SF\" \t\tclass=\"so-widget-image\"\/>\n\t\t\t<\/a><\/div>\n\n<\/div><\/div><\/div><\/div><div id=\"pg-gb7491-69e68eb296384-1\"  class=\"panel-grid panel-no-style\" ><div id=\"pgc-gb7491-69e68eb296384-1-0\"  class=\"panel-grid-cell\" ><div id=\"panel-gb7491-69e68eb296384-1-0-0\" class=\"so-panel widget widget_sow-image panel-first-child panel-last-child\" data-index=\"1\" ><div\n\t\t\t\n\t\t\tclass=\"so-widget-sow-image so-widget-sow-image-default-c67d20f9f743-7491\"\n\t\t\t\n\t\t>\n<div class=\"sow-image-container\">\n\t\t<img \n\tsrc=\"https:\/\/lda.ar\/imagenes\/qsls_311x200x75\/muestra-qsl-LU1SF-70ANIV.jpg\" title=\"LU1SF\" alt=\"LU1SF\" \t\tclass=\"so-widget-image\"\/>\n\t<\/div>\n\n<\/div><\/div><\/div><\/div><div id=\"pg-gb7491-69e68eb296384-2\"  class=\"panel-grid panel-no-style\" ><div id=\"pgc-gb7491-69e68eb296384-2-0\"  class=\"panel-grid-cell\" ><div id=\"panel-gb7491-69e68eb296384-2-0-0\" class=\"so-panel widget widget_text panel-first-child panel-last-child\" data-index=\"2\" ><div class=\"panel-widget-style panel-widget-style-for-gb7491-69e68eb296384-2-0-0\" >\t\t\t<div class=\"textwidget\"><p>El Radio Club La Rioja fue <strong>fundado un 27 de mayo de 1952<\/strong> por un grupo de entusiastas radioaficionados de la provincia de La Rioja, obteniendo la personer\u00eda jur\u00eddica para quedar legalmente constituido como (LU1SF) Radio Club La Rioja.<br \/>\n<strong>A fines de 1985 se inaugura la flamante sede social<\/strong> ubicada en Balcarce 580 B\u00ba 3 de Febrero en la ciudad capital de La Rioja.<br \/>\nA pasado mucho tiempo desde aquel 27 de mayo, donde los integrantes de nuestro Radio Club han trabajado y fomentado distintas actividades a parte de la principal que es la radio comunicaci\u00f3n, formamos parte de la organizaci\u00f3n de la Uni\u00f3n Argentina de Radio Clubes y la Federaci\u00f3n Argentina de Radioaficionados instituciones de segundo grado, en d\u00f3nde Colegas riojanos tuvieron una importante participaci\u00f3n dentro de la comisi\u00f3n directiva.<br \/>\nHemos formado radioaficionados desde los inicios a la fecha y lo seguiremos haciendo, como as\u00ed tambi\u00e9n nuestro aporte en la organizaci\u00f3n de concursos y actividades que hacen al movimiento y participaci\u00f3n no solo de la provincia, del pa\u00eds y del mundo.<br \/>\nColaboramos con eventos importantes en la sociedad riojana dando su apoyo humano y log\u00edstico a instituciones gubernamentales como defensa civil, polic\u00eda, bomberos, con fuerzas armadas tanto de aeron\u00e1utica como del ej\u00e9rcito argentino.<br \/>\n<strong>En esta \u00faltima d\u00e9cada, nuestra instituci\u00f3n alcanzo un protagonismo importante dentro del mundo de la radio afici\u00f3n siendo participe de eventos nacionales e internacionales, siendo reconocida y valorada por otros Radio Clubes nacionales, internacionales, y por la sociedad e Instituciones riojanas.<\/strong><\/p>\n<\/div>\n\t\t<\/div><\/div><\/div><\/div><div id=\"pg-gb7491-69e68eb296384-3\"  class=\"panel-grid panel-no-style\" ><div id=\"pgc-gb7491-69e68eb296384-3-0\"  class=\"panel-grid-cell\" ><div id=\"panel-gb7491-69e68eb296384-3-0-0\" class=\"so-panel widget widget_sow-button panel-first-child\" data-index=\"3\" ><div\n\t\t\t\n\t\t\tclass=\"so-widget-sow-button so-widget-sow-button-atom-84e047a5cb77-7491\"\n\t\t\t\n\t\t><div class=\"ow-button-base ow-button-align-center\"\n>\n\t\t\t<a\n\t\t\t\t\thref=\"https:\/\/lda.ar\/bases\/bases_LU1SF_70_aniv_2022.pdf\"\n\t\t\t\t\tclass=\"sowb-button ow-icon-placement-left ow-button-hover\" target=\"_blank\" rel=\"noopener noreferrer\" \t>\n\t\t<span>\n\t\t\t<span class=\"sow-icon-fontawesome sow-far\" data-sow-icon=\"&#xf1c1;\"\n\t\tstyle=\"\" \n\t\taria-hidden=\"true\"><\/span>\n\t\t\tVER BASES\t\t<\/span>\n\t\t\t<\/a>\n\t<\/div>\n<\/div><\/div><div id=\"panel-gb7491-69e68eb296384-3-0-1\" class=\"so-panel widget widget_text panel-last-child\" data-index=\"4\" ><div class=\"panel-widget-style panel-widget-style-for-gb7491-69e68eb296384-3-0-1\" >\t\t\t<div class=\"textwidget\"><p><span style=\"color: #ff0000;\">Los contactos subidos por las estaciones a LdA son exclusiva responsabilidad de las mismas. Si ha detectado una mala carga de alg\u00fan QSO en particular no es LdA quien debe solucionar el problema. P\u00f3ngase en contacto con la instituci\u00f3n organizadora a tal fin o con la estaci\u00f3n contactada buscando sus datos en\u00a0\u00a0<strong><a style=\"color: #ff0000;\" href=\"https:\/\/lda.ar\/?page_id=17\" target=\"_blank\" rel=\"noopener\">USUARIOS DE LdA<\/a><\/strong>\u00a0o bien en su\u00a0<a style=\"color: #ff0000;\" href=\"https:\/\/www.qrz.com\/\" target=\"_blank\" rel=\"noopener\">QRZ.com<\/a><\/span><\/p>\n<p><strong><span style=\"color: #ff0000;\"><em>\u00abEl certificado es v\u00e1lido para la comprobaci\u00f3n de actividad de radioaficionado.\u00bb<\/em><\/span><\/strong><\/p>\n<\/div>\n\t\t<\/div><\/div><\/div><\/div><\/div>\n\n<style>\n       .errordiv { padding:10px; margin:10px; border: 1px solid #555555;color: #000000;background-color: #f8f8f8; width:500px; }#advanced_iframe {visibility:visible;opacity:1;vertical-align:top;}.ai-info-bottom-iframe { position: fixed; z-index: 10000; bottom:0; left: 0; margin: 0px; text-align: center; width: 100%; background-color: #ff9999; padding-left: 5px;padding-bottom: 5px; border-top: 1px solid #aaa } a.ai-bold {font-weight: bold;}#ai-layer-div-advanced_iframe p {height:100%;margin:0;padding:0}<\/style><script type=\"text\/javascript\">var ai_iframe_width_advanced_iframe = 0;var ai_iframe_height_advanced_iframe = 0;function aiReceiveMessageadvanced_iframe(event) {  aiProcessMessage(event,\"advanced_iframe\", \"true\",\"\",\"false\",\"false\");}if (window.addEventListener) {  window.addEventListener(\"message\", aiReceiveMessageadvanced_iframe);} else if (el.attachEvent)  {  el.attachEvent(\"message\", aiReceiveMessageadvanced_iframe);}var aiOnloadScrollTop=\"true\";var aiShowDebug=false;\n\t\tif (typeof aiReadyCallbacks === 'undefined') {\n\t\t\tvar aiReadyCallbacks = [];\n\t\t} else if (!(aiReadyCallbacks instanceof Array)) {\n\t\t\tvar aiReadyCallbacks = [];\n\t\t}    function aiShowIframeId(id_iframe) { jQuery(\"#\"+id_iframe).css(\"visibility\", \"visible\");    }    function aiResizeIframeHeight(height) { aiResizeIframeHeight(height,advanced_iframe); }    function aiResizeIframeHeightId(height,width,id) {aiResizeIframeHeightById(id,height);}<\/script><iframe id=\"advanced_iframe\"  name=\"advanced_iframe\"  src=\"https:\/\/lda.ar\/php\/LU1SF70_2022.php\"  width=\"100%\"  height=\"5100\"  frameborder=\"0\"  border=\"0\"  allowtransparency=\"true\"  loading=\"lazy\"  style=\";border-width: 0px;;border: none;;width:100%;;height:5100px;\" ><\/iframe><script type=\"text\/javascript\">var ifrm_advanced_iframe = document.getElementById(\"advanced_iframe\");var hiddenTabsDoneadvanced_iframe = false;\nfunction resizeCallbackadvanced_iframe() {}<\/script><script type=\"text\/javascript\"><\/script><p style=\"display:block !important; visibility:visible !important;margin: -18px 14px 0 0;padding-left: 3px;padding-top:3px;background: white; overflow: hidden; position: relative; line-height:15px;width: fit-content;\"><small style=\"display:block !important;visibility:visible !important\">powered by Advanced iFrame<\/small><\/p>\n\n<div id=\"pl-gb7491-69e68eb297a15\"  class=\"panel-layout wp-block-siteorigin-panels-layout-block\" ><div id=\"pg-gb7491-69e68eb297a15-0\"  class=\"panel-grid panel-no-style\" ><div id=\"pgc-gb7491-69e68eb297a15-0-0\"  class=\"panel-grid-cell\" ><div id=\"panel-gb7491-69e68eb297a15-0-0-0\" class=\"so-panel widget widget_sow-image-grid panel-first-child panel-last-child\" data-index=\"0\" ><div\n\t\t\t\n\t\t\tclass=\"so-widget-sow-image-grid so-widget-sow-image-grid-default-15bfeffd6b98-7491\"\n\t\t\t\n\t\t>\t<div\n\t\tclass=\"sow-image-grid-wrapper\"\n\t\tdata-max-width=\"85\"\t\tdata-max-height=\"75\"\t>\n\t\t\t\t\t<div class=\"sow-image-grid-image\">\n\t\t\t\t\t\t\t\t\t\t\t\t\t<a href=\"https:\/\/fotovig.com.ar\/\"\n\t\t\t\t\t\t\t\t\t\t\t\t\t\t\t\t\t\ttarget=\"_blank\" \t\t\t\t\t\t\t\t\t\t\t\t\t\t\t\t\t\t\t\t\t\t\t\trel=\"noopener noreferrer\" \t\t\t\t\t\t\t\t\t\t\t>\n\t\t\t\t\t\t\t\t<img decoding=\"async\" title=\"Fotovig\" alt=\"Fotovig&quot;\" class=\"sow-image-grid-image_html\" src=\"https:\/\/lda.ar\/imagenes\/escudos\/Marca%20Foto%20Vig%20(Colores).png\" >\t\t\t\t\t\t\t\t\t<\/a>\n\t\t\t\t\t\t\t\t\t\t\t<\/div>\n\t\t\t\t\t<div class=\"sow-image-grid-image\">\n\t\t\t\t\t\t\t\t\t\t\t\t\t<a href=\"http:\/\/www.sa10m.com.ar\/\"\n\t\t\t\t\t\t\t\t\t\t\t\t\t\t\t\t\t\ttarget=\"_blank\" \t\t\t\t\t\t\t\t\t\t\t\t\t\t\t\t\t\t\t\t\t\t\t\trel=\"noopener noreferrer\" \t\t\t\t\t\t\t\t\t\t\t>\n\t\t\t\t\t\t\t\t<img decoding=\"async\" title=\"SA1\u00d8m Contest\" alt=\"SA10m Contest&quot;\" class=\"sow-image-grid-image_html\" src=\"https:\/\/lda.ar\/imagenes\/escudos\/logo_sa10m.png\" >\t\t\t\t\t\t\t\t\t<\/a>\n\t\t\t\t\t\t\t\t\t\t\t<\/div>\n\t\t\t\t\t<div class=\"sow-image-grid-image\">\n\t\t\t\t\t\t\t\t\t\t\t\t\t<a href=\"http:\/\/www.campeonatohf.com.ar\/\"\n\t\t\t\t\t\t\t\t\t\t\t\t\t\t\t\t\t\ttarget=\"_blank\" \t\t\t\t\t\t\t\t\t\t\t\t\t\t\t\t\t\t\t\t\t\t\t\trel=\"noopener noreferrer\" \t\t\t\t\t\t\t\t\t\t\t>\n\t\t\t\t\t\t\t\t<img decoding=\"async\" title=\"Campeonato Argentino de HF\" alt=\"Campeonato Argentino de HF&quot;\" class=\"sow-image-grid-image_html\" src=\"https:\/\/lda.ar\/imagenes\/escudos\/logo_cahf.png\" >\t\t\t\t\t\t\t\t\t<\/a>\n\t\t\t\t\t\t\t\t\t\t\t<\/div>\n\t\t\t\t\t<div class=\"sow-image-grid-image\">\n\t\t\t\t\t\t\t\t\t\t\t\t\t<a href=\"http:\/\/jvp-antenas.com.ar\/\"\n\t\t\t\t\t\t\t\t\t\t\t\t\t\t\t\t\t\ttarget=\"_blank\" \t\t\t\t\t\t\t\t\t\t\t\t\t\t\t\t\t\t\t\t\t\t\t\trel=\"noopener noreferrer\" \t\t\t\t\t\t\t\t\t\t\t>\n\t\t\t\t\t\t\t\t<img decoding=\"async\" title=\"JVP Antenas\" alt=\"JVP Antenas&quot;\" class=\"sow-image-grid-image_html\" src=\"https:\/\/lda.ar\/imagenes\/escudos\/logo_jvp.png\" >\t\t\t\t\t\t\t\t\t<\/a>\n\t\t\t\t\t\t\t\t\t\t\t<\/div>\n\t\t\t\t\t<div class=\"sow-image-grid-image\">\n\t\t\t\t\t\t\t\t\t\t\t\t\t<a href=\"http:\/\/www.jpv-antenas.com.ar\"\n\t\t\t\t\t\t\t\t\t\t\t\t\t\t\t\t\t\ttarget=\"_blank\" \t\t\t\t\t\t\t\t\t\t\t\t\t\t\t\t\t\t\t\t\t\t\t\trel=\"noopener noreferrer\" \t\t\t\t\t\t\t\t\t\t\t>\n\t\t\t\t\t\t\t\t<img decoding=\"async\" title=\"Yaguaret\u00e9 DX Group\" alt=\"Yaguaret\u00e9 DX Group&quot;\" class=\"sow-image-grid-image_html\" src=\"https:\/\/lda.ar\/imagenes\/escudos\/escudo_yaguarete_dx_group_600px.png\" >\t\t\t\t\t\t\t\t\t<\/a>\n\t\t\t\t\t\t\t\t\t\t\t<\/div>\n\t\t\t\t\t<div class=\"sow-image-grid-image\">\n\t\t\t\t\t\t\t\t\t\t\t\t\t<a href=\"https:\/\/www.argentinaroom.com.ar\/\"\n\t\t\t\t\t\t\t\t\t\t\t\t\t\t\t\t\t\ttarget=\"_blank\" \t\t\t\t\t\t\t\t\t\t\t\t\t\t\t\t\t\t\t\t\t\t\t\trel=\"noopener noreferrer\" \t\t\t\t\t\t\t\t\t\t\t>\n\t\t\t\t\t\t\t\t<img decoding=\"async\" title=\"Argentina ROOM\" alt=\"Argentina ROOM&quot;\" class=\"sow-image-grid-image_html\" src=\"https:\/\/lda.ar\/escudos\/marca_arg_room_circular_fdo_celeste.png\" >\t\t\t\t\t\t\t\t\t<\/a>\n\t\t\t\t\t\t\t\t\t\t\t<\/div>\n\t\t\t<\/div>\n<\/div><\/div><\/div><\/div><\/div>","protected":false},"excerpt":{"rendered":"","protected":false},"author":3,"featured_media":0,"parent":1406,"menu_order":0,"comment_status":"closed","ping_status":"closed","template":"","meta":{"ngg_post_thumbnail":0,"footnotes":""},"class_list":["post-7491","page","type-page","status-publish","hentry"],"_links":{"self":[{"href":"https:\/\/lda.ar\/index.php?rest_route=\/wp\/v2\/pages\/7491","targetHints":{"allow":["GET"]}}],"collection":[{"href":"https:\/\/lda.ar\/index.php?rest_route=\/wp\/v2\/pages"}],"about":[{"href":"https:\/\/lda.ar\/index.php?rest_route=\/wp\/v2\/types\/page"}],"author":[{"embeddable":true,"href":"https:\/\/lda.ar\/index.php?rest_route=\/wp\/v2\/users\/3"}],"replies":[{"embeddable":true,"href":"https:\/\/lda.ar\/index.php?rest_route=%2Fwp%2Fv2%2Fcomments&post=7491"}],"version-history":[{"count":4,"href":"https:\/\/lda.ar\/index.php?rest_route=\/wp\/v2\/pages\/7491\/revisions"}],"predecessor-version":[{"id":7500,"href":"https:\/\/lda.ar\/index.php?rest_route=\/wp\/v2\/pages\/7491\/revisions\/7500"}],"up":[{"embeddable":true,"href":"https:\/\/lda.ar\/index.php?rest_route=\/wp\/v2\/pages\/1406"}],"wp:attachment":[{"href":"https:\/\/lda.ar\/index.php?rest_route=%2Fwp%2Fv2%2Fmedia&parent=7491"}],"curies":[{"name":"wp","href":"https:\/\/api.w.org\/{rel}","templated":true}]}}