{"id":7140,"date":"2022-03-10T10:47:34","date_gmt":"2022-03-10T13:47:34","guid":{"rendered":"https:\/\/lda.ar\/wp\/?page_id=7140"},"modified":"2022-03-25T18:04:21","modified_gmt":"2022-03-25T21:04:21","slug":"us-lu7dzv-malvinas-argentinas-2022","status":"publish","type":"page","link":"https:\/\/lda.ar\/?page_id=7140","title":{"rendered":"(LU7DZV) MALVINAS ARGENTINAS 2022"},"content":{"rendered":"<div id=\"pl-gb7140-69e6a51262da2\"  class=\"panel-layout\" ><div id=\"pg-gb7140-69e6a51262da2-0\"  class=\"panel-grid panel-no-style\" ><div id=\"pgc-gb7140-69e6a51262da2-0-0\"  class=\"panel-grid-cell\" ><div id=\"panel-gb7140-69e6a51262da2-0-0-0\" class=\"so-panel widget widget_sow-image panel-first-child\" data-index=\"0\" ><div\n\t\t\t\n\t\t\tclass=\"so-widget-sow-image so-widget-sow-image-default-8b5b6f678277-7140\"\n\t\t\t\n\t\t>\n<div class=\"sow-image-container\">\n\t\t\t<a href=\"https:\/\/www.lu7dzv.com.ar\/\"\n\t\t\ttarget=\"_blank\" rel=\"noopener noreferrer\" \t\t>\n\t\t\t<img \n\tsrc=\"https:\/\/lda.ar\/imagenes\/membretes\/membrete_lu7dzv_malvinas_2022.jpg\" title=\"LU7DZV (Malvinas Argentinas 2022)\" alt=\"LU7DZV (Malvinas Argentinas 2022)\" \t\tclass=\"so-widget-image\"\/>\n\t\t\t<\/a><\/div>\n\n<\/div><\/div><div id=\"panel-gb7140-69e6a51262da2-0-0-1\" class=\"so-panel widget widget_sow-image\" data-index=\"1\" ><div\n\t\t\t\n\t\t\tclass=\"so-widget-sow-image so-widget-sow-image-default-c67d20f9f743-7140\"\n\t\t\t\n\t\t>\n<div class=\"sow-image-container\">\n\t\t<img \n\tsrc=\"https:\/\/lda.ar\/imagenes\/qsls_311x200x75\/muestra_qsl-LU7DZV_D-MALVINAS2022.jpg\" title=\"LU7DZV (Radio Club General Sarmiento)\" alt=\"LU7DZV (Radio Club General Sarmiento)\" \t\tclass=\"so-widget-image\"\/>\n\t<\/div>\n\n<\/div><\/div><div id=\"panel-gb7140-69e6a51262da2-0-0-2\" class=\"so-panel widget widget_text panel-last-child\" data-index=\"2\" ><div class=\"panel-widget-style panel-widget-style-for-gb7140-69e6a51262da2-0-0-2\" >\t\t\t<div class=\"textwidget\"><p>Estimados colegas:<\/p>\n<p>Se invita a todos los Radioaficionados argentinos y extranjeros con licencia vigente a participar de la edici\u00f3n 2022 del \u201c<strong>DIPLOMA MALVINAS\u201d<\/strong>, como todos los a\u00f1os recordando a nuestras Islas Malvinas y \u201c<strong>en sencillo homenaje a todos los argentinos que dieron la vida por ellas<\/strong>\u201d.<\/p>\n<p>Este Diploma se otorga desde el 1\u00ba de Abril de 1998 y es reactivado todos los a\u00f1os por este Radio Club durante el mes de Abril. Podr\u00e1n participar y obtener este diploma todos los radio aficionados Argentinos, extranjeros y radioescuchas (SWL) TITULARES de licencias otorgadas por las autoridades competentes.<\/p>\n<\/div>\n\t\t<\/div><\/div><\/div><\/div><div id=\"pg-gb7140-69e6a51262da2-1\"  class=\"panel-grid panel-no-style\" ><div id=\"pgc-gb7140-69e6a51262da2-1-0\"  class=\"panel-grid-cell\" ><div id=\"panel-gb7140-69e6a51262da2-1-0-0\" class=\"so-panel widget widget_sow-button panel-first-child\" data-index=\"3\" ><div\n\t\t\t\n\t\t\tclass=\"so-widget-sow-button so-widget-sow-button-atom-84e047a5cb77-7140\"\n\t\t\t\n\t\t><div class=\"ow-button-base ow-button-align-center\"\n>\n\t\t\t<a\n\t\t\t\t\thref=\"https:\/\/lda.ar\/bases\/bases_lu7dzv_malvinas_2022.pdf\"\n\t\t\t\t\tclass=\"sowb-button ow-icon-placement-left ow-button-hover\" target=\"_blank\" rel=\"noopener noreferrer\" \t>\n\t\t<span>\n\t\t\t<span class=\"sow-icon-fontawesome sow-far\" data-sow-icon=\"&#xf1c1;\"\n\t\tstyle=\"\" \n\t\taria-hidden=\"true\"><\/span>\n\t\t\tVER BASES\t\t<\/span>\n\t\t\t<\/a>\n\t<\/div>\n<\/div><\/div><div id=\"panel-gb7140-69e6a51262da2-1-0-1\" class=\"so-panel widget widget_text panel-last-child\" data-index=\"4\" ><div class=\"panel-widget-style panel-widget-style-for-gb7140-69e6a51262da2-1-0-1\" >\t\t\t<div class=\"textwidget\"><p><span style=\"color: #ff0000;\">Los contactos subidos por las estaciones a LdA son exclusiva responsabilidad de las mismas. Si ha detectado una mala carga de alg\u00fan QSO en particular no es LdA quien debe solucionar el problema. P\u00f3ngase en contacto con la instituci\u00f3n organizadora a tal fin o con la estaci\u00f3n contactada buscando sus datos en\u00a0\u00a0<strong><a style=\"color: #ff0000;\" href=\"https:\/\/lda.ar\/?page_id=17\" target=\"_blank\" rel=\"noopener\">USUARIOS DE LdA<\/a><\/strong>\u00a0o bien en su\u00a0<a style=\"color: #ff0000;\" href=\"https:\/\/www.qrz.com\/\" target=\"_blank\" rel=\"noopener\">QRZ.com<\/a><\/span><\/p>\n<p><strong><span style=\"color: #ff0000;\"><em>\u00abEl certificado es v\u00e1lido para la comprobaci\u00f3n de actividad de radioaficionado.\u00bb<\/em><\/span><\/strong><\/p>\n<\/div>\n\t\t<\/div><\/div><\/div><\/div><\/div>\n\n<style>\n       .errordiv { padding:10px; margin:10px; border: 1px solid #555555;color: #000000;background-color: #f8f8f8; width:500px; }#advanced_iframe {visibility:visible;opacity:1;vertical-align:top;}.ai-info-bottom-iframe { position: fixed; z-index: 10000; bottom:0; left: 0; margin: 0px; text-align: center; width: 100%; background-color: #ff9999; padding-left: 5px;padding-bottom: 5px; border-top: 1px solid #aaa } a.ai-bold {font-weight: bold;}#ai-layer-div-advanced_iframe p {height:100%;margin:0;padding:0}<\/style><script type=\"text\/javascript\">var ai_iframe_width_advanced_iframe = 0;var ai_iframe_height_advanced_iframe = 0;function aiReceiveMessageadvanced_iframe(event) {  aiProcessMessage(event,\"advanced_iframe\", \"true\",\"\",\"false\",\"false\");}if (window.addEventListener) {  window.addEventListener(\"message\", aiReceiveMessageadvanced_iframe);} else if (el.attachEvent)  {  el.attachEvent(\"message\", aiReceiveMessageadvanced_iframe);}var aiOnloadScrollTop=\"true\";var aiShowDebug=false;\n\t\tif (typeof aiReadyCallbacks === 'undefined') {\n\t\t\tvar aiReadyCallbacks = [];\n\t\t} else if (!(aiReadyCallbacks instanceof Array)) {\n\t\t\tvar aiReadyCallbacks = [];\n\t\t}    function aiShowIframeId(id_iframe) { jQuery(\"#\"+id_iframe).css(\"visibility\", \"visible\");    }    function aiResizeIframeHeight(height) { aiResizeIframeHeight(height,advanced_iframe); }    function aiResizeIframeHeightId(height,width,id) {aiResizeIframeHeightById(id,height);}<\/script><iframe id=\"advanced_iframe\"  name=\"advanced_iframe\"  src=\"https:\/\/lda.ar\/php\/LU7DZV_2022.php\"  width=\"100%\"  height=\"5000\"  frameborder=\"0\"  border=\"0\"  allowtransparency=\"true\"  loading=\"lazy\"  style=\";border-width: 0px;;border: none;;width:100%;;height:5000px;\" ><\/iframe><script type=\"text\/javascript\">var ifrm_advanced_iframe = document.getElementById(\"advanced_iframe\");var hiddenTabsDoneadvanced_iframe = false;\nfunction resizeCallbackadvanced_iframe() {}<\/script><script type=\"text\/javascript\"><\/script><p style=\"display:block !important; visibility:visible !important;margin: -18px 14px 0 0;padding-left: 3px;padding-top:3px;background: white; overflow: hidden; position: relative; line-height:15px;width: fit-content;\"><small style=\"display:block !important;visibility:visible !important\">powered by Advanced iFrame<\/small><\/p>","protected":false},"excerpt":{"rendered":"<p>Estimados colegas: Se invita a todos los Radioaficionados argentinos y extranjeros con licencia vigente a participar de la edici\u00f3n 2022 del \u201cDIPLOMA MALVINAS\u201d, como todos los a\u00f1os recordando a nuestras&hellip; <\/p>\n","protected":false},"author":3,"featured_media":0,"parent":1406,"menu_order":0,"comment_status":"closed","ping_status":"closed","template":"","meta":{"ngg_post_thumbnail":0,"footnotes":""},"class_list":["post-7140","page","type-page","status-publish","hentry"],"_links":{"self":[{"href":"https:\/\/lda.ar\/index.php?rest_route=\/wp\/v2\/pages\/7140","targetHints":{"allow":["GET"]}}],"collection":[{"href":"https:\/\/lda.ar\/index.php?rest_route=\/wp\/v2\/pages"}],"about":[{"href":"https:\/\/lda.ar\/index.php?rest_route=\/wp\/v2\/types\/page"}],"author":[{"embeddable":true,"href":"https:\/\/lda.ar\/index.php?rest_route=\/wp\/v2\/users\/3"}],"replies":[{"embeddable":true,"href":"https:\/\/lda.ar\/index.php?rest_route=%2Fwp%2Fv2%2Fcomments&post=7140"}],"version-history":[{"count":2,"href":"https:\/\/lda.ar\/index.php?rest_route=\/wp\/v2\/pages\/7140\/revisions"}],"predecessor-version":[{"id":7224,"href":"https:\/\/lda.ar\/index.php?rest_route=\/wp\/v2\/pages\/7140\/revisions\/7224"}],"up":[{"embeddable":true,"href":"https:\/\/lda.ar\/index.php?rest_route=\/wp\/v2\/pages\/1406"}],"wp:attachment":[{"href":"https:\/\/lda.ar\/index.php?rest_route=%2Fwp%2Fv2%2Fmedia&parent=7140"}],"curies":[{"name":"wp","href":"https:\/\/api.w.org\/{rel}","templated":true}]}}