{"id":6986,"date":"2022-02-19T12:44:37","date_gmt":"2022-02-19T15:44:37","guid":{"rendered":"https:\/\/lda.ar\/wp\/?page_id=6986"},"modified":"2024-12-11T09:27:35","modified_gmt":"2024-12-11T12:27:35","slug":"nl-a-room-6to-aniversario-argentina-room","status":"publish","type":"page","link":"https:\/\/lda.ar\/?page_id=6986","title":{"rendered":"| ARG ROOM | 6to. Aniversario de Argentina ROOM"},"content":{"rendered":"<div id=\"pl-gb6986-69e6a3e1bc17f\"  class=\"panel-layout wp-block-siteorigin-panels-layout-block\" ><div id=\"pg-gb6986-69e6a3e1bc17f-0\"  class=\"panel-grid panel-no-style\" ><div id=\"pgc-gb6986-69e6a3e1bc17f-0-0\"  class=\"panel-grid-cell\" ><div id=\"panel-gb6986-69e6a3e1bc17f-0-0-0\" class=\"so-panel widget widget_sow-headline panel-first-child\" data-index=\"0\" ><div\n\t\t\t\n\t\t\tclass=\"so-widget-sow-headline so-widget-sow-headline-default-20c5311775ad-6986\"\n\t\t\t\n\t\t><div class=\"sow-headline-container \">\n\t\t\t\t\t\t<div class=\"decoration\">\n\t\t\t\t\t\t<div class=\"decoration-inside\"><\/div>\n\t\t\t\t\t<\/div>\n\t\t\t\t\t<\/div>\n<\/div><\/div><div id=\"panel-gb6986-69e6a3e1bc17f-0-0-1\" class=\"so-panel widget widget_sow-image panel-last-child\" data-index=\"1\" ><div\n\t\t\t\n\t\t\tclass=\"so-widget-sow-image so-widget-sow-image-default-113ccd71f3e6-6986\"\n\t\t\t\n\t\t>\n<div class=\"sow-image-container\">\n\t\t<img \n\tsrc=\"https:\/\/www.lda.ar\/imagenes\/membretes\/membrete_ARG-ROOM_6to_aniv.jpg\" title=\"Argentina ROOM\" alt=\"Argentina ROOM\" \t\tclass=\"so-widget-image\"\/>\n\t<\/div>\n\n<\/div><\/div><\/div><\/div><div id=\"pg-gb6986-69e6a3e1bc17f-1\"  class=\"panel-grid panel-no-style\" ><div id=\"pgc-gb6986-69e6a3e1bc17f-1-0\"  class=\"panel-grid-cell\" ><div id=\"panel-gb6986-69e6a3e1bc17f-1-0-0\" class=\"so-panel widget widget_sow-image panel-first-child panel-last-child\" data-index=\"2\" ><div\n\t\t\t\n\t\t\tclass=\"so-widget-sow-image so-widget-sow-image-default-113ccd71f3e6-6986\"\n\t\t\t\n\t\t>\n<div class=\"sow-image-container\">\n\t\t<img \n\tsrc=\"https:\/\/lda.ar\/imagenes\/qsls_311x200x75\/muestra_qsl-LU2CSG-ARG-ROOM-6ANIV.jpg\" title=\"| ARG ROOM | 6to. Aniversario de Argentina ROOM\" alt=\"Argentina ROOM\" \t\tclass=\"so-widget-image\"\/>\n\t<\/div>\n\n<\/div><\/div><\/div><\/div><div id=\"pg-gb6986-69e6a3e1bc17f-2\"  class=\"panel-grid panel-no-style\" ><div id=\"pgc-gb6986-69e6a3e1bc17f-2-0\"  class=\"panel-grid-cell\" ><div id=\"panel-gb6986-69e6a3e1bc17f-2-0-0\" class=\"so-panel widget widget_sow-editor panel-first-child panel-last-child\" data-index=\"3\" ><div\n\t\t\t\n\t\t\tclass=\"so-widget-sow-editor so-widget-sow-editor-base\"\n\t\t\t\n\t\t>\n<div class=\"siteorigin-widget-tinymce textwidget\">\n\t<h6><span style=\"color: #000080;\">ARGENTINA ROOM con el apoyo y la colaboraci\u00f3n de los Radio Club que integran la red: <a href=\"https:\/\/qsl.net\/lu7eo\/\" target=\"_blank\" rel=\"noopener\">L5\u00d8EO Radio Club Avellaneda<\/a>, <a href=\"https:\/\/www.facebook.com\/radioclub.miramar\/\" target=\"_blank\" rel=\"noopener\">LU7DZL Radio Club Miramar<\/a>, <a href=\"http:\/\/radioclubnecochea.com.ar\/\" target=\"_blank\" rel=\"noopener\">LU9EV Radio Club Necochea<\/a>, <a href=\"http:\/\/www.lu8dze.org.ar\/\" target=\"_blank\" rel=\"noopener\">LU8DZE Radio Club La Plata<\/a>, <a href=\"http:\/\/lu4dq.com.ar\/\" target=\"_blank\" rel=\"noopener\">LU4DQ Radio Club Quilmes<\/a>, <a href=\"http:\/\/www.asorec.org\/?fbclid=IwAR2C6TzkofwGwGuwFnWi1rfWv1CNgZyeTS2FOXuW2JWumcs0R_8NAGErz7s\" target=\"_blank\" rel=\"noopener\">HK6REC Asociaci\u00f3n de Radioaficionados del Eje Cafetero<\/a> y la <a href=\"https:\/\/xmarcelo36.wixsite.com\/uruguaylink\/about\" target=\"_blank\" rel=\"noopener\">Red Uruguay Link<\/a>, invitan a participar en el festejo de nuestro 6to. Aniversario del 1 al 31 de marzo de 2022<\/span><\/h6>\n<\/div>\n<\/div><\/div><\/div><\/div><div id=\"pg-gb6986-69e6a3e1bc17f-3\"  class=\"panel-grid panel-no-style\" ><div id=\"pgc-gb6986-69e6a3e1bc17f-3-0\"  class=\"panel-grid-cell\" ><div id=\"panel-gb6986-69e6a3e1bc17f-3-0-0\" class=\"so-panel widget widget_sow-button panel-first-child\" data-index=\"4\" ><div\n\t\t\t\n\t\t\tclass=\"so-widget-sow-button so-widget-sow-button-atom-84e047a5cb77-6986\"\n\t\t\t\n\t\t><div class=\"ow-button-base ow-button-align-center\"\n>\n\t\t\t<a\n\t\t\t\t\thref=\"https:\/\/lda.ar\/bases\/bases_ARG-ROOM_6to_aniv.pdf\"\n\t\t\t\t\tclass=\"sowb-button ow-icon-placement-left ow-button-hover\" target=\"_blank\" rel=\"noopener noreferrer\" \t>\n\t\t<span>\n\t\t\t<span class=\"sow-icon-fontawesome sow-far\" data-sow-icon=\"&#xf1c1;\"\n\t\tstyle=\"\" \n\t\taria-hidden=\"true\"><\/span>\n\t\t\tVER BASES\t\t<\/span>\n\t\t\t<\/a>\n\t<\/div>\n<\/div><\/div><div id=\"panel-gb6986-69e6a3e1bc17f-3-0-1\" class=\"so-panel widget widget_text\" data-index=\"5\" ><div class=\"panel-widget-style panel-widget-style-for-gb6986-69e6a3e1bc17f-3-0-1\" >\t\t\t<div class=\"textwidget\"><p><strong>Los contactos subidos por las estaciones a LdA son exclusiva responsabilidad de las mismas. Si ha detectado una mala carga de alg\u00fan QSO en particular no es LdA quien debe solucionar el problema. P\u00f3ngase en contacto con la instituci\u00f3n organizadora a tal fin o con la estaci\u00f3n contactada buscando sus datos en\u00a0 <a href=\"https:\/\/lda.ar\/?page_id=17\" target=\"_blank\" rel=\"noopener\">USUARIOS DE LdA<\/a> o bien en su <a href=\"https:\/\/www.qrz.com\/\" target=\"_blank\" rel=\"noopener\">QRZ.com<\/a><\/strong><\/p>\n<\/div>\n\t\t<\/div><\/div><div id=\"panel-gb6986-69e6a3e1bc17f-3-0-2\" class=\"so-panel widget widget_text panel-last-child\" data-index=\"6\" ><div class=\"panel-widget-style panel-widget-style-for-gb6986-69e6a3e1bc17f-3-0-2\" >\t\t\t<div class=\"textwidget\"><p><em><strong>\u00abEl certificado es v\u00e1lido para la comprobaci\u00f3n de actividad de radioaficionado.\u00bb<\/strong><\/em><\/p>\n<\/div>\n\t\t<\/div><\/div><\/div><\/div><\/div>\n\n\n<hr class=\"wp-block-separator has-text-color has-luminous-vivid-orange-color has-css-opacity has-luminous-vivid-orange-background-color has-background is-style-wide\"\/>\n\n\n<style>\n       .errordiv { padding:10px; margin:10px; border: 1px solid #555555;color: #000000;background-color: #f8f8f8; width:500px; }#advanced_iframe {visibility:visible;opacity:1;vertical-align:top;}.ai-info-bottom-iframe { position: fixed; z-index: 10000; bottom:0; left: 0; margin: 0px; text-align: center; width: 100%; background-color: #ff9999; padding-left: 5px;padding-bottom: 5px; border-top: 1px solid #aaa } a.ai-bold {font-weight: bold;}#ai-layer-div-advanced_iframe p {height:100%;margin:0;padding:0}<\/style><script type=\"text\/javascript\">var ai_iframe_width_advanced_iframe = 0;var ai_iframe_height_advanced_iframe = 0;function aiReceiveMessageadvanced_iframe(event) {  aiProcessMessage(event,\"advanced_iframe\", \"true\",\"\",\"false\",\"false\");}if (window.addEventListener) {  window.addEventListener(\"message\", aiReceiveMessageadvanced_iframe);} else if (el.attachEvent)  {  el.attachEvent(\"message\", aiReceiveMessageadvanced_iframe);}var aiOnloadScrollTop=\"true\";var aiShowDebug=false;\n\t\tif (typeof aiReadyCallbacks === 'undefined') {\n\t\t\tvar aiReadyCallbacks = [];\n\t\t} else if (!(aiReadyCallbacks instanceof Array)) {\n\t\t\tvar aiReadyCallbacks = [];\n\t\t}    function aiShowIframeId(id_iframe) { jQuery(\"#\"+id_iframe).css(\"visibility\", \"visible\");    }    function aiResizeIframeHeight(height) { aiResizeIframeHeight(height,advanced_iframe); }    function aiResizeIframeHeightId(height,width,id) {aiResizeIframeHeightById(id,height);}<\/script><iframe id=\"advanced_iframe\"  name=\"advanced_iframe\"  src=\"https:\/\/logdeargentina.com.ar\/php\/ARoom_2022.php\"  width=\"100%\"  height=\"5000\"  frameborder=\"0\"  border=\"0\"  allowtransparency=\"true\"  loading=\"lazy\"  style=\";border-width: 0px;;border: none;;width:100%;;height:5000px;\" ><\/iframe><script type=\"text\/javascript\">var ifrm_advanced_iframe = document.getElementById(\"advanced_iframe\");var hiddenTabsDoneadvanced_iframe = false;\nfunction resizeCallbackadvanced_iframe() {}<\/script><script type=\"text\/javascript\"><\/script><p style=\"display:block !important; visibility:visible !important;margin: -18px 14px 0 0;padding-left: 3px;padding-top:3px;background: white; overflow: hidden; position: relative; line-height:15px;width: fit-content;\"><small style=\"display:block !important;visibility:visible !important\">powered by Advanced iFrame<\/small><\/p>\n\n\n<pre class=\"wp-block-preformatted\"><strong>CX1ABM HK6REC L50EO LS3D LU1XBJ LU1XJJ LU2BAM LU2CSG LU4CN LU4DQ LU5AB LU5MT LU7DZL LU8DZE LU8EB LU9EV LW9EDZ LW9EUE<\/strong><\/pre>\n","protected":false},"excerpt":{"rendered":"<p>CX1ABM HK6REC L50EO LS3D LU1XBJ LU1XJJ LU2BAM LU2CSG LU4CN LU4DQ LU5AB LU5MT LU7DZL LU8DZE LU8EB LU9EV LW9EDZ LW9EUE<\/p>\n","protected":false},"author":3,"featured_media":0,"parent":11590,"menu_order":0,"comment_status":"closed","ping_status":"closed","template":"","meta":{"ngg_post_thumbnail":0,"footnotes":""},"class_list":["post-6986","page","type-page","status-publish","hentry"],"_links":{"self":[{"href":"https:\/\/lda.ar\/index.php?rest_route=\/wp\/v2\/pages\/6986","targetHints":{"allow":["GET"]}}],"collection":[{"href":"https:\/\/lda.ar\/index.php?rest_route=\/wp\/v2\/pages"}],"about":[{"href":"https:\/\/lda.ar\/index.php?rest_route=\/wp\/v2\/types\/page"}],"author":[{"embeddable":true,"href":"https:\/\/lda.ar\/index.php?rest_route=\/wp\/v2\/users\/3"}],"replies":[{"embeddable":true,"href":"https:\/\/lda.ar\/index.php?rest_route=%2Fwp%2Fv2%2Fcomments&post=6986"}],"version-history":[{"count":17,"href":"https:\/\/lda.ar\/index.php?rest_route=\/wp\/v2\/pages\/6986\/revisions"}],"predecessor-version":[{"id":11936,"href":"https:\/\/lda.ar\/index.php?rest_route=\/wp\/v2\/pages\/6986\/revisions\/11936"}],"up":[{"embeddable":true,"href":"https:\/\/lda.ar\/index.php?rest_route=\/wp\/v2\/pages\/11590"}],"wp:attachment":[{"href":"https:\/\/lda.ar\/index.php?rest_route=%2Fwp%2Fv2%2Fmedia&parent=6986"}],"curies":[{"name":"wp","href":"https:\/\/api.w.org\/{rel}","templated":true}]}}