{"id":6436,"date":"2021-11-15T18:07:38","date_gmt":"2021-11-15T21:07:38","guid":{"rendered":"https:\/\/lda.ar\/wp\/?page_id=6436"},"modified":"2021-11-15T18:52:18","modified_gmt":"2021-11-15T21:52:18","slug":"lu1sf-despidiendo-el-2021-inscripcion","status":"publish","type":"page","link":"https:\/\/lda.ar\/?page_id=6436","title":{"rendered":"| LU1SF | Despidiendo el 2021 (Inscripci\u00f3n)"},"content":{"rendered":"<div id=\"pl-gb6436-69e692d783183\"  class=\"panel-layout\" ><div id=\"pg-gb6436-69e692d783183-0\"  class=\"panel-grid panel-no-style\" ><div id=\"pgc-gb6436-69e692d783183-0-0\"  class=\"panel-grid-cell\" ><div id=\"panel-gb6436-69e692d783183-0-0-0\" class=\"so-panel widget widget_sow-headline panel-first-child\" data-index=\"0\" ><div\n\t\t\t\n\t\t\tclass=\"so-widget-sow-headline so-widget-sow-headline-default-20c5311775ad-6436\"\n\t\t\t\n\t\t><div class=\"sow-headline-container \">\n\t\t\t\t\t\t<div class=\"decoration\">\n\t\t\t\t\t\t<div class=\"decoration-inside\"><\/div>\n\t\t\t\t\t<\/div>\n\t\t\t\t\t<\/div>\n<\/div><\/div><div id=\"panel-gb6436-69e692d783183-0-0-1\" class=\"so-panel widget widget_sow-image\" data-index=\"1\" ><div\n\t\t\t\n\t\t\tclass=\"so-widget-sow-image so-widget-sow-image-default-113ccd71f3e6-6436\"\n\t\t\t\n\t\t>\n<div class=\"sow-image-container\">\n\t\t\t<a href=\"https:\/\/lda.ar\/?page_id=6405\"\n\t\t\t\t\t>\n\t\t\t<img \n\tsrc=\"https:\/\/lda.ar\/imagenes\/membretes\/membrete_despidiendo_el_2021.jpg\" title=\"| LU1SF | Despidiendo el 2021 (Inscripci\u00f3n)\" alt=\"\" \t\tclass=\"so-widget-image\"\/>\n\t\t\t<\/a><\/div>\n\n<\/div><\/div><div id=\"panel-gb6436-69e692d783183-0-0-2\" class=\"so-panel widget widget_text panel-last-child\" data-index=\"2\" ><div class=\"panel-widget-style panel-widget-style-for-gb6436-69e692d783183-0-0-2\" >\t\t\t<div class=\"textwidget\"><div id=\"pg-gb2124-5fc618f5e01e7-0\" class=\"panel-grid panel-no-style\">\n<div id=\"pgc-gb2124-5fc618f5e01e7-0-0\" class=\"panel-grid-cell\">\n<div id=\"panel-gb2124-5fc618f5e01e7-0-0-0\" class=\"so-panel widget widget_text panel-first-child panel-last-child\" data-index=\"0\">\n<div class=\"panel-widget-style panel-widget-style-for-gb2124-5fc618f5e01e7-0-0-0\">\n<div class=\"textwidget\">\n<p><strong>El Radio Club La Rioja (LU1SF) en conjunto con Log de Argentina (LdA) y Radio Clubes amigos e instituciones autorizadas, por tercer a\u00f1o consecutivo y como cierre de a\u00f1o de las actividades de los Radio Clubes invita a Radioaficionados y a Radioescuchas a participar del evento aleg\u00f3rico al fin de a\u00f1o 2021, con todos los cambios, con todas sus desventuras y todas sus alegr\u00edas, agradecidos de poder hacerlo y despedirlo con todas las letras, en la radio y entre amigos, que es lo que nos une.<\/strong><\/p>\n<\/div>\n<\/div>\n<\/div>\n<\/div>\n<\/div>\n<\/div>\n\t\t<\/div><\/div><\/div><\/div><div id=\"pg-gb6436-69e692d783183-1\"  class=\"panel-grid panel-no-style\" ><div id=\"pgc-gb6436-69e692d783183-1-0\"  class=\"panel-grid-cell\" ><div id=\"panel-gb6436-69e692d783183-1-0-0\" class=\"so-panel widget widget_sow-button panel-first-child panel-last-child\" data-index=\"3\" ><div\n\t\t\t\n\t\t\tclass=\"so-widget-sow-button so-widget-sow-button-flat-1d042612d624-6436\"\n\t\t\t\n\t\t><div class=\"ow-button-base ow-button-align-center\"\n>\n\t\t\t<a\n\t\t\t\t\thref=\"https:\/\/lda.ar\/?page_id=6436\"\n\t\t\t\t\tclass=\"sowb-button ow-icon-placement-left ow-button-hover\" target=\"_blank\" rel=\"noopener noreferrer\" \t>\n\t\t<span>\n\t\t\t<span class=\"sow-icon-fontawesome sow-far\" data-sow-icon=\"&#xf044;\"\n\t\tstyle=\"\" \n\t\taria-hidden=\"true\"><\/span>\n\t\t\tINSCRIBIR RADIO CLUB\t\t<\/span>\n\t\t\t<\/a>\n\t<\/div>\n<\/div><\/div><\/div><div id=\"pgc-gb6436-69e692d783183-1-1\"  class=\"panel-grid-cell\" ><div id=\"panel-gb6436-69e692d783183-1-1-0\" class=\"so-panel widget widget_sow-button panel-first-child panel-last-child\" data-index=\"4\" ><div\n\t\t\t\n\t\t\tclass=\"so-widget-sow-button so-widget-sow-button-flat-1d042612d624-6436\"\n\t\t\t\n\t\t><div class=\"ow-button-base ow-button-align-center\"\n>\n\t\t\t<a\n\t\t\t\t\thref=\"https:\/\/lda.ar\/?page_id=6438\"\n\t\t\t\t\tclass=\"sowb-button ow-icon-placement-left ow-button-hover\" \t>\n\t\t<span>\n\t\t\t<span class=\"sow-icon-fontawesome sow-far\" data-sow-icon=\"&#xf044;\"\n\t\tstyle=\"\" \n\t\taria-hidden=\"true\"><\/span>\n\t\t\tR. C. INSCRIPTOS\t\t<\/span>\n\t\t\t<\/a>\n\t<\/div>\n<\/div><\/div><\/div><\/div><\/div>\n\n\n<div style=\"height:40px\" aria-hidden=\"true\" class=\"wp-block-spacer\"><\/div>\n\n\n<style>\n       .errordiv { padding:10px; margin:10px; border: 1px solid #555555;color: #000000;background-color: #f8f8f8; width:500px; }#advanced_iframe {visibility:visible;opacity:1;vertical-align:top;}.ai-info-bottom-iframe { position: fixed; z-index: 10000; bottom:0; left: 0; margin: 0px; text-align: center; width: 100%; background-color: #ff9999; padding-left: 5px;padding-bottom: 5px; border-top: 1px solid #aaa } a.ai-bold {font-weight: bold;}#ai-layer-div-advanced_iframe p {height:100%;margin:0;padding:0}<\/style><script type=\"text\/javascript\">var ai_iframe_width_advanced_iframe = 0;var ai_iframe_height_advanced_iframe = 0;function aiReceiveMessageadvanced_iframe(event) {  aiProcessMessage(event,\"advanced_iframe\", \"true\",\"\",\"false\",\"false\");}if (window.addEventListener) {  window.addEventListener(\"message\", aiReceiveMessageadvanced_iframe);} else if (el.attachEvent)  {  el.attachEvent(\"message\", aiReceiveMessageadvanced_iframe);}var aiOnloadScrollTop=\"true\";var aiShowDebug=false;\n\t\tif (typeof aiReadyCallbacks === 'undefined') {\n\t\t\tvar aiReadyCallbacks = [];\n\t\t} else if (!(aiReadyCallbacks instanceof Array)) {\n\t\t\tvar aiReadyCallbacks = [];\n\t\t}    function aiShowIframeId(id_iframe) { jQuery(\"#\"+id_iframe).css(\"visibility\", \"visible\");    }    function aiResizeIframeHeight(height) { aiResizeIframeHeight(height,advanced_iframe); }    function aiResizeIframeHeightId(height,width,id) {aiResizeIframeHeightById(id,height);}<\/script><iframe id=\"advanced_iframe\"  name=\"advanced_iframe\"  src=\"https:\/\/lda.ar\/php\/lu1sf\/googleForm_clubes2021.php\"  width=\"100%\"  height=\"1000\"  frameborder=\"0\"  border=\"0\"  allowtransparency=\"true\"  loading=\"lazy\"  style=\";border-width: 0px;;border: none;;width:100%;;height:1000px;\" ><\/iframe><script type=\"text\/javascript\">var ifrm_advanced_iframe = document.getElementById(\"advanced_iframe\");var hiddenTabsDoneadvanced_iframe = false;\nfunction resizeCallbackadvanced_iframe() {}<\/script><script type=\"text\/javascript\"><\/script><p style=\"display:block !important; visibility:visible !important;margin: -18px 14px 0 0;padding-left: 3px;padding-top:3px;background: white; overflow: hidden; position: relative; line-height:15px;width: fit-content;\"><small style=\"display:block !important;visibility:visible !important\">powered by Advanced iFrame<\/small><\/p>\n\n\n<pre class=\"wp-block-preformatted\"><\/pre>\n","protected":false},"excerpt":{"rendered":"<p>El Radio Club La Rioja (LU1SF) en conjunto con Log de Argentina (LdA) y Radio Clubes amigos e instituciones autorizadas, por tercer a\u00f1o consecutivo y como cierre de a\u00f1o de&hellip; <\/p>\n","protected":false},"author":3,"featured_media":0,"parent":0,"menu_order":0,"comment_status":"closed","ping_status":"closed","template":"","meta":{"ngg_post_thumbnail":0,"footnotes":""},"class_list":["post-6436","page","type-page","status-publish","hentry"],"_links":{"self":[{"href":"https:\/\/lda.ar\/index.php?rest_route=\/wp\/v2\/pages\/6436","targetHints":{"allow":["GET"]}}],"collection":[{"href":"https:\/\/lda.ar\/index.php?rest_route=\/wp\/v2\/pages"}],"about":[{"href":"https:\/\/lda.ar\/index.php?rest_route=\/wp\/v2\/types\/page"}],"author":[{"embeddable":true,"href":"https:\/\/lda.ar\/index.php?rest_route=\/wp\/v2\/users\/3"}],"replies":[{"embeddable":true,"href":"https:\/\/lda.ar\/index.php?rest_route=%2Fwp%2Fv2%2Fcomments&post=6436"}],"version-history":[{"count":5,"href":"https:\/\/lda.ar\/index.php?rest_route=\/wp\/v2\/pages\/6436\/revisions"}],"predecessor-version":[{"id":6466,"href":"https:\/\/lda.ar\/index.php?rest_route=\/wp\/v2\/pages\/6436\/revisions\/6466"}],"wp:attachment":[{"href":"https:\/\/lda.ar\/index.php?rest_route=%2Fwp%2Fv2%2Fmedia&parent=6436"}],"curies":[{"name":"wp","href":"https:\/\/api.w.org\/{rel}","templated":true}]}}