{"id":6395,"date":"2021-11-13T11:44:30","date_gmt":"2021-11-13T14:44:30","guid":{"rendered":"https:\/\/lda.ar\/wp\/?page_id=6395"},"modified":"2024-12-11T11:20:17","modified_gmt":"2024-12-11T14:20:17","slug":"lu4lg-134-aniversario-faro-mirador-de-punta-araza-parque-mitre","status":"publish","type":"page","link":"https:\/\/lda.ar\/?page_id=6395","title":{"rendered":"| LU4LG | 134 Aniversario Faro mirador de Punta Araz\u00e1 Parque Mitre"},"content":{"rendered":"<div id=\"pl-gb6395-69e67bbb1b257\"  class=\"panel-layout wp-block-siteorigin-panels-layout-block\" ><div id=\"pg-gb6395-69e67bbb1b257-0\"  class=\"panel-grid panel-no-style\" ><div id=\"pgc-gb6395-69e67bbb1b257-0-0\"  class=\"panel-grid-cell\" ><div id=\"panel-gb6395-69e67bbb1b257-0-0-0\" class=\"so-panel widget widget_sow-headline panel-first-child\" data-index=\"0\" ><div\n\t\t\t\n\t\t\tclass=\"so-widget-sow-headline so-widget-sow-headline-default-20c5311775ad-6395\"\n\t\t\t\n\t\t><div class=\"sow-headline-container \">\n\t\t\t\t\t\t<div class=\"decoration\">\n\t\t\t\t\t\t<div class=\"decoration-inside\"><\/div>\n\t\t\t\t\t<\/div>\n\t\t\t\t\t<\/div>\n<\/div><\/div><div id=\"panel-gb6395-69e67bbb1b257-0-0-1\" class=\"so-panel widget widget_sow-image panel-last-child\" data-index=\"1\" ><div\n\t\t\t\n\t\t\tclass=\"so-widget-sow-image so-widget-sow-image-default-113ccd71f3e6-6395\"\n\t\t\t\n\t\t>\n<div class=\"sow-image-container\">\n\t\t<img \n\tsrc=\"https:\/\/www.lda.ar\/imagenes\/membretes\/membrete_LU4LG_134_aniv_faro_mirador_punta_mitre_corrientes.jpg\" title=\"| LU4LG | 134 Aniversario Faro mirador de Punta Araz\u00e1 Parque Mitre\" alt=\"\" \t\tclass=\"so-widget-image\"\/>\n\t<\/div>\n\n<\/div><\/div><\/div><\/div><div id=\"pg-gb6395-69e67bbb1b257-1\"  class=\"panel-grid panel-no-style\" ><div id=\"pgc-gb6395-69e67bbb1b257-1-0\"  class=\"panel-grid-cell\" ><div id=\"panel-gb6395-69e67bbb1b257-1-0-0\" class=\"so-panel widget widget_sow-image panel-first-child panel-last-child\" data-index=\"2\" ><div\n\t\t\t\n\t\t\tclass=\"so-widget-sow-image so-widget-sow-image-default-113ccd71f3e6-6395\"\n\t\t\t\n\t\t>\n<div class=\"sow-image-container\">\n\t\t<img \n\tsrc=\"https:\/\/lda.ar\/imagenes\/qsls_311x200x75\/muestra_qsl-LU4LG-134ANIV-FAROPUNTAMITRE.jpg\" title=\"| LU4LG | 134 Aniversario Faro mirador de Punta Araz\u00e1 Parque Mitre\" alt=\"\" \t\tclass=\"so-widget-image\"\/>\n\t<\/div>\n\n<\/div><\/div><\/div><\/div><div id=\"pg-gb6395-69e67bbb1b257-2\"  class=\"panel-grid panel-no-style\" ><div id=\"pgc-gb6395-69e67bbb1b257-2-0\"  class=\"panel-grid-cell\" ><div id=\"panel-gb6395-69e67bbb1b257-2-0-0\" class=\"so-panel widget widget_sow-editor panel-first-child panel-last-child\" data-index=\"3\" ><div\n\t\t\t\n\t\t\tclass=\"so-widget-sow-editor so-widget-sow-editor-base\"\n\t\t\t\n\t\t>\n<div class=\"siteorigin-widget-tinymce textwidget\">\n\t<h6><span style=\"color: #003366;\">Con motivo de celebrar el \u201c<strong>134 Aniversario del Faro mirador de Punta Araz\u00e1 Parque Mitre<\/strong>\u201d, Corrientes, El Radio Club Corrientes General San Mart\u00edn (<strong>LU4LG<\/strong>) junto a la Agrupaci\u00f3n Tarag\u00fc\u00ed Corrientes invitan a participar de la entrega de certificados \u201cAniversario\u201d.<\/span><br \/>\n<span style=\"color: #003366;\">Esta iniciativa de las dos estaciones activas de la ciudad de Corrientes Capital, LU2LJP y LU1LFD, <strong>cuenta con la adhesi\u00f3n de un gran n\u00famero de estaciones<\/strong> de la provincia de corrientes y la participaci\u00f3n especial&nbsp; de estaciones de todo el pa\u00eds.<\/span><\/h6>\n<h6><span style=\"color: #003366;\">Fue construido en 1887 y est\u00e1 ubicado a un costado del Club de Regatas Corrientes, dentro del parque General Mitre de la capital. Es uno de los lugares emblem\u00e1ticos de la ciudad porque tiene la particularidad de brindar una vista excepcional del paisaje.<\/span><\/h6>\n<h6><span style=\"color: #003366;\">* En 1865 fue asiento de los campamentos militares de los Ej\u00e9rcitos de la Guerra de la Triple Alianza. Recibe el nombre de \u201cCampo de Marte\u201d, sitio de hechos victoriosos.<\/span><\/h6>\n<h6><span style=\"color: #003366;\">En el lugar se encuentra:<br \/>\n<\/span><span style=\"color: #003366;\"><br \/>\n&#8211; El Puente de la Bater\u00eda<br \/>\n&#8211;&nbsp;<\/span><span style=\"color: #003366;\">Un monumento recordatorio a los espa\u00f1oles<br \/>\n&#8211;&nbsp;<\/span><span style=\"color: #003366;\">Y las Columnas de Acceso (hasta 1980 el acceso principal ten\u00eda portones y cerco perimetral).<\/span><\/h6>\n<h6><span style=\"color: #003366;\">El Gomero de la India (Ficus benghalensis), Hay un ejemplar de este \u00e1rbol tan singular y \u00fanico en su especie en la zona. Se trata de un Ficus benghalensis, llamado de manera vulgar como higuera o gomero de la India, o higuera de las pagodas, plantado en 1915 el \u201cGomero de la India\u201d es el \u00fanico ejemplar de Ficus benghalensis que hay en el continente y reviste de importancia hist\u00f3rica e identitaria para el parque Mitre<\/span><\/h6>\n<\/div>\n<\/div><\/div><\/div><\/div><div id=\"pg-gb6395-69e67bbb1b257-3\"  class=\"panel-grid panel-no-style\" ><div id=\"pgc-gb6395-69e67bbb1b257-3-0\"  class=\"panel-grid-cell\" ><div id=\"panel-gb6395-69e67bbb1b257-3-0-0\" class=\"so-panel widget widget_sow-button panel-first-child\" data-index=\"4\" ><div\n\t\t\t\n\t\t\tclass=\"so-widget-sow-button so-widget-sow-button-atom-84e047a5cb77-6395\"\n\t\t\t\n\t\t><div class=\"ow-button-base ow-button-align-center\"\n>\n\t\t\t<a\n\t\t\t\t\thref=\"https:\/\/lda.ar\/bases\/bases_LU4LG_134_aniv_faro_mirador_punta_mitre_corrientes.pdf\"\n\t\t\t\t\tclass=\"sowb-button ow-icon-placement-left ow-button-hover\" target=\"_blank\" rel=\"noopener noreferrer\" \t>\n\t\t<span>\n\t\t\t<span class=\"sow-icon-fontawesome sow-far\" data-sow-icon=\"&#xf1c1;\"\n\t\tstyle=\"\" \n\t\taria-hidden=\"true\"><\/span>\n\t\t\tVER BASES\t\t<\/span>\n\t\t\t<\/a>\n\t<\/div>\n<\/div><\/div><div id=\"panel-gb6395-69e67bbb1b257-3-0-1\" class=\"so-panel widget widget_text\" data-index=\"5\" ><div class=\"panel-widget-style panel-widget-style-for-gb6395-69e67bbb1b257-3-0-1\" >\t\t\t<div class=\"textwidget\"><p><strong>Los contactos subidos por las estaciones a LdA son exclusiva responsabilidad de las mismas. Si ha detectado una mala carga de alg\u00fan QSO en particular no es LdA quien debe solucionar el problema. P\u00f3ngase en contacto con la instituci\u00f3n organizadora a tal fin o con la estaci\u00f3n contactada buscando sus datos en\u00a0 <a href=\"https:\/\/lda.ar\/?page_id=17\" target=\"_blank\" rel=\"noopener\">USUARIOS DE LdA<\/a> o bien en su <a href=\"https:\/\/www.qrz.com\/\" target=\"_blank\" rel=\"noopener\">QRZ.com<\/a><\/strong><\/p>\n<\/div>\n\t\t<\/div><\/div><div id=\"panel-gb6395-69e67bbb1b257-3-0-2\" class=\"so-panel widget widget_text panel-last-child\" data-index=\"6\" ><div class=\"panel-widget-style panel-widget-style-for-gb6395-69e67bbb1b257-3-0-2\" >\t\t\t<div class=\"textwidget\"><p><em>El Certificado cumple la totalidad de lo requerido por la Resoluci\u00f3n 3635-E\/2017, art\u00edculos 4.5.4 y 4.6.4, y por lo tanto al tener el Radio Club personer\u00eda jur\u00eddica vigente y ser reconocida por ENACOM es v\u00e1lido para ascensos de categor\u00eda.<\/em><\/p>\n<\/div>\n\t\t<\/div><\/div><\/div><\/div><\/div>\n\n\n<hr class=\"wp-block-separator has-text-color has-luminous-vivid-orange-color has-css-opacity has-luminous-vivid-orange-background-color has-background is-style-wide\"\/>\n\n\n<style>\n       .errordiv { padding:10px; margin:10px; border: 1px solid #555555;color: #000000;background-color: #f8f8f8; width:500px; }#advanced_iframe {visibility:visible;opacity:1;vertical-align:top;}.ai-info-bottom-iframe { position: fixed; z-index: 10000; bottom:0; left: 0; margin: 0px; text-align: center; width: 100%; background-color: #ff9999; padding-left: 5px;padding-bottom: 5px; border-top: 1px solid #aaa } a.ai-bold {font-weight: bold;}#ai-layer-div-advanced_iframe p {height:100%;margin:0;padding:0}<\/style><script type=\"text\/javascript\">var ai_iframe_width_advanced_iframe = 0;var ai_iframe_height_advanced_iframe = 0;function aiReceiveMessageadvanced_iframe(event) {  aiProcessMessage(event,\"advanced_iframe\", \"true\",\"\",\"false\",\"false\");}if (window.addEventListener) {  window.addEventListener(\"message\", aiReceiveMessageadvanced_iframe);} else if (el.attachEvent)  {  el.attachEvent(\"message\", aiReceiveMessageadvanced_iframe);}var aiOnloadScrollTop=\"true\";var aiShowDebug=false;\n\t\tif (typeof aiReadyCallbacks === 'undefined') {\n\t\t\tvar aiReadyCallbacks = [];\n\t\t} else if (!(aiReadyCallbacks instanceof Array)) {\n\t\t\tvar aiReadyCallbacks = [];\n\t\t}    function aiShowIframeId(id_iframe) { jQuery(\"#\"+id_iframe).css(\"visibility\", \"visible\");    }    function aiResizeIframeHeight(height) { aiResizeIframeHeight(height,advanced_iframe); }    function aiResizeIframeHeightId(height,width,id) {aiResizeIframeHeightById(id,height);}<\/script><iframe id=\"advanced_iframe\"  name=\"advanced_iframe\"  src=\"https:\/\/logdeargentina.com.ar\/php\/lu4lg_faro_2021.php\"  width=\"100%\"  height=\"5100\"  frameborder=\"0\"  border=\"0\"  allowtransparency=\"true\"  loading=\"lazy\"  style=\";border-width: 0px;;border: none;;width:100%;;height:5100px;\" ><\/iframe><script type=\"text\/javascript\">var ifrm_advanced_iframe = document.getElementById(\"advanced_iframe\");var hiddenTabsDoneadvanced_iframe = false;\nfunction resizeCallbackadvanced_iframe() {}<\/script><script type=\"text\/javascript\"><\/script><p style=\"display:block !important; visibility:visible !important;margin: -18px 14px 0 0;padding-left: 3px;padding-top:3px;background: white; overflow: hidden; position: relative; line-height:15px;width: fit-content;\"><small style=\"display:block !important;visibility:visible !important\">powered by Advanced iFrame<\/small><\/p>\n\n\n<pre class=\"wp-block-preformatted\">LU1LC LU1LFD LU1LGB LU1VYL LU1VYL\/V LU1WL LU2HYL LU2LJP LU3GPB LU4LG LU8GMM LU8LCI LU9LMD LU9LSC LW8DLF LW3EMP LW3EXJ<\/pre>\n","protected":false},"excerpt":{"rendered":"<p>LU1LC LU1LFD LU1LGB LU1VYL LU1VYL\/V LU1WL LU2HYL LU2LJP LU3GPB LU4LG LU8GMM LU8LCI LU9LMD LU9LSC LW8DLF LW3EMP LW3EXJ<\/p>\n","protected":false},"author":3,"featured_media":0,"parent":11590,"menu_order":0,"comment_status":"closed","ping_status":"closed","template":"","meta":{"ngg_post_thumbnail":0,"footnotes":""},"class_list":["post-6395","page","type-page","status-publish","hentry"],"_links":{"self":[{"href":"https:\/\/lda.ar\/index.php?rest_route=\/wp\/v2\/pages\/6395","targetHints":{"allow":["GET"]}}],"collection":[{"href":"https:\/\/lda.ar\/index.php?rest_route=\/wp\/v2\/pages"}],"about":[{"href":"https:\/\/lda.ar\/index.php?rest_route=\/wp\/v2\/types\/page"}],"author":[{"embeddable":true,"href":"https:\/\/lda.ar\/index.php?rest_route=\/wp\/v2\/users\/3"}],"replies":[{"embeddable":true,"href":"https:\/\/lda.ar\/index.php?rest_route=%2Fwp%2Fv2%2Fcomments&post=6395"}],"version-history":[{"count":4,"href":"https:\/\/lda.ar\/index.php?rest_route=\/wp\/v2\/pages\/6395\/revisions"}],"predecessor-version":[{"id":11952,"href":"https:\/\/lda.ar\/index.php?rest_route=\/wp\/v2\/pages\/6395\/revisions\/11952"}],"up":[{"embeddable":true,"href":"https:\/\/lda.ar\/index.php?rest_route=\/wp\/v2\/pages\/11590"}],"wp:attachment":[{"href":"https:\/\/lda.ar\/index.php?rest_route=%2Fwp%2Fv2%2Fmedia&parent=6395"}],"curies":[{"name":"wp","href":"https:\/\/api.w.org\/{rel}","templated":true}]}}