{"id":5712,"date":"2021-09-27T21:21:59","date_gmt":"2021-09-28T00:21:59","guid":{"rendered":"https:\/\/lda.ar\/wp\/?page_id=5712"},"modified":"2024-12-11T11:39:02","modified_gmt":"2024-12-11T14:39:02","slug":"nl-lu4lg-169-aniversario-ciudad-de-goya","status":"publish","type":"page","link":"https:\/\/lda.ar\/?page_id=5712","title":{"rendered":"| LU4LG | \u201c169 Aniversario Ciudad de Goya\u201d"},"content":{"rendered":"<div id=\"pl-gb5712-69e67bca85a84\"  class=\"panel-layout wp-block-siteorigin-panels-layout-block\" ><div id=\"pg-gb5712-69e67bca85a84-0\"  class=\"panel-grid panel-no-style\" ><div id=\"pgc-gb5712-69e67bca85a84-0-0\"  class=\"panel-grid-cell\" ><div id=\"panel-gb5712-69e67bca85a84-0-0-0\" class=\"so-panel widget widget_sow-headline panel-first-child\" data-index=\"0\" ><div\n\t\t\t\n\t\t\tclass=\"so-widget-sow-headline so-widget-sow-headline-default-20c5311775ad-5712\"\n\t\t\t\n\t\t><div class=\"sow-headline-container \">\n\t\t\t\t\t\t<div class=\"decoration\">\n\t\t\t\t\t\t<div class=\"decoration-inside\"><\/div>\n\t\t\t\t\t<\/div>\n\t\t\t\t\t<\/div>\n<\/div><\/div><div id=\"panel-gb5712-69e67bca85a84-0-0-1\" class=\"so-panel widget widget_sow-image panel-last-child\" data-index=\"1\" ><div\n\t\t\t\n\t\t\tclass=\"so-widget-sow-image so-widget-sow-image-default-113ccd71f3e6-5712\"\n\t\t\t\n\t\t>\n<div class=\"sow-image-container\">\n\t\t<img \n\tsrc=\"https:\/\/www.lda.ar\/imagenes\/membretes\/membrete_LU4LG_169_aniv_goya.jpg\" title=\"| LU4LG | \u201c169 Aniversario Ciudad de Goya\u201d\" alt=\"\" \t\tclass=\"so-widget-image\"\/>\n\t<\/div>\n\n<\/div><\/div><\/div><\/div><div id=\"pg-gb5712-69e67bca85a84-1\"  class=\"panel-grid panel-no-style\" ><div id=\"pgc-gb5712-69e67bca85a84-1-0\"  class=\"panel-grid-cell panel-grid-cell-empty\" ><\/div><div id=\"pgc-gb5712-69e67bca85a84-1-1\"  class=\"panel-grid-cell\" ><div id=\"panel-gb5712-69e67bca85a84-1-1-0\" class=\"so-panel widget widget_sow-image panel-first-child panel-last-child\" data-index=\"2\" ><div\n\t\t\t\n\t\t\tclass=\"so-widget-sow-image so-widget-sow-image-default-113ccd71f3e6-5712\"\n\t\t\t\n\t\t>\n<div class=\"sow-image-container\">\n\t\t<img \n\tsrc=\"https:\/\/lda.ar\/imagenes\/qsls_311x200x75\/muestra_qsl-LU4LG-169ANIV-GOYA.jpg\" title=\"| LU4LG | \u201c169 Aniversario Ciudad de Goya\u201d\" alt=\"\" \t\tclass=\"so-widget-image\"\/>\n\t<\/div>\n\n<\/div><\/div><\/div><div id=\"pgc-gb5712-69e67bca85a84-1-2\"  class=\"panel-grid-cell\" ><div id=\"panel-gb5712-69e67bca85a84-1-2-0\" class=\"so-panel widget widget_sow-image panel-first-child panel-last-child\" data-index=\"3\" ><div\n\t\t\t\n\t\t\tclass=\"so-widget-sow-image so-widget-sow-image-default-113ccd71f3e6-5712\"\n\t\t\t\n\t\t>\n<div class=\"sow-image-container\">\n\t\t<img \n\tsrc=\"https:\/\/lda.ar\/imagenes\/qsls_311x200x75\/muestra_qsl-LU8LCI-169ANIV-GOYA.jpg\" title=\"| LU4LG | \u201c169 Aniversario Ciudad de Goya\u201d\" alt=\"\" \t\tclass=\"so-widget-image\"\/>\n\t<\/div>\n\n<\/div><\/div><\/div><div id=\"pgc-gb5712-69e67bca85a84-1-3\"  class=\"panel-grid-cell panel-grid-cell-mobile-last\" ><div id=\"panel-gb5712-69e67bca85a84-1-3-0\" class=\"so-panel widget widget_sow-image panel-first-child panel-last-child\" data-index=\"4\" ><div\n\t\t\t\n\t\t\tclass=\"so-widget-sow-image so-widget-sow-image-default-113ccd71f3e6-5712\"\n\t\t\t\n\t\t>\n<div class=\"sow-image-container\">\n\t\t<img \n\tsrc=\"https:\/\/lda.ar\/imagenes\/qsls_311x200x75\/muestra_qsl-LU5LAC-169ANIV-GOYA.jpg\" title=\"| LU4LG | \u201c169 Aniversario Ciudad de Goya\u201d\" alt=\"\" \t\tclass=\"so-widget-image\"\/>\n\t<\/div>\n\n<\/div><\/div><\/div><div id=\"pgc-gb5712-69e67bca85a84-1-4\"  class=\"panel-grid-cell panel-grid-cell-empty\" ><\/div><\/div><div id=\"pg-gb5712-69e67bca85a84-2\"  class=\"panel-grid panel-no-style\" ><div id=\"pgc-gb5712-69e67bca85a84-2-0\"  class=\"panel-grid-cell\" ><div id=\"panel-gb5712-69e67bca85a84-2-0-0\" class=\"so-panel widget widget_sow-editor panel-first-child panel-last-child\" data-index=\"5\" ><div\n\t\t\t\n\t\t\tclass=\"so-widget-sow-editor so-widget-sow-editor-base\"\n\t\t\t\n\t\t>\n<div class=\"siteorigin-widget-tinymce textwidget\">\n\t<h6><span style=\"color: #003366;\">Con motivo de celebrar el 7 de octubre el \u201c169 Aniversario de la Ciudad de Goya\u201d, Corrientes, El Radio Club Corrientes General San Mart\u00edn (LU4LG) en conjunto con el Grupo LU Goya invitan a participar de la entrega de certificados \u201cAniversario\u201d.<\/span><br \/>\n<span style=\"color: #003366;\">Esta iniciativa de las dos estaciones activas de la ciudad de Goya, LU8LCI y LU5LAC, cuenta con la adhesi\u00f3n de un gran n\u00famero de estaciones de la provincia de corrientes y la participaci\u00f3n especial&nbsp; de LW3EMP.<\/span><br \/>\n<span style=\"color: #003366;\">\u201cLa ciudad de Goya, Corrientes, no tuvo una fecha de fundaci\u00f3n, sino un reconocimiento en 1772. Dos a\u00f1os m\u00e1s tarde se la oficializ\u00f3 como posta del camino a Buenos Aires.<\/span><br \/>\n<span style=\"color: #003366;\">El nombre de Goya, proviene de los antiguos propietarios, el portugu\u00e9s Bernardo Olivera y su esposa la correntina Gregoria Goya Morales, quienes instalaron sobre las m\u00e1rgenes del r\u00edo un almac\u00e9n, que luego se calific\u00f3 como pulper\u00eda, conocido como el Puerto de Goya.<\/span><br \/>\n<span style=\"color: #003366;\">Era popular un queso fabricado por Do\u00f1a Goya, conocido como el queso Goya cuya receta original fue perdi\u00e9ndose con el tiempo.<\/span><br \/>\n<span style=\"color: #003366;\">En 1806 se construy\u00f3 la capilla y se la dedic\u00f3 a Nuestra Se\u00f1ora del Rosario, cuya imagen fue tra\u00edda al lugar por Do\u00f1a Goya.<\/span><br \/>\n<span style=\"color: #003366;\">Goya fue declarada villa en 1825 y se estructur\u00f3 como puerto de embarque y llegada de carretas. El 7 de octubre de 1852, Goya se la elev\u00f3 al rango de ciudad, siendo Gobernador Ferr\u00e9.\u201d <\/span><\/h6>\n<\/div>\n<\/div><\/div><\/div><\/div><div id=\"pg-gb5712-69e67bca85a84-3\"  class=\"panel-grid panel-no-style\" ><div id=\"pgc-gb5712-69e67bca85a84-3-0\"  class=\"panel-grid-cell\" ><div id=\"panel-gb5712-69e67bca85a84-3-0-0\" class=\"so-panel widget widget_sow-button panel-first-child\" data-index=\"6\" ><div\n\t\t\t\n\t\t\tclass=\"so-widget-sow-button so-widget-sow-button-atom-84e047a5cb77-5712\"\n\t\t\t\n\t\t><div class=\"ow-button-base ow-button-align-center\"\n>\n\t\t\t<a\n\t\t\t\t\thref=\"https:\/\/lda.ar\/bases\/bases_LU4LG_169_aniv_goya.pdf\"\n\t\t\t\t\tclass=\"sowb-button ow-icon-placement-left ow-button-hover\" target=\"_blank\" rel=\"noopener noreferrer\" \t>\n\t\t<span>\n\t\t\t<span class=\"sow-icon-fontawesome sow-far\" data-sow-icon=\"&#xf1c1;\"\n\t\tstyle=\"\" \n\t\taria-hidden=\"true\"><\/span>\n\t\t\tVER BASES\t\t<\/span>\n\t\t\t<\/a>\n\t<\/div>\n<\/div><\/div><div id=\"panel-gb5712-69e67bca85a84-3-0-1\" class=\"so-panel widget widget_text\" data-index=\"7\" ><div class=\"panel-widget-style panel-widget-style-for-gb5712-69e67bca85a84-3-0-1\" >\t\t\t<div class=\"textwidget\"><p><strong>Los contactos subidos por las estaciones a LdA son exclusiva responsabilidad de las mismas. Si ha detectado una mala carga de alg\u00fan QSO en particular no es LdA quien debe solucionar el problema. P\u00f3ngase en contacto con la instituci\u00f3n organizadora a tal fin o con la estaci\u00f3n contactada buscando sus datos en\u00a0 <a href=\"https:\/\/lda.ar\/?page_id=17\" target=\"_blank\" rel=\"noopener\">USUARIOS DE LdA<\/a> o bien en su <a href=\"https:\/\/www.qrz.com\/\" target=\"_blank\" rel=\"noopener\">QRZ.com<\/a><\/strong><\/p>\n<\/div>\n\t\t<\/div><\/div><div id=\"panel-gb5712-69e67bca85a84-3-0-2\" class=\"so-panel widget widget_text panel-last-child\" data-index=\"8\" ><div class=\"panel-widget-style panel-widget-style-for-gb5712-69e67bca85a84-3-0-2\" >\t\t\t<div class=\"textwidget\"><p><em>El Certificado cumple la totalidad de lo requerido por la Resoluci\u00f3n 3635-E\/2017, art\u00edculos 4.5.4 y 4.6.4, y por lo tanto al tener el Radio Club personer\u00eda jur\u00eddica vigente y ser reconocida por ENACOM es v\u00e1lido para ascensos de categor\u00eda.<\/em><\/p>\n<\/div>\n\t\t<\/div><\/div><\/div><\/div><\/div>\n\n\n<hr class=\"wp-block-separator has-text-color has-luminous-vivid-orange-color has-css-opacity has-luminous-vivid-orange-background-color has-background is-style-wide\"\/>\n\n\n<style>\n       .errordiv { padding:10px; margin:10px; border: 1px solid #555555;color: #000000;background-color: #f8f8f8; width:500px; }#advanced_iframe {visibility:visible;opacity:1;vertical-align:top;}.ai-info-bottom-iframe { position: fixed; z-index: 10000; bottom:0; left: 0; margin: 0px; text-align: center; width: 100%; background-color: #ff9999; padding-left: 5px;padding-bottom: 5px; border-top: 1px solid #aaa } a.ai-bold {font-weight: bold;}#ai-layer-div-advanced_iframe p {height:100%;margin:0;padding:0}<\/style><script type=\"text\/javascript\">var ai_iframe_width_advanced_iframe = 0;var ai_iframe_height_advanced_iframe = 0;function aiReceiveMessageadvanced_iframe(event) {  aiProcessMessage(event,\"advanced_iframe\", \"true\",\"\",\"false\",\"false\");}if (window.addEventListener) {  window.addEventListener(\"message\", aiReceiveMessageadvanced_iframe);} else if (el.attachEvent)  {  el.attachEvent(\"message\", aiReceiveMessageadvanced_iframe);}var aiOnloadScrollTop=\"true\";var aiShowDebug=false;\n\t\tif (typeof aiReadyCallbacks === 'undefined') {\n\t\t\tvar aiReadyCallbacks = [];\n\t\t} else if (!(aiReadyCallbacks instanceof Array)) {\n\t\t\tvar aiReadyCallbacks = [];\n\t\t}    function aiShowIframeId(id_iframe) { jQuery(\"#\"+id_iframe).css(\"visibility\", \"visible\");    }    function aiResizeIframeHeight(height) { aiResizeIframeHeight(height,advanced_iframe); }    function aiResizeIframeHeightId(height,width,id) {aiResizeIframeHeightById(id,height);}<\/script><iframe id=\"advanced_iframe\"  name=\"advanced_iframe\"  src=\"https:\/\/logdeargentina.com.ar\/php\/lu4lg_aniv_2021.php\"  width=\"100%\"  height=\"5100\"  frameborder=\"0\"  border=\"0\"  allowtransparency=\"true\"  loading=\"lazy\"  style=\";border-width: 0px;;border: none;;width:100%;;height:5100px;\" ><\/iframe><script type=\"text\/javascript\">var ifrm_advanced_iframe = document.getElementById(\"advanced_iframe\");var hiddenTabsDoneadvanced_iframe = false;\nfunction resizeCallbackadvanced_iframe() {}<\/script><script type=\"text\/javascript\"><\/script><p style=\"display:block !important; visibility:visible !important;margin: -18px 14px 0 0;padding-left: 3px;padding-top:3px;background: white; overflow: hidden; position: relative; line-height:15px;width: fit-content;\"><small style=\"display:block !important;visibility:visible !important\">powered by Advanced iFrame<\/small><\/p>\n\n\n<pre class=\"wp-block-preformatted\">LU1LC LU1LFD LU1LPF LU1LT LU2LJP LU2LMA LU4LDL LU4LE LU4LG LU4LGS LU5LA LU5LBZ LU5LAC LU6LB LU8LCI LU8LFV LU9LZR LW3EMP\/A LW3EMP\/D LW3EMP\/J LW3EMP\/L<\/pre>\n","protected":false},"excerpt":{"rendered":"<p>LU1LC LU1LFD LU1LPF LU1LT LU2LJP LU2LMA LU4LDL LU4LE LU4LG LU4LGS LU5LA LU5LBZ LU5LAC LU6LB LU8LCI LU8LFV LU9LZR LW3EMP\/A LW3EMP\/D LW3EMP\/J LW3EMP\/L<\/p>\n","protected":false},"author":3,"featured_media":0,"parent":11590,"menu_order":0,"comment_status":"closed","ping_status":"closed","template":"","meta":{"ngg_post_thumbnail":0,"footnotes":""},"class_list":["post-5712","page","type-page","status-publish","hentry"],"_links":{"self":[{"href":"https:\/\/lda.ar\/index.php?rest_route=\/wp\/v2\/pages\/5712","targetHints":{"allow":["GET"]}}],"collection":[{"href":"https:\/\/lda.ar\/index.php?rest_route=\/wp\/v2\/pages"}],"about":[{"href":"https:\/\/lda.ar\/index.php?rest_route=\/wp\/v2\/types\/page"}],"author":[{"embeddable":true,"href":"https:\/\/lda.ar\/index.php?rest_route=\/wp\/v2\/users\/3"}],"replies":[{"embeddable":true,"href":"https:\/\/lda.ar\/index.php?rest_route=%2Fwp%2Fv2%2Fcomments&post=5712"}],"version-history":[{"count":6,"href":"https:\/\/lda.ar\/index.php?rest_route=\/wp\/v2\/pages\/5712\/revisions"}],"predecessor-version":[{"id":11959,"href":"https:\/\/lda.ar\/index.php?rest_route=\/wp\/v2\/pages\/5712\/revisions\/11959"}],"up":[{"embeddable":true,"href":"https:\/\/lda.ar\/index.php?rest_route=\/wp\/v2\/pages\/11590"}],"wp:attachment":[{"href":"https:\/\/lda.ar\/index.php?rest_route=%2Fwp%2Fv2%2Fmedia&parent=5712"}],"curies":[{"name":"wp","href":"https:\/\/api.w.org\/{rel}","templated":true}]}}