{"id":5052,"date":"2021-08-16T00:20:23","date_gmt":"2021-08-16T03:20:23","guid":{"rendered":"https:\/\/lda.ar\/wp\/?page_id=5052"},"modified":"2021-08-16T11:51:20","modified_gmt":"2021-08-16T14:51:20","slug":"us-lu1hra-2o-dia-del-scout-radioaficionado","status":"publish","type":"page","link":"https:\/\/lda.ar\/?page_id=5052","title":{"rendered":"(LU1HRA) 2\u00ba D\u00eda del Scout Radioaficionado"},"content":{"rendered":"<div id=\"pl-gb5052-69e6a443b0e0b\"  class=\"panel-layout\" ><div id=\"pg-gb5052-69e6a443b0e0b-0\"  class=\"panel-grid panel-no-style\" ><div id=\"pgc-gb5052-69e6a443b0e0b-0-0\"  class=\"panel-grid-cell\" ><div id=\"panel-gb5052-69e6a443b0e0b-0-0-0\" class=\"so-panel widget widget_sow-headline panel-first-child\" data-index=\"0\" ><div\n\t\t\t\n\t\t\tclass=\"so-widget-sow-headline so-widget-sow-headline-default-20c5311775ad-5052\"\n\t\t\t\n\t\t><div class=\"sow-headline-container \">\n\t\t\t\t\t\t<div class=\"decoration\">\n\t\t\t\t\t\t<div class=\"decoration-inside\"><\/div>\n\t\t\t\t\t<\/div>\n\t\t\t\t\t<\/div>\n<\/div><\/div><div id=\"panel-gb5052-69e6a443b0e0b-0-0-1\" class=\"so-panel widget widget_sow-image panel-last-child\" data-index=\"1\" ><div\n\t\t\t\n\t\t\tclass=\"so-widget-sow-image so-widget-sow-image-default-113ccd71f3e6-5052\"\n\t\t\t\n\t\t>\n<div class=\"sow-image-container\">\n\t\t<img \n\tsrc=\"https:\/\/lda.ar\/wp-content\/uploads\/2021\/08\/membrete_LU1HRA_scouts_2021.jpg\" width=\"1239\" height=\"163\" srcset=\"https:\/\/lda.ar\/wp-content\/uploads\/2021\/08\/membrete_LU1HRA_scouts_2021.jpg 1239w, https:\/\/lda.ar\/wp-content\/uploads\/2021\/08\/membrete_LU1HRA_scouts_2021-300x39.jpg 300w, https:\/\/lda.ar\/wp-content\/uploads\/2021\/08\/membrete_LU1HRA_scouts_2021-1024x135.jpg 1024w, https:\/\/lda.ar\/wp-content\/uploads\/2021\/08\/membrete_LU1HRA_scouts_2021-768x101.jpg 768w\" sizes=\"(max-width: 1239px) 100vw, 1239px\" title=\"(LU1HRA) Segundo d\u00eda del Scout Radioaficionado\" alt=\"(LU1HRA) Segundo d\u00eda del Scout Radioaficionado\" \t\tclass=\"so-widget-image\"\/>\n\t<\/div>\n\n<\/div><\/div><\/div><\/div><div id=\"pg-gb5052-69e6a443b0e0b-1\"  class=\"panel-grid panel-no-style\" ><div id=\"pgc-gb5052-69e6a443b0e0b-1-0\"  class=\"panel-grid-cell\" ><div id=\"panel-gb5052-69e6a443b0e0b-1-0-0\" class=\"so-panel widget widget_sow-image panel-first-child panel-last-child\" data-index=\"2\" ><div\n\t\t\t\n\t\t\tclass=\"so-widget-sow-image so-widget-sow-image-default-113ccd71f3e6-5052\"\n\t\t\t\n\t\t>\n<div class=\"sow-image-container\">\n\t\t<img \n\tsrc=\"https:\/\/lda.ar\/wp-content\/uploads\/2021\/08\/muestra_qsl-LU1HRA-scouts2021.jpg\" title=\"http:\/\/www.lda.ar\/\" alt=\"(LU1HRA) Segundo d\u00eda del Scout Radioaficionado\" \t\tclass=\"so-widget-image\"\/>\n\t<\/div>\n\n<\/div><\/div><\/div><\/div><div id=\"pg-gb5052-69e6a443b0e0b-2\"  class=\"panel-grid panel-no-style\" ><div id=\"pgc-gb5052-69e6a443b0e0b-2-0\"  class=\"panel-grid-cell\" ><div id=\"panel-gb5052-69e6a443b0e0b-2-0-0\" class=\"so-panel widget widget_sow-editor panel-first-child panel-last-child\" data-index=\"3\" ><div\n\t\t\t\n\t\t\tclass=\"so-widget-sow-editor so-widget-sow-editor-base\"\n\t\t\t\n\t\t>\n<div class=\"siteorigin-widget-tinymce textwidget\">\n\t<h6><span style=\"color: #003366;\">El Grupo Scout Gral. Bartolom\u00e9 Mitre junto al Grupo Radioaficionados Valle de Punilla filial <\/span><span style=\"color: #003366;\">del Radio Club Alta Gracia LU1HRA organizan la presente actividad con motivo de celebrar el <\/span><span style=\"color: #003366;\">segundo d\u00eda del \u00abSCOUT RADIOAFICIONADO\u00bb en homenaje a Federico V. Santos&nbsp; Rinaudo <\/span><span style=\"color: #003366;\">LU9HFS, quien, a pesar de su corta edad, nos ha dejado un sin fin de aprendizajes y ense\u00f1anzas, superando barreras que han sido estoicamente derribadas por su temple e interminable curiosidad.<\/span><br \/>\n<span style=\"color: #003366;\">Federico nos alent\u00f3 y a\u00fan nos alienta a trabajar para ser mejores personas, a ver lo mejor en <\/span><span style=\"color: #003366;\">el otro, a compartir sin miedo lo que pensamos entre otras tantas cosas!!!<\/span><br \/>\n<span style=\"color: #003366;\">Ha sido el nexo que hoy nos permite unir estas dos grandes hermandades en una fecha que, de <\/span><span style=\"color: #003366;\">ahora en m\u00e1s, celebraremos en su honor!<\/span><br \/>\n<span style=\"color: #003366;\">Siempre Listos!<\/span><\/h6>\n<\/div>\n<\/div><\/div><\/div><\/div><div id=\"pg-gb5052-69e6a443b0e0b-3\"  class=\"panel-grid panel-no-style\" ><div id=\"pgc-gb5052-69e6a443b0e0b-3-0\"  class=\"panel-grid-cell\" ><div id=\"panel-gb5052-69e6a443b0e0b-3-0-0\" class=\"so-panel widget widget_sow-button panel-first-child\" data-index=\"4\" ><div\n\t\t\t\n\t\t\tclass=\"so-widget-sow-button so-widget-sow-button-atom-84e047a5cb77-5052\"\n\t\t\t\n\t\t><div class=\"ow-button-base ow-button-align-center\"\n>\n\t\t\t<a\n\t\t\t\t\thref=\"https:\/\/www.lda.ar\/bases\/bases_LU1HRA_scout_radioaficionado_2021.pdf\"\n\t\t\t\t\tclass=\"sowb-button ow-icon-placement-left ow-button-hover\" target=\"_blank\" rel=\"noopener noreferrer\" \t>\n\t\t<span>\n\t\t\t<span class=\"sow-icon-fontawesome sow-far\" data-sow-icon=\"&#xf1c1;\"\n\t\tstyle=\"\" \n\t\taria-hidden=\"true\"><\/span>\n\t\t\tVER BASES\t\t<\/span>\n\t\t\t<\/a>\n\t<\/div>\n<\/div><\/div><div id=\"panel-gb5052-69e6a443b0e0b-3-0-1\" class=\"so-panel widget widget_text\" data-index=\"5\" ><div class=\"panel-widget-style panel-widget-style-for-gb5052-69e6a443b0e0b-3-0-1\" >\t\t\t<div class=\"textwidget\"><p><strong>Los contactos subidos por las estaciones a LdA son exclusiva responsabilidad de las mismas. Si ha detectado una mala carga de alg\u00fan QSO en particular no es LdA quien debe solucionar el problema. P\u00f3ngase en contacto con la instituci\u00f3n organizadora a tal fin o con la estaci\u00f3n contactada buscando sus datos en\u00a0 <a href=\"https:\/\/lda.ar\/?page_id=17\" target=\"_blank\" rel=\"noopener\">USUARIOS DE LdA<\/a> o bien en su <a href=\"https:\/\/www.qrz.com\/\" target=\"_blank\" rel=\"noopener\">QRZ.com<\/a><\/strong><\/p>\n<\/div>\n\t\t<\/div><\/div><div id=\"panel-gb5052-69e6a443b0e0b-3-0-2\" class=\"so-panel widget widget_text panel-last-child\" data-index=\"6\" ><div class=\"panel-widget-style panel-widget-style-for-gb5052-69e6a443b0e0b-3-0-2\" >\t\t\t<div class=\"textwidget\"><p><em>El Certificado cumple la totalidad de lo requerido por la Resoluci\u00f3n 3635-E\/2017, art\u00edculos 4.5.4 y 4.6.4, y por lo tanto al tener el Radio Club personer\u00eda jur\u00eddica vigente y ser reconocida por ENACOM es v\u00e1lido para ascensos de categor\u00eda.<\/em><\/p>\n<\/div>\n\t\t<\/div><\/div><\/div><\/div><\/div>\n\n\n<hr class=\"wp-block-separator has-text-color has-background has-luminous-vivid-orange-background-color has-luminous-vivid-orange-color is-style-wide\"\/>\n\n\n<style>\n       .errordiv { padding:10px; margin:10px; border: 1px solid #555555;color: #000000;background-color: #f8f8f8; width:500px; }#advanced_iframe {visibility:visible;opacity:1;vertical-align:top;}.ai-info-bottom-iframe { position: fixed; z-index: 10000; bottom:0; left: 0; margin: 0px; text-align: center; width: 100%; background-color: #ff9999; padding-left: 5px;padding-bottom: 5px; border-top: 1px solid #aaa } a.ai-bold {font-weight: bold;}#ai-layer-div-advanced_iframe p {height:100%;margin:0;padding:0}<\/style><script type=\"text\/javascript\">var ai_iframe_width_advanced_iframe = 0;var ai_iframe_height_advanced_iframe = 0;function aiReceiveMessageadvanced_iframe(event) {  aiProcessMessage(event,\"advanced_iframe\", \"true\",\"\",\"false\",\"false\");}if (window.addEventListener) {  window.addEventListener(\"message\", aiReceiveMessageadvanced_iframe);} else if (el.attachEvent)  {  el.attachEvent(\"message\", aiReceiveMessageadvanced_iframe);}var aiOnloadScrollTop=\"true\";var aiShowDebug=false;\n\t\tif (typeof aiReadyCallbacks === 'undefined') {\n\t\t\tvar aiReadyCallbacks = [];\n\t\t} else if (!(aiReadyCallbacks instanceof Array)) {\n\t\t\tvar aiReadyCallbacks = [];\n\t\t}    function aiShowIframeId(id_iframe) { jQuery(\"#\"+id_iframe).css(\"visibility\", \"visible\");    }    function aiResizeIframeHeight(height) { aiResizeIframeHeight(height,advanced_iframe); }    function aiResizeIframeHeightId(height,width,id) {aiResizeIframeHeightById(id,height);}<\/script><iframe id=\"advanced_iframe\"  name=\"advanced_iframe\"  src=\"https:\/\/www.lda.ar\/php\/LU1HRA_2021.php\"  width=\"100%\"  height=\"5100\"  frameborder=\"0\"  border=\"0\"  allowtransparency=\"true\"  loading=\"lazy\"  style=\";border-width: 0px;;border: none;;width:100%;;height:5100px;\" ><\/iframe><script type=\"text\/javascript\">var ifrm_advanced_iframe = document.getElementById(\"advanced_iframe\");var hiddenTabsDoneadvanced_iframe = false;\nfunction resizeCallbackadvanced_iframe() {}<\/script><script type=\"text\/javascript\"><\/script><p style=\"display:block !important; visibility:visible !important;margin: -18px 14px 0 0;padding-left: 3px;padding-top:3px;background: white; overflow: hidden; position: relative; line-height:15px;width: fit-content;\"><small style=\"display:block !important;visibility:visible !important\">powered by Advanced iFrame<\/small><\/p>\n\n<div\n\t\t\t\n\t\t\tclass=\"so-widget-sow-editor so-widget-sow-editor-base\"\n\t\t\t\n\t\t>\n<div class=\"siteorigin-widget-tinymce textwidget\">\n\t<p style=\"text-align: left\" align=\"center\">LU1DAS LU1HEC LU1HRA LU1IES LU1JKN LU1NEL LU1QR LU2AMM LU2FDA LU3PEX LU5HA LU5QAC LU6FLZ LU7HAL LU8HEL LU9BSA LU9EEY LU9NFS LW4EWC LW5DTG LW9DVW LW9JTA<\/p>\n<\/div>\n<\/div>\n\n\n<p><\/p>\n","protected":false},"excerpt":{"rendered":"","protected":false},"author":3,"featured_media":0,"parent":1406,"menu_order":0,"comment_status":"closed","ping_status":"closed","template":"","meta":{"ngg_post_thumbnail":0,"footnotes":""},"class_list":["post-5052","page","type-page","status-publish","hentry"],"_links":{"self":[{"href":"https:\/\/lda.ar\/index.php?rest_route=\/wp\/v2\/pages\/5052","targetHints":{"allow":["GET"]}}],"collection":[{"href":"https:\/\/lda.ar\/index.php?rest_route=\/wp\/v2\/pages"}],"about":[{"href":"https:\/\/lda.ar\/index.php?rest_route=\/wp\/v2\/types\/page"}],"author":[{"embeddable":true,"href":"https:\/\/lda.ar\/index.php?rest_route=\/wp\/v2\/users\/3"}],"replies":[{"embeddable":true,"href":"https:\/\/lda.ar\/index.php?rest_route=%2Fwp%2Fv2%2Fcomments&post=5052"}],"version-history":[{"count":2,"href":"https:\/\/lda.ar\/index.php?rest_route=\/wp\/v2\/pages\/5052\/revisions"}],"predecessor-version":[{"id":5056,"href":"https:\/\/lda.ar\/index.php?rest_route=\/wp\/v2\/pages\/5052\/revisions\/5056"}],"up":[{"embeddable":true,"href":"https:\/\/lda.ar\/index.php?rest_route=\/wp\/v2\/pages\/1406"}],"wp:attachment":[{"href":"https:\/\/lda.ar\/index.php?rest_route=%2Fwp%2Fv2%2Fmedia&parent=5052"}],"curies":[{"name":"wp","href":"https:\/\/api.w.org\/{rel}","templated":true}]}}