{"id":5022,"date":"2021-08-14T11:11:22","date_gmt":"2021-08-14T14:11:22","guid":{"rendered":"https:\/\/lda.ar\/wp\/?page_id=5022"},"modified":"2024-12-11T12:10:34","modified_gmt":"2024-12-11T15:10:34","slug":"nl-lu1sf-dia-de-la-primavera-2021","status":"publish","type":"page","link":"https:\/\/lda.ar\/?page_id=5022","title":{"rendered":"| LU1SF | D\u00eda de la Primavera 2021"},"content":{"rendered":"<div id=\"pl-gb5022-69e6925b49de8\"  class=\"panel-layout wp-block-siteorigin-panels-layout-block\" ><div id=\"pg-gb5022-69e6925b49de8-0\"  class=\"panel-grid panel-no-style\" ><div id=\"pgc-gb5022-69e6925b49de8-0-0\"  class=\"panel-grid-cell\" ><div id=\"panel-gb5022-69e6925b49de8-0-0-0\" class=\"so-panel widget widget_sow-headline panel-first-child\" data-index=\"0\" ><div\n\t\t\t\n\t\t\tclass=\"so-widget-sow-headline so-widget-sow-headline-default-20c5311775ad-5022\"\n\t\t\t\n\t\t><div class=\"sow-headline-container \">\n\t\t\t\t\t\t<div class=\"decoration\">\n\t\t\t\t\t\t<div class=\"decoration-inside\"><\/div>\n\t\t\t\t\t<\/div>\n\t\t\t\t\t<\/div>\n<\/div><\/div><div id=\"panel-gb5022-69e6925b49de8-0-0-1\" class=\"so-panel widget widget_sow-image\" data-index=\"1\" ><div\n\t\t\t\n\t\t\tclass=\"so-widget-sow-image so-widget-sow-image-default-113ccd71f3e6-5022\"\n\t\t\t\n\t\t>\n<div class=\"sow-image-container\">\n\t\t<img \n\tsrc=\"https:\/\/lda.ar\/wp-content\/uploads\/2021\/08\/membrete_LU1SF_primavera2021.jpg\" width=\"1239\" height=\"163\" srcset=\"https:\/\/lda.ar\/wp-content\/uploads\/2021\/08\/membrete_LU1SF_primavera2021.jpg 1239w, https:\/\/lda.ar\/wp-content\/uploads\/2021\/08\/membrete_LU1SF_primavera2021-300x39.jpg 300w, https:\/\/lda.ar\/wp-content\/uploads\/2021\/08\/membrete_LU1SF_primavera2021-1024x135.jpg 1024w, https:\/\/lda.ar\/wp-content\/uploads\/2021\/08\/membrete_LU1SF_primavera2021-768x101.jpg 768w\" sizes=\"(max-width: 1239px) 100vw, 1239px\" title=\"(LU1SF) Primavera 2021\" alt=\"(LU1SF) Primavera 2021\" \t\tclass=\"so-widget-image\"\/>\n\t<\/div>\n\n<\/div><\/div><div id=\"panel-gb5022-69e6925b49de8-0-0-2\" class=\"so-panel widget widget_sow-editor\" data-index=\"2\" ><div\n\t\t\t\n\t\t\tclass=\"so-widget-sow-editor so-widget-sow-editor-base\"\n\t\t\t\n\t\t>\n<div class=\"siteorigin-widget-tinymce textwidget\">\n\t<p><span style=\"color: #003366;\">El <strong>Radio Club La Rioja (LU1SF)<\/strong> y en conjunto con <strong>Log de Argentina (LdA)<\/strong>, realizan la entrega de un Certificado digital, festejando el <strong>D\u00eda de La Primavera<\/strong>.<\/span><br \/>\n<span style=\"color: #003366;\">La actividad estar\u00e1 dada por las principales protagonistas, <strong>LAS MUJERES<\/strong>, quienes, desde diferentes provincias del pa\u00eds, y por primera vez se incorporan al evento a damas del extranjero, quienes otorgar\u00e1n contacto v\u00e1lido para la obtenci\u00f3n del mismo.<\/span><br \/>\n<span style=\"color: #003366;\">Invitamos a sumarse a tan especial fecha a todas las damas que deseen participar otorgando su contacto para que realmente sea una fiesta de la Radioafici\u00f3n y principalmente festejar el d\u00eda de La Primavera.<\/span><\/p>\n<\/div>\n<\/div><\/div><div id=\"panel-gb5022-69e6925b49de8-0-0-3\" class=\"so-panel widget widget_sow-editor panel-last-child\" data-index=\"3\" ><div\n\t\t\t\n\t\t\tclass=\"so-widget-sow-editor so-widget-sow-editor-base\"\n\t\t\t\n\t\t><h3 class=\"widget-title\">RECUERDE \/ REMEMBER:<\/h3>\n<div class=\"siteorigin-widget-tinymce textwidget\">\n\t<h6>En Digital Voice: debe esperar al menos \u00ab5\u00bb segundos de escucha entre cambio y cambio.<br \/>\nIn Digital Voice: You must wait at least \u00ab5\u00bb seconds of listening between changes.<\/h6>\n<\/div>\n<\/div><\/div><\/div><\/div><div id=\"pg-gb5022-69e6925b49de8-1\"  class=\"panel-grid panel-no-style\" ><div id=\"pgc-gb5022-69e6925b49de8-1-0\"  class=\"panel-grid-cell\" ><div id=\"panel-gb5022-69e6925b49de8-1-0-0\" class=\"so-panel widget widget_sow-button panel-first-child panel-last-child\" data-index=\"4\" ><div\n\t\t\t\n\t\t\tclass=\"so-widget-sow-button so-widget-sow-button-atom-84e047a5cb77-5022\"\n\t\t\t\n\t\t><div class=\"ow-button-base ow-button-align-center\"\n>\n\t\t\t<a\n\t\t\t\t\thref=\"https:\/\/lda.ar\/bases\/bases_LU1SF_primavera_2021.pdf\"\n\t\t\t\t\tclass=\"sowb-button ow-icon-placement-left ow-button-hover\" target=\"_blank\" rel=\"noopener noreferrer\" \t>\n\t\t<span>\n\t\t\t<span class=\"sow-icon-fontawesome sow-far\" data-sow-icon=\"&#xf1c1;\"\n\t\tstyle=\"\" \n\t\taria-hidden=\"true\"><\/span>\n\t\t\tVER BASES\t\t<\/span>\n\t\t\t<\/a>\n\t<\/div>\n<\/div><\/div><\/div><\/div><div id=\"pg-gb5022-69e6925b49de8-2\"  class=\"panel-grid panel-no-style\" ><div id=\"pgc-gb5022-69e6925b49de8-2-0\"  class=\"panel-grid-cell\" ><div id=\"panel-gb5022-69e6925b49de8-2-0-0\" class=\"so-panel widget widget_sow-headline panel-first-child panel-last-child\" data-index=\"5\" ><div\n\t\t\t\n\t\t\tclass=\"so-widget-sow-headline so-widget-sow-headline-default-20c5311775ad-5022\"\n\t\t\t\n\t\t><div class=\"sow-headline-container \">\n\t\t\t\t\t\t<div class=\"decoration\">\n\t\t\t\t\t\t<div class=\"decoration-inside\"><\/div>\n\t\t\t\t\t<\/div>\n\t\t\t\t\t<\/div>\n<\/div><\/div><\/div><\/div><\/div>\n\n<style>\n       .errordiv { padding:10px; margin:10px; border: 1px solid #555555;color: #000000;background-color: #f8f8f8; width:500px; }#advanced_iframe {visibility:visible;opacity:1;vertical-align:top;}.ai-info-bottom-iframe { position: fixed; z-index: 10000; bottom:0; left: 0; margin: 0px; text-align: center; width: 100%; background-color: #ff9999; padding-left: 5px;padding-bottom: 5px; border-top: 1px solid #aaa } a.ai-bold {font-weight: bold;}#ai-layer-div-advanced_iframe p {height:100%;margin:0;padding:0}<\/style><script type=\"text\/javascript\">var ai_iframe_width_advanced_iframe = 0;var ai_iframe_height_advanced_iframe = 0;function aiReceiveMessageadvanced_iframe(event) {  aiProcessMessage(event,\"advanced_iframe\", \"true\",\"\",\"false\",\"false\");}if (window.addEventListener) {  window.addEventListener(\"message\", aiReceiveMessageadvanced_iframe);} else if (el.attachEvent)  {  el.attachEvent(\"message\", aiReceiveMessageadvanced_iframe);}var aiOnloadScrollTop=\"true\";var aiShowDebug=false;\n\t\tif (typeof aiReadyCallbacks === 'undefined') {\n\t\t\tvar aiReadyCallbacks = [];\n\t\t} else if (!(aiReadyCallbacks instanceof Array)) {\n\t\t\tvar aiReadyCallbacks = [];\n\t\t}    function aiShowIframeId(id_iframe) { jQuery(\"#\"+id_iframe).css(\"visibility\", \"visible\");    }    function aiResizeIframeHeight(height) { aiResizeIframeHeight(height,advanced_iframe); }    function aiResizeIframeHeightId(height,width,id) {aiResizeIframeHeightById(id,height);}<\/script><iframe id=\"advanced_iframe\"  name=\"advanced_iframe\"  src=\"https:\/\/logdeargentina.com.ar\/php\/primavera_2021_nuevo.php\"  width=\"100%\"  height=\"5500\"  frameborder=\"0\"  border=\"0\"  allowtransparency=\"true\"  loading=\"lazy\"  style=\";border-width: 0px;;border: none;;width:100%;;height:5500px;\" ><\/iframe><script type=\"text\/javascript\">var ifrm_advanced_iframe = document.getElementById(\"advanced_iframe\");var hiddenTabsDoneadvanced_iframe = false;\nfunction resizeCallbackadvanced_iframe() {}<\/script><script type=\"text\/javascript\"><\/script><p style=\"display:block !important; visibility:visible !important;margin: -18px 14px 0 0;padding-left: 3px;padding-top:3px;background: white; overflow: hidden; position: relative; line-height:15px;width: fit-content;\"><small style=\"display:block !important;visibility:visible !important\">powered by Advanced iFrame<\/small><\/p>\n\n\n<pre class=\"wp-block-preformatted\">CD1AKL CE1RFI CE1WY CE2PJH CO7YS CO8DRM CO8MGY CX1AZ CX5ACG EA1BQR EA5IVE KP4NRF KP4QVQ LU1DNF LU1KAB LU1LAW LU1MME LU1NSL LU1SCO\/P LU1SMD LU1SYL LU1VBP LU1VHP LU1VPA LU1VYL LU1WL LU1XJJ LU2ELZ LU2GAC LU2HRG LU2HYL LU2LMA LU2MCC LU2MLS LU2XWL LU3EH LU3FCA LU3HHI LU3RNL LU3YLF LU4DJB LU4JVE LU4MNG LU4RAN LU5ILA LU5QAC LU5UMV LU6DOC LU6HGO LU7AMC LU7GPU LU7SNB LU7SVJ LU7TAX LU7UVV LU8DMA LU8DN LU8DOC LU8GCJ LU9ALS LU9IVN LU9LSC LU9PZO LU9RKA LU9SAX LU9VTJ LU9VYY LW1DQY LW1EA LW3EXJ LW9DOC PU2PRM PY2QL VU2JFC VU3ZIH WP4QME XE1LOV XE1SPM XE1TUX XE1YYG XE2MVS XQ1ROA XQ4NUA YV4AW YV5EVA<\/pre>\n","protected":false},"excerpt":{"rendered":"<p>El Radio Club La Rioja (LU1SF) y en conjunto con Log de Argentina (LdA), realizan la entrega de un Certificado digital, festejando el D\u00eda de La Primavera. La actividad estar\u00e1&hellip; <\/p>\n","protected":false},"author":3,"featured_media":0,"parent":11590,"menu_order":0,"comment_status":"closed","ping_status":"closed","template":"","meta":{"ngg_post_thumbnail":0,"footnotes":""},"class_list":["post-5022","page","type-page","status-publish","hentry"],"_links":{"self":[{"href":"https:\/\/lda.ar\/index.php?rest_route=\/wp\/v2\/pages\/5022","targetHints":{"allow":["GET"]}}],"collection":[{"href":"https:\/\/lda.ar\/index.php?rest_route=\/wp\/v2\/pages"}],"about":[{"href":"https:\/\/lda.ar\/index.php?rest_route=\/wp\/v2\/types\/page"}],"author":[{"embeddable":true,"href":"https:\/\/lda.ar\/index.php?rest_route=\/wp\/v2\/users\/3"}],"replies":[{"embeddable":true,"href":"https:\/\/lda.ar\/index.php?rest_route=%2Fwp%2Fv2%2Fcomments&post=5022"}],"version-history":[{"count":34,"href":"https:\/\/lda.ar\/index.php?rest_route=\/wp\/v2\/pages\/5022\/revisions"}],"predecessor-version":[{"id":11969,"href":"https:\/\/lda.ar\/index.php?rest_route=\/wp\/v2\/pages\/5022\/revisions\/11969"}],"up":[{"embeddable":true,"href":"https:\/\/lda.ar\/index.php?rest_route=\/wp\/v2\/pages\/11590"}],"wp:attachment":[{"href":"https:\/\/lda.ar\/index.php?rest_route=%2Fwp%2Fv2%2Fmedia&parent=5022"}],"curies":[{"name":"wp","href":"https:\/\/api.w.org\/{rel}","templated":true}]}}