{"id":4960,"date":"2021-08-05T18:33:39","date_gmt":"2021-08-05T21:33:39","guid":{"rendered":"https:\/\/lda.ar\/wp\/?page_id=4960"},"modified":"2021-08-05T18:47:17","modified_gmt":"2021-08-05T21:47:17","slug":"us-lu1ig-lu1nf-lu2js-lu4dq-lu6d-ninos-y-jovenes-festejan-su-dia-en-radio-2","status":"publish","type":"page","link":"https:\/\/lda.ar\/?page_id=4960","title":{"rendered":"(LU1IG LU1NF LU2JS LU4DQ LU6DG) Ni\u00f1os y j\u00f3venes festejan su d\u00eda en Radio"},"content":{"rendered":"<div id=\"pl-gb4960-69e8a709baa9d\"  class=\"panel-layout\" ><div id=\"pg-gb4960-69e8a709baa9d-0\"  class=\"panel-grid panel-no-style\" ><div id=\"pgc-gb4960-69e8a709baa9d-0-0\"  class=\"panel-grid-cell\" ><div id=\"panel-gb4960-69e8a709baa9d-0-0-0\" class=\"so-panel widget widget_sow-headline panel-first-child\" data-index=\"0\" ><div\n\t\t\t\n\t\t\tclass=\"so-widget-sow-headline so-widget-sow-headline-default-20c5311775ad-4960\"\n\t\t\t\n\t\t><div class=\"sow-headline-container \">\n\t\t\t\t\t\t<div class=\"decoration\">\n\t\t\t\t\t\t<div class=\"decoration-inside\"><\/div>\n\t\t\t\t\t<\/div>\n\t\t\t\t\t<\/div>\n<\/div><\/div><div id=\"panel-gb4960-69e8a709baa9d-0-0-1\" class=\"so-panel widget widget_sow-image panel-last-child\" data-index=\"1\" ><div\n\t\t\t\n\t\t\tclass=\"so-widget-sow-image so-widget-sow-image-default-113ccd71f3e6-4960\"\n\t\t\t\n\t\t>\n<div class=\"sow-image-container\">\n\t\t<img \n\tsrc=\"https:\/\/lda.ar\/wp-content\/uploads\/2021\/08\/membrete_LU6DG_dia_nino_2021.jpg\" width=\"1239\" height=\"163\" srcset=\"https:\/\/lda.ar\/wp-content\/uploads\/2021\/08\/membrete_LU6DG_dia_nino_2021.jpg 1239w, https:\/\/lda.ar\/wp-content\/uploads\/2021\/08\/membrete_LU6DG_dia_nino_2021-300x39.jpg 300w, https:\/\/lda.ar\/wp-content\/uploads\/2021\/08\/membrete_LU6DG_dia_nino_2021-1024x135.jpg 1024w, https:\/\/lda.ar\/wp-content\/uploads\/2021\/08\/membrete_LU6DG_dia_nino_2021-768x101.jpg 768w\" sizes=\"(max-width: 1239px) 100vw, 1239px\" alt=\"\" \t\tclass=\"so-widget-image\"\/>\n\t<\/div>\n\n<\/div><\/div><\/div><\/div><div id=\"pg-gb4960-69e8a709baa9d-1\"  class=\"panel-grid panel-no-style\" ><div id=\"pgc-gb4960-69e8a709baa9d-1-0\"  class=\"panel-grid-cell panel-grid-cell-empty\" ><\/div><\/div><div id=\"pg-gb4960-69e8a709baa9d-2\"  class=\"panel-grid panel-no-style\" ><div id=\"pgc-gb4960-69e8a709baa9d-2-0\"  class=\"panel-grid-cell\" ><div id=\"panel-gb4960-69e8a709baa9d-2-0-0\" class=\"so-panel widget widget_sow-editor panel-first-child panel-last-child\" data-index=\"2\" ><div\n\t\t\t\n\t\t\tclass=\"so-widget-sow-editor so-widget-sow-editor-base\"\n\t\t\t\n\t\t>\n<div class=\"siteorigin-widget-tinymce textwidget\">\n\t<h6><span style=\"color: #003366;\">Los Radio Clubes: Radio Club Misiones (LU1IG), Radio Club Santiago del Estero (LU1NF), Entre R\u00edos Radio Club <\/span><span style=\"color: #003366;\">(LU2JS), Radio Club Quilmes (LU4DQ), Punta Alta Radio Club (LU6DG), invitan a participar de una nueva actividad <\/span><span style=\"color: #003366;\">conjunta conmemorando el \u201cD\u00eda Internacional de la Juventud (12\/8) y el d\u00eda del Ni\u00f1o (15\/08)\u201d con un evento <\/span><span style=\"color: #003366;\">Radial donde los principales protagonistas son los radioaficionados m\u00e1s j\u00f3venes de nuestro pa\u00eds, de acuerdo a las <\/span><span style=\"color: #003366;\">bases que se detallan.<\/span><\/h6>\n<\/div>\n<\/div><\/div><\/div><\/div><div id=\"pg-gb4960-69e8a709baa9d-3\"  class=\"panel-grid panel-no-style\" ><div id=\"pgc-gb4960-69e8a709baa9d-3-0\"  class=\"panel-grid-cell\" ><div id=\"panel-gb4960-69e8a709baa9d-3-0-0\" class=\"so-panel widget widget_sow-button panel-first-child\" data-index=\"3\" ><div\n\t\t\t\n\t\t\tclass=\"so-widget-sow-button so-widget-sow-button-atom-84e047a5cb77-4960\"\n\t\t\t\n\t\t><div class=\"ow-button-base ow-button-align-center\"\n>\n\t\t\t<a\n\t\t\t\t\thref=\"https:\/\/www.lda.ar\/bases\/bases_LU6DG_dia_nino_2021.pdf\"\n\t\t\t\t\tclass=\"sowb-button ow-icon-placement-left ow-button-hover\" target=\"_blank\" rel=\"noopener noreferrer\" \t>\n\t\t<span>\n\t\t\t<span class=\"sow-icon-fontawesome sow-far\" data-sow-icon=\"&#xf1c1;\"\n\t\tstyle=\"\" \n\t\taria-hidden=\"true\"><\/span>\n\t\t\tVER BASES\t\t<\/span>\n\t\t\t<\/a>\n\t<\/div>\n<\/div><\/div><div id=\"panel-gb4960-69e8a709baa9d-3-0-1\" class=\"so-panel widget widget_text\" data-index=\"4\" ><div class=\"panel-widget-style panel-widget-style-for-gb4960-69e8a709baa9d-3-0-1\" >\t\t\t<div class=\"textwidget\"><p><strong>Los contactos subidos por las estaciones a LdA son exclusiva responsabilidad de las mismas. Si ha detectado una mala carga de alg\u00fan QSO en particular no es LdA quien debe solucionar el problema. P\u00f3ngase en contacto con la instituci\u00f3n organizadora a tal fin o con la estaci\u00f3n contactada buscando sus datos en\u00a0 <a href=\"https:\/\/lda.ar\/?page_id=17\" target=\"_blank\" rel=\"noopener\">USUARIOS DE LdA<\/a> o bien en su <a href=\"https:\/\/www.qrz.com\/\" target=\"_blank\" rel=\"noopener\">QRZ.com<\/a><\/strong><\/p>\n<\/div>\n\t\t<\/div><\/div><div id=\"panel-gb4960-69e8a709baa9d-3-0-2\" class=\"so-panel widget widget_text panel-last-child\" data-index=\"5\" ><div class=\"panel-widget-style panel-widget-style-for-gb4960-69e8a709baa9d-3-0-2\" >\t\t\t<div class=\"textwidget\"><p><em>El Certificado cumple la totalidad de lo requerido por la Resoluci\u00f3n 3635-E\/2017, art\u00edculos 4.5.4 y 4.6.4, y por lo tanto al tener el Radio Club personer\u00eda jur\u00eddica vigente y ser reconocida por ENACOM es v\u00e1lido para ascensos de categor\u00eda.<\/em><\/p>\n<\/div>\n\t\t<\/div><\/div><\/div><\/div><\/div>\n\n\n<hr class=\"wp-block-separator has-text-color has-background has-luminous-vivid-orange-background-color has-luminous-vivid-orange-color is-style-wide\"\/>\n\n\n<style>\n       .errordiv { padding:10px; margin:10px; border: 1px solid #555555;color: #000000;background-color: #f8f8f8; width:500px; }#advanced_iframe {visibility:visible;opacity:1;vertical-align:top;}.ai-info-bottom-iframe { position: fixed; z-index: 10000; bottom:0; left: 0; margin: 0px; text-align: center; width: 100%; background-color: #ff9999; padding-left: 5px;padding-bottom: 5px; border-top: 1px solid #aaa } a.ai-bold {font-weight: bold;}#ai-layer-div-advanced_iframe p {height:100%;margin:0;padding:0}<\/style><script type=\"text\/javascript\">var ai_iframe_width_advanced_iframe = 0;var ai_iframe_height_advanced_iframe = 0;function aiReceiveMessageadvanced_iframe(event) {  aiProcessMessage(event,\"advanced_iframe\", \"true\",\"\",\"false\",\"false\");}if (window.addEventListener) {  window.addEventListener(\"message\", aiReceiveMessageadvanced_iframe);} else if (el.attachEvent)  {  el.attachEvent(\"message\", aiReceiveMessageadvanced_iframe);}var aiOnloadScrollTop=\"true\";var aiShowDebug=false;\n\t\tif (typeof aiReadyCallbacks === 'undefined') {\n\t\t\tvar aiReadyCallbacks = [];\n\t\t} else if (!(aiReadyCallbacks instanceof Array)) {\n\t\t\tvar aiReadyCallbacks = [];\n\t\t}    function aiShowIframeId(id_iframe) { jQuery(\"#\"+id_iframe).css(\"visibility\", \"visible\");    }    function aiResizeIframeHeight(height) { aiResizeIframeHeight(height,advanced_iframe); }    function aiResizeIframeHeightId(height,width,id) {aiResizeIframeHeightById(id,height);}<\/script><iframe id=\"advanced_iframe\"  name=\"advanced_iframe\"  src=\"https:\/\/www.lda.ar\/php\/dia_nino_2021.php\"  width=\"100%\"  height=\"5000\"  frameborder=\"0\"  border=\"0\"  allowtransparency=\"true\"  loading=\"lazy\"  style=\";border-width: 0px;;border: none;;width:100%;;height:5000px;\" ><\/iframe><script type=\"text\/javascript\">var ifrm_advanced_iframe = document.getElementById(\"advanced_iframe\");var hiddenTabsDoneadvanced_iframe = false;\nfunction resizeCallbackadvanced_iframe() {}<\/script><script type=\"text\/javascript\"><\/script><p style=\"display:block !important; visibility:visible !important;margin: -18px 14px 0 0;padding-left: 3px;padding-top:3px;background: white; overflow: hidden; position: relative; line-height:15px;width: fit-content;\"><small style=\"display:block !important;visibility:visible !important\">powered by Advanced iFrame<\/small><\/p>\n\n<div\n\t\t\t\n\t\t\tclass=\"so-widget-sow-editor so-widget-sow-editor-base\"\n\t\t\t\n\t\t>\n<div class=\"siteorigin-widget-tinymce textwidget\">\n\t<p><span style=\"color: #808080\"><b><span title=\"Felipe\">CX2BT<\/span><span title=\"Santiago\">\u00a0CX7BT<\/span>\u00a0<span title=\"Lucia Romero\">LU1CIA<\/span>\u00a0<span title=\"Francesca Borello\">LU1DFB<\/span>\u00a0<span title=\"Agustin L. Romero\">LU1DHZ<\/span>\u00a0<span title=\"Agustin Flor De Liza\">LU1DVF<\/span>\u00a0<span title=\"Leandro Arenhardt\">LU1IAB<\/span>\u00a0<span title=\"Gianfranco Torrigiani\">LU1JGT<\/span>\u00a0<span title=\"Santino Della Cha\">LU1YDS<\/span>\u00a0<span title=\"Rocio Valentina Grecco\">LU2HRG<\/span>\u00a0<span title=\"Alexia Ortiz Heinze\">LU3JOA<\/span>\u00a0<span title=\"Zamiel Nicolas Lizarraga Carabajal\">LU4NNL<\/span>\u00a0<span title=\"Maia Fatima Abdala\">LU5NFM<\/span>\u00a0<span title=\"Joaqu\u00edn Orellano Kunz\">LU7FLT<\/span>\u00a0<span title=\"Francisco Jeremias Diaz \">LU8DFJ<\/span>\u00a0<span title=\"Santiago Delfino Vilaboa\">LU8JVS<\/span>\u00a0<span title=\"Emilio Miretti\">LU8HEM<\/span>\u00a0<span title=\"Kevin Visciglio\">LU9DKV<\/span>\u00a0<span title=\"Ver\u00c3\u201cnica Natalia Arenhardt\">LU9IVN<\/span>\u00a0<span title=\"Jose Hernan Gabito Gonzalez\">LW2DOW<\/span>\u00a0<span title=\"Rafaela Borello\">LW4DRB<\/span>\u00a0<span title=\"Emiliano Andres Duarte\">LW9HXZ<\/span><\/b><\/span><\/p>\n<\/div>\n<\/div>\n\n\n<p><\/p>\n","protected":false},"excerpt":{"rendered":"","protected":false},"author":3,"featured_media":0,"parent":1406,"menu_order":0,"comment_status":"closed","ping_status":"closed","template":"","meta":{"ngg_post_thumbnail":0,"footnotes":""},"class_list":["post-4960","page","type-page","status-publish","hentry"],"_links":{"self":[{"href":"https:\/\/lda.ar\/index.php?rest_route=\/wp\/v2\/pages\/4960","targetHints":{"allow":["GET"]}}],"collection":[{"href":"https:\/\/lda.ar\/index.php?rest_route=\/wp\/v2\/pages"}],"about":[{"href":"https:\/\/lda.ar\/index.php?rest_route=\/wp\/v2\/types\/page"}],"author":[{"embeddable":true,"href":"https:\/\/lda.ar\/index.php?rest_route=\/wp\/v2\/users\/3"}],"replies":[{"embeddable":true,"href":"https:\/\/lda.ar\/index.php?rest_route=%2Fwp%2Fv2%2Fcomments&post=4960"}],"version-history":[{"count":2,"href":"https:\/\/lda.ar\/index.php?rest_route=\/wp\/v2\/pages\/4960\/revisions"}],"predecessor-version":[{"id":4968,"href":"https:\/\/lda.ar\/index.php?rest_route=\/wp\/v2\/pages\/4960\/revisions\/4968"}],"up":[{"embeddable":true,"href":"https:\/\/lda.ar\/index.php?rest_route=\/wp\/v2\/pages\/1406"}],"wp:attachment":[{"href":"https:\/\/lda.ar\/index.php?rest_route=%2Fwp%2Fv2%2Fmedia&parent=4960"}],"curies":[{"name":"wp","href":"https:\/\/api.w.org\/{rel}","templated":true}]}}