{"id":4933,"date":"2021-07-30T08:41:03","date_gmt":"2021-07-30T11:41:03","guid":{"rendered":"https:\/\/lda.ar\/wp\/?page_id=4933"},"modified":"2024-12-11T12:16:57","modified_gmt":"2024-12-11T15:16:57","slug":"nl-lu1sf-de-tal-palo-tal-astilla","status":"publish","type":"page","link":"https:\/\/lda.ar\/?page_id=4933","title":{"rendered":"| LU1SF | De tal palo&#8230; Tal astilla&#8230;"},"content":{"rendered":"<div id=\"pl-gb4933-69e88ecfb5a19\"  class=\"panel-layout wp-block-siteorigin-panels-layout-block\" ><div id=\"pg-gb4933-69e88ecfb5a19-0\"  class=\"panel-grid panel-no-style\" ><div id=\"pgc-gb4933-69e88ecfb5a19-0-0\"  class=\"panel-grid-cell\" ><div id=\"panel-gb4933-69e88ecfb5a19-0-0-0\" class=\"so-panel widget widget_sow-headline panel-first-child\" data-index=\"0\" ><div\n\t\t\t\n\t\t\tclass=\"so-widget-sow-headline so-widget-sow-headline-default-20c5311775ad-4933\"\n\t\t\t\n\t\t><div class=\"sow-headline-container \">\n\t\t\t\t\t\t<div class=\"decoration\">\n\t\t\t\t\t\t<div class=\"decoration-inside\"><\/div>\n\t\t\t\t\t<\/div>\n\t\t\t\t\t<\/div>\n<\/div><\/div><div id=\"panel-gb4933-69e88ecfb5a19-0-0-1\" class=\"so-panel widget widget_sow-image panel-last-child\" data-index=\"1\" ><div\n\t\t\t\n\t\t\tclass=\"so-widget-sow-image so-widget-sow-image-default-113ccd71f3e6-4933\"\n\t\t\t\n\t\t>\n<div class=\"sow-image-container\">\n\t\t<img \n\tsrc=\"https:\/\/lda.ar\/wp-content\/uploads\/2021\/07\/membrete_LU1SF_palo_astilla.jpg\" width=\"1239\" height=\"163\" srcset=\"https:\/\/lda.ar\/wp-content\/uploads\/2021\/07\/membrete_LU1SF_palo_astilla.jpg 1239w, https:\/\/lda.ar\/wp-content\/uploads\/2021\/07\/membrete_LU1SF_palo_astilla-300x39.jpg 300w, https:\/\/lda.ar\/wp-content\/uploads\/2021\/07\/membrete_LU1SF_palo_astilla-1024x135.jpg 1024w, https:\/\/lda.ar\/wp-content\/uploads\/2021\/07\/membrete_LU1SF_palo_astilla-768x101.jpg 768w\" sizes=\"(max-width: 1239px) 100vw, 1239px\" title=\"(LU1SF) De tal palo... Tal astilla...\" alt=\"(LU1SF) De tal palo... Tal astilla...\" \t\tclass=\"so-widget-image\"\/>\n\t<\/div>\n\n<\/div><\/div><\/div><\/div><div id=\"pg-gb4933-69e88ecfb5a19-1\"  class=\"panel-grid panel-no-style\" ><div id=\"pgc-gb4933-69e88ecfb5a19-1-0\"  class=\"panel-grid-cell panel-grid-cell-empty\" ><\/div><div id=\"pgc-gb4933-69e88ecfb5a19-1-1\"  class=\"panel-grid-cell\" ><div id=\"panel-gb4933-69e88ecfb5a19-1-1-0\" class=\"so-panel widget widget_sow-image panel-first-child panel-last-child\" data-index=\"2\" ><div\n\t\t\t\n\t\t\tclass=\"so-widget-sow-image so-widget-sow-image-default-113ccd71f3e6-4933\"\n\t\t\t\n\t\t>\n<div class=\"sow-image-container\">\n\t\t<img \n\tsrc=\"https:\/\/lda.ar\/wp-content\/uploads\/2021\/07\/muestra_qsl-LU5ILA-PALO-ASTILLA-2021.jpg\" title=\"(LU1SF) De tal palo... Tal astilla...\" alt=\"(LU1SF) De tal palo... Tal astilla...\" \t\tclass=\"so-widget-image\"\/>\n\t<\/div>\n\n<\/div><\/div><\/div><div id=\"pgc-gb4933-69e88ecfb5a19-1-2\"  class=\"panel-grid-cell panel-grid-cell-mobile-last\" ><div id=\"panel-gb4933-69e88ecfb5a19-1-2-0\" class=\"so-panel widget widget_sow-image panel-first-child panel-last-child\" data-index=\"3\" ><div\n\t\t\t\n\t\t\tclass=\"so-widget-sow-image so-widget-sow-image-default-113ccd71f3e6-4933\"\n\t\t\t\n\t\t>\n<div class=\"sow-image-container\">\n\t\t<img \n\tsrc=\"https:\/\/lda.ar\/wp-content\/uploads\/2021\/07\/muestra_qsl-LU9IVN-PALO-ASTILLA-2021.jpg\" title=\"(LU1SF) De tal palo... Tal astilla...\" alt=\"(LU1SF) De tal palo... Tal astilla...\" \t\tclass=\"so-widget-image\"\/>\n\t<\/div>\n\n<\/div><\/div><\/div><div id=\"pgc-gb4933-69e88ecfb5a19-1-3\"  class=\"panel-grid-cell panel-grid-cell-empty\" ><\/div><\/div><div id=\"pg-gb4933-69e88ecfb5a19-2\"  class=\"panel-grid panel-no-style\" ><div id=\"pgc-gb4933-69e88ecfb5a19-2-0\"  class=\"panel-grid-cell\" ><div id=\"panel-gb4933-69e88ecfb5a19-2-0-0\" class=\"so-panel widget widget_sow-editor panel-first-child panel-last-child\" data-index=\"4\" ><div\n\t\t\t\n\t\t\tclass=\"so-widget-sow-editor so-widget-sow-editor-base\"\n\t\t\t\n\t\t>\n<div class=\"siteorigin-widget-tinymce textwidget\">\n\t<h6><span style=\"color: #003366;\">El Radio Club La Rioja (LU1SF) renueva una propuesta, con otra idea innovadora. Con el objetivo de promover la radio en el entorno familiar y teniendo conocimiento de que hay madres \/ padres con hijos radioaficionados, invita a los colegas a participar de un certificado <\/span><span style=\"color: #003366;\">operado por padres e hijos en su vida particular y de radio, los esperamos.<\/span><\/h6>\n<\/div>\n<\/div><\/div><\/div><\/div><div id=\"pg-gb4933-69e88ecfb5a19-3\"  class=\"panel-grid panel-no-style\" ><div id=\"pgc-gb4933-69e88ecfb5a19-3-0\"  class=\"panel-grid-cell\" ><div id=\"panel-gb4933-69e88ecfb5a19-3-0-0\" class=\"so-panel widget widget_sow-button panel-first-child\" data-index=\"5\" ><div\n\t\t\t\n\t\t\tclass=\"so-widget-sow-button so-widget-sow-button-atom-84e047a5cb77-4933\"\n\t\t\t\n\t\t><div class=\"ow-button-base ow-button-align-center\"\n>\n\t\t\t<a\n\t\t\t\t\thref=\"https:\/\/www.lda.ar\/bases\/bases_LU1SF_palo_astilla.pdf\"\n\t\t\t\t\tclass=\"sowb-button ow-icon-placement-left ow-button-hover\" target=\"_blank\" rel=\"noopener noreferrer\" \t>\n\t\t<span>\n\t\t\t<span class=\"sow-icon-fontawesome sow-far\" data-sow-icon=\"&#xf1c1;\"\n\t\tstyle=\"\" \n\t\taria-hidden=\"true\"><\/span>\n\t\t\tVER BASES\t\t<\/span>\n\t\t\t<\/a>\n\t<\/div>\n<\/div><\/div><div id=\"panel-gb4933-69e88ecfb5a19-3-0-1\" class=\"so-panel widget widget_text\" data-index=\"6\" ><div class=\"panel-widget-style panel-widget-style-for-gb4933-69e88ecfb5a19-3-0-1\" >\t\t\t<div class=\"textwidget\"><p><strong>Los contactos subidos por las estaciones a LdA son exclusiva responsabilidad de las mismas. Si ha detectado una mala carga de alg\u00fan QSO en particular no es LdA quien debe solucionar el problema. P\u00f3ngase en contacto con la instituci\u00f3n organizadora a tal fin o con la estaci\u00f3n contactada buscando sus datos en\u00a0 <a href=\"https:\/\/lda.ar\/?page_id=17\" target=\"_blank\" rel=\"noopener\">USUARIOS DE LdA<\/a> o bien en su <a href=\"https:\/\/www.qrz.com\/\" target=\"_blank\" rel=\"noopener\">QRZ.com<\/a><\/strong><\/p>\n<\/div>\n\t\t<\/div><\/div><div id=\"panel-gb4933-69e88ecfb5a19-3-0-2\" class=\"so-panel widget widget_text panel-last-child\" data-index=\"7\" ><div class=\"panel-widget-style panel-widget-style-for-gb4933-69e88ecfb5a19-3-0-2\" >\t\t\t<div class=\"textwidget\"><p><em>El Certificado cumple la totalidad de lo requerido por la Resoluci\u00f3n 3635-E\/2017, art\u00edculos 4.5.4 y 4.6.4, y por lo tanto al tener el Radio Club personer\u00eda jur\u00eddica vigente y ser reconocida por ENACOM es v\u00e1lido para ascensos de categor\u00eda.<\/em><\/p>\n<\/div>\n\t\t<\/div><\/div><\/div><\/div><\/div>\n\n\n<hr class=\"wp-block-separator has-text-color has-luminous-vivid-orange-color has-css-opacity has-luminous-vivid-orange-background-color has-background is-style-wide\"\/>\n\n\n<style>\n       .errordiv { padding:10px; margin:10px; border: 1px solid #555555;color: #000000;background-color: #f8f8f8; width:500px; }#advanced_iframe {visibility:visible;opacity:1;vertical-align:top;}.ai-info-bottom-iframe { position: fixed; z-index: 10000; bottom:0; left: 0; margin: 0px; text-align: center; width: 100%; background-color: #ff9999; padding-left: 5px;padding-bottom: 5px; border-top: 1px solid #aaa } a.ai-bold {font-weight: bold;}#ai-layer-div-advanced_iframe p {height:100%;margin:0;padding:0}<\/style><script type=\"text\/javascript\">var ai_iframe_width_advanced_iframe = 0;var ai_iframe_height_advanced_iframe = 0;function aiReceiveMessageadvanced_iframe(event) {  aiProcessMessage(event,\"advanced_iframe\", \"true\",\"\",\"false\",\"false\");}if (window.addEventListener) {  window.addEventListener(\"message\", aiReceiveMessageadvanced_iframe);} else if (el.attachEvent)  {  el.attachEvent(\"message\", aiReceiveMessageadvanced_iframe);}var aiOnloadScrollTop=\"true\";var aiShowDebug=false;\n\t\tif (typeof aiReadyCallbacks === 'undefined') {\n\t\t\tvar aiReadyCallbacks = [];\n\t\t} else if (!(aiReadyCallbacks instanceof Array)) {\n\t\t\tvar aiReadyCallbacks = [];\n\t\t}    function aiShowIframeId(id_iframe) { jQuery(\"#\"+id_iframe).css(\"visibility\", \"visible\");    }    function aiResizeIframeHeight(height) { aiResizeIframeHeight(height,advanced_iframe); }    function aiResizeIframeHeightId(height,width,id) {aiResizeIframeHeightById(id,height);}<\/script><iframe id=\"advanced_iframe\"  name=\"advanced_iframe\"  src=\"https:\/\/logdeargentina.com.ar\/php\/lu1sf_detalpalo_2021.php\"  width=\"100%\"  height=\"5000\"  frameborder=\"0\"  border=\"0\"  allowtransparency=\"true\"  loading=\"lazy\"  style=\";border-width: 0px;;border: none;;width:100%;;height:5000px;\" ><\/iframe><script type=\"text\/javascript\">var ifrm_advanced_iframe = document.getElementById(\"advanced_iframe\");var hiddenTabsDoneadvanced_iframe = false;\nfunction resizeCallbackadvanced_iframe() {}<\/script><script type=\"text\/javascript\"><\/script><p style=\"display:block !important; visibility:visible !important;margin: -18px 14px 0 0;padding-left: 3px;padding-top:3px;background: white; overflow: hidden; position: relative; line-height:15px;width: fit-content;\"><small style=\"display:block !important;visibility:visible !important\">powered by Advanced iFrame<\/small><\/p>\n\n<div\n\t\t\t\n\t\t\tclass=\"so-widget-sow-editor so-widget-sow-editor-base\"\n\t\t\t\n\t\t>\n<div class=\"siteorigin-widget-tinymce textwidget\">\n\t<p>LU1FAX LU1FBX LU1FK LU7FLT LU1JBH LU3JOA LU1JEF LU1JGT LU2HOD LU4HOD LU3NPL LU4NNL LU3UAD LU5UFM LU4HNE LW9HXZ LU4JVE LU8JVS LU4MNG LU2MCC LU4RAH LU5RAV LU4SAA LU1SF\/S LU4SF LU8SAM LU5HA LU8HEM LU5ILA LU9IVN LU5KAH LU1KAB LU5NA LU1NA LU8DRA LU8DUA LU8DST LU9DTS LU8GCJ LU3GHF LU8IEZ LU1IAB LU8HH LU3GBC LU8HH LU9GAQ LU8SAN LU2SAB LU8SBX LU7SNB LU9GBR LU3GHF LU9LSC LU8LEL LU9MAH LU8MTC LU9QSA LU5QAC LU9SOJ LU1SCO\/P LW9EL LU1DHZ<\/p>\n<\/div>\n<\/div>\n\n\n<p><\/p>\n","protected":false},"excerpt":{"rendered":"","protected":false},"author":3,"featured_media":0,"parent":11590,"menu_order":0,"comment_status":"closed","ping_status":"closed","template":"","meta":{"ngg_post_thumbnail":0,"footnotes":""},"class_list":["post-4933","page","type-page","status-publish","hentry"],"_links":{"self":[{"href":"https:\/\/lda.ar\/index.php?rest_route=\/wp\/v2\/pages\/4933","targetHints":{"allow":["GET"]}}],"collection":[{"href":"https:\/\/lda.ar\/index.php?rest_route=\/wp\/v2\/pages"}],"about":[{"href":"https:\/\/lda.ar\/index.php?rest_route=\/wp\/v2\/types\/page"}],"author":[{"embeddable":true,"href":"https:\/\/lda.ar\/index.php?rest_route=\/wp\/v2\/users\/3"}],"replies":[{"embeddable":true,"href":"https:\/\/lda.ar\/index.php?rest_route=%2Fwp%2Fv2%2Fcomments&post=4933"}],"version-history":[{"count":6,"href":"https:\/\/lda.ar\/index.php?rest_route=\/wp\/v2\/pages\/4933\/revisions"}],"predecessor-version":[{"id":11974,"href":"https:\/\/lda.ar\/index.php?rest_route=\/wp\/v2\/pages\/4933\/revisions\/11974"}],"up":[{"embeddable":true,"href":"https:\/\/lda.ar\/index.php?rest_route=\/wp\/v2\/pages\/11590"}],"wp:attachment":[{"href":"https:\/\/lda.ar\/index.php?rest_route=%2Fwp%2Fv2%2Fmedia&parent=4933"}],"curies":[{"name":"wp","href":"https:\/\/api.w.org\/{rel}","templated":true}]}}