{"id":4839,"date":"2021-07-08T19:46:14","date_gmt":"2021-07-08T22:46:14","guid":{"rendered":"https:\/\/lda.ar\/wp\/?page_id=4839"},"modified":"2021-07-13T18:18:35","modified_gmt":"2021-07-13T21:18:35","slug":"us-lu6dk-37o-aniversario-expedicion-atlantis-1984-2021","status":"publish","type":"page","link":"https:\/\/lda.ar\/?page_id=4839","title":{"rendered":"(LU6DK) 37\u00ba Aniversario Expedici\u00f3n ATLANTIS (1984-2021)"},"content":{"rendered":"<div id=\"pl-gb4839-69e6ba697c691\"  class=\"panel-layout\" ><div id=\"pg-gb4839-69e6ba697c691-0\"  class=\"panel-grid panel-no-style\" ><div id=\"pgc-gb4839-69e6ba697c691-0-0\"  class=\"panel-grid-cell\" ><div id=\"panel-gb4839-69e6ba697c691-0-0-0\" class=\"so-panel widget widget_sow-headline panel-first-child\" data-index=\"0\" ><div\n\t\t\t\n\t\t\tclass=\"so-widget-sow-headline so-widget-sow-headline-default-20c5311775ad-4839\"\n\t\t\t\n\t\t><div class=\"sow-headline-container \">\n\t\t\t\t\t\t<div class=\"decoration\">\n\t\t\t\t\t\t<div class=\"decoration-inside\"><\/div>\n\t\t\t\t\t<\/div>\n\t\t\t\t\t<\/div>\n<\/div><\/div><div id=\"panel-gb4839-69e6ba697c691-0-0-1\" class=\"so-panel widget widget_sow-image panel-last-child\" data-index=\"1\" ><div\n\t\t\t\n\t\t\tclass=\"so-widget-sow-image so-widget-sow-image-default-113ccd71f3e6-4839\"\n\t\t\t\n\t\t>\n<div class=\"sow-image-container\">\n\t\t<img \n\tsrc=\"https:\/\/lda.ar\/wp-content\/uploads\/2021\/07\/membrete_LU6DK_atlantis_2021.jpg\" width=\"1239\" height=\"163\" srcset=\"https:\/\/lda.ar\/wp-content\/uploads\/2021\/07\/membrete_LU6DK_atlantis_2021.jpg 1239w, https:\/\/lda.ar\/wp-content\/uploads\/2021\/07\/membrete_LU6DK_atlantis_2021-300x39.jpg 300w, https:\/\/lda.ar\/wp-content\/uploads\/2021\/07\/membrete_LU6DK_atlantis_2021-1024x135.jpg 1024w, https:\/\/lda.ar\/wp-content\/uploads\/2021\/07\/membrete_LU6DK_atlantis_2021-768x101.jpg 768w\" sizes=\"(max-width: 1239px) 100vw, 1239px\" title=\"(LU6DK) 37 A\u00f1os Expedici\u00f3n Atlantis\" alt=\"(LU6DK) 37 A\u00f1os Expedici\u00f3n Atlantis\" \t\tclass=\"so-widget-image\"\/>\n\t<\/div>\n\n<\/div><\/div><\/div><\/div><div id=\"pg-gb4839-69e6ba697c691-1\"  class=\"panel-grid panel-no-style\" ><div id=\"pgc-gb4839-69e6ba697c691-1-0\"  class=\"panel-grid-cell\" ><div id=\"panel-gb4839-69e6ba697c691-1-0-0\" class=\"so-panel widget widget_sow-image panel-first-child panel-last-child\" data-index=\"2\" ><div\n\t\t\t\n\t\t\tclass=\"so-widget-sow-image so-widget-sow-image-default-e8513d21b1d5-4839\"\n\t\t\t\n\t\t>\n<div class=\"sow-image-container\">\n\t\t<img \n\tsrc=\"https:\/\/lda.ar\/imagenes\/lda_logo_atlantis.png\" title=\"Emblema\" alt=\"Emblema de la Expedici\u00f3n Atlantis\" \t\tclass=\"so-widget-image\"\/>\n\t<\/div>\n\n<\/div><\/div><\/div><div id=\"pgc-gb4839-69e6ba697c691-1-1\"  class=\"panel-grid-cell\" ><div id=\"panel-gb4839-69e6ba697c691-1-1-0\" class=\"so-panel widget widget_sow-image panel-first-child panel-last-child\" data-index=\"3\" ><div\n\t\t\t\n\t\t\tclass=\"so-widget-sow-image so-widget-sow-image-default-64047dd420f0-4839\"\n\t\t\t\n\t\t>\n<div class=\"sow-image-container\">\n\t\t\t<a href=\"https:\/\/lu6dk.com\/\"\n\t\t\ttarget=\"_blank\" rel=\"noopener noreferrer\" \t\t>\n\t\t\t<img \n\tsrc=\"https:\/\/lda.ar\/wp-content\/uploads\/2021\/07\/MiQSL-LU6DK_atlantis.jpg\" width=\"311\" height=\"200\" srcset=\"https:\/\/lda.ar\/wp-content\/uploads\/2021\/07\/MiQSL-LU6DK_atlantis.jpg 311w, https:\/\/lda.ar\/wp-content\/uploads\/2021\/07\/MiQSL-LU6DK_atlantis-300x193.jpg 300w\" sizes=\"(max-width: 311px) 100vw, 311px\" title=\"(LU6DK) 37 A\u00f1os Expedici\u00f3n Atlantis\" alt=\"(LU6DK) 37 A\u00f1os Expedici\u00f3n Atlantis\" \t\tclass=\"so-widget-image\"\/>\n\t\t\t<\/a><\/div>\n\n<\/div><\/div><\/div><\/div><div id=\"pg-gb4839-69e6ba697c691-2\"  class=\"panel-grid panel-no-style\" ><div id=\"pgc-gb4839-69e6ba697c691-2-0\"  class=\"panel-grid-cell\" ><div id=\"panel-gb4839-69e6ba697c691-2-0-0\" class=\"so-panel widget widget_sow-editor panel-first-child panel-last-child\" data-index=\"4\" ><div\n\t\t\t\n\t\t\tclass=\"so-widget-sow-editor so-widget-sow-editor-base\"\n\t\t\t\n\t\t>\n<div class=\"siteorigin-widget-tinymce textwidget\">\n\t<h6><span style=\"color: #000080;\">\u201c<strong>Expedici\u00f3n Atlantis<\/strong>\u201d. Un desaf\u00edo a los imposibles. Investigando en la historia de la navegaci\u00f3n, Alfredo Barrag\u00e1n descubri\u00f3 que los africanos pudieron llegar a Am\u00e9rica 3000 a\u00f1os antes que Col\u00f3n. Nadie le crey\u00f3. Lo&nbsp; trataron de loco y temerario. Los cient\u00edficos consideraban imposible el cruce del Atl\u00e1ntico hace 35 siglos.<\/span><br \/>\n<span style=\"color: #000080;\">Decidi\u00f3 intentarlo. Form\u00f3 un equipo de deportistas amateurs y, juntos, se lanzaron al oc\u00e9ano en la embarcaci\u00f3n marina m\u00e1s antigua y precaria que haya usado el hombre: una balsa de troncos, sin motor ni tim\u00f3n.<\/span><br \/>\n<span style=\"color: #000080;\">Desafiaron al mar, a la historia y al escepticismo general. Y as\u00ed, tras cuatro a\u00f1os de lucha y 52 d\u00edas de incre\u00edble traves\u00eda, concretaron una de las m\u00e1s bellas haza\u00f1as de todos los tiempos.<\/span><br \/>\n<span style=\"color: #000080;\">\u201cAtlantis\u201d constituye un aporte a la ciencia pero, sobre todo, es una invitaci\u00f3n al hombre a creer en s\u00ed mismo. Al arribar a Am\u00e9rica, el Capit\u00e1n de la balsa resumi\u00f3 todo en una frase:<\/span><\/h6>\n<h4 style=\"text-align: center;\"><span style=\"color: #008000;\">\u201cQUE EL HOMBRE SEPA QUE EL HOMBRE PUEDE\u201d<\/span><\/h4>\n<h6 style=\"text-align: center;\"><span style=\"color: #000080;\">DOLORES, PRIMER PUEBLO PATRIO<\/span><\/h6>\n<\/div>\n<\/div><\/div><\/div><\/div><div id=\"pg-gb4839-69e6ba697c691-3\"  class=\"panel-grid panel-no-style\" ><div id=\"pgc-gb4839-69e6ba697c691-3-0\"  class=\"panel-grid-cell\" ><div id=\"panel-gb4839-69e6ba697c691-3-0-0\" class=\"so-panel widget widget_sow-image panel-first-child panel-last-child\" data-index=\"5\" ><div\n\t\t\t\n\t\t\tclass=\"so-widget-sow-image so-widget-sow-image-default-113ccd71f3e6-4839\"\n\t\t\t\n\t\t>\n<div class=\"sow-image-container\">\n\t\t<img \n\tsrc=\"https:\/\/lda.ar\/imagenes\/lda_balsa_atlantis.jpg\" title=\"(LU6DK) 37\u00ba Aniversario Expedici\u00f3n ATLANTIS (1984-2021)\" alt=\"\" \t\tclass=\"so-widget-image\"\/>\n\t<\/div>\n\n<\/div><\/div><\/div><\/div><div id=\"pg-gb4839-69e6ba697c691-4\"  class=\"panel-grid panel-no-style\" ><div id=\"pgc-gb4839-69e6ba697c691-4-0\"  class=\"panel-grid-cell\" ><div id=\"panel-gb4839-69e6ba697c691-4-0-0\" class=\"so-panel widget widget_sow-button panel-first-child\" data-index=\"6\" ><div\n\t\t\t\n\t\t\tclass=\"so-widget-sow-button so-widget-sow-button-atom-84e047a5cb77-4839\"\n\t\t\t\n\t\t><div class=\"ow-button-base ow-button-align-center\"\n>\n\t\t\t<a\n\t\t\t\t\thref=\"https:\/\/lda.ar\/bases\/bases_LU6DK_atlantis_2021.pdf\"\n\t\t\t\t\tclass=\"sowb-button ow-icon-placement-left ow-button-hover\" target=\"_blank\" rel=\"noopener noreferrer\" \t>\n\t\t<span>\n\t\t\t<span class=\"sow-icon-fontawesome sow-far\" data-sow-icon=\"&#xf1c1;\"\n\t\tstyle=\"\" \n\t\taria-hidden=\"true\"><\/span>\n\t\t\tVER BASES\t\t<\/span>\n\t\t\t<\/a>\n\t<\/div>\n<\/div><\/div><div id=\"panel-gb4839-69e6ba697c691-4-0-1\" class=\"so-panel widget widget_text\" data-index=\"7\" ><div class=\"panel-widget-style panel-widget-style-for-gb4839-69e6ba697c691-4-0-1\" >\t\t\t<div class=\"textwidget\"><p><strong>Los contactos subidos por las estaciones a LdA son exclusiva responsabilidad de las mismas. Si ha detectado una mala carga de alg\u00fan QSO en particular no es LdA quien debe solucionar el problema. P\u00f3ngase en contacto con la instituci\u00f3n organizadora a tal fin o con la estaci\u00f3n contactada buscando sus datos en\u00a0 <a href=\"https:\/\/lda.ar\/?page_id=17\" target=\"_blank\" rel=\"noopener\">USUARIOS DE LdA<\/a> o bien en su <a href=\"https:\/\/www.qrz.com\/\" target=\"_blank\" rel=\"noopener\">QRZ.com<\/a><\/strong><\/p>\n<\/div>\n\t\t<\/div><\/div><div id=\"panel-gb4839-69e6ba697c691-4-0-2\" class=\"so-panel widget widget_text\" data-index=\"8\" ><div class=\"panel-widget-style panel-widget-style-for-gb4839-69e6ba697c691-4-0-2\" >\t\t\t<div class=\"textwidget\"><p><em>El Certificado cumple la totalidad de lo requerido por la Resoluci\u00f3n 3635-E\/2017, art\u00edculos 4.5.4 y 4.6.4, y por lo tanto al tener el Radio Club personer\u00eda jur\u00eddica vigente y ser reconocida por ENACOM es v\u00e1lido para ascensos de categor\u00eda.<\/em><\/p>\n<\/div>\n\t\t<\/div><\/div><div id=\"panel-gb4839-69e6ba697c691-4-0-3\" class=\"so-panel widget widget_sow-headline panel-last-child\" data-index=\"9\" ><div\n\t\t\t\n\t\t\tclass=\"so-widget-sow-headline so-widget-sow-headline-default-20c5311775ad-4839\"\n\t\t\t\n\t\t><div class=\"sow-headline-container \">\n\t\t\t\t\t\t<div class=\"decoration\">\n\t\t\t\t\t\t<div class=\"decoration-inside\"><\/div>\n\t\t\t\t\t<\/div>\n\t\t\t\t\t<\/div>\n<\/div><\/div><\/div><\/div><\/div>\n\n<div id=\"pl-gb4839-69e6ba697e256\"  class=\"panel-layout\" ><div id=\"pg-gb4839-69e6ba697e256-0\"  class=\"panel-grid panel-no-style\" ><div id=\"pgc-gb4839-69e6ba697e256-0-0\"  class=\"panel-grid-cell\" ><div id=\"panel-gb4839-69e6ba697e256-0-0-0\" class=\"so-panel widget widget_media_video panel-first-child panel-last-child\" data-index=\"0\" ><div style=\"width:100%;\" class=\"wp-video\"><video class=\"wp-video-shortcode\" id=\"video-4839-1\" preload=\"metadata\" controls=\"controls\"><source type=\"video\/youtube\" src=\"https:\/\/youtu.be\/3ailXEzMU44?_=1\" \/><a href=\"https:\/\/youtu.be\/3ailXEzMU44\">https:\/\/youtu.be\/3ailXEzMU44<\/a><\/video><\/div><\/div><\/div><div id=\"pgc-gb4839-69e6ba697e256-0-1\"  class=\"panel-grid-cell\" ><div id=\"panel-gb4839-69e6ba697e256-0-1-0\" class=\"so-panel widget widget_media_video panel-first-child panel-last-child\" data-index=\"1\" ><div style=\"width:100%;\" class=\"wp-video\"><video class=\"wp-video-shortcode\" id=\"video-4839-2\" preload=\"metadata\" controls=\"controls\"><source type=\"video\/youtube\" src=\"https:\/\/youtu.be\/G9d1-j6v9vE?_=2\" \/><a href=\"https:\/\/youtu.be\/G9d1-j6v9vE\">https:\/\/youtu.be\/G9d1-j6v9vE<\/a><\/video><\/div><\/div><\/div><div id=\"pgc-gb4839-69e6ba697e256-0-2\"  class=\"panel-grid-cell\" ><div id=\"panel-gb4839-69e6ba697e256-0-2-0\" class=\"so-panel widget widget_media_video panel-first-child panel-last-child\" data-index=\"2\" ><div style=\"width:100%;\" class=\"wp-video\"><video class=\"wp-video-shortcode\" id=\"video-4839-3\" preload=\"metadata\" controls=\"controls\"><source type=\"video\/youtube\" src=\"https:\/\/youtu.be\/OVf3umovaZ0?_=3\" \/><a href=\"https:\/\/youtu.be\/OVf3umovaZ0\">https:\/\/youtu.be\/OVf3umovaZ0<\/a><\/video><\/div><\/div><\/div><\/div><div id=\"pg-gb4839-69e6ba697e256-1\"  class=\"panel-grid panel-no-style\" ><div id=\"pgc-gb4839-69e6ba697e256-1-0\"  class=\"panel-grid-cell\" ><div id=\"panel-gb4839-69e6ba697e256-1-0-0\" class=\"so-panel widget widget_media_video panel-first-child panel-last-child\" data-index=\"3\" ><div style=\"width:100%;\" class=\"wp-video\"><video class=\"wp-video-shortcode\" id=\"video-4839-4\" preload=\"metadata\" controls=\"controls\"><source type=\"video\/youtube\" src=\"https:\/\/youtu.be\/cyO4blipmW8?_=4\" \/><a href=\"https:\/\/youtu.be\/cyO4blipmW8\">https:\/\/youtu.be\/cyO4blipmW8<\/a><\/video><\/div><\/div><\/div><div id=\"pgc-gb4839-69e6ba697e256-1-1\"  class=\"panel-grid-cell\" ><div id=\"panel-gb4839-69e6ba697e256-1-1-0\" class=\"so-panel widget widget_media_video panel-first-child panel-last-child\" data-index=\"4\" ><div style=\"width:100%;\" class=\"wp-video\"><video class=\"wp-video-shortcode\" id=\"video-4839-5\" preload=\"metadata\" controls=\"controls\"><source type=\"video\/youtube\" src=\"https:\/\/youtu.be\/JjNyjAHnBOk?_=5\" \/><a href=\"https:\/\/youtu.be\/JjNyjAHnBOk\">https:\/\/youtu.be\/JjNyjAHnBOk<\/a><\/video><\/div><\/div><\/div><div id=\"pgc-gb4839-69e6ba697e256-1-2\"  class=\"panel-grid-cell\" ><div id=\"panel-gb4839-69e6ba697e256-1-2-0\" class=\"so-panel widget widget_media_video panel-first-child panel-last-child\" data-index=\"5\" ><div style=\"width:100%;\" class=\"wp-video\"><video class=\"wp-video-shortcode\" id=\"video-4839-6\" preload=\"metadata\" controls=\"controls\"><source type=\"video\/youtube\" src=\"https:\/\/youtu.be\/aLXbImzADEw?_=6\" \/><a href=\"https:\/\/youtu.be\/aLXbImzADEw\">https:\/\/youtu.be\/aLXbImzADEw<\/a><\/video><\/div><\/div><\/div><\/div><\/div>\n\n\n<hr class=\"wp-block-separator has-text-color has-background has-luminous-vivid-orange-background-color has-luminous-vivid-orange-color is-style-wide\"\/>\n\n\n<style>\n       .errordiv { padding:10px; margin:10px; border: 1px solid #555555;color: #000000;background-color: #f8f8f8; width:500px; }#advanced_iframe {visibility:visible;opacity:1;vertical-align:top;}.ai-info-bottom-iframe { position: fixed; z-index: 10000; bottom:0; left: 0; margin: 0px; text-align: center; width: 100%; background-color: #ff9999; padding-left: 5px;padding-bottom: 5px; border-top: 1px solid #aaa } a.ai-bold {font-weight: bold;}#ai-layer-div-advanced_iframe p {height:100%;margin:0;padding:0}<\/style><script type=\"text\/javascript\">var ai_iframe_width_advanced_iframe = 0;var ai_iframe_height_advanced_iframe = 0;function aiReceiveMessageadvanced_iframe(event) {  aiProcessMessage(event,\"advanced_iframe\", \"true\",\"\",\"false\",\"false\");}if (window.addEventListener) {  window.addEventListener(\"message\", aiReceiveMessageadvanced_iframe);} else if (el.attachEvent)  {  el.attachEvent(\"message\", aiReceiveMessageadvanced_iframe);}var aiOnloadScrollTop=\"true\";var aiShowDebug=false;\n\t\tif (typeof aiReadyCallbacks === 'undefined') {\n\t\t\tvar aiReadyCallbacks = [];\n\t\t} else if (!(aiReadyCallbacks instanceof Array)) {\n\t\t\tvar aiReadyCallbacks = [];\n\t\t}    function aiShowIframeId(id_iframe) { jQuery(\"#\"+id_iframe).css(\"visibility\", \"visible\");    }    function aiResizeIframeHeight(height) { aiResizeIframeHeight(height,advanced_iframe); }    function aiResizeIframeHeightId(height,width,id) {aiResizeIframeHeightById(id,height);}<\/script><iframe id=\"advanced_iframe\"  name=\"advanced_iframe\"  src=\"https:\/\/lda.ar\/php\/atlantis_2021.php\"  width=\"100%\"  height=\"5100\"  frameborder=\"0\"  border=\"0\"  allowtransparency=\"true\"  loading=\"lazy\"  style=\";border-width: 0px;;border: none;;width:100%;;height:5100px;\" ><\/iframe><script type=\"text\/javascript\">var ifrm_advanced_iframe = document.getElementById(\"advanced_iframe\");var hiddenTabsDoneadvanced_iframe = false;\nfunction resizeCallbackadvanced_iframe() {}<\/script><script type=\"text\/javascript\"><\/script><p style=\"display:block !important; visibility:visible !important;margin: -18px 14px 0 0;padding-left: 3px;padding-top:3px;background: white; overflow: hidden; position: relative; line-height:15px;width: fit-content;\"><small style=\"display:block !important;visibility:visible !important\">powered by Advanced iFrame<\/small><\/p>","protected":false},"excerpt":{"rendered":"","protected":false},"author":3,"featured_media":0,"parent":1406,"menu_order":0,"comment_status":"closed","ping_status":"closed","template":"","meta":{"ngg_post_thumbnail":0,"footnotes":""},"class_list":["post-4839","page","type-page","status-publish","hentry"],"_links":{"self":[{"href":"https:\/\/lda.ar\/index.php?rest_route=\/wp\/v2\/pages\/4839","targetHints":{"allow":["GET"]}}],"collection":[{"href":"https:\/\/lda.ar\/index.php?rest_route=\/wp\/v2\/pages"}],"about":[{"href":"https:\/\/lda.ar\/index.php?rest_route=\/wp\/v2\/types\/page"}],"author":[{"embeddable":true,"href":"https:\/\/lda.ar\/index.php?rest_route=\/wp\/v2\/users\/3"}],"replies":[{"embeddable":true,"href":"https:\/\/lda.ar\/index.php?rest_route=%2Fwp%2Fv2%2Fcomments&post=4839"}],"version-history":[{"count":3,"href":"https:\/\/lda.ar\/index.php?rest_route=\/wp\/v2\/pages\/4839\/revisions"}],"predecessor-version":[{"id":4846,"href":"https:\/\/lda.ar\/index.php?rest_route=\/wp\/v2\/pages\/4839\/revisions\/4846"}],"up":[{"embeddable":true,"href":"https:\/\/lda.ar\/index.php?rest_route=\/wp\/v2\/pages\/1406"}],"wp:attachment":[{"href":"https:\/\/lda.ar\/index.php?rest_route=%2Fwp%2Fv2%2Fmedia&parent=4839"}],"curies":[{"name":"wp","href":"https:\/\/api.w.org\/{rel}","templated":true}]}}