{"id":4678,"date":"2021-07-03T19:14:55","date_gmt":"2021-07-03T22:14:55","guid":{"rendered":"https:\/\/lda.ar\/wp\/?page_id=4678"},"modified":"2021-07-05T19:06:04","modified_gmt":"2021-07-05T22:06:04","slug":"us-lu1dnq-55o-aniversario-de-radio-club-pergamino","status":"publish","type":"page","link":"https:\/\/lda.ar\/?page_id=4678","title":{"rendered":"(LU1DNQ) 55\u00ba Aniversario de Radio Club Pergamino"},"content":{"rendered":"<div id=\"pl-gb4678-69e68f3cdc04c\"  class=\"panel-layout\" ><div id=\"pg-gb4678-69e68f3cdc04c-0\"  class=\"panel-grid panel-no-style\" ><div id=\"pgc-gb4678-69e68f3cdc04c-0-0\"  class=\"panel-grid-cell\" ><div id=\"panel-gb4678-69e68f3cdc04c-0-0-0\" class=\"so-panel widget widget_sow-headline panel-first-child\" data-index=\"0\" ><div\n\t\t\t\n\t\t\tclass=\"so-widget-sow-headline so-widget-sow-headline-default-20c5311775ad-4678\"\n\t\t\t\n\t\t><div class=\"sow-headline-container \">\n\t\t\t\t\t\t<div class=\"decoration\">\n\t\t\t\t\t\t<div class=\"decoration-inside\"><\/div>\n\t\t\t\t\t<\/div>\n\t\t\t\t\t<\/div>\n<\/div><\/div><div id=\"panel-gb4678-69e68f3cdc04c-0-0-1\" class=\"so-panel widget widget_sow-image\" data-index=\"1\" ><div\n\t\t\t\n\t\t\tclass=\"so-widget-sow-image so-widget-sow-image-default-113ccd71f3e6-4678\"\n\t\t\t\n\t\t>\n<div class=\"sow-image-container\">\n\t\t<img \n\tsrc=\"https:\/\/lda.ar\/wp-content\/uploads\/2021\/07\/membrete_LU1DNQ_55aniversario.jpg\" width=\"1239\" height=\"163\" srcset=\"https:\/\/lda.ar\/wp-content\/uploads\/2021\/07\/membrete_LU1DNQ_55aniversario.jpg 1239w, https:\/\/lda.ar\/wp-content\/uploads\/2021\/07\/membrete_LU1DNQ_55aniversario-300x39.jpg 300w, https:\/\/lda.ar\/wp-content\/uploads\/2021\/07\/membrete_LU1DNQ_55aniversario-1024x135.jpg 1024w, https:\/\/lda.ar\/wp-content\/uploads\/2021\/07\/membrete_LU1DNQ_55aniversario-768x101.jpg 768w\" sizes=\"(max-width: 1239px) 100vw, 1239px\" title=\"(LU1DNQ) 55 Aniversario Radio Club Pergamino\" alt=\"(LU1DNQ) 55 Aniversario Radio Club Pergamino\" \t\tclass=\"so-widget-image\"\/>\n\t<\/div>\n\n<\/div><\/div><div id=\"panel-gb4678-69e68f3cdc04c-0-0-2\" class=\"so-panel widget widget_sow-image\" data-index=\"2\" ><div\n\t\t\t\n\t\t\tclass=\"so-widget-sow-image so-widget-sow-image-default-113ccd71f3e6-4678\"\n\t\t\t\n\t\t>\n<div class=\"sow-image-container\">\n\t\t\t<a href=\"https:\/\/www.facebook.com\/Lu1dnq-RADIO-CLUB-Pergamino-2235550853368499\"\n\t\t\ttarget=\"_blank\" rel=\"noopener noreferrer\" \t\t>\n\t\t\t<img \n\tsrc=\"https:\/\/lda.ar\/wp-content\/uploads\/2021\/07\/MiQSL-LU1DNQ-55ANIV.png\" width=\"311\" height=\"201\" srcset=\"https:\/\/lda.ar\/wp-content\/uploads\/2021\/07\/MiQSL-LU1DNQ-55ANIV.png 311w, https:\/\/lda.ar\/wp-content\/uploads\/2021\/07\/MiQSL-LU1DNQ-55ANIV-300x194.png 300w\" sizes=\"(max-width: 311px) 100vw, 311px\" title=\"(LU1DNQ) 55 Aniversario Radio Club Pergamino\" alt=\"(LU1DNQ) 55 Aniversario Radio Club Pergamino\" \t\tclass=\"so-widget-image\"\/>\n\t\t\t<\/a><\/div>\n\n<\/div><\/div><div id=\"panel-gb4678-69e68f3cdc04c-0-0-3\" class=\"so-panel widget widget_sow-editor panel-last-child\" data-index=\"3\" ><div\n\t\t\t\n\t\t\tclass=\"so-widget-sow-editor so-widget-sow-editor-base\"\n\t\t\t\n\t\t>\n<div class=\"siteorigin-widget-tinymce textwidget\">\n\t<h5><span style=\"color: #003366;\">El 9 de julio, por ser el d\u00eda de nuestra independencia patria, tenemos un acontecimiento agradable a todos los radioaficionados asociados y amigos a nuestra instituci\u00f3n. El Radio Club Pergamino (LU1DNQ), cumple en esta fecha patria 55 a\u00f1os. Dicho cumplea\u00f1os, es de doble orgullo como argentinos y radioaficionados, por lo que invitamos a todos a la obtenci\u00f3n de un certificado radial en tan grata fecha. <\/span><\/h5>\n<\/div>\n<\/div><\/div><\/div><\/div><div id=\"pg-gb4678-69e68f3cdc04c-1\"  class=\"panel-grid panel-no-style\" ><div id=\"pgc-gb4678-69e68f3cdc04c-1-0\"  class=\"panel-grid-cell\" ><div id=\"panel-gb4678-69e68f3cdc04c-1-0-0\" class=\"so-panel widget widget_sow-button panel-first-child\" data-index=\"4\" ><div\n\t\t\t\n\t\t\tclass=\"so-widget-sow-button so-widget-sow-button-atom-84e047a5cb77-4678\"\n\t\t\t\n\t\t><div class=\"ow-button-base ow-button-align-center\"\n>\n\t\t\t<a\n\t\t\t\t\thref=\"https:\/\/lda.ar\/bases\/bases_LU1DNQ_55aniversario.pdf\"\n\t\t\t\t\tclass=\"sowb-button ow-icon-placement-left ow-button-hover\" target=\"_blank\" rel=\"noopener noreferrer\" \t>\n\t\t<span>\n\t\t\t<span class=\"sow-icon-fontawesome sow-far\" data-sow-icon=\"&#xf1c1;\"\n\t\tstyle=\"\" \n\t\taria-hidden=\"true\"><\/span>\n\t\t\tVER BASES\t\t<\/span>\n\t\t\t<\/a>\n\t<\/div>\n<\/div><\/div><div id=\"panel-gb4678-69e68f3cdc04c-1-0-1\" class=\"so-panel widget widget_text\" data-index=\"5\" ><div class=\"panel-widget-style panel-widget-style-for-gb4678-69e68f3cdc04c-1-0-1\" >\t\t\t<div class=\"textwidget\"><p><strong>Los contactos subidos por las estaciones a LdA son exclusiva responsabilidad de las mismas. Si ha detectado una mala carga de alg\u00fan QSO en particular no es LdA quien debe solucionar el problema. P\u00f3ngase en contacto con la instituci\u00f3n organizadora a tal fin o con la estaci\u00f3n contactada buscando sus datos en\u00a0 <a href=\"https:\/\/lda.ar\/?page_id=17\" target=\"_blank\" rel=\"noopener\">USUARIOS DE LdA<\/a> o bien en su <a href=\"https:\/\/www.qrz.com\/\" target=\"_blank\" rel=\"noopener\">QRZ.com<\/a><\/strong><\/p>\n<\/div>\n\t\t<\/div><\/div><div id=\"panel-gb4678-69e68f3cdc04c-1-0-2\" class=\"so-panel widget widget_text\" data-index=\"6\" ><div class=\"panel-widget-style panel-widget-style-for-gb4678-69e68f3cdc04c-1-0-2\" >\t\t\t<div class=\"textwidget\"><p><em>El Certificado cumple la totalidad de lo requerido por la Resoluci\u00f3n 3635-E\/2017, art\u00edculos 4.5.4 y 4.6.4, y por lo tanto al tener el Radio Club personer\u00eda jur\u00eddica vigente y ser reconocida por ENACOM es v\u00e1lido para ascensos de categor\u00eda.<\/em><\/p>\n<\/div>\n\t\t<\/div><\/div><div id=\"panel-gb4678-69e68f3cdc04c-1-0-3\" class=\"so-panel widget widget_sow-headline panel-last-child\" data-index=\"7\" ><div\n\t\t\t\n\t\t\tclass=\"so-widget-sow-headline so-widget-sow-headline-default-20c5311775ad-4678\"\n\t\t\t\n\t\t><div class=\"sow-headline-container \">\n\t\t\t\t\t\t<div class=\"decoration\">\n\t\t\t\t\t\t<div class=\"decoration-inside\"><\/div>\n\t\t\t\t\t<\/div>\n\t\t\t\t\t<\/div>\n<\/div><\/div><\/div><\/div><\/div>\n\n<style>\n       .errordiv { padding:10px; margin:10px; border: 1px solid #555555;color: #000000;background-color: #f8f8f8; width:500px; }#advanced_iframe {visibility:visible;opacity:1;vertical-align:top;}.ai-info-bottom-iframe { position: fixed; z-index: 10000; bottom:0; left: 0; margin: 0px; text-align: center; width: 100%; background-color: #ff9999; padding-left: 5px;padding-bottom: 5px; border-top: 1px solid #aaa } a.ai-bold {font-weight: bold;}#ai-layer-div-advanced_iframe p {height:100%;margin:0;padding:0}<\/style><script type=\"text\/javascript\">var ai_iframe_width_advanced_iframe = 0;var ai_iframe_height_advanced_iframe = 0;function aiReceiveMessageadvanced_iframe(event) {  aiProcessMessage(event,\"advanced_iframe\", \"true\",\"\",\"false\",\"false\");}if (window.addEventListener) {  window.addEventListener(\"message\", aiReceiveMessageadvanced_iframe);} else if (el.attachEvent)  {  el.attachEvent(\"message\", aiReceiveMessageadvanced_iframe);}var aiOnloadScrollTop=\"true\";var aiShowDebug=false;\n\t\tif (typeof aiReadyCallbacks === 'undefined') {\n\t\t\tvar aiReadyCallbacks = [];\n\t\t} else if (!(aiReadyCallbacks instanceof Array)) {\n\t\t\tvar aiReadyCallbacks = [];\n\t\t}    function aiShowIframeId(id_iframe) { jQuery(\"#\"+id_iframe).css(\"visibility\", \"visible\");    }    function aiResizeIframeHeight(height) { aiResizeIframeHeight(height,advanced_iframe); }    function aiResizeIframeHeightId(height,width,id) {aiResizeIframeHeightById(id,height);}<\/script><iframe id=\"advanced_iframe\"  name=\"advanced_iframe\"  src=\"https:\/\/lda.ar\/php\/LU1DNQ_2021.php\"  width=\"100%\"  height=\"5100\"  frameborder=\"0\"  border=\"0\"  allowtransparency=\"true\"  loading=\"lazy\"  style=\";border-width: 0px;;border: none;;width:100%;;height:5100px;\" ><\/iframe><script type=\"text\/javascript\">var ifrm_advanced_iframe = document.getElementById(\"advanced_iframe\");var hiddenTabsDoneadvanced_iframe = false;\nfunction resizeCallbackadvanced_iframe() {}<\/script><script type=\"text\/javascript\"><\/script><p style=\"display:block !important; visibility:visible !important;margin: -18px 14px 0 0;padding-left: 3px;padding-top:3px;background: white; overflow: hidden; position: relative; line-height:15px;width: fit-content;\"><small style=\"display:block !important;visibility:visible !important\">powered by Advanced iFrame<\/small><\/p>\n\n<div\n\t\t\t\n\t\t\tclass=\"so-widget-sow-editor so-widget-sow-editor-base\"\n\t\t\t\n\t\t>\n<div class=\"siteorigin-widget-tinymce textwidget\">\n\t<h6>LR8D LU1ECJ LU1EGT LU1XJJ LU2DHW LU2ELZ LU2IV LU3EZH LU5EPB LU6DAK LU6DCT LU6EMC LU8DTY LU8DZH LU8EGJ LU8GCJ LU8QXX\/P LW1EBE LW2DJM LW3EXJ LW4DHB LW8EJ LW9DVW<\/h6>\n<\/div>\n<\/div>","protected":false},"excerpt":{"rendered":"<p>El 9 de julio, por ser el d\u00eda de nuestra independencia patria, tenemos un acontecimiento agradable a todos los radioaficionados asociados y amigos a nuestra instituci\u00f3n. El Radio Club Pergamino&hellip; <\/p>\n","protected":false},"author":3,"featured_media":0,"parent":1406,"menu_order":0,"comment_status":"closed","ping_status":"closed","template":"","meta":{"ngg_post_thumbnail":0,"footnotes":""},"class_list":["post-4678","page","type-page","status-publish","hentry"],"_links":{"self":[{"href":"https:\/\/lda.ar\/index.php?rest_route=\/wp\/v2\/pages\/4678","targetHints":{"allow":["GET"]}}],"collection":[{"href":"https:\/\/lda.ar\/index.php?rest_route=\/wp\/v2\/pages"}],"about":[{"href":"https:\/\/lda.ar\/index.php?rest_route=\/wp\/v2\/types\/page"}],"author":[{"embeddable":true,"href":"https:\/\/lda.ar\/index.php?rest_route=\/wp\/v2\/users\/3"}],"replies":[{"embeddable":true,"href":"https:\/\/lda.ar\/index.php?rest_route=%2Fwp%2Fv2%2Fcomments&post=4678"}],"version-history":[{"count":9,"href":"https:\/\/lda.ar\/index.php?rest_route=\/wp\/v2\/pages\/4678\/revisions"}],"predecessor-version":[{"id":4704,"href":"https:\/\/lda.ar\/index.php?rest_route=\/wp\/v2\/pages\/4678\/revisions\/4704"}],"up":[{"embeddable":true,"href":"https:\/\/lda.ar\/index.php?rest_route=\/wp\/v2\/pages\/1406"}],"wp:attachment":[{"href":"https:\/\/lda.ar\/index.php?rest_route=%2Fwp%2Fv2%2Fmedia&parent=4678"}],"curies":[{"name":"wp","href":"https:\/\/api.w.org\/{rel}","templated":true}]}}