{"id":4227,"date":"2021-05-18T10:22:08","date_gmt":"2021-05-18T13:22:08","guid":{"rendered":"https:\/\/lda.ar\/wp\/?page_id=4227"},"modified":"2021-05-18T10:22:49","modified_gmt":"2021-05-18T13:22:49","slug":"us-lu1hra-homenaje-al-bombero-voluntario-argentino-2021","status":"publish","type":"page","link":"https:\/\/lda.ar\/?page_id=4227","title":{"rendered":"(LU1HRA) Homenaje al Bombero Voluntario Argentino (2021)"},"content":{"rendered":"<div id=\"pl-gb4227-69e6782316ecd\"  class=\"panel-layout\" ><div id=\"pg-gb4227-69e6782316ecd-0\"  class=\"panel-grid panel-no-style\" ><div id=\"pgc-gb4227-69e6782316ecd-0-0\"  class=\"panel-grid-cell\" ><div id=\"panel-gb4227-69e6782316ecd-0-0-0\" class=\"so-panel widget widget_sow-headline panel-first-child\" data-index=\"0\" ><div\n\t\t\t\n\t\t\tclass=\"so-widget-sow-headline so-widget-sow-headline-default-20c5311775ad-4227\"\n\t\t\t\n\t\t><div class=\"sow-headline-container \">\n\t\t\t\t\t\t<div class=\"decoration\">\n\t\t\t\t\t\t<div class=\"decoration-inside\"><\/div>\n\t\t\t\t\t<\/div>\n\t\t\t\t\t<\/div>\n<\/div><\/div><div id=\"panel-gb4227-69e6782316ecd-0-0-1\" class=\"so-panel widget widget_sow-image\" data-index=\"1\" ><div\n\t\t\t\n\t\t\tclass=\"so-widget-sow-image so-widget-sow-image-default-113ccd71f3e6-4227\"\n\t\t\t\n\t\t>\n<div class=\"sow-image-container\">\n\t\t\t<a href=\"http:\/\/www.lu1sf.com.ar\"\n\t\t\ttarget=\"_blank\" rel=\"noopener noreferrer\" \t\t>\n\t\t\t<img \n\tsrc=\"https:\/\/lda.ar\/wp-content\/uploads\/2021\/05\/membrete_lu1hra_bomberos2021.jpg\" width=\"1239\" height=\"163\" srcset=\"https:\/\/lda.ar\/wp-content\/uploads\/2021\/05\/membrete_lu1hra_bomberos2021.jpg 1239w, https:\/\/lda.ar\/wp-content\/uploads\/2021\/05\/membrete_lu1hra_bomberos2021-300x39.jpg 300w, https:\/\/lda.ar\/wp-content\/uploads\/2021\/05\/membrete_lu1hra_bomberos2021-1024x135.jpg 1024w, https:\/\/lda.ar\/wp-content\/uploads\/2021\/05\/membrete_lu1hra_bomberos2021-768x101.jpg 768w\" sizes=\"(max-width: 1239px) 100vw, 1239px\" title=\"(LU1HRA) D\u00eda del Bombero Voluntario Argentino (2021)\" alt=\"LU1SF\" \t\tclass=\"so-widget-image\"\/>\n\t\t\t<\/a><\/div>\n\n<\/div><\/div><div id=\"panel-gb4227-69e6782316ecd-0-0-2\" class=\"so-panel widget widget_sow-image\" data-index=\"2\" ><div\n\t\t\t\n\t\t\tclass=\"so-widget-sow-image so-widget-sow-image-default-113ccd71f3e6-4227\"\n\t\t\t\n\t\t>\n<div class=\"sow-image-container\">\n\t\t<img \n\tsrc=\"https:\/\/lda.ar\/wp-content\/uploads\/2021\/05\/muestra_qsl_LU1HRA-BOMBEROS-2021.jpg\" width=\"311\" height=\"200\" srcset=\"https:\/\/lda.ar\/wp-content\/uploads\/2021\/05\/muestra_qsl_LU1HRA-BOMBEROS-2021.jpg 311w, https:\/\/lda.ar\/wp-content\/uploads\/2021\/05\/muestra_qsl_LU1HRA-BOMBEROS-2021-300x193.jpg 300w\" sizes=\"(max-width: 311px) 100vw, 311px\" title=\"LU1HRA\" alt=\"LU1HRA\" \t\tclass=\"so-widget-image\"\/>\n\t<\/div>\n\n<\/div><\/div><div id=\"panel-gb4227-69e6782316ecd-0-0-3\" class=\"so-panel widget widget_sow-editor panel-last-child\" data-index=\"3\" ><div\n\t\t\t\n\t\t\tclass=\"so-widget-sow-editor so-widget-sow-editor-base\"\n\t\t\t\n\t\t><h3 class=\"widget-title\">\u00bfPOR QU\u00c9 EL 2 DE JUNIO SE CELEBRA EL D\u00cdA DEL BOMBERO VOLUNTARIO ARGENTINO, A QUI\u00c9N ESTAMOS HOMENAJEANDO?\u2026<\/h3>\n<div class=\"siteorigin-widget-tinymce textwidget\">\n\t<h5><span style=\"color: #ff0000;\"><strong>QUERER ES PODER<\/strong><\/span><\/h5>\n<p><span style=\"color: #000080;\">Durante la Presidencia de Nicol\u00e1s Avellaneda (1874-1880), se sancion\u00f3 la primera Ley a nivel Nacional de Inmigraci\u00f3n y Colonizaci\u00f3n, cuyo objetivo era proteger y fomentar la inmigraci\u00f3n.<br \/>\n<\/span><span style=\"color: #000080;\">Durante el Gobierno del Gral. Julio Argentino Roca (1880-1886) se produjo en nuestro pa\u00eds un hecho posteriormente conocido como \u201caluvi\u00f3n inmigratorio\u201d: italianos, holandeses, alemanes, etc.<br \/>\n<\/span><span style=\"color: #000080;\">El Barrio de La Boca del Riachuelo, comenz\u00f3 a recibir el flujo de estos inmigrantes, sobre todo los de origen Italiano, quienes en su mayor\u00eda eran personas humildes, que buscaban progresar en esta nueva patria.<br \/>\n<\/span><span style=\"color: #000080;\">Las viviendas construidas a partir de los rezagos de los astilleros de la zona, maderas, chapas, las cuales eran muy precarias y de f\u00e1cil combusti\u00f3n. Adem\u00e1s el Barrio de La Boca estaba muy distante del casco c\u00e9ntrico de la ciudad.<\/span><\/p>\n<p><span style=\"color: #000080;\">Tom\u00e1s Liberti convoca a los ciudadanos a una reuni\u00f3n diciendo:<\/span><\/p>\n<p><span style=\"color: #000080;\"><strong><em>\u201cCiudadanos: una chispa podr\u00eda desarrollar un voraz incendio que reducir\u00eda a cenizas nuestras habitaciones de madera. Tenemos necesidad de una Sociedad de Bomberos que en los momentos de peligro salven nuestros bienes y nuestras familias. Con tal motivo invitamos a la reuni\u00f3n que tendr\u00e1 lugar el domingo p.v. a las 3 de la tarde. en el Ateneo Iris.<\/em><\/strong><\/span><\/p>\n<p><span style=\"color: #000080;\">Al finalizar la reuni\u00f3n de ese Domingo 2 de Junio de 1884, fue fundada la \u201c<strong>Sociedad Pompieri Voluntari Della Boca<\/strong>\u201d, primera entidad de su tipo en el pa\u00eds. El primer edificio que cumplir\u00eda las funciones de cuartel se ubic\u00f3 en la calle Necochea, entre Lamadrid y la Avenida Pedro de Mendoza. En el frente se coloc\u00f3 un cartel que dec\u00eda:<\/span><\/p>\n<p><span style=\"color: #000080;\"><strong><em>\u201cVolere \u00e8 Potere\u201d <\/em><\/strong>que, en Genov\u00e9s significa: <strong><em>\u201cQuerer es Poder\u201d<\/em><\/strong><\/span><\/p>\n<p><span style=\"color: #000080;\">De esa forma el 2 de Junio de 1884, fecha que qued\u00f3 consagrada en el pa\u00eds como el \u201c<strong>D\u00eda del&nbsp;<\/strong><strong>Bombero Voluntario Argentino<\/strong>\u201d, se cre\u00f3 la primera Sociedad de Bomberos Voluntarios de la <strong>Rep\u00fablica, que cont\u00f3 con el incondicional apoyo de todos los pobladores del tradicional barrio porte\u00f1o.<\/strong><\/span><\/p>\n<\/div>\n<\/div><\/div><\/div><\/div><div id=\"pg-gb4227-69e6782316ecd-1\"  class=\"panel-grid panel-no-style\" ><div id=\"pgc-gb4227-69e6782316ecd-1-0\"  class=\"panel-grid-cell\" ><div id=\"panel-gb4227-69e6782316ecd-1-0-0\" class=\"so-panel widget widget_sow-button panel-first-child\" data-index=\"4\" ><div\n\t\t\t\n\t\t\tclass=\"so-widget-sow-button so-widget-sow-button-atom-84e047a5cb77-4227\"\n\t\t\t\n\t\t><div class=\"ow-button-base ow-button-align-center\"\n>\n\t\t\t<a\n\t\t\t\t\thref=\"https:\/\/lda.ar\/bases\/bases_lu1hra_bomberos2021.pdf\"\n\t\t\t\t\tclass=\"sowb-button ow-icon-placement-left ow-button-hover\" target=\"_blank\" rel=\"noopener noreferrer\" \t>\n\t\t<span>\n\t\t\t<span class=\"sow-icon-fontawesome sow-far\" data-sow-icon=\"&#xf1c1;\"\n\t\tstyle=\"\" \n\t\taria-hidden=\"true\"><\/span>\n\t\t\tVER BASES\t\t<\/span>\n\t\t\t<\/a>\n\t<\/div>\n<\/div><\/div><div id=\"panel-gb4227-69e6782316ecd-1-0-1\" class=\"so-panel widget widget_text\" data-index=\"5\" ><div class=\"panel-widget-style panel-widget-style-for-gb4227-69e6782316ecd-1-0-1\" >\t\t\t<div class=\"textwidget\"><p><strong>Los contactos subidos por las estaciones a LdA son exclusiva responsabilidad de las mismas. Si ha detectado una mala carga de alg\u00fan QSO en particular no es LdA quien debe solucionar el problema. P\u00f3ngase en contacto con la instituci\u00f3n organizadora a tal fin o con la estaci\u00f3n contactada buscando sus datos en\u00a0 <a href=\"https:\/\/lda.ar\/?page_id=17\" target=\"_blank\" rel=\"noopener\">USUARIOS DE LdA<\/a> o bien en su QRZ.com<\/strong><\/p>\n<\/div>\n\t\t<\/div><\/div><div id=\"panel-gb4227-69e6782316ecd-1-0-2\" class=\"so-panel widget widget_text\" data-index=\"6\" ><div class=\"panel-widget-style panel-widget-style-for-gb4227-69e6782316ecd-1-0-2\" >\t\t\t<div class=\"textwidget\"><p><em>El Certificado cumple la totalidad de lo requerido por la Resoluci\u00f3n 3635-E\/2017, art\u00edculos 4.5.4 y 4.6.4, y por lo tanto al tener el Radio Club personer\u00eda jur\u00eddica vigente y ser reconocida por ENACOM es v\u00e1lido para ascensos de categor\u00eda.<\/em><\/p>\n<\/div>\n\t\t<\/div><\/div><div id=\"panel-gb4227-69e6782316ecd-1-0-3\" class=\"so-panel widget widget_sow-headline panel-last-child\" data-index=\"7\" ><div\n\t\t\t\n\t\t\tclass=\"so-widget-sow-headline so-widget-sow-headline-default-20c5311775ad-4227\"\n\t\t\t\n\t\t><div class=\"sow-headline-container \">\n\t\t\t\t\t\t<div class=\"decoration\">\n\t\t\t\t\t\t<div class=\"decoration-inside\"><\/div>\n\t\t\t\t\t<\/div>\n\t\t\t\t\t<\/div>\n<\/div><\/div><\/div><\/div><\/div>\n\n\n<div style=\"height:20px\" aria-hidden=\"true\" class=\"wp-block-spacer\"><\/div>\n\n\n<style>\n       .errordiv { padding:10px; margin:10px; border: 1px solid #555555;color: #000000;background-color: #f8f8f8; width:500px; }#advanced_iframe {visibility:visible;opacity:1;vertical-align:top;}.ai-info-bottom-iframe { position: fixed; z-index: 10000; bottom:0; left: 0; margin: 0px; text-align: center; width: 100%; background-color: #ff9999; padding-left: 5px;padding-bottom: 5px; border-top: 1px solid #aaa } a.ai-bold {font-weight: bold;}#ai-layer-div-advanced_iframe p {height:100%;margin:0;padding:0}<\/style><script type=\"text\/javascript\">var ai_iframe_width_advanced_iframe = 0;var ai_iframe_height_advanced_iframe = 0;function aiReceiveMessageadvanced_iframe(event) {  aiProcessMessage(event,\"advanced_iframe\", \"true\",\"\",\"false\",\"false\");}if (window.addEventListener) {  window.addEventListener(\"message\", aiReceiveMessageadvanced_iframe);} else if (el.attachEvent)  {  el.attachEvent(\"message\", aiReceiveMessageadvanced_iframe);}var aiOnloadScrollTop=\"true\";var aiShowDebug=false;\n\t\tif (typeof aiReadyCallbacks === 'undefined') {\n\t\t\tvar aiReadyCallbacks = [];\n\t\t} else if (!(aiReadyCallbacks instanceof Array)) {\n\t\t\tvar aiReadyCallbacks = [];\n\t\t}    function aiShowIframeId(id_iframe) { jQuery(\"#\"+id_iframe).css(\"visibility\", \"visible\");    }    function aiResizeIframeHeight(height) { aiResizeIframeHeight(height,advanced_iframe); }    function aiResizeIframeHeightId(height,width,id) {aiResizeIframeHeightById(id,height);}<\/script><iframe id=\"advanced_iframe\"  name=\"advanced_iframe\"  src=\"https:\/\/lda.ar\/php\/bomberos_2021.php\"  width=\"100%\"  height=\"5100\"  frameborder=\"0\"  border=\"0\"  allowtransparency=\"true\"  loading=\"lazy\"  style=\";border-width: 0px;;border: none;;width:100%;;height:5100px;\" ><\/iframe><script type=\"text\/javascript\">var ifrm_advanced_iframe = document.getElementById(\"advanced_iframe\");var hiddenTabsDoneadvanced_iframe = false;\nfunction resizeCallbackadvanced_iframe() {}<\/script><script type=\"text\/javascript\"><\/script><p style=\"display:block !important; visibility:visible !important;margin: -18px 14px 0 0;padding-left: 3px;padding-top:3px;background: white; overflow: hidden; position: relative; line-height:15px;width: fit-content;\"><small style=\"display:block !important;visibility:visible !important\">powered by Advanced iFrame<\/small><\/p>","protected":false},"excerpt":{"rendered":"<p>QUERER ES PODER Durante la Presidencia de Nicol\u00e1s Avellaneda (1874-1880), se sancion\u00f3 la primera Ley a nivel Nacional de Inmigraci\u00f3n y Colonizaci\u00f3n, cuyo objetivo era proteger y fomentar la inmigraci\u00f3n.&hellip; <\/p>\n","protected":false},"author":3,"featured_media":0,"parent":1406,"menu_order":0,"comment_status":"closed","ping_status":"closed","template":"","meta":{"ngg_post_thumbnail":0,"footnotes":""},"class_list":["post-4227","page","type-page","status-publish","hentry"],"_links":{"self":[{"href":"https:\/\/lda.ar\/index.php?rest_route=\/wp\/v2\/pages\/4227","targetHints":{"allow":["GET"]}}],"collection":[{"href":"https:\/\/lda.ar\/index.php?rest_route=\/wp\/v2\/pages"}],"about":[{"href":"https:\/\/lda.ar\/index.php?rest_route=\/wp\/v2\/types\/page"}],"author":[{"embeddable":true,"href":"https:\/\/lda.ar\/index.php?rest_route=\/wp\/v2\/users\/3"}],"replies":[{"embeddable":true,"href":"https:\/\/lda.ar\/index.php?rest_route=%2Fwp%2Fv2%2Fcomments&post=4227"}],"version-history":[{"count":1,"href":"https:\/\/lda.ar\/index.php?rest_route=\/wp\/v2\/pages\/4227\/revisions"}],"predecessor-version":[{"id":4228,"href":"https:\/\/lda.ar\/index.php?rest_route=\/wp\/v2\/pages\/4227\/revisions\/4228"}],"up":[{"embeddable":true,"href":"https:\/\/lda.ar\/index.php?rest_route=\/wp\/v2\/pages\/1406"}],"wp:attachment":[{"href":"https:\/\/lda.ar\/index.php?rest_route=%2Fwp%2Fv2%2Fmedia&parent=4227"}],"curies":[{"name":"wp","href":"https:\/\/api.w.org\/{rel}","templated":true}]}}