{"id":4096,"date":"2021-05-02T14:12:13","date_gmt":"2021-05-02T17:12:13","guid":{"rendered":"https:\/\/lda.ar\/wp\/?page_id=4096"},"modified":"2024-12-11T12:54:10","modified_gmt":"2024-12-11T15:54:10","slug":"nl-lda-3er-aniversario-de-log-de-argentina","status":"publish","type":"page","link":"https:\/\/lda.ar\/?page_id=4096","title":{"rendered":"| LdA | 3er. Aniversario de Log de Argentina"},"content":{"rendered":"<div id=\"pl-gb4096-69e67c9db70d0\"  class=\"panel-layout wp-block-siteorigin-panels-layout-block\" ><div id=\"pg-gb4096-69e67c9db70d0-0\"  class=\"panel-grid panel-no-style\" ><div id=\"pgc-gb4096-69e67c9db70d0-0-0\"  class=\"panel-grid-cell\" ><div id=\"panel-gb4096-69e67c9db70d0-0-0-0\" class=\"so-panel widget widget_sow-headline panel-first-child\" data-index=\"0\" ><div\n\t\t\t\n\t\t\tclass=\"so-widget-sow-headline so-widget-sow-headline-default-20c5311775ad-4096\"\n\t\t\t\n\t\t><div class=\"sow-headline-container \">\n\t\t\t\t\t\t<div class=\"decoration\">\n\t\t\t\t\t\t<div class=\"decoration-inside\"><\/div>\n\t\t\t\t\t<\/div>\n\t\t\t\t\t<\/div>\n<\/div><\/div><div id=\"panel-gb4096-69e67c9db70d0-0-0-1\" class=\"so-panel widget widget_sow-image\" data-index=\"1\" ><div\n\t\t\t\n\t\t\tclass=\"so-widget-sow-image so-widget-sow-image-default-113ccd71f3e6-4096\"\n\t\t\t\n\t\t>\n<div class=\"sow-image-container\">\n\t\t<img \n\tsrc=\"https:\/\/lda.ar\/wp-content\/uploads\/2021\/05\/membrete_LdA_3_2021_aniversario.jpg\" width=\"1239\" height=\"163\" srcset=\"https:\/\/lda.ar\/wp-content\/uploads\/2021\/05\/membrete_LdA_3_2021_aniversario.jpg 1239w, https:\/\/lda.ar\/wp-content\/uploads\/2021\/05\/membrete_LdA_3_2021_aniversario-300x39.jpg 300w, https:\/\/lda.ar\/wp-content\/uploads\/2021\/05\/membrete_LdA_3_2021_aniversario-1024x135.jpg 1024w, https:\/\/lda.ar\/wp-content\/uploads\/2021\/05\/membrete_LdA_3_2021_aniversario-768x101.jpg 768w\" sizes=\"(max-width: 1239px) 100vw, 1239px\" title=\"3er. Aniversario de Log de Argentina\" alt=\"LdA\" \t\tclass=\"so-widget-image\"\/>\n\t<\/div>\n\n<\/div><\/div><div id=\"panel-gb4096-69e67c9db70d0-0-0-2\" class=\"so-panel widget widget_sow-editor panel-last-child\" data-index=\"2\" ><div\n\t\t\t\n\t\t\tclass=\"so-widget-sow-editor so-widget-sow-editor-base\"\n\t\t\t\n\t\t>\n<div class=\"siteorigin-widget-tinymce textwidget\">\n\t<h5>Queremos festejar estos tres a\u00f1os de existencia con nuestros usuarios que siempre nos acompa\u00f1an, por eso Log de Argentina emitir\u00e1 un certificado ANIVERSARIO y los invitamos a participar de este evento.<\/h5>\n<\/div>\n<\/div><\/div><\/div><\/div><div id=\"pg-gb4096-69e67c9db70d0-1\"  class=\"panel-grid panel-no-style\" ><div id=\"pgc-gb4096-69e67c9db70d0-1-0\"  class=\"panel-grid-cell\" ><div id=\"panel-gb4096-69e67c9db70d0-1-0-0\" class=\"so-panel widget widget_sow-image panel-first-child panel-last-child\" data-index=\"3\" ><div\n\t\t\t\n\t\t\tclass=\"so-widget-sow-image so-widget-sow-image-default-8b5b6f678277-4096\"\n\t\t\t\n\t\t>\n<div class=\"sow-image-container\">\n\t\t<img \n\tsrc=\"https:\/\/lda.ar\/wp-content\/uploads\/2021\/05\/MiQSL-LU1DZ3.jpg\" width=\"200\" height=\"129\" sizes=\"(max-width: 200px) 100vw, 200px\" title=\"LU1DZ\" alt=\"LU1DZ\" \t\tclass=\"so-widget-image\"\/>\n\t<\/div>\n\n<\/div><\/div><\/div><div id=\"pgc-gb4096-69e67c9db70d0-1-1\"  class=\"panel-grid-cell\" ><div id=\"panel-gb4096-69e67c9db70d0-1-1-0\" class=\"so-panel widget widget_sow-image panel-first-child panel-last-child\" data-index=\"4\" ><div\n\t\t\t\n\t\t\tclass=\"so-widget-sow-image so-widget-sow-image-default-8b5b6f678277-4096\"\n\t\t\t\n\t\t>\n<div class=\"sow-image-container\">\n\t\t<img \n\tsrc=\"https:\/\/lda.ar\/wp-content\/uploads\/2021\/05\/MiQSL-LU1MPK3.jpg\" width=\"200\" height=\"129\" sizes=\"(max-width: 200px) 100vw, 200px\" title=\"LU1MPK\" alt=\"LU1MPK\" \t\tclass=\"so-widget-image\"\/>\n\t<\/div>\n\n<\/div><\/div><\/div><div id=\"pgc-gb4096-69e67c9db70d0-1-2\"  class=\"panel-grid-cell\" ><div id=\"panel-gb4096-69e67c9db70d0-1-2-0\" class=\"so-panel widget widget_sow-image panel-first-child panel-last-child\" data-index=\"5\" ><div\n\t\t\t\n\t\t\tclass=\"so-widget-sow-image so-widget-sow-image-default-8b5b6f678277-4096\"\n\t\t\t\n\t\t>\n<div class=\"sow-image-container\">\n\t\t<img \n\tsrc=\"https:\/\/lda.ar\/wp-content\/uploads\/2021\/05\/MiQSL-LU1VYL7.jpg\" width=\"200\" height=\"129\" sizes=\"(max-width: 200px) 100vw, 200px\" title=\"LU1VYL\" alt=\"LU1VYL\" \t\tclass=\"so-widget-image\"\/>\n\t<\/div>\n\n<\/div><\/div><\/div><div id=\"pgc-gb4096-69e67c9db70d0-1-3\"  class=\"panel-grid-cell\" ><div id=\"panel-gb4096-69e67c9db70d0-1-3-0\" class=\"so-panel widget widget_sow-image panel-first-child panel-last-child\" data-index=\"6\" ><div\n\t\t\t\n\t\t\tclass=\"so-widget-sow-image so-widget-sow-image-default-8b5b6f678277-4096\"\n\t\t\t\n\t\t>\n<div class=\"sow-image-container\">\n\t\t<img \n\tsrc=\"https:\/\/lda.ar\/wp-content\/uploads\/2021\/05\/MiQSL-LU3MAM2.jpg\" width=\"200\" height=\"129\" sizes=\"(max-width: 200px) 100vw, 200px\" title=\"LU3MAM\" alt=\"LU3MAM\" \t\tclass=\"so-widget-image\"\/>\n\t<\/div>\n\n<\/div><\/div><\/div><div id=\"pgc-gb4096-69e67c9db70d0-1-4\"  class=\"panel-grid-cell\" ><div id=\"panel-gb4096-69e67c9db70d0-1-4-0\" class=\"so-panel widget widget_sow-image panel-first-child panel-last-child\" data-index=\"7\" ><div\n\t\t\t\n\t\t\tclass=\"so-widget-sow-image so-widget-sow-image-default-8b5b6f678277-4096\"\n\t\t\t\n\t\t>\n<div class=\"sow-image-container\">\n\t\t<img \n\tsrc=\"https:\/\/lda.ar\/wp-content\/uploads\/2021\/05\/MiQSL-LU4EG1.jpg\" width=\"200\" height=\"129\" sizes=\"(max-width: 200px) 100vw, 200px\" title=\"LU4EG\" alt=\"LU4EG\" \t\tclass=\"so-widget-image\"\/>\n\t<\/div>\n\n<\/div><\/div><\/div><div id=\"pgc-gb4096-69e67c9db70d0-1-5\"  class=\"panel-grid-cell\" ><div id=\"panel-gb4096-69e67c9db70d0-1-5-0\" class=\"so-panel widget widget_sow-image panel-first-child panel-last-child\" data-index=\"8\" ><div\n\t\t\t\n\t\t\tclass=\"so-widget-sow-image so-widget-sow-image-default-8b5b6f678277-4096\"\n\t\t\t\n\t\t>\n<div class=\"sow-image-container\">\n\t\t<img \n\tsrc=\"https:\/\/lda.ar\/wp-content\/uploads\/2021\/05\/MiQSL-LU5ILA5.jpg\" width=\"200\" height=\"129\" sizes=\"(max-width: 200px) 100vw, 200px\" title=\"LU5ILA\" alt=\"LU5ILA\" \t\tclass=\"so-widget-image\"\/>\n\t<\/div>\n\n<\/div><\/div><\/div><div id=\"pgc-gb4096-69e67c9db70d0-1-6\"  class=\"panel-grid-cell\" ><div id=\"panel-gb4096-69e67c9db70d0-1-6-0\" class=\"so-panel widget widget_sow-image panel-first-child panel-last-child\" data-index=\"9\" ><div\n\t\t\t\n\t\t\tclass=\"so-widget-sow-image so-widget-sow-image-default-8b5b6f678277-4096\"\n\t\t\t\n\t\t>\n<div class=\"sow-image-container\">\n\t\t<img \n\tsrc=\"https:\/\/lda.ar\/wp-content\/uploads\/2021\/05\/MiQSL-LU5MT3.jpg\" width=\"200\" height=\"129\" sizes=\"(max-width: 200px) 100vw, 200px\" title=\"LU5MT\" alt=\"LU5MT\" \t\tclass=\"so-widget-image\"\/>\n\t<\/div>\n\n<\/div><\/div><\/div><div id=\"pgc-gb4096-69e67c9db70d0-1-7\"  class=\"panel-grid-cell\" ><div id=\"panel-gb4096-69e67c9db70d0-1-7-0\" class=\"so-panel widget widget_sow-image panel-first-child panel-last-child\" data-index=\"10\" ><div\n\t\t\t\n\t\t\tclass=\"so-widget-sow-image so-widget-sow-image-default-8b5b6f678277-4096\"\n\t\t\t\n\t\t>\n<div class=\"sow-image-container\">\n\t\t<img \n\tsrc=\"https:\/\/lda.ar\/wp-content\/uploads\/2021\/05\/MiQSL-LU6HMT2.jpg\" width=\"200\" height=\"129\" sizes=\"(max-width: 200px) 100vw, 200px\" title=\"LU6HMT\" alt=\"LU6HMT\" \t\tclass=\"so-widget-image\"\/>\n\t<\/div>\n\n<\/div><\/div><\/div><div id=\"pgc-gb4096-69e67c9db70d0-1-8\"  class=\"panel-grid-cell\" ><div id=\"panel-gb4096-69e67c9db70d0-1-8-0\" class=\"so-panel widget widget_sow-image panel-first-child panel-last-child\" data-index=\"11\" ><div\n\t\t\t\n\t\t\tclass=\"so-widget-sow-image so-widget-sow-image-default-c67d20f9f743-4096\"\n\t\t\t\n\t\t>\n<div class=\"sow-image-container\">\n\t\t<img \n\tsrc=\"https:\/\/lda.ar\/wp-content\/uploads\/2021\/05\/MiQSL-LU7YG3.jpg\" width=\"200\" height=\"129\" sizes=\"(max-width: 200px) 100vw, 200px\" title=\"LU7YG\" alt=\"LU7YG\" \t\tclass=\"so-widget-image\"\/>\n\t<\/div>\n\n<\/div><\/div><\/div><\/div><div id=\"pg-gb4096-69e67c9db70d0-2\"  class=\"panel-grid panel-no-style\" ><div id=\"pgc-gb4096-69e67c9db70d0-2-0\"  class=\"panel-grid-cell\" ><div id=\"panel-gb4096-69e67c9db70d0-2-0-0\" class=\"so-panel widget widget_sow-button panel-first-child\" data-index=\"12\" ><div\n\t\t\t\n\t\t\tclass=\"so-widget-sow-button so-widget-sow-button-atom-84e047a5cb77-4096\"\n\t\t\t\n\t\t><div class=\"ow-button-base ow-button-align-center\"\n>\n\t\t\t<a\n\t\t\t\t\thref=\"https:\/\/lda.ar\/bases\/bases_LdA_3_2021_aniversario.pdf\"\n\t\t\t\t\tclass=\"sowb-button ow-icon-placement-left ow-button-hover\" target=\"_blank\" rel=\"noopener noreferrer\" \t>\n\t\t<span>\n\t\t\t<span class=\"sow-icon-fontawesome sow-far\" data-sow-icon=\"&#xf1c1;\"\n\t\tstyle=\"\" \n\t\taria-hidden=\"true\"><\/span>\n\t\t\tVER BASES\t\t<\/span>\n\t\t\t<\/a>\n\t<\/div>\n<\/div><\/div><div id=\"panel-gb4096-69e67c9db70d0-2-0-1\" class=\"so-panel widget widget_text\" data-index=\"13\" ><div class=\"panel-widget-style panel-widget-style-for-gb4096-69e67c9db70d0-2-0-1\" >\t\t\t<div class=\"textwidget\"><p><strong>Los contactos subidos por las estaciones a LdA son exclusiva responsabilidad de las mismas. Si ha detectado una mala carga de alg\u00fan QSO en particular no es LdA quien debe solucionar el problema. P\u00f3ngase en contacto con la instituci\u00f3n organizadora a tal fin o con la estaci\u00f3n contactada buscando sus datos en\u00a0 <a href=\"https:\/\/lda.ar\/?page_id=17\" target=\"_blank\" rel=\"noopener\">USUARIOS DE LdA<\/a> o bien en su QRZ.com<\/strong><\/p>\n<\/div>\n\t\t<\/div><\/div><div id=\"panel-gb4096-69e67c9db70d0-2-0-2\" class=\"so-panel widget widget_sow-headline panel-last-child\" data-index=\"14\" ><div\n\t\t\t\n\t\t\tclass=\"so-widget-sow-headline so-widget-sow-headline-default-20c5311775ad-4096\"\n\t\t\t\n\t\t><div class=\"sow-headline-container \">\n\t\t\t\t\t\t<div class=\"decoration\">\n\t\t\t\t\t\t<div class=\"decoration-inside\"><\/div>\n\t\t\t\t\t<\/div>\n\t\t\t\t\t<\/div>\n<\/div><\/div><\/div><\/div><\/div>\n\n\n<div style=\"height:20px\" aria-hidden=\"true\" class=\"wp-block-spacer\"><\/div>\n\n\n<style>\n       .errordiv { padding:10px; margin:10px; border: 1px solid #555555;color: #000000;background-color: #f8f8f8; width:500px; }#advanced_iframe {visibility:visible;opacity:1;vertical-align:top;}.ai-info-bottom-iframe { position: fixed; z-index: 10000; bottom:0; left: 0; margin: 0px; text-align: center; width: 100%; background-color: #ff9999; padding-left: 5px;padding-bottom: 5px; border-top: 1px solid #aaa } a.ai-bold {font-weight: bold;}#ai-layer-div-advanced_iframe p {height:100%;margin:0;padding:0}<\/style><script type=\"text\/javascript\">var ai_iframe_width_advanced_iframe = 0;var ai_iframe_height_advanced_iframe = 0;function aiReceiveMessageadvanced_iframe(event) {  aiProcessMessage(event,\"advanced_iframe\", \"true\",\"\",\"false\",\"false\");}if (window.addEventListener) {  window.addEventListener(\"message\", aiReceiveMessageadvanced_iframe);} else if (el.attachEvent)  {  el.attachEvent(\"message\", aiReceiveMessageadvanced_iframe);}var aiOnloadScrollTop=\"true\";var aiShowDebug=false;\n\t\tif (typeof aiReadyCallbacks === 'undefined') {\n\t\t\tvar aiReadyCallbacks = [];\n\t\t} else if (!(aiReadyCallbacks instanceof Array)) {\n\t\t\tvar aiReadyCallbacks = [];\n\t\t}    function aiShowIframeId(id_iframe) { jQuery(\"#\"+id_iframe).css(\"visibility\", \"visible\");    }    function aiResizeIframeHeight(height) { aiResizeIframeHeight(height,advanced_iframe); }    function aiResizeIframeHeightId(height,width,id) {aiResizeIframeHeightById(id,height);}<\/script><iframe id=\"advanced_iframe\"  name=\"advanced_iframe\"  src=\"https:\/\/logdeargentina.com.ar\/php\/lda_frase_2021.php\"  width=\"100%\"  height=\"5100\"  frameborder=\"0\"  border=\"0\"  allowtransparency=\"true\"  loading=\"lazy\"  style=\";border-width: 0px;;border: none;;width:100%;;height:5100px;\" ><\/iframe><script type=\"text\/javascript\">var ifrm_advanced_iframe = document.getElementById(\"advanced_iframe\");var hiddenTabsDoneadvanced_iframe = false;\nfunction resizeCallbackadvanced_iframe() {}<\/script><script type=\"text\/javascript\"><\/script><p style=\"display:block !important; visibility:visible !important;margin: -18px 14px 0 0;padding-left: 3px;padding-top:3px;background: white; overflow: hidden; position: relative; line-height:15px;width: fit-content;\"><small style=\"display:block !important;visibility:visible !important\">powered by Advanced iFrame<\/small><\/p>\n\n\n<pre class=\"wp-block-preformatted\"><a rel=\"noreferrer noopener\" href=\"https:\/\/www.qrz.com\/db\/lu4eg\" target=\"_blank\">LU4EG<\/a> <a rel=\"noreferrer noopener\" href=\"https:\/\/www.qrz.com\/db\/lu5mt\" target=\"_blank\">LU5MT<\/a> <a rel=\"noreferrer noopener\" href=\"https:\/\/www.qrz.com\/db\/lu6hmt\" target=\"_blank\">LU6HMT<\/a> <a rel=\"noreferrer noopener\" href=\"https:\/\/www.qrz.com\/db\/lu1dz\" target=\"_blank\">LU1DZ<\/a> <a rel=\"noreferrer noopener\" href=\"https:\/\/www.qrz.com\/db\/lu1mpk\" target=\"_blank\">LU1MPK<\/a> <a rel=\"noreferrer noopener\" href=\"https:\/\/www.qrz.com\/db\/lu1vyl\" target=\"_blank\">LU1VYL<\/a> <a rel=\"noreferrer noopener\" href=\"https:\/\/www.qrz.com\/db\/lu3mam\" target=\"_blank\">LU3MAM<\/a> <a rel=\"noreferrer noopener\" href=\"https:\/\/www.qrz.com\/db\/lu5ila\" target=\"_blank\">LU5ILA<\/a> <a rel=\"noreferrer noopener\" href=\"https:\/\/www.qrz.com\/db\/lu7yg\" target=\"_blank\">LU7YG<\/a><\/pre>\n","protected":false},"excerpt":{"rendered":"<p>Queremos festejar estos tres a\u00f1os de existencia con nuestros usuarios que siempre nos acompa\u00f1an, por eso Log de Argentina emitir\u00e1 un certificado ANIVERSARIO y los invitamos a participar de este&hellip; <\/p>\n","protected":false},"author":3,"featured_media":0,"parent":11590,"menu_order":0,"comment_status":"closed","ping_status":"closed","template":"","meta":{"ngg_post_thumbnail":0,"footnotes":""},"class_list":["post-4096","page","type-page","status-publish","hentry"],"_links":{"self":[{"href":"https:\/\/lda.ar\/index.php?rest_route=\/wp\/v2\/pages\/4096","targetHints":{"allow":["GET"]}}],"collection":[{"href":"https:\/\/lda.ar\/index.php?rest_route=\/wp\/v2\/pages"}],"about":[{"href":"https:\/\/lda.ar\/index.php?rest_route=\/wp\/v2\/types\/page"}],"author":[{"embeddable":true,"href":"https:\/\/lda.ar\/index.php?rest_route=\/wp\/v2\/users\/3"}],"replies":[{"embeddable":true,"href":"https:\/\/lda.ar\/index.php?rest_route=%2Fwp%2Fv2%2Fcomments&post=4096"}],"version-history":[{"count":5,"href":"https:\/\/lda.ar\/index.php?rest_route=\/wp\/v2\/pages\/4096\/revisions"}],"predecessor-version":[{"id":11994,"href":"https:\/\/lda.ar\/index.php?rest_route=\/wp\/v2\/pages\/4096\/revisions\/11994"}],"up":[{"embeddable":true,"href":"https:\/\/lda.ar\/index.php?rest_route=\/wp\/v2\/pages\/11590"}],"wp:attachment":[{"href":"https:\/\/lda.ar\/index.php?rest_route=%2Fwp%2Fv2%2Fmedia&parent=4096"}],"curies":[{"name":"wp","href":"https:\/\/api.w.org\/{rel}","templated":true}]}}