{"id":3757,"date":"2021-03-30T08:53:57","date_gmt":"2021-03-30T11:53:57","guid":{"rendered":"https:\/\/lda.ar\/wp\/?page_id=3757"},"modified":"2021-04-04T14:00:43","modified_gmt":"2021-04-04T17:00:43","slug":"lt1ora-dia-internacional-de-concientizacion-sobre-el-autismo-2","status":"publish","type":"page","link":"https:\/\/lda.ar\/?page_id=3757","title":{"rendered":"(LT1\u00d8RA) D\u00eda internacional de concientizaci\u00f3n sobre el AUTISMO"},"content":{"rendered":"<div id=\"pl-gb3757-69e6b7fb3452c\"  class=\"panel-layout\" ><div id=\"pg-gb3757-69e6b7fb3452c-0\"  class=\"panel-grid panel-no-style\" ><div id=\"pgc-gb3757-69e6b7fb3452c-0-0\"  class=\"panel-grid-cell\" ><div id=\"panel-gb3757-69e6b7fb3452c-0-0-0\" class=\"so-panel widget widget_sow-headline panel-first-child\" data-index=\"0\" ><div\n\t\t\t\n\t\t\tclass=\"so-widget-sow-headline so-widget-sow-headline-default-20c5311775ad-3757\"\n\t\t\t\n\t\t><div class=\"sow-headline-container \">\n\t\t\t\t\t\t<div class=\"decoration\">\n\t\t\t\t\t\t<div class=\"decoration-inside\"><\/div>\n\t\t\t\t\t<\/div>\n\t\t\t\t\t<\/div>\n<\/div><\/div><div id=\"panel-gb3757-69e6b7fb3452c-0-0-1\" class=\"so-panel widget widget_sow-image\" data-index=\"1\" ><div\n\t\t\t\n\t\t\tclass=\"so-widget-sow-image so-widget-sow-image-default-113ccd71f3e6-3757\"\n\t\t\t\n\t\t>\n<div class=\"sow-image-container\">\n\t\t<img \n\tsrc=\"https:\/\/lda.ar\/wp-content\/uploads\/2021\/03\/membrete_LT10RA_autismo_2021.jpg\" width=\"1239\" height=\"163\" srcset=\"https:\/\/lda.ar\/wp-content\/uploads\/2021\/03\/membrete_LT10RA_autismo_2021.jpg 1239w, https:\/\/lda.ar\/wp-content\/uploads\/2021\/03\/membrete_LT10RA_autismo_2021-300x39.jpg 300w, https:\/\/lda.ar\/wp-content\/uploads\/2021\/03\/membrete_LT10RA_autismo_2021-1024x135.jpg 1024w, https:\/\/lda.ar\/wp-content\/uploads\/2021\/03\/membrete_LT10RA_autismo_2021-768x101.jpg 768w\" sizes=\"(max-width: 1239px) 100vw, 1239px\" title=\"LT1\u00d8RA\" alt=\"LT1\u00d8RA\" \t\tclass=\"so-widget-image\"\/>\n\t<\/div>\n\n<\/div><\/div><div id=\"panel-gb3757-69e6b7fb3452c-0-0-2\" class=\"so-panel widget widget_sow-editor panel-last-child\" data-index=\"2\" ><div\n\t\t\t\n\t\t\tclass=\"so-widget-sow-editor so-widget-sow-editor-base\"\n\t\t\t\n\t\t>\n<div class=\"siteorigin-widget-tinymce textwidget\">\n\t<h5>En d\u00edas de concientizaci\u00f3n sobre el AUTISMO y festejando los 10 a\u00f1os al aire de manera ininterrumpida de <strong>FM MONTESSORI (95.7 Mhz)<\/strong>, realizaremos una actividad con la posibilidad de obtener la QSL alusiva y un Certificado.<\/h5>\n<h4><strong>Para tener presente: <span style=\"color: #ff0000;\">\u00abel autismo no es un error de procesamiento. Es un sistema operativo diferente\u00bb<\/span><\/strong><\/h4>\n<\/div>\n<\/div><\/div><\/div><\/div><div id=\"pg-gb3757-69e6b7fb3452c-1\"  class=\"panel-grid panel-no-style\" ><div id=\"pgc-gb3757-69e6b7fb3452c-1-0\"  class=\"panel-grid-cell\" ><div id=\"panel-gb3757-69e6b7fb3452c-1-0-0\" class=\"so-panel widget widget_sow-button panel-first-child panel-last-child\" data-index=\"3\" ><div\n\t\t\t\n\t\t\tclass=\"so-widget-sow-button so-widget-sow-button-flat-b3ceb6f352a7-3757\"\n\t\t\t\n\t\t><div class=\"ow-button-base ow-button-align-center\"\n>\n\t\t\t<a\n\t\t\t\t\thref=\"https:\/\/es.wikipedia.org\/wiki\/Trastornos_del_espectro_autista\"\n\t\t\t\t\tclass=\"sowb-button ow-icon-placement-left ow-button-hover\" target=\"_blank\" rel=\"noopener noreferrer\" \t>\n\t\t<span>\n\t\t\t\n\t\t\tCONOC\u00c9 QU\u00c9 ES EL AUTISMO\t\t<\/span>\n\t\t\t<\/a>\n\t<\/div>\n<\/div><\/div><\/div><div id=\"pgc-gb3757-69e6b7fb3452c-1-1\"  class=\"panel-grid-cell\" ><div id=\"panel-gb3757-69e6b7fb3452c-1-1-0\" class=\"so-panel widget widget_sow-button panel-first-child panel-last-child\" data-index=\"4\" ><div\n\t\t\t\n\t\t\tclass=\"so-widget-sow-button so-widget-sow-button-flat-b3ceb6f352a7-3757\"\n\t\t\t\n\t\t><div class=\"ow-button-base ow-button-align-center\"\n>\n\t\t\t<a\n\t\t\t\t\thref=\"https:\/\/www.facebook.com\/fmmontessoricatamarca\"\n\t\t\t\t\tclass=\"sowb-button ow-icon-placement-left ow-button-hover\" target=\"_blank\" rel=\"noopener noreferrer\" \t>\n\t\t<span>\n\t\t\t\n\t\t\tFM MONTESSORI EN FACEBOOK\t\t<\/span>\n\t\t\t<\/a>\n\t<\/div>\n<\/div><\/div><\/div><div id=\"pgc-gb3757-69e6b7fb3452c-1-2\"  class=\"panel-grid-cell\" ><div id=\"panel-gb3757-69e6b7fb3452c-1-2-0\" class=\"so-panel widget widget_sow-button panel-first-child panel-last-child\" data-index=\"5\" ><div\n\t\t\t\n\t\t\tclass=\"so-widget-sow-button so-widget-sow-button-flat-b3ceb6f352a7-3757\"\n\t\t\t\n\t\t><div class=\"ow-button-base ow-button-align-center\"\n>\n\t\t\t<a\n\t\t\t\t\thref=\"https:\/\/fmmontessori.radio12345.com\/\"\n\t\t\t\t\tclass=\"sowb-button ow-icon-placement-left ow-button-hover\" target=\"_blank\" rel=\"noopener noreferrer\" \t>\n\t\t<span>\n\t\t\t\n\t\t\tESCUCH\u00c1 FM MONTESSORI\t\t<\/span>\n\t\t\t<\/a>\n\t<\/div>\n<\/div><\/div><\/div><div id=\"pgc-gb3757-69e6b7fb3452c-1-3\"  class=\"panel-grid-cell\" ><div id=\"panel-gb3757-69e6b7fb3452c-1-3-0\" class=\"so-panel widget widget_sow-button panel-first-child panel-last-child\" data-index=\"6\" ><div\n\t\t\t\n\t\t\tclass=\"so-widget-sow-button so-widget-sow-button-flat-b3ceb6f352a7-3757\"\n\t\t\t\n\t\t><div class=\"ow-button-base ow-button-align-center\"\n>\n\t\t\t<a\n\t\t\t\t\thref=\"https:\/\/youtu.be\/n_iNfYlPH6Q\"\n\t\t\t\t\tclass=\"sowb-button ow-icon-placement-left ow-button-hover\" target=\"_blank\" rel=\"noopener noreferrer\" \t>\n\t\t<span>\n\t\t\t\n\t\t\tENACOM Y FM MONTESSORI\t\t<\/span>\n\t\t\t<\/a>\n\t<\/div>\n<\/div><\/div><\/div><div id=\"pgc-gb3757-69e6b7fb3452c-1-4\"  class=\"panel-grid-cell\" ><div id=\"panel-gb3757-69e6b7fb3452c-1-4-0\" class=\"so-panel widget widget_sow-button panel-first-child panel-last-child\" data-index=\"7\" ><div\n\t\t\t\n\t\t\tclass=\"so-widget-sow-button so-widget-sow-button-flat-b3ceb6f352a7-3757\"\n\t\t\t\n\t\t><div class=\"ow-button-base ow-button-align-center\"\n>\n\t\t\t<a\n\t\t\t\t\thref=\"https:\/\/fb.watch\/4yO8CMPmEo\/\"\n\t\t\t\t\tclass=\"sowb-button ow-icon-placement-left ow-button-hover\" target=\"_blank\" rel=\"noopener noreferrer\" \t>\n\t\t<span>\n\t\t\t\n\t\t\tPUENTES DE ESPERANZA\t\t<\/span>\n\t\t\t<\/a>\n\t<\/div>\n<\/div><\/div><\/div><div id=\"pgc-gb3757-69e6b7fb3452c-1-5\"  class=\"panel-grid-cell\" ><div id=\"panel-gb3757-69e6b7fb3452c-1-5-0\" class=\"so-panel widget widget_sow-button panel-first-child panel-last-child\" data-index=\"8\" ><div\n\t\t\t\n\t\t\tclass=\"so-widget-sow-button so-widget-sow-button-flat-b3ceb6f352a7-3757\"\n\t\t\t\n\t\t><div class=\"ow-button-base ow-button-align-center\"\n>\n\t\t\t<a\n\t\t\t\t\thref=\"https:\/\/lda.ar\/bases\/LT10RA-DI-2021-28292796-APN-DNAYRT-ENACOM.pdf\"\n\t\t\t\t\tclass=\"sowb-button ow-icon-placement-left ow-button-hover\" target=\"_blank\" rel=\"noopener noreferrer\" \t>\n\t\t<span>\n\t\t\t\n\t\t\tRESOLUCI\u00d3N DE ENACOM\t\t<\/span>\n\t\t\t<\/a>\n\t<\/div>\n<\/div><\/div><\/div><div id=\"pgc-gb3757-69e6b7fb3452c-1-6\"  class=\"panel-grid-cell\" ><div id=\"panel-gb3757-69e6b7fb3452c-1-6-0\" class=\"so-panel widget widget_sow-button panel-first-child panel-last-child\" data-index=\"9\" ><div\n\t\t\t\n\t\t\tclass=\"so-widget-sow-button so-widget-sow-button-flat-b3ceb6f352a7-3757\"\n\t\t\t\n\t\t><div class=\"ow-button-base ow-button-align-center\"\n>\n\t\t\t<a\n\t\t\t\t\thref=\"https:\/\/autismopetra.com\/puzzle-simbolo-del-autismo\/#:~:text=El%20puzzle%20o%20rompecabezas%20refleja,la%20persona%20puede%20mejorar%20ostensiblemente.\"\n\t\t\t\t\tclass=\"sowb-button ow-icon-placement-left ow-button-hover\" target=\"_blank\" rel=\"noopener noreferrer\" \t>\n\t\t<span>\n\t\t\t\n\t\t\t\u00bfROMPECABEZAS o PUZZLE?\t\t<\/span>\n\t\t\t<\/a>\n\t<\/div>\n<\/div><\/div><\/div><\/div><div id=\"pg-gb3757-69e6b7fb3452c-2\"  class=\"panel-grid panel-no-style\" ><div id=\"pgc-gb3757-69e6b7fb3452c-2-0\"  class=\"panel-grid-cell\" ><div id=\"panel-gb3757-69e6b7fb3452c-2-0-0\" class=\"so-panel widget widget_sow-image panel-first-child panel-last-child\" data-index=\"10\" ><div\n\t\t\t\n\t\t\tclass=\"so-widget-sow-image so-widget-sow-image-default-113ccd71f3e6-3757\"\n\t\t\t\n\t\t>\n<div class=\"sow-image-container\">\n\t\t\t<a href=\"https:\/\/www.facebook.com\/fmmontessoricatamarca\"\n\t\t\ttarget=\"_blank\" rel=\"noopener noreferrer\" \t\t>\n\t\t\t<img \n\tsrc=\"https:\/\/lda.ar\/wp-content\/uploads\/2021\/03\/juancito2-300x205.jpg\" width=\"300\" height=\"205\" srcset=\"https:\/\/lda.ar\/wp-content\/uploads\/2021\/03\/juancito2-300x205.jpg 300w, https:\/\/lda.ar\/wp-content\/uploads\/2021\/03\/juancito2.jpg 500w\" sizes=\"(max-width: 300px) 100vw, 300px\" title=\"Juan Manuel Lizabe\" alt=\"Juan Manuel Lizabe\" \t\tclass=\"so-widget-image\"\/>\n\t\t\t<\/a><\/div>\n\n<\/div><\/div><\/div><\/div><div id=\"pg-gb3757-69e6b7fb3452c-3\"  class=\"panel-grid panel-no-style\" ><div id=\"pgc-gb3757-69e6b7fb3452c-3-0\"  class=\"panel-grid-cell\" ><div id=\"panel-gb3757-69e6b7fb3452c-3-0-0\" class=\"so-panel widget widget_sow-button panel-first-child\" data-index=\"11\" ><div\n\t\t\t\n\t\t\tclass=\"so-widget-sow-button so-widget-sow-button-atom-84e047a5cb77-3757\"\n\t\t\t\n\t\t><div class=\"ow-button-base ow-button-align-center\"\n>\n\t\t\t<a\n\t\t\t\t\thref=\"https:\/\/lda.ar\/bases\/bases_LT10RA_autismo_2021.pdf\"\n\t\t\t\t\tclass=\"sowb-button ow-icon-placement-left ow-button-hover\" target=\"_blank\" rel=\"noopener noreferrer\" \t>\n\t\t<span>\n\t\t\t<span class=\"sow-icon-fontawesome sow-far\" data-sow-icon=\"&#xf1c1;\"\n\t\tstyle=\"\" \n\t\taria-hidden=\"true\"><\/span>\n\t\t\tVER BASES\t\t<\/span>\n\t\t\t<\/a>\n\t<\/div>\n<\/div><\/div><div id=\"panel-gb3757-69e6b7fb3452c-3-0-1\" class=\"so-panel widget widget_text\" data-index=\"12\" ><div class=\"panel-widget-style panel-widget-style-for-gb3757-69e6b7fb3452c-3-0-1\" >\t\t\t<div class=\"textwidget\"><p><strong>Los contactos subidos por las estaciones a LdA son exclusiva responsabilidad de las mismas. Si ha detectado una mala carga de alg\u00fan QSO en particular no es LdA quien debe solucionar el problema. P\u00f3ngase en contacto con la instituci\u00f3n organizadora a tal fin o con la estaci\u00f3n contactada buscando sus datos en\u00a0 <a href=\"https:\/\/lda.ar\/?page_id=17\" target=\"_blank\" rel=\"noopener\">USUARIOS DE LdA<\/a> o bien en su <a href=\"https:\/\/www.qrz.com\/\" target=\"_blank\" rel=\"noopener\">QRZ.com<\/a><\/strong><\/p>\n<\/div>\n\t\t<\/div><\/div><div id=\"panel-gb3757-69e6b7fb3452c-3-0-2\" class=\"so-panel widget widget_text\" data-index=\"13\" ><div class=\"panel-widget-style panel-widget-style-for-gb3757-69e6b7fb3452c-3-0-2\" >\t\t\t<div class=\"textwidget\"><p><em>El Certificado cumple la totalidad de lo requerido por la Resoluci\u00f3n 3635-E\/2017, art\u00edculos 4.5.4 y 4.6.4, y por lo tanto al tener el Radio Club personer\u00eda jur\u00eddica vigente y ser reconocida por ENACOM es v\u00e1lido para ascensos de categor\u00eda.<\/em><\/p>\n<\/div>\n\t\t<\/div><\/div><div id=\"panel-gb3757-69e6b7fb3452c-3-0-3\" class=\"so-panel widget widget_sow-headline panel-last-child\" data-index=\"14\" ><div\n\t\t\t\n\t\t\tclass=\"so-widget-sow-headline so-widget-sow-headline-default-20c5311775ad-3757\"\n\t\t\t\n\t\t><div class=\"sow-headline-container \">\n\t\t\t\t\t\t<div class=\"decoration\">\n\t\t\t\t\t\t<div class=\"decoration-inside\"><\/div>\n\t\t\t\t\t<\/div>\n\t\t\t\t\t<\/div>\n<\/div><\/div><\/div><\/div><\/div>\n\n<ol class=\"has-avatars has-dates has-excerpts wp-block-latest-comments\"><li class=\"wp-block-latest-comments__comment\"><img alt='' src='https:\/\/secure.gravatar.com\/avatar\/56c70f85bc26262f54b430e734ab6b1090226a56e1869d921d4a42303fc4b2e2?s=48&#038;d=mm&#038;r=g' srcset='https:\/\/secure.gravatar.com\/avatar\/56c70f85bc26262f54b430e734ab6b1090226a56e1869d921d4a42303fc4b2e2?s=96&#038;d=mm&#038;r=g 2x' class='avatar avatar-48 photo wp-block-latest-comments__comment-avatar' height='48' width='48' \/><article><footer class=\"wp-block-latest-comments__comment-meta\"><span class=\"wp-block-latest-comments__comment-author\">LW7HCE Carlos Eduardo Parra<\/span> en <a class=\"wp-block-latest-comments__comment-link\" href=\"https:\/\/lda.ar\/?p=13233&#038;cpage=1#comment-494\">| REPUDIO A LU3IBM |<\/a><time datetime=\"2025-11-08T23:24:58-03:00\" class=\"wp-block-latest-comments__comment-date\">08\/11\/2025<\/time><\/footer><div class=\"wp-block-latest-comments__comment-excerpt\"><p>Qu\u00e9dese tranquilo, aspirante, termine tranquilo su curso que aqu\u00ed lo esperaremos los que hacemos buena radio, a los irientes que&hellip;<\/p>\n<\/div><\/article><\/li><li class=\"wp-block-latest-comments__comment\"><img alt='' src='https:\/\/secure.gravatar.com\/avatar\/2eedc6075e8189d6d24b7c74e0ec6f2432844fa7f16a907aa449244efb48cb44?s=48&#038;d=mm&#038;r=g' srcset='https:\/\/secure.gravatar.com\/avatar\/2eedc6075e8189d6d24b7c74e0ec6f2432844fa7f16a907aa449244efb48cb44?s=96&#038;d=mm&#038;r=g 2x' class='avatar avatar-48 photo wp-block-latest-comments__comment-avatar' height='48' width='48' \/><article><footer class=\"wp-block-latest-comments__comment-meta\"><span class=\"wp-block-latest-comments__comment-author\">Visitante<\/span> en <a class=\"wp-block-latest-comments__comment-link\" href=\"https:\/\/lda.ar\/?p=13233&#038;cpage=1#comment-490\">| REPUDIO A LU3IBM |<\/a><time datetime=\"2025-10-17T23:17:43-03:00\" class=\"wp-block-latest-comments__comment-date\">17\/10\/2025<\/time><\/footer><div class=\"wp-block-latest-comments__comment-excerpt\"><p>Hola. Soy aspirante en este momento, y la verdad me desilusiona tremendamente leer lo que leo, escuchar lo que escucho.&hellip;<\/p>\n<\/div><\/article><\/li><li class=\"wp-block-latest-comments__comment\"><img alt='' src='https:\/\/secure.gravatar.com\/avatar\/d0ac2a7630b728c69b4a525e421d0dd5d918941b5d2cf1f3fab809782c55eb75?s=48&#038;d=mm&#038;r=g' srcset='https:\/\/secure.gravatar.com\/avatar\/d0ac2a7630b728c69b4a525e421d0dd5d918941b5d2cf1f3fab809782c55eb75?s=96&#038;d=mm&#038;r=g 2x' class='avatar avatar-48 photo wp-block-latest-comments__comment-avatar' height='48' width='48' \/><article><footer class=\"wp-block-latest-comments__comment-meta\"><a class=\"wp-block-latest-comments__comment-author\" href=\"https:\/\/activacionessuramerica.org\/\">JANECK, GRACIELA<\/a> en <a class=\"wp-block-latest-comments__comment-link\" href=\"https:\/\/lda.ar\/?p=13233&#038;cpage=1#comment-475\">| REPUDIO A LU3IBM |<\/a><time datetime=\"2025-08-17T17:54:13-03:00\" class=\"wp-block-latest-comments__comment-date\">17\/08\/2025<\/time><\/footer><div class=\"wp-block-latest-comments__comment-excerpt\"><p>LA INTELIGENCIA EMOCIONAL EN LA RADIOAFICI\u00d3N Hablamos de la INTELIGENCIA ARTIFICIAL, pero no lo hacemos de la INTELIGENCIA EMOCIONAL \u00bfQu\u00e9&hellip;<\/p>\n<\/div><\/article><\/li><li class=\"wp-block-latest-comments__comment\"><img alt='' src='https:\/\/secure.gravatar.com\/avatar\/4f55b0cd1f178daf9e1903efe1972e0d0f5ba90ea9dda4f7fc967245ea1da3c8?s=48&#038;d=mm&#038;r=g' srcset='https:\/\/secure.gravatar.com\/avatar\/4f55b0cd1f178daf9e1903efe1972e0d0f5ba90ea9dda4f7fc967245ea1da3c8?s=96&#038;d=mm&#038;r=g 2x' class='avatar avatar-48 photo wp-block-latest-comments__comment-avatar' height='48' width='48' \/><article><footer class=\"wp-block-latest-comments__comment-meta\"><span class=\"wp-block-latest-comments__comment-author\">Jos\u00e9 Domingo<\/span> en <a class=\"wp-block-latest-comments__comment-link\" href=\"https:\/\/lda.ar\/?p=13233&#038;cpage=1#comment-470\">| REPUDIO A LU3IBM |<\/a><time datetime=\"2025-08-10T13:21:19-03:00\" class=\"wp-block-latest-comments__comment-date\">10\/08\/2025<\/time><\/footer><div class=\"wp-block-latest-comments__comment-excerpt\"><p>Mi nombre Jos\u00e9 Domingo, EA8BYZ, en banda ciudadana Halc\u00f3n Callejero, 34SA070 y no se cuantos m\u00e1s qrz en CB. Voy&hellip;<\/p>\n<\/div><\/article><\/li><li class=\"wp-block-latest-comments__comment\"><img alt='' src='https:\/\/secure.gravatar.com\/avatar\/c128466978dded37f6c884441bc5ca1c7efb9176a5359816d1e6b2e42879904c?s=48&#038;d=mm&#038;r=g' srcset='https:\/\/secure.gravatar.com\/avatar\/c128466978dded37f6c884441bc5ca1c7efb9176a5359816d1e6b2e42879904c?s=96&#038;d=mm&#038;r=g 2x' class='avatar avatar-48 photo wp-block-latest-comments__comment-avatar' height='48' width='48' \/><article><footer class=\"wp-block-latest-comments__comment-meta\"><span class=\"wp-block-latest-comments__comment-author\">Carlos Daniel Mart\u00ednez<\/span> en <a class=\"wp-block-latest-comments__comment-link\" href=\"https:\/\/lda.ar\/?page_id=13229&#038;cpage=1#comment-469\">| REPUDIO A LU3IBM |<\/a><time datetime=\"2025-08-09T10:41:45-03:00\" class=\"wp-block-latest-comments__comment-date\">09\/08\/2025<\/time><\/footer><div class=\"wp-block-latest-comments__comment-excerpt\"><p>No se puede llamar Radioaficionado a quien viola elementales principios de la actividad. Cr\u00edticas constructivas, bienvenidas sean, Difamaci\u00f3n, Insultos, no&hellip;<\/p>\n<\/div><\/article><\/li><\/ol>\n\n<div\n\t\t\t\n\t\t\tclass=\"so-widget-sow-headline so-widget-sow-headline-default-adf30998c064\"\n\t\t\t\n\t\t><div class=\"sow-headline-container \">\n\t\t\t\t\t\t<div class=\"decoration\">\n\t\t\t\t\t\t<div class=\"decoration-inside\"><\/div>\n\t\t\t\t\t<\/div>\n\t\t\t\t\t<\/div>\n<\/div>\n\n\n<div style=\"height:20px\" aria-hidden=\"true\" class=\"wp-block-spacer\"><\/div>\n\n\n<style>\n       .errordiv { padding:10px; margin:10px; border: 1px solid #555555;color: #000000;background-color: #f8f8f8; width:500px; }#advanced_iframe {visibility:visible;opacity:1;vertical-align:top;}.ai-info-bottom-iframe { position: fixed; z-index: 10000; bottom:0; left: 0; margin: 0px; text-align: center; width: 100%; background-color: #ff9999; padding-left: 5px;padding-bottom: 5px; border-top: 1px solid #aaa } a.ai-bold {font-weight: bold;}#ai-layer-div-advanced_iframe p {height:100%;margin:0;padding:0}<\/style><script type=\"text\/javascript\">var ai_iframe_width_advanced_iframe = 0;var ai_iframe_height_advanced_iframe = 0;function aiReceiveMessageadvanced_iframe(event) {  aiProcessMessage(event,\"advanced_iframe\", \"true\",\"\",\"false\",\"false\");}if (window.addEventListener) {  window.addEventListener(\"message\", aiReceiveMessageadvanced_iframe);} else if (el.attachEvent)  {  el.attachEvent(\"message\", aiReceiveMessageadvanced_iframe);}var aiOnloadScrollTop=\"true\";var aiShowDebug=false;\n\t\tif (typeof aiReadyCallbacks === 'undefined') {\n\t\t\tvar aiReadyCallbacks = [];\n\t\t} else if (!(aiReadyCallbacks instanceof Array)) {\n\t\t\tvar aiReadyCallbacks = [];\n\t\t}    function aiShowIframeId(id_iframe) { jQuery(\"#\"+id_iframe).css(\"visibility\", \"visible\");    }    function aiResizeIframeHeight(height) { aiResizeIframeHeight(height,advanced_iframe); }    function aiResizeIframeHeightId(height,width,id) {aiResizeIframeHeightById(id,height);}<\/script><iframe id=\"advanced_iframe\"  name=\"advanced_iframe\"  src=\"https:\/\/lda.ar\/php\/lt10ra_2021.php\"  width=\"100%\"  height=\"5100\"  frameborder=\"0\"  border=\"0\"  allowtransparency=\"true\"  loading=\"lazy\"  style=\";border-width: 0px;;border: none;;width:100%;;height:5100px;\" ><\/iframe><script type=\"text\/javascript\">var ifrm_advanced_iframe = document.getElementById(\"advanced_iframe\");var hiddenTabsDoneadvanced_iframe = false;\nfunction resizeCallbackadvanced_iframe() {}<\/script><script type=\"text\/javascript\"><\/script><p style=\"display:block !important; visibility:visible !important;margin: -18px 14px 0 0;padding-left: 3px;padding-top:3px;background: white; overflow: hidden; position: relative; line-height:15px;width: fit-content;\"><small style=\"display:block !important;visibility:visible !important\">powered by Advanced iFrame<\/small><\/p>\n\n\n<p><\/p>\n","protected":false},"excerpt":{"rendered":"<p>En d\u00edas de concientizaci\u00f3n sobre el AUTISMO y festejando los 10 a\u00f1os al aire de manera ininterrumpida de FM MONTESSORI (95.7 Mhz), realizaremos una actividad con la posibilidad de obtener&hellip; <\/p>\n","protected":false},"author":3,"featured_media":0,"parent":1406,"menu_order":0,"comment_status":"open","ping_status":"closed","template":"","meta":{"ngg_post_thumbnail":0,"footnotes":""},"class_list":["post-3757","page","type-page","status-publish","hentry"],"_links":{"self":[{"href":"https:\/\/lda.ar\/index.php?rest_route=\/wp\/v2\/pages\/3757","targetHints":{"allow":["GET"]}}],"collection":[{"href":"https:\/\/lda.ar\/index.php?rest_route=\/wp\/v2\/pages"}],"about":[{"href":"https:\/\/lda.ar\/index.php?rest_route=\/wp\/v2\/types\/page"}],"author":[{"embeddable":true,"href":"https:\/\/lda.ar\/index.php?rest_route=\/wp\/v2\/users\/3"}],"replies":[{"embeddable":true,"href":"https:\/\/lda.ar\/index.php?rest_route=%2Fwp%2Fv2%2Fcomments&post=3757"}],"version-history":[{"count":10,"href":"https:\/\/lda.ar\/index.php?rest_route=\/wp\/v2\/pages\/3757\/revisions"}],"predecessor-version":[{"id":3846,"href":"https:\/\/lda.ar\/index.php?rest_route=\/wp\/v2\/pages\/3757\/revisions\/3846"}],"up":[{"embeddable":true,"href":"https:\/\/lda.ar\/index.php?rest_route=\/wp\/v2\/pages\/1406"}],"wp:attachment":[{"href":"https:\/\/lda.ar\/index.php?rest_route=%2Fwp%2Fv2%2Fmedia&parent=3757"}],"curies":[{"name":"wp","href":"https:\/\/api.w.org\/{rel}","templated":true}]}}