{"id":327,"date":"2020-10-24T14:20:26","date_gmt":"2020-10-24T17:20:26","guid":{"rendered":"https:\/\/lda.ar\/wp\/?page_id=327"},"modified":"2020-11-01T08:43:58","modified_gmt":"2020-11-01T11:43:58","slug":"lu1sf-dia-del-radioaficionado-argentino","status":"publish","type":"page","link":"https:\/\/lda.ar\/?page_id=327","title":{"rendered":"(LU1SF) D\u00eda del Radioaficionado Argentino 2020"},"content":{"rendered":"<div id=\"pl-gb327-69e6a487f1058\"  class=\"panel-layout\" ><div id=\"pg-gb327-69e6a487f1058-0\"  class=\"panel-grid panel-no-style\" ><div id=\"pgc-gb327-69e6a487f1058-0-0\"  class=\"panel-grid-cell\" ><div id=\"panel-gb327-69e6a487f1058-0-0-0\" class=\"so-panel widget widget_sow-image panel-first-child\" data-index=\"0\" ><div\n\t\t\t\n\t\t\tclass=\"so-widget-sow-image so-widget-sow-image-default-113ccd71f3e6-327\"\n\t\t\t\n\t\t>\n<div class=\"sow-image-container\">\n\t\t<img \n\tsrc=\"https:\/\/lda.ar\/wp-content\/uploads\/2020\/10\/membrete_lu1SF_dia_lu_2020-1024x135.jpg\" width=\"1024\" height=\"135\" srcset=\"https:\/\/lda.ar\/wp-content\/uploads\/2020\/10\/membrete_lu1SF_dia_lu_2020-1024x135.jpg 1024w, https:\/\/lda.ar\/wp-content\/uploads\/2020\/10\/membrete_lu1SF_dia_lu_2020-300x39.jpg 300w, https:\/\/lda.ar\/wp-content\/uploads\/2020\/10\/membrete_lu1SF_dia_lu_2020-768x101.jpg 768w, https:\/\/lda.ar\/wp-content\/uploads\/2020\/10\/membrete_lu1SF_dia_lu_2020.jpg 1239w\" sizes=\"(max-width: 1024px) 100vw, 1024px\" title=\"LU1SF D\u00eda del Radioaficionado Argentino\" alt=\"\" \t\tclass=\"so-widget-image\"\/>\n\t<\/div>\n\n<\/div><\/div><div id=\"panel-gb327-69e6a487f1058-0-0-1\" class=\"so-panel widget widget_text\" data-index=\"1\" ><div class=\"panel-widget-style panel-widget-style-for-gb327-69e6a487f1058-0-0-1\" >\t\t\t<div class=\"textwidget\"><p><strong>El Radio Club la Rioja para festejar el D\u00eda del Radioaficionado Argentino premia a las estaciones que confirmen su actividad en Log de Argentina con distintos Certificados Digitales.<\/strong><\/p>\n<\/div>\n\t\t<\/div><\/div><div id=\"panel-gb327-69e6a487f1058-0-0-2\" class=\"so-panel widget widget_text panel-last-child\" data-index=\"2\" ><div class=\"panel-widget-style panel-widget-style-for-gb327-69e6a487f1058-0-0-2\" >\t\t\t<div class=\"textwidget\"><p><em>El Certificado cumple la totalidad de lo requerido por la Resoluci\u00f3n 3635-E\/2017, art\u00edculos 4.5.4 y 4.6.4, y por lo tanto al tener el Radio Club personer\u00eda jur\u00eddica vigente y ser reconocida por ENACOM es v\u00e1lido para ascensos de categor\u00eda.<\/em><\/p>\n<\/div>\n\t\t<\/div><\/div><\/div><\/div><div id=\"pg-gb327-69e6a487f1058-1\"  class=\"panel-grid panel-no-style\" ><div id=\"pgc-gb327-69e6a487f1058-1-0\"  class=\"panel-grid-cell\" ><div id=\"panel-gb327-69e6a487f1058-1-0-0\" class=\"so-panel widget widget_sow-button panel-first-child\" data-index=\"3\" ><div\n\t\t\t\n\t\t\tclass=\"so-widget-sow-button so-widget-sow-button-atom-84e047a5cb77-327\"\n\t\t\t\n\t\t><div class=\"ow-button-base ow-button-align-center\"\n>\n\t\t\t<a\n\t\t\t\t\thref=\"https:\/\/lda.ar\/bases\/bases_lu1SF_dia_lu_2020.pdf\"\n\t\t\t\t\tclass=\"sowb-button ow-icon-placement-left ow-button-hover\" target=\"_blank\" rel=\"noopener noreferrer\" \t>\n\t\t<span>\n\t\t\t<span class=\"sow-icon-fontawesome sow-far\" data-sow-icon=\"&#xf1c1;\"\n\t\tstyle=\"\" \n\t\taria-hidden=\"true\"><\/span>\n\t\t\tVER BASES\t\t<\/span>\n\t\t\t<\/a>\n\t<\/div>\n<\/div><\/div><div id=\"panel-gb327-69e6a487f1058-1-0-1\" class=\"widget_text so-panel widget widget_custom_html panel-last-child\" data-index=\"4\" ><div class=\"textwidget custom-html-widget\"><iframe loading=\"lazy\" width=\"95%\" height=\"30000\" src=\"https:\/\/lda.ar\/php\/lu1sf_2020radioaficionado.php\" frameborder=\"0\" allowfullscreen; style=\"margin-left: 2em;\"><\/iframe><\/div><\/div><\/div><\/div><\/div>","protected":false},"excerpt":{"rendered":"<p>El Radio Club la Rioja para festejar el D\u00eda del Radioaficionado Argentino premia a las estaciones que confirmen su actividad en Log de Argentina con distintos Certificados Digitales. El Certificado&hellip; <\/p>\n","protected":false},"author":3,"featured_media":0,"parent":1406,"menu_order":0,"comment_status":"closed","ping_status":"closed","template":"","meta":{"ngg_post_thumbnail":0,"footnotes":""},"class_list":["post-327","page","type-page","status-publish","hentry"],"_links":{"self":[{"href":"https:\/\/lda.ar\/index.php?rest_route=\/wp\/v2\/pages\/327","targetHints":{"allow":["GET"]}}],"collection":[{"href":"https:\/\/lda.ar\/index.php?rest_route=\/wp\/v2\/pages"}],"about":[{"href":"https:\/\/lda.ar\/index.php?rest_route=\/wp\/v2\/types\/page"}],"author":[{"embeddable":true,"href":"https:\/\/lda.ar\/index.php?rest_route=\/wp\/v2\/users\/3"}],"replies":[{"embeddable":true,"href":"https:\/\/lda.ar\/index.php?rest_route=%2Fwp%2Fv2%2Fcomments&post=327"}],"version-history":[{"count":13,"href":"https:\/\/lda.ar\/index.php?rest_route=\/wp\/v2\/pages\/327\/revisions"}],"predecessor-version":[{"id":1659,"href":"https:\/\/lda.ar\/index.php?rest_route=\/wp\/v2\/pages\/327\/revisions\/1659"}],"up":[{"embeddable":true,"href":"https:\/\/lda.ar\/index.php?rest_route=\/wp\/v2\/pages\/1406"}],"wp:attachment":[{"href":"https:\/\/lda.ar\/index.php?rest_route=%2Fwp%2Fv2%2Fmedia&parent=327"}],"curies":[{"name":"wp","href":"https:\/\/api.w.org\/{rel}","templated":true}]}}