{"id":3151,"date":"2021-02-14T14:24:08","date_gmt":"2021-02-14T17:24:08","guid":{"rendered":"https:\/\/lda.ar\/wp\/?page_id=3151"},"modified":"2025-06-14T09:20:48","modified_gmt":"2025-06-14T12:20:48","slug":"us-lu1sf-chaya2021","status":"publish","type":"page","link":"https:\/\/lda.ar\/?page_id=3151","title":{"rendered":"(LU1SF) CHAYA 2021"},"content":{"rendered":"<div id=\"pl-gb3151-69e68ead953ce\"  class=\"panel-layout\" ><div id=\"pg-gb3151-69e68ead953ce-0\"  class=\"panel-grid panel-no-style\" ><div id=\"pgc-gb3151-69e68ead953ce-0-0\"  class=\"panel-grid-cell\" ><div id=\"panel-gb3151-69e68ead953ce-0-0-0\" class=\"so-panel widget widget_sow-headline panel-first-child\" data-index=\"0\" ><div\n\t\t\t\n\t\t\tclass=\"so-widget-sow-headline so-widget-sow-headline-default-20c5311775ad-3151\"\n\t\t\t\n\t\t><div class=\"sow-headline-container \">\n\t\t\t\t\t\t<div class=\"decoration\">\n\t\t\t\t\t\t<div class=\"decoration-inside\"><\/div>\n\t\t\t\t\t<\/div>\n\t\t\t\t\t<\/div>\n<\/div><\/div><div id=\"panel-gb3151-69e68ead953ce-0-0-1\" class=\"so-panel widget widget_sow-image\" data-index=\"1\" ><div\n\t\t\t\n\t\t\tclass=\"so-widget-sow-image so-widget-sow-image-default-113ccd71f3e6-3151\"\n\t\t\t\n\t\t>\n<div class=\"sow-image-container\">\n\t\t<img \n\tsrc=\"https:\/\/lda.ar\/wp-content\/uploads\/2021\/02\/membrete_lu1sf_chaya2021.jpg\" width=\"1239\" height=\"163\" srcset=\"https:\/\/lda.ar\/wp-content\/uploads\/2021\/02\/membrete_lu1sf_chaya2021.jpg 1239w, https:\/\/lda.ar\/wp-content\/uploads\/2021\/02\/membrete_lu1sf_chaya2021-300x39.jpg 300w, https:\/\/lda.ar\/wp-content\/uploads\/2021\/02\/membrete_lu1sf_chaya2021-1024x135.jpg 1024w, https:\/\/lda.ar\/wp-content\/uploads\/2021\/02\/membrete_lu1sf_chaya2021-768x101.jpg 768w\" sizes=\"(max-width: 1239px) 100vw, 1239px\" title=\"(LU1SF) Chaya 2021\" alt=\"(LU1SF) Chaya 2021\" \t\tclass=\"so-widget-image\"\/>\n\t<\/div>\n\n<\/div><\/div><div id=\"panel-gb3151-69e68ead953ce-0-0-2\" class=\"so-panel widget widget_text panel-last-child\" data-index=\"2\" ><div class=\"panel-widget-style panel-widget-style-for-gb3151-69e68ead953ce-0-0-2\" >\t\t\t<div class=\"textwidget\"><div id=\"pg-gb2124-5fc618f5e01e7-0\" class=\"panel-grid panel-no-style\">\n<div id=\"pgc-gb2124-5fc618f5e01e7-0-0\" class=\"panel-grid-cell\">\n<div id=\"panel-gb2124-5fc618f5e01e7-0-0-0\" class=\"so-panel widget widget_text panel-first-child panel-last-child\" data-index=\"0\">\n<div class=\"panel-widget-style panel-widget-style-for-gb2124-5fc618f5e01e7-0-0-0\">\n<div class=\"textwidget\">\n<p>Llega febrero y en La Rioja desaparecen las barreras, las clases sociales, las edades y los g\u00e9neros: nadie puede estar ajeno a la m\u00e1xima celebraci\u00f3n que vive este pueblo una vez al a\u00f1o: la \u201cLa Chaya\u201d, el carnaval ancestral que logra reunir a multitudes que acuden en busca de m\u00fasica, harina y albahaca.<br \/>\nCuenta la leyenda que Chaya era una muy bella jovencita india, que se enamor\u00f3 perdidamente del Pujllay, joven alegre, p\u00edcaro y mujeriego que ignor\u00f3 los requerimientos amorosos de la hermosa indiecita. Fue as\u00ed como ella, al no ser debidamente correspondida, se intern\u00f3 en el monte a llorar sus penas y desventuras amorosas, desapareciendo en \u00e9l para siempre. Desde entonces, suele retornar anualmente, hacia mediado del verano, del brazo de la Diosa Luna (Quilla), en forma de roc\u00edo o fina lluvia.<br \/>\nEn tanto Pujllay, sabi\u00e9ndose culpable de la desaparici\u00f3n de la joven india, sinti\u00f3 remordimiento y procedi\u00f3 a buscarla por todo el monte infructuosamente. Tiempo despu\u00e9s, enterado el joven del regreso de la joven a la tribu con la luna de febrero, volvi\u00f3 tambi\u00e9n al lugar para continuar la b\u00fasqueda. Pero fue in\u00fatil. All\u00ed, la gente que festejaba la anhelada cosecha, y lo recib\u00eda con muecas de alegr\u00eda; \u00e9l, por su parte, entre la algarab\u00eda de los circunstantes, prosigui\u00f3 la b\u00fasqueda y la indagaci\u00f3n con profunda desesperaci\u00f3n y resultados siempre negativos. Por ello, derrotado, termin\u00f3 ahogando en chicha su soledad y su pasada fama de Don Juan. Hasta que estuvo muy ebrio, cay\u00f3 en un fog\u00f3n y muri\u00f3 quemado.<br \/>\nDesde ese entonces, \u00abChaya\u00bb viene en febrero a\u00f1o a a\u00f1o a apagar el fuego de \u00abPujllay\u00bb; y cada a\u00f1o aparece el Pujllay y muere al terminar el festejo, y se lo entierra hasta el a\u00f1o que viene.<br \/>\n<strong>El Radio Club La Rioja (LU1SF), invita a estaciones argentinas y extranjeras a participar de la Chaya 2021, y en su conmemoraci\u00f3n emitir\u00e1 un certificado digital a cinco contactos.<\/strong><\/p>\n<\/div>\n<\/div>\n<\/div>\n<\/div>\n<\/div>\n<\/div>\n\t\t<\/div><\/div><\/div><\/div><div id=\"pg-gb3151-69e68ead953ce-1\"  class=\"panel-grid panel-no-style\" ><div id=\"pgc-gb3151-69e68ead953ce-1-0\"  class=\"panel-grid-cell\" ><div id=\"panel-gb3151-69e68ead953ce-1-0-0\" class=\"so-panel widget widget_sow-button panel-first-child\" data-index=\"3\" ><div\n\t\t\t\n\t\t\tclass=\"so-widget-sow-button so-widget-sow-button-atom-84e047a5cb77-3151\"\n\t\t\t\n\t\t><div class=\"ow-button-base ow-button-align-center\"\n>\n\t\t\t<a\n\t\t\t\t\thref=\"https:\/\/lda.ar\/bases\/bases_lu1sf_chaya2021.pdf\"\n\t\t\t\t\tclass=\"sowb-button ow-icon-placement-left ow-button-hover\" target=\"_blank\" rel=\"noopener noreferrer\" \t>\n\t\t<span>\n\t\t\t<span class=\"sow-icon-fontawesome sow-far\" data-sow-icon=\"&#xf1c1;\"\n\t\tstyle=\"\" \n\t\taria-hidden=\"true\"><\/span>\n\t\t\tVER BASES\t\t<\/span>\n\t\t\t<\/a>\n\t<\/div>\n<\/div><\/div><div id=\"panel-gb3151-69e68ead953ce-1-0-1\" class=\"so-panel widget widget_sow-headline panel-last-child\" data-index=\"4\" ><div\n\t\t\t\n\t\t\tclass=\"so-widget-sow-headline so-widget-sow-headline-default-20c5311775ad-3151\"\n\t\t\t\n\t\t><div class=\"sow-headline-container \">\n\t\t\t\t\t\t<div class=\"decoration\">\n\t\t\t\t\t\t<div class=\"decoration-inside\"><\/div>\n\t\t\t\t\t<\/div>\n\t\t\t\t\t<\/div>\n<\/div><\/div><\/div><\/div><\/div>\n\n<style>\n       .errordiv { padding:10px; margin:10px; border: 1px solid #555555;color: #000000;background-color: #f8f8f8; width:500px; }#advanced_iframe {visibility:visible;opacity:1;vertical-align:top;}.ai-info-bottom-iframe { position: fixed; z-index: 10000; bottom:0; left: 0; margin: 0px; text-align: center; width: 100%; background-color: #ff9999; padding-left: 5px;padding-bottom: 5px; border-top: 1px solid #aaa } a.ai-bold {font-weight: bold;}#ai-layer-div-advanced_iframe p {height:100%;margin:0;padding:0}<\/style><script type=\"text\/javascript\">var ai_iframe_width_advanced_iframe = 0;var ai_iframe_height_advanced_iframe = 0;function aiReceiveMessageadvanced_iframe(event) {  aiProcessMessage(event,\"advanced_iframe\", \"true\",\"\",\"false\",\"false\");}if (window.addEventListener) {  window.addEventListener(\"message\", aiReceiveMessageadvanced_iframe);} else if (el.attachEvent)  {  el.attachEvent(\"message\", aiReceiveMessageadvanced_iframe);}var aiOnloadScrollTop=\"true\";var aiShowDebug=false;\n\t\tif (typeof aiReadyCallbacks === 'undefined') {\n\t\t\tvar aiReadyCallbacks = [];\n\t\t} else if (!(aiReadyCallbacks instanceof Array)) {\n\t\t\tvar aiReadyCallbacks = [];\n\t\t}    function aiShowIframeId(id_iframe) { jQuery(\"#\"+id_iframe).css(\"visibility\", \"visible\");    }    function aiResizeIframeHeight(height) { aiResizeIframeHeight(height,advanced_iframe); }    function aiResizeIframeHeightId(height,width,id) {aiResizeIframeHeightById(id,height);}<\/script><iframe id=\"advanced_iframe\"  name=\"advanced_iframe\"  src=\"https:\/\/lda.ar\/php\/lu1sf_chaya2021.php\"  width=\"100%\"  height=\"5100\"  frameborder=\"0\"  border=\"0\"  allowtransparency=\"true\"  loading=\"lazy\"  style=\";border-width: 0px;;border: none;;width:100%;;height:5100px;\" ><\/iframe><script type=\"text\/javascript\">var ifrm_advanced_iframe = document.getElementById(\"advanced_iframe\");var hiddenTabsDoneadvanced_iframe = false;\nfunction resizeCallbackadvanced_iframe() {}<\/script><script type=\"text\/javascript\"><\/script><p style=\"display:block !important; visibility:visible !important;margin: -18px 14px 0 0;padding-left: 3px;padding-top:3px;background: white; overflow: hidden; position: relative; line-height:15px;width: fit-content;\"><small style=\"display:block !important;visibility:visible !important\">powered by Advanced iFrame<\/small><\/p>","protected":false},"excerpt":{"rendered":"<p>Llega febrero y en La Rioja desaparecen las barreras, las clases sociales, las edades y los g\u00e9neros: nadie puede estar ajeno a la m\u00e1xima celebraci\u00f3n que vive este pueblo una&hellip; <\/p>\n","protected":false},"author":3,"featured_media":0,"parent":1406,"menu_order":0,"comment_status":"closed","ping_status":"closed","template":"","meta":{"ngg_post_thumbnail":0,"footnotes":""},"class_list":["post-3151","page","type-page","status-publish","hentry"],"_links":{"self":[{"href":"https:\/\/lda.ar\/index.php?rest_route=\/wp\/v2\/pages\/3151","targetHints":{"allow":["GET"]}}],"collection":[{"href":"https:\/\/lda.ar\/index.php?rest_route=\/wp\/v2\/pages"}],"about":[{"href":"https:\/\/lda.ar\/index.php?rest_route=\/wp\/v2\/types\/page"}],"author":[{"embeddable":true,"href":"https:\/\/lda.ar\/index.php?rest_route=\/wp\/v2\/users\/3"}],"replies":[{"embeddable":true,"href":"https:\/\/lda.ar\/index.php?rest_route=%2Fwp%2Fv2%2Fcomments&post=3151"}],"version-history":[{"count":1,"href":"https:\/\/lda.ar\/index.php?rest_route=\/wp\/v2\/pages\/3151\/revisions"}],"predecessor-version":[{"id":3152,"href":"https:\/\/lda.ar\/index.php?rest_route=\/wp\/v2\/pages\/3151\/revisions\/3152"}],"up":[{"embeddable":true,"href":"https:\/\/lda.ar\/index.php?rest_route=\/wp\/v2\/pages\/1406"}],"wp:attachment":[{"href":"https:\/\/lda.ar\/index.php?rest_route=%2Fwp%2Fv2%2Fmedia&parent=3151"}],"curies":[{"name":"wp","href":"https:\/\/api.w.org\/{rel}","templated":true}]}}