{"id":3046,"date":"2021-02-08T08:23:18","date_gmt":"2021-02-08T11:23:18","guid":{"rendered":"https:\/\/lda.ar\/wp\/?page_id=3046"},"modified":"2025-06-14T09:21:41","modified_gmt":"2025-06-14T12:21:41","slug":"nl-lu4oc-aniversario-batalla-de-salta","status":"publish","type":"page","link":"https:\/\/lda.ar\/?page_id=3046","title":{"rendered":"| LU4OC | Aniversario Batalla de Salta"},"content":{"rendered":"<div id=\"pl-gb3046-69e6906edb57f\"  class=\"panel-layout wp-block-siteorigin-panels-layout-block\" ><div id=\"pg-gb3046-69e6906edb57f-0\"  class=\"panel-grid panel-no-style\" ><div id=\"pgc-gb3046-69e6906edb57f-0-0\"  class=\"panel-grid-cell\" ><div id=\"panel-gb3046-69e6906edb57f-0-0-0\" class=\"so-panel widget widget_sow-headline panel-first-child\" data-index=\"0\" ><div\n\t\t\t\n\t\t\tclass=\"so-widget-sow-headline so-widget-sow-headline-default-20c5311775ad-3046\"\n\t\t\t\n\t\t><div class=\"sow-headline-container \">\n\t\t\t\t\t\t<div class=\"decoration\">\n\t\t\t\t\t\t<div class=\"decoration-inside\"><\/div>\n\t\t\t\t\t<\/div>\n\t\t\t\t\t<\/div>\n<\/div><\/div><div id=\"panel-gb3046-69e6906edb57f-0-0-1\" class=\"so-panel widget widget_sow-image\" data-index=\"1\" ><div\n\t\t\t\n\t\t\tclass=\"so-widget-sow-image so-widget-sow-image-default-113ccd71f3e6-3046\"\n\t\t\t\n\t\t>\n<div class=\"sow-image-container\">\n\t\t<img \n\tsrc=\"https:\/\/lda.ar\/wp-content\/uploads\/2021\/02\/membrete_lu4oc_batalla_salta2021.jpg\" width=\"1239\" height=\"163\" srcset=\"https:\/\/lda.ar\/wp-content\/uploads\/2021\/02\/membrete_lu4oc_batalla_salta2021.jpg 1239w, https:\/\/lda.ar\/wp-content\/uploads\/2021\/02\/membrete_lu4oc_batalla_salta2021-300x39.jpg 300w, https:\/\/lda.ar\/wp-content\/uploads\/2021\/02\/membrete_lu4oc_batalla_salta2021-1024x135.jpg 1024w, https:\/\/lda.ar\/wp-content\/uploads\/2021\/02\/membrete_lu4oc_batalla_salta2021-768x101.jpg 768w\" sizes=\"(max-width: 1239px) 100vw, 1239px\" title=\"LU4OC\" alt=\"LU4OC\" \t\tclass=\"so-widget-image\"\/>\n\t<\/div>\n\n<\/div><\/div><div id=\"panel-gb3046-69e6906edb57f-0-0-2\" class=\"so-panel widget widget_text panel-last-child\" data-index=\"2\" ><div class=\"panel-widget-style panel-widget-style-for-gb3046-69e6906edb57f-0-0-2\" >\t\t\t<div class=\"textwidget\"><div id=\"pg-gb2124-5fc618f5e01e7-0\" class=\"panel-grid panel-no-style\">\n<div id=\"pgc-gb2124-5fc618f5e01e7-0-0\" class=\"panel-grid-cell\">\n<div id=\"panel-gb2124-5fc618f5e01e7-0-0-0\" class=\"so-panel widget widget_text panel-first-child panel-last-child\" data-index=\"0\">\n<div class=\"panel-widget-style panel-widget-style-for-gb2124-5fc618f5e01e7-0-0-0\">\n<div class=\"textwidget\">\n<p>El Radio Club Salta (LU4OC), invita a estaciones argentinas o extranjeras a participar de la conmemoraci\u00f3n de la \u201cBatalla de Salta\u201d cuyo enfrentamiento armado fue librado el 20 de febrero de 1813 en Campo Casta\u00f1ares, hoy zona norte de la ciudad de Salta, norte de la Rep\u00fablica Argentina, en el curso de la Guerra de Independencia de la Argentina.<\/p>\n<\/div>\n<\/div>\n<\/div>\n<\/div>\n<\/div>\n<\/div>\n\t\t<\/div><\/div><\/div><\/div><div id=\"pg-gb3046-69e6906edb57f-1\"  class=\"panel-grid panel-no-style\" ><div id=\"pgc-gb3046-69e6906edb57f-1-0\"  class=\"panel-grid-cell\" ><div id=\"panel-gb3046-69e6906edb57f-1-0-0\" class=\"so-panel widget widget_sow-button panel-first-child\" data-index=\"3\" ><div\n\t\t\t\n\t\t\tclass=\"so-widget-sow-button so-widget-sow-button-atom-84e047a5cb77-3046\"\n\t\t\t\n\t\t><div class=\"ow-button-base ow-button-align-center\"\n>\n\t\t\t<a\n\t\t\t\t\thref=\"https:\/\/lda.ar\/bases\/bases_batalla_salta_2021.pdf\"\n\t\t\t\t\tclass=\"sowb-button ow-icon-placement-left ow-button-hover\" target=\"_blank\" rel=\"noopener noreferrer\" \t>\n\t\t<span>\n\t\t\t<span class=\"sow-icon-fontawesome sow-far\" data-sow-icon=\"&#xf1c1;\"\n\t\tstyle=\"\" \n\t\taria-hidden=\"true\"><\/span>\n\t\t\tVER BASES\t\t<\/span>\n\t\t\t<\/a>\n\t<\/div>\n<\/div><\/div><div id=\"panel-gb3046-69e6906edb57f-1-0-1\" class=\"so-panel widget widget_text\" data-index=\"4\" ><div class=\"panel-widget-style panel-widget-style-for-gb3046-69e6906edb57f-1-0-1\" >\t\t\t<div class=\"textwidget\"><p><em>El Certificado cumple la totalidad de lo requerido por la Resoluci\u00f3n 3635-E\/2017, art\u00edculos 4.5.4 y 4.6.4, y por lo tanto al tener el Radio Club personer\u00eda jur\u00eddica vigente y ser reconocida por ENACOM es v\u00e1lido para ascensos de categor\u00eda.<\/em><\/p>\n<\/div>\n\t\t<\/div><\/div><div id=\"panel-gb3046-69e6906edb57f-1-0-2\" class=\"so-panel widget widget_sow-headline panel-last-child\" data-index=\"5\" ><div\n\t\t\t\n\t\t\tclass=\"so-widget-sow-headline so-widget-sow-headline-default-20c5311775ad-3046\"\n\t\t\t\n\t\t><div class=\"sow-headline-container \">\n\t\t\t\t\t\t<div class=\"decoration\">\n\t\t\t\t\t\t<div class=\"decoration-inside\"><\/div>\n\t\t\t\t\t<\/div>\n\t\t\t\t\t<\/div>\n<\/div><\/div><\/div><\/div><\/div>\n\n<style>\n       .errordiv { padding:10px; margin:10px; border: 1px solid #555555;color: #000000;background-color: #f8f8f8; width:500px; }#advanced_iframe {visibility:visible;opacity:1;vertical-align:top;}.ai-info-bottom-iframe { position: fixed; z-index: 10000; bottom:0; left: 0; margin: 0px; text-align: center; width: 100%; background-color: #ff9999; padding-left: 5px;padding-bottom: 5px; border-top: 1px solid #aaa } a.ai-bold {font-weight: bold;}#ai-layer-div-advanced_iframe p {height:100%;margin:0;padding:0}<\/style><script type=\"text\/javascript\">var ai_iframe_width_advanced_iframe = 0;var ai_iframe_height_advanced_iframe = 0;function aiReceiveMessageadvanced_iframe(event) {  aiProcessMessage(event,\"advanced_iframe\", \"true\",\"\",\"false\",\"false\");}if (window.addEventListener) {  window.addEventListener(\"message\", aiReceiveMessageadvanced_iframe);} else if (el.attachEvent)  {  el.attachEvent(\"message\", aiReceiveMessageadvanced_iframe);}var aiOnloadScrollTop=\"true\";var aiShowDebug=false;\n\t\tif (typeof aiReadyCallbacks === 'undefined') {\n\t\t\tvar aiReadyCallbacks = [];\n\t\t} else if (!(aiReadyCallbacks instanceof Array)) {\n\t\t\tvar aiReadyCallbacks = [];\n\t\t}    function aiShowIframeId(id_iframe) { jQuery(\"#\"+id_iframe).css(\"visibility\", \"visible\");    }    function aiResizeIframeHeight(height) { aiResizeIframeHeight(height,advanced_iframe); }    function aiResizeIframeHeightId(height,width,id) {aiResizeIframeHeightById(id,height);}<\/script><iframe id=\"advanced_iframe\"  name=\"advanced_iframe\"  src=\"https:\/\/logdeargentina.com.ar\/php\/lu4oc_batalla2021.php\"  width=\"100%\"  height=\"5100\"  frameborder=\"0\"  border=\"0\"  allowtransparency=\"true\"  loading=\"lazy\"  style=\";border-width: 0px;;border: none;;width:100%;;height:5100px;\" ><\/iframe><script type=\"text\/javascript\">var ifrm_advanced_iframe = document.getElementById(\"advanced_iframe\");var hiddenTabsDoneadvanced_iframe = false;\nfunction resizeCallbackadvanced_iframe() {}<\/script><script type=\"text\/javascript\"><\/script><p style=\"display:block !important; visibility:visible !important;margin: -18px 14px 0 0;padding-left: 3px;padding-top:3px;background: white; overflow: hidden; position: relative; line-height:15px;width: fit-content;\"><small style=\"display:block !important;visibility:visible !important\">powered by Advanced iFrame<\/small><\/p>\n\n\n<pre class=\"wp-block-preformatted\"><strong>LU4OC&nbsp;LU4OAC&nbsp;LU7ODG&nbsp;LU8OAH&nbsp;LU9OFE&nbsp;LU9OGM&nbsp;LU9ORF&nbsp;LU9OTA&nbsp;LU9OW&nbsp;LU9OZA<\/strong><\/pre>\n","protected":false},"excerpt":{"rendered":"<p>El Radio Club Salta (LU4OC), invita a estaciones argentinas o extranjeras a participar de la conmemoraci\u00f3n de la \u201cBatalla de Salta\u201d cuyo enfrentamiento armado fue librado el 20 de febrero&hellip; <\/p>\n","protected":false},"author":3,"featured_media":0,"parent":11590,"menu_order":0,"comment_status":"closed","ping_status":"closed","template":"","meta":{"ngg_post_thumbnail":0,"footnotes":""},"class_list":["post-3046","page","type-page","status-publish","hentry"],"_links":{"self":[{"href":"https:\/\/lda.ar\/index.php?rest_route=\/wp\/v2\/pages\/3046","targetHints":{"allow":["GET"]}}],"collection":[{"href":"https:\/\/lda.ar\/index.php?rest_route=\/wp\/v2\/pages"}],"about":[{"href":"https:\/\/lda.ar\/index.php?rest_route=\/wp\/v2\/types\/page"}],"author":[{"embeddable":true,"href":"https:\/\/lda.ar\/index.php?rest_route=\/wp\/v2\/users\/3"}],"replies":[{"embeddable":true,"href":"https:\/\/lda.ar\/index.php?rest_route=%2Fwp%2Fv2%2Fcomments&post=3046"}],"version-history":[{"count":8,"href":"https:\/\/lda.ar\/index.php?rest_route=\/wp\/v2\/pages\/3046\/revisions"}],"predecessor-version":[{"id":12007,"href":"https:\/\/lda.ar\/index.php?rest_route=\/wp\/v2\/pages\/3046\/revisions\/12007"}],"up":[{"embeddable":true,"href":"https:\/\/lda.ar\/index.php?rest_route=\/wp\/v2\/pages\/11590"}],"wp:attachment":[{"href":"https:\/\/lda.ar\/index.php?rest_route=%2Fwp%2Fv2%2Fmedia&parent=3046"}],"curies":[{"name":"wp","href":"https:\/\/api.w.org\/{rel}","templated":true}]}}