{"id":2120,"date":"2020-11-26T08:30:01","date_gmt":"2020-11-26T11:30:01","guid":{"rendered":"https:\/\/lda.ar\/wp\/?page_id=2120"},"modified":"2024-12-02T09:21:23","modified_gmt":"2024-12-02T12:21:23","slug":"reportes-swl","status":"publish","type":"page","link":"https:\/\/lda.ar\/?page_id=2120","title":{"rendered":"REPORTES SWL"},"content":{"rendered":"<div id=\"pl-gb2120-69e650059b9af\"  class=\"panel-layout wp-block-siteorigin-panels-layout-block\" ><div id=\"pg-gb2120-69e650059b9af-0\"  class=\"panel-grid panel-no-style\" ><div id=\"pgc-gb2120-69e650059b9af-0-0\"  class=\"panel-grid-cell\" ><div id=\"panel-gb2120-69e650059b9af-0-0-0\" class=\"so-panel widget widget_sow-headline panel-first-child panel-last-child\" data-index=\"0\" ><div\n\t\t\t\n\t\t\tclass=\"so-widget-sow-headline so-widget-sow-headline-default-20c5311775ad-2120\"\n\t\t\t\n\t\t><div class=\"sow-headline-container \">\n\t\t\t\t\t\t<div class=\"decoration\">\n\t\t\t\t\t\t<div class=\"decoration-inside\"><\/div>\n\t\t\t\t\t<\/div>\n\t\t\t\t\t<\/div>\n<\/div><\/div><\/div><\/div><div id=\"pg-gb2120-69e650059b9af-1\"  class=\"panel-grid panel-no-style\" ><div id=\"pgc-gb2120-69e650059b9af-1-0\"  class=\"panel-grid-cell\" ><div id=\"panel-gb2120-69e650059b9af-1-0-0\" class=\"so-panel widget widget_sow-editor panel-first-child panel-last-child\" data-index=\"1\" ><div\n\t\t\t\n\t\t\tclass=\"so-widget-sow-editor so-widget-sow-editor-base\"\n\t\t\t\n\t\t>\n<div class=\"siteorigin-widget-tinymce textwidget\">\n\t<p><span style=\"color: #003366;\">Los radioescuchas (SWL) cargan en LdA los datos normales (Fecha, Hora UTC, etc.)\u00a0 al escuchar la operaci\u00f3n de su estaci\u00f3n. Cuando usted sube el contacto realizado, el sistema cruza la informaci\u00f3n de lo cargado por el radioescucha y de haber coincidencia le genera y env\u00eda la su QSL como confirmaci\u00f3n. Por ser una estaci\u00f3n que escucha a la suya, usted no debe ni puede cargar ese contacto de ninguna manera, tan solo el sistema genera el cruce de datos y la QSL respectiva a la estaci\u00f3n radioescucha.<\/span><\/p>\n<hr \/>\n<p><span style=\"color: #003366;\">Radio listeners (SWL) charge in LdA normal data (Date, UTC Time, etc.) when listening to the operation of your station. When you upload the contact made, the system crosses the information of what is loaded by the radio listen and if there is a coincidence it generates and sends your QSL as confirmation. Because it is a station that listens to yours, you should not and cannot charge that contact in any way, only the system generates the data crossing and the respective QSL to the radio listening station.<\/span><\/p>\n<\/div>\n<\/div><\/div><\/div><\/div><\/div>\n\n<style>\n       .errordiv { padding:10px; margin:10px; border: 1px solid #555555;color: #000000;background-color: #f8f8f8; width:500px; }#advanced_iframe {visibility:visible;opacity:1;vertical-align:top;}.ai-info-bottom-iframe { position: fixed; z-index: 10000; bottom:0; left: 0; margin: 0px; text-align: center; width: 100%; background-color: #ff9999; padding-left: 5px;padding-bottom: 5px; border-top: 1px solid #aaa } a.ai-bold {font-weight: bold;}#ai-layer-div-advanced_iframe p {height:100%;margin:0;padding:0}<\/style><script type=\"text\/javascript\">var ai_iframe_width_advanced_iframe = 0;var ai_iframe_height_advanced_iframe = 0;function aiReceiveMessageadvanced_iframe(event) {  aiProcessMessage(event,\"advanced_iframe\", \"true\",\"\",\"false\",\"false\");}if (window.addEventListener) {  window.addEventListener(\"message\", aiReceiveMessageadvanced_iframe);} else if (el.attachEvent)  {  el.attachEvent(\"message\", aiReceiveMessageadvanced_iframe);}var aiOnloadScrollTop=\"true\";var aiShowDebug=false;\n\t\tif (typeof aiReadyCallbacks === 'undefined') {\n\t\t\tvar aiReadyCallbacks = [];\n\t\t} else if (!(aiReadyCallbacks instanceof Array)) {\n\t\t\tvar aiReadyCallbacks = [];\n\t\t}    function aiShowIframeId(id_iframe) { jQuery(\"#\"+id_iframe).css(\"visibility\", \"visible\");    }    function aiResizeIframeHeight(height) { aiResizeIframeHeight(height,advanced_iframe); }    function aiResizeIframeHeightId(height,width,id) {aiResizeIframeHeightById(id,height);}<\/script><iframe id=\"advanced_iframe\"  name=\"advanced_iframe\"  src=\"https:\/\/lda.ar\/php\/verlog_swl.php\"  width=\"100%\"  height=\"5100\"  frameborder=\"0\"  border=\"0\"  allowtransparency=\"true\"  loading=\"lazy\"  style=\";border-width: 0px;;border: none;;width:100%;;height:5100px;\" ><\/iframe><script type=\"text\/javascript\">var ifrm_advanced_iframe = document.getElementById(\"advanced_iframe\");var hiddenTabsDoneadvanced_iframe = false;\nfunction resizeCallbackadvanced_iframe() {}<\/script><script type=\"text\/javascript\"><\/script><p style=\"display:block !important; visibility:visible !important;margin: -18px 14px 0 0;padding-left: 3px;padding-top:3px;background: white; overflow: hidden; position: relative; line-height:15px;width: fit-content;\"><small style=\"display:block !important;visibility:visible !important\">powered by Advanced iFrame<\/small><\/p>","protected":false},"excerpt":{"rendered":"<p>Los radioescuchas (SWL) cargan en LdA los datos normales (Fecha, Hora UTC, etc.)\u00a0 al escuchar la operaci\u00f3n de su estaci\u00f3n. Cuando usted sube el contacto realizado, el sistema cruza la&hellip; <\/p>\n","protected":false},"author":3,"featured_media":0,"parent":29,"menu_order":0,"comment_status":"closed","ping_status":"closed","template":"","meta":{"ngg_post_thumbnail":0,"footnotes":""},"class_list":["post-2120","page","type-page","status-publish","hentry"],"_links":{"self":[{"href":"https:\/\/lda.ar\/index.php?rest_route=\/wp\/v2\/pages\/2120","targetHints":{"allow":["GET"]}}],"collection":[{"href":"https:\/\/lda.ar\/index.php?rest_route=\/wp\/v2\/pages"}],"about":[{"href":"https:\/\/lda.ar\/index.php?rest_route=\/wp\/v2\/types\/page"}],"author":[{"embeddable":true,"href":"https:\/\/lda.ar\/index.php?rest_route=\/wp\/v2\/users\/3"}],"replies":[{"embeddable":true,"href":"https:\/\/lda.ar\/index.php?rest_route=%2Fwp%2Fv2%2Fcomments&post=2120"}],"version-history":[{"count":4,"href":"https:\/\/lda.ar\/index.php?rest_route=\/wp\/v2\/pages\/2120\/revisions"}],"predecessor-version":[{"id":11613,"href":"https:\/\/lda.ar\/index.php?rest_route=\/wp\/v2\/pages\/2120\/revisions\/11613"}],"up":[{"embeddable":true,"href":"https:\/\/lda.ar\/index.php?rest_route=\/wp\/v2\/pages\/29"}],"wp:attachment":[{"href":"https:\/\/lda.ar\/index.php?rest_route=%2Fwp%2Fv2%2Fmedia&parent=2120"}],"curies":[{"name":"wp","href":"https:\/\/api.w.org\/{rel}","templated":true}]}}