{"id":2013,"date":"2020-11-09T20:31:13","date_gmt":"2020-11-09T23:31:13","guid":{"rendered":"https:\/\/lda.ar\/wp\/?page_id=2013"},"modified":"2020-11-16T20:30:21","modified_gmt":"2020-11-16T23:30:21","slug":"lu1sf-ruta-del-torrontes-en-argentina","status":"publish","type":"page","link":"https:\/\/lda.ar\/?page_id=2013","title":{"rendered":"(LU1SF) Ruta del Torront\u00e9s en Argentina"},"content":{"rendered":"<div id=\"pl-gb2013-69e68d2a54093\"  class=\"panel-layout\" ><div id=\"pg-gb2013-69e68d2a54093-0\"  class=\"panel-grid panel-no-style\" ><div id=\"pgc-gb2013-69e68d2a54093-0-0\"  class=\"panel-grid-cell\" ><div id=\"panel-gb2013-69e68d2a54093-0-0-0\" class=\"so-panel widget widget_sow-image panel-first-child panel-last-child\" data-index=\"0\" ><div\n\t\t\t\n\t\t\tclass=\"so-widget-sow-image so-widget-sow-image-default-113ccd71f3e6-2013\"\n\t\t\t\n\t\t>\n<div class=\"sow-image-container\">\n\t\t<img \n\tsrc=\"https:\/\/lda.ar\/wp-content\/uploads\/2020\/11\/membrete_lu1sf_torrontes2020-768x101.jpg\" width=\"768\" height=\"101\" srcset=\"https:\/\/lda.ar\/wp-content\/uploads\/2020\/11\/membrete_lu1sf_torrontes2020-768x101.jpg 768w, https:\/\/lda.ar\/wp-content\/uploads\/2020\/11\/membrete_lu1sf_torrontes2020-300x39.jpg 300w, https:\/\/lda.ar\/wp-content\/uploads\/2020\/11\/membrete_lu1sf_torrontes2020-1024x135.jpg 1024w, https:\/\/lda.ar\/wp-content\/uploads\/2020\/11\/membrete_lu1sf_torrontes2020.jpg 1239w\" sizes=\"(max-width: 768px) 100vw, 768px\" title=\"LU1SF Ruta del Torront\u00e9s en Argentina\" alt=\"\" \t\tclass=\"so-widget-image\"\/>\n\t<\/div>\n\n<\/div><\/div><\/div><\/div><div id=\"pg-gb2013-69e68d2a54093-1\"  class=\"panel-grid panel-no-style\" ><div id=\"pgc-gb2013-69e68d2a54093-1-0\"  class=\"panel-grid-cell\" ><div id=\"panel-gb2013-69e68d2a54093-1-0-0\" class=\"so-panel widget widget_text panel-first-child panel-last-child\" data-index=\"1\" ><div class=\"panel-widget-style panel-widget-style-for-gb2013-69e68d2a54093-1-0-0\" >\t\t\t<div class=\"textwidget\"><p><strong>Cada noviembre se celebra en Chilecito La Rioja y Cafayate Salta el festival del Torront\u00e9s y en el mes de octubre la semana del Torront\u00e9s. Por este motivo el Radio Club La Rioja LU1SF y sus socios, invitan a todos los radioaficionados a participar de dicha actividad que denominamos \u201cRuta del Torront\u00e9s en Argentina\u201d.<br \/>\nSe sabe que en la Provincia de La Rioja naci\u00f3 este cepaje de vid, llevando a posicionar los vinos de Argentina entre los mejores del Mundo como fue el caso del vino Nacar\u00ed, que en 1987 gana el premio al mejor vino blanco del mundo en Burdeos Francia. Desde aquel entonces los paradigmas acerca de la producci\u00f3n de los vinos argentinos cambiaron para siempre, llev\u00e1ndolos a una escala de vinos exportables y de alt\u00edsima calidad, que junto al Malbec son reconocidos por los mejores sommeliers del Pa\u00eds y del Mundo.<br \/>\nEste Certificado representar\u00e1 a las provincias donde se desarrolla dicho cepaje que en \u00faltimos a\u00f1os fue extendi\u00e9ndose y dando excelentes resultados por su f\u00e1cil adaptabilidad a las temperaturas y amplitudes t\u00e9rmicas extremas.<\/strong><\/p>\n<\/div>\n\t\t<\/div><\/div><\/div><\/div><div id=\"pg-gb2013-69e68d2a54093-2\"  class=\"panel-grid panel-no-style\" ><div id=\"pgc-gb2013-69e68d2a54093-2-0\"  class=\"panel-grid-cell\" ><div id=\"panel-gb2013-69e68d2a54093-2-0-0\" class=\"so-panel widget widget_sow-button panel-first-child\" data-index=\"2\" ><div\n\t\t\t\n\t\t\tclass=\"so-widget-sow-button so-widget-sow-button-atom-84e047a5cb77-2013\"\n\t\t\t\n\t\t><div class=\"ow-button-base ow-button-align-center\"\n>\n\t\t\t<a\n\t\t\t\t\thref=\"https:\/\/lda.ar\/bases\/bases_lu1sf_torrontes2020.pdf\"\n\t\t\t\t\tclass=\"sowb-button ow-icon-placement-left ow-button-hover\" target=\"_blank\" rel=\"noopener noreferrer\" \t>\n\t\t<span>\n\t\t\t<span class=\"sow-icon-fontawesome sow-far\" data-sow-icon=\"&#xf1c1;\"\n\t\tstyle=\"\" \n\t\taria-hidden=\"true\"><\/span>\n\t\t\tVER BASES\t\t<\/span>\n\t\t\t<\/a>\n\t<\/div>\n<\/div><\/div><div id=\"panel-gb2013-69e68d2a54093-2-0-1\" class=\"so-panel widget widget_text\" data-index=\"3\" ><div class=\"panel-widget-style panel-widget-style-for-gb2013-69e68d2a54093-2-0-1\" >\t\t\t<div class=\"textwidget\"><p><em>El Certificado cumple la totalidad de lo requerido por la Resoluci\u00f3n 3635-E\/2017, art\u00edculos 4.5.4 y 4.6.4, y por lo tanto al tener el Radio Club personer\u00eda jur\u00eddica vigente y ser reconocida por ENACOM es v\u00e1lido para ascensos de categor\u00eda.<\/em><\/p>\n<\/div>\n\t\t<\/div><\/div><div id=\"panel-gb2013-69e68d2a54093-2-0-2\" class=\"so-panel widget widget_sow-headline panel-last-child\" data-index=\"4\" ><div\n\t\t\t\n\t\t\tclass=\"so-widget-sow-headline so-widget-sow-headline-default-20c5311775ad-2013\"\n\t\t\t\n\t\t><div class=\"sow-headline-container \">\n\t\t\t\t\t\t<div class=\"decoration\">\n\t\t\t\t\t\t<div class=\"decoration-inside\"><\/div>\n\t\t\t\t\t<\/div>\n\t\t\t\t\t<\/div>\n<\/div><\/div><\/div><\/div><\/div>\n\n\n<hr class=\"wp-block-separator has-text-color has-background has-white-background-color has-white-color is-style-wide\"\/>\n\n\n<style>\n       .errordiv { padding:10px; margin:10px; border: 1px solid #555555;color: #000000;background-color: #f8f8f8; width:500px; }#advanced_iframe {visibility:visible;opacity:1;vertical-align:top;}.ai-info-bottom-iframe { position: fixed; z-index: 10000; bottom:0; left: 0; margin: 0px; text-align: center; width: 100%; background-color: #ff9999; padding-left: 5px;padding-bottom: 5px; border-top: 1px solid #aaa } a.ai-bold {font-weight: bold;}#ai-layer-div-advanced_iframe p {height:100%;margin:0;padding:0}<\/style><script type=\"text\/javascript\">var ai_iframe_width_advanced_iframe = 0;var ai_iframe_height_advanced_iframe = 0;function aiReceiveMessageadvanced_iframe(event) {  aiProcessMessage(event,\"advanced_iframe\", \"true\",\"\",\"false\",\"false\");}if (window.addEventListener) {  window.addEventListener(\"message\", aiReceiveMessageadvanced_iframe);} else if (el.attachEvent)  {  el.attachEvent(\"message\", aiReceiveMessageadvanced_iframe);}var aiOnloadScrollTop=\"true\";var aiShowDebug=false;\n\t\tif (typeof aiReadyCallbacks === 'undefined') {\n\t\t\tvar aiReadyCallbacks = [];\n\t\t} else if (!(aiReadyCallbacks instanceof Array)) {\n\t\t\tvar aiReadyCallbacks = [];\n\t\t}    function aiShowIframeId(id_iframe) { jQuery(\"#\"+id_iframe).css(\"visibility\", \"visible\");    }    function aiResizeIframeHeight(height) { aiResizeIframeHeight(height,advanced_iframe); }    function aiResizeIframeHeightId(height,width,id) {aiResizeIframeHeightById(id,height);}<\/script><iframe id=\"advanced_iframe\"  name=\"advanced_iframe\"  src=\"https:\/\/lda.ar\/php\/lu1sf_torrontes_2020.php\"  width=\"100%\"  height=\"5000\"  frameborder=\"0\"  border=\"0\"  allowtransparency=\"true\"  loading=\"lazy\"  style=\";border-width: 0px;;border: none;;width:100%;;height:5000px;\" ><\/iframe><script type=\"text\/javascript\">var ifrm_advanced_iframe = document.getElementById(\"advanced_iframe\");var hiddenTabsDoneadvanced_iframe = false;\nfunction resizeCallbackadvanced_iframe() {}<\/script><script type=\"text\/javascript\"><\/script><p style=\"display:block !important; visibility:visible !important;margin: -18px 14px 0 0;padding-left: 3px;padding-top:3px;background: white; overflow: hidden; position: relative; line-height:15px;width: fit-content;\"><small style=\"display:block !important;visibility:visible !important\">powered by Advanced iFrame<\/small><\/p>","protected":false},"excerpt":{"rendered":"<p>Cada noviembre se celebra en Chilecito La Rioja y Cafayate Salta el festival del Torront\u00e9s y en el mes de octubre la semana del Torront\u00e9s. Por este motivo el Radio&hellip; <\/p>\n","protected":false},"author":3,"featured_media":0,"parent":1406,"menu_order":0,"comment_status":"closed","ping_status":"closed","template":"","meta":{"ngg_post_thumbnail":0,"footnotes":""},"class_list":["post-2013","page","type-page","status-publish","hentry"],"_links":{"self":[{"href":"https:\/\/lda.ar\/index.php?rest_route=\/wp\/v2\/pages\/2013","targetHints":{"allow":["GET"]}}],"collection":[{"href":"https:\/\/lda.ar\/index.php?rest_route=\/wp\/v2\/pages"}],"about":[{"href":"https:\/\/lda.ar\/index.php?rest_route=\/wp\/v2\/types\/page"}],"author":[{"embeddable":true,"href":"https:\/\/lda.ar\/index.php?rest_route=\/wp\/v2\/users\/3"}],"replies":[{"embeddable":true,"href":"https:\/\/lda.ar\/index.php?rest_route=%2Fwp%2Fv2%2Fcomments&post=2013"}],"version-history":[{"count":4,"href":"https:\/\/lda.ar\/index.php?rest_route=\/wp\/v2\/pages\/2013\/revisions"}],"predecessor-version":[{"id":2149,"href":"https:\/\/lda.ar\/index.php?rest_route=\/wp\/v2\/pages\/2013\/revisions\/2149"}],"up":[{"embeddable":true,"href":"https:\/\/lda.ar\/index.php?rest_route=\/wp\/v2\/pages\/1406"}],"wp:attachment":[{"href":"https:\/\/lda.ar\/index.php?rest_route=%2Fwp%2Fv2%2Fmedia&parent=2013"}],"curies":[{"name":"wp","href":"https:\/\/api.w.org\/{rel}","templated":true}]}}