{"id":17012,"date":"2026-04-20T13:22:58","date_gmt":"2026-04-20T16:22:58","guid":{"rendered":"https:\/\/lda.ar\/?page_id=17012"},"modified":"2026-04-20T13:26:51","modified_gmt":"2026-04-20T16:26:51","slug":"lu4oc-centenario-radio-club-salta-lu4oc","status":"publish","type":"page","link":"https:\/\/lda.ar\/?page_id=17012","title":{"rendered":"| LU4OC | \u00abCENTENARIO RADIO CLUB SALTA LU4OC\u00bb"},"content":{"rendered":"<div id=\"pl-gb17012-69e756df8f6a2\"  class=\"panel-layout wp-block-siteorigin-panels-layout-block\" ><div id=\"pg-gb17012-69e756df8f6a2-0\"  class=\"panel-grid panel-no-style\" ><div id=\"pgc-gb17012-69e756df8f6a2-0-0\"  class=\"panel-grid-cell\" ><div id=\"panel-gb17012-69e756df8f6a2-0-0-0\" class=\"so-panel widget widget_sow-headline panel-first-child\" data-index=\"0\" ><div\n\t\t\t\n\t\t\tclass=\"so-widget-sow-headline so-widget-sow-headline-default-41f48fd02822-17012\"\n\t\t\t\n\t\t><div class=\"sow-headline-container \">\n\t\t\t\t\t\t<div class=\"decoration\">\n\t\t\t\t\t\t<div class=\"decoration-inside\"><\/div>\n\t\t\t\t\t<\/div>\n\t\t\t\t\t<\/div>\n<\/div><\/div><div id=\"panel-gb17012-69e756df8f6a2-0-0-1\" class=\"so-panel widget widget_sow-image panel-last-child\" data-index=\"1\" ><div\n\t\t\t\n\t\t\tclass=\"so-widget-sow-image so-widget-sow-image-default-113ccd71f3e6-17012\"\n\t\t\t\n\t\t>\n<div class=\"sow-image-container\">\n\t\t<img \n\tsrc=\"https:\/\/www.lda.ar\/imagenes\/membretes\/membrete_LU4OC_100_aniv.jpg\" title=\"LU4OC\" alt=\"LU4OC\" \t\tclass=\"so-widget-image\"\/>\n\t<\/div>\n\n<\/div><\/div><\/div><\/div><div id=\"pg-gb17012-69e756df8f6a2-1\"  class=\"panel-grid panel-no-style\" ><div id=\"pgc-gb17012-69e756df8f6a2-1-0\"  class=\"panel-grid-cell\" ><div id=\"panel-gb17012-69e756df8f6a2-1-0-0\" class=\"so-panel widget widget_sow-editor panel-first-child\" data-index=\"2\" ><div\n\t\t\t\n\t\t\tclass=\"so-widget-sow-editor so-widget-sow-editor-base\"\n\t\t\t\n\t\t><h3 class=\"widget-title\">QSL Personalizada del Evento<\/h3>\n<div class=\"siteorigin-widget-tinymce textwidget\">\n\t<p>Las estaciones otorgantes podr\u00e1n confirmar los contactos con una QSL personalizada alusiva al evento. Pueden solicitarlas mediante Ticket e informarse sobre los costos. <a href=\"https:\/\/lda.ar\/?page_id=19\">https:\/\/lda.ar\/?page_id=19<\/a><\/p>\n<\/div>\n<\/div><\/div><div id=\"panel-gb17012-69e756df8f6a2-1-0-1\" class=\"so-panel widget widget_sow-image panel-last-child\" data-index=\"3\" ><div\n\t\t\t\n\t\t\tclass=\"so-widget-sow-image so-widget-sow-image-default-113ccd71f3e6-17012\"\n\t\t\t\n\t\t>\n<div class=\"sow-image-container\">\n\t\t<img \n\tsrc=\"https:\/\/lda.ar\/imagenes\/qsls_311x200x75\/muestra_qsl-LU4OC_100_aniv.jpg\" title=\"| LU4OC | \u00abCENTENARIO RADIO CLUB SALTA LU4OC\u00bb\" alt=\"\" \t\tclass=\"so-widget-image\"\/>\n\t<\/div>\n\n<\/div><\/div><\/div><\/div><div id=\"pg-gb17012-69e756df8f6a2-2\"  class=\"panel-grid panel-no-style\" ><div id=\"pgc-gb17012-69e756df8f6a2-2-0\"  class=\"panel-grid-cell\" ><div id=\"panel-gb17012-69e756df8f6a2-2-0-0\" class=\"so-panel widget widget_sow-editor panel-first-child panel-last-child\" data-index=\"4\" ><div\n\t\t\t\n\t\t\tclass=\"so-widget-sow-editor so-widget-sow-editor-base\"\n\t\t\t\n\t\t>\n<div class=\"siteorigin-widget-tinymce textwidget\">\n\t<p><span style=\"color: #000080;\"><strong>Estimados colegas:<\/strong><\/span><\/p>\n<p><span style=\"color: #000080;\">El Radio Club Salta invita a todos los Radioaficionados Argentinos, extranjeros&nbsp; a participar del Certificado por los 100\u00b0aniversario de esta instituci\u00f3n.<\/span><\/p>\n<p><strong><span style=\"color: #000080;\">UN POCO DE RESE\u00d1A:<\/span><\/strong><br \/>\n<span style=\"color: #333399;\">Historia del Radio Club Salta \u2013 Centenario 1926-2026<\/span><\/p>\n<p style=\"text-align: justify;\"><span style=\"color: #333399;\">En 1926 a\u00fan no exist\u00eda en Salta lo que hoy conocemos como radiodifusi\u00f3n. En realidad, incluso en Buenos Aires apenas funcionaban dos estaciones que transmit\u00edan \u2014m\u00e1s como un experimento que como un servicio regular\u2014 algunas horas al d\u00eda m\u00fasica grabada en discos de pasta, otra de las novedades de la \u00e9poca, adem\u00e1s de breves informaciones y avisos de utilidad p\u00fablica, como el turno de las boticas y algunas noticias.<\/span><\/p>\n<p style=\"text-align: justify;\"><span style=\"color: #333399;\">En aquellos a\u00f1os, que hoy parecen quedar a una enorme distancia de nuestro tiempo, la radio misma era algo nuevo, casi desconocido, sorprendente y dif\u00edcil de comprender.<\/span><\/p>\n<p style=\"text-align: justify;\"><span style=\"color: #333399;\">Y as\u00ed fue hasta abril de 1926, cuando un peque\u00f1o grupo de hombres con inquietudes t\u00e9cnicas y esp\u00edritu emprendedor comenz\u00f3 a reunirse con la idea de fundar un radio club en Salta. En nuestra ciudad eran muy pocos quienes pose\u00edan un receptor capaz de captar \u2014con dificultad\u2014 las se\u00f1ales que llegaban desde Buenos Aires.<\/span><\/p>\n<p style=\"text-align: justify;\"><span style=\"color: #333399;\">La idea prosper\u00f3 y el 17 de abril de 1926 se concret\u00f3 la primera reuni\u00f3n formal de una docena de personas en la Biblioteca P\u00fablica de la Provincia, gentilmente cedida por su director, Juan Carlos D\u00e1valos.<\/span><\/p>\n<p style=\"text-align: justify;\"><span style=\"color: #333399;\">En esa reuni\u00f3n se design\u00f3 como presidente provisional del Radio Club a Juan Derendinger, y se nombr\u00f3 una comisi\u00f3n encargada de redactar los estatutos y elaborar el presupuesto para montar un equipo de radio propio del club. Esta comisi\u00f3n estuvo integrada por Eduardo Leoni, m\u00e9dico del Ej\u00e9rcito, Juan Derendinger y Juan Mesa S\u00e1nchez.<\/span><\/p>\n<p style=\"text-align: justify;\"><span style=\"color: #333399;\">Tambi\u00e9n se constituy\u00f3 la primera comisi\u00f3n t\u00e9cnica del club, formada por Juan Derendinger, Juan Mesa S\u00e1nchez, Eduardo Leoni y J. Armando CaAdem\u00e1s, Juan Mesa S\u00e1nchez fue designado para dictar las primeras lecciones de radiotelegraf\u00eda que se impartieron en Salta, siendo posteriormente nombrado operador oficial del equipo del club.<\/span><\/p>\n<p style=\"text-align: justify;\"><span style=\"color: #333399;\">En aquella \u00e9poca, los \u00fanicos que pose\u00edan equipos de radio con capacidad de recepci\u00f3n y transmisi\u00f3n eran Derendinger, Leoni, Francisco y Jos\u00e9 Carbonell, Abel Ortiz, Armando Caro y la Escuela de Artes y Oficios, quienes generosamente pusieron sus equipos t\u00e9cnicos a disposici\u00f3n del naciente radio club.<\/span><\/p>\n<p style=\"text-align: justify;\"><span style=\"color: #333399;\">Catorce d\u00edas m\u00e1s tarde, desde la casa de Eduardo Leoni, el 1\u00ba de mayo de 1926, se realiz\u00f3 la primera experiencia de radiodifusi\u00f3n en Salta. Horas despu\u00e9s de este suceso experimental, en el sal\u00f3n de uno de los principales hoteles de la ciudad, se reunieron nuevamente los entusiastas promotores, acompa\u00f1ados por una treintena de amigos radioescuchas, y se llev\u00f3 a cabo la fundaci\u00f3n oficial del Radio Club Salta, firm\u00e1ndose el acta fundacional con fecha 1\u00ba de mayo de 1926.<\/span><\/p>\n<p style=\"text-align: justify;\"><span style=\"color: #333399;\">La primera comisi\u00f3n directiva qued\u00f3 integrada por:<\/span><br \/>\n<span style=\"color: #333399;\">\u2022 Eduardo Leoni, Presidente<\/span><br \/>\n<span style=\"color: #333399;\">\u2022 Juan Derendinger, Vicepresidente<\/span><br \/>\n<span style=\"color: #333399;\">\u2022 Jorge Castro, Secretario<\/span><br \/>\n<span style=\"color: #333399;\">\u2022 Francisco Carbonell, Tesorero<\/span><\/p>\n<p style=\"text-align: justify;\"><span style=\"color: #333399;\">y como vocales los se\u00f1ores Victoriano Sol\u00e1, Abel Ortiz, Carlos H. Salomone, Augusto Barni y el ingeniero Agust\u00edn C\u00e1rcano.<\/span><br \/>\n<span style=\"color: #333399;\">As\u00ed comenz\u00f3 la historia del Radio Club Salta, instituci\u00f3n pionera que dio origen a la radiodifusi\u00f3n local y que posteriormente impuls\u00f3 el desarrollo de la radioafici\u00f3n salte\u00f1a.<\/span><\/p>\n<p style=\"text-align: justify;\"><span style=\"color: #333399;\">Con el paso de los a\u00f1os, la t\u00e9cnica super\u00f3 todo lo que aquellos pioneros pod\u00edan imaginar. Y el Radio Club Salta avanz\u00f3 siempre acompa\u00f1ando esa evoluci\u00f3n tecnol\u00f3gica.<\/span><\/p>\n<p style=\"text-align: justify;\"><span style=\"color: #333399;\">Hoy, los radioaficionados salte\u00f1os contin\u00faan haciendo llegar su voz amiga y cordial, y su apoyo fraternal, a todos los rincones del pa\u00eds y del mundo.<\/span><\/p>\n<p style=\"text-align: justify;\"><span style=\"color: #333399;\">La historia del Radio Club Salta est\u00e1 llena de peque\u00f1as y grandes acciones que se han sucedido a lo largo de un siglo de vida. En cualquier momento \u2014de d\u00eda o de noche\u2014 la radioafici\u00f3n ofrece la posibilidad de tender lazos de amistad con colegas de todo el planeta, pero tambi\u00e9n de prestar servicio a la comunidad y ayudar al pr\u00f3jimo, con el esp\u00edritu solidario que siempre caracteriz\u00f3 a esta actividad.<\/span><\/p>\n<p style=\"text-align: justify;\"><span style=\"color: #333399;\">Cabe recordar que el Radio Club Argentino fue fundado en 1921, el Radio Club Tucum\u00e1n en 1922, y el Radio Club Rosario en 1927, lo que convierte al Radio Club Salta en una de las instituciones de radioaficionados m\u00e1s antiguas de la Rep\u00fablica Argentina.<\/span><\/p>\n<p style=\"text-align: justify;\"><span style=\"color: #333399;\">Hoy, al cumplirse 100 a\u00f1os de aquella hist\u00f3rica fundaci\u00f3n, celebramos no solo el pasado, sino tambi\u00e9n el presente y el futuro de la radioafici\u00f3n salte\u00f1a, manteniendo vivo el esp\u00edritu de aquellos pioneros que hace un siglo decidieron unir sus conocimientos, su pasi\u00f3n y sus sue\u00f1os para dar origen a esta querida instituci\u00f3n.<\/span><\/p>\n<\/div>\n<\/div><\/div><\/div><\/div><div id=\"pg-gb17012-69e756df8f6a2-3\"  class=\"panel-grid panel-no-style\" ><div id=\"pgc-gb17012-69e756df8f6a2-3-0\"  class=\"panel-grid-cell\" ><div id=\"panel-gb17012-69e756df8f6a2-3-0-0\" class=\"so-panel widget widget_sow-button panel-first-child\" data-index=\"5\" ><div\n\t\t\t\n\t\t\tclass=\"so-widget-sow-button so-widget-sow-button-atom-84e047a5cb77-17012\"\n\t\t\t\n\t\t><div class=\"ow-button-base ow-button-align-center\"\n>\n\t\t\t<a\n\t\t\t\t\thref=\"http:\/\/www.lda.ar\/bases\/bases_LU4OC_CENTENARIO_RADIO_CLUB_SALTA.pdf\"\n\t\t\t\t\tclass=\"sowb-button ow-icon-placement-left ow-button-hover\" target=\"_blank\" rel=\"noopener noreferrer\" \t>\n\t\t<span>\n\t\t\t<span class=\"sow-icon-fontawesome sow-far\" data-sow-icon=\"&#xf1c1;\"\n\t\tstyle=\"\" \n\t\taria-hidden=\"true\"><\/span>\n\t\t\tBASES\t\t<\/span>\n\t\t\t<\/a>\n\t<\/div>\n<\/div><\/div><div id=\"panel-gb17012-69e756df8f6a2-3-0-1\" class=\"so-panel widget widget_text\" data-index=\"6\" ><div class=\"panel-widget-style panel-widget-style-for-gb17012-69e756df8f6a2-3-0-1\" >\t\t\t<div class=\"textwidget\"><p><strong>Los contactos subidos por las estaciones a LdA son exclusiva responsabilidad de las mismas. Si ha detectado una mala carga de alg\u00fan QSO en particular no es LdA quien debe solucionar el problema. P\u00f3ngase en contacto con la instituci\u00f3n organizadora a tal fin o con la estaci\u00f3n contactada buscando sus datos en\u00a0 <a href=\"https:\/\/lda.ar\/wp\/?page_id=17\" target=\"_blank\" rel=\"noopener\">USUARIOS DE LdA.<\/a><\/strong><\/p>\n<\/div>\n\t\t<\/div><\/div><div id=\"panel-gb17012-69e756df8f6a2-3-0-2\" class=\"so-panel widget widget_text panel-last-child\" data-index=\"7\" ><div class=\"panel-widget-style panel-widget-style-for-gb17012-69e756df8f6a2-3-0-2\" >\t\t\t<div class=\"textwidget\"><p><em><strong>\u00abEl certificado es v\u00e1lido para la comprobaci\u00f3n de actividad de radioaficionado.\u00bb<\/strong><\/em><\/p>\n<\/div>\n\t\t<\/div><\/div><\/div><\/div><\/div>\n\n\n<hr class=\"wp-block-separator has-text-color has-luminous-vivid-orange-color has-css-opacity has-luminous-vivid-orange-background-color has-background is-style-wide\"\/>\n\n\n\n<iframe src=\"https:\/\/lda.ar\/php\/eventos\/LU4OC_2026_d.php\"\" class=\"autoIframe\"><\/iframe>\n\n<style>\n.autoIframe {\n    width: 100%;\n    border: 0;\n    display: block;\n    overflow: hidden;\n}\n<\/style>\n\n<script>\nfunction resizeIframe(iframe) {\n    try {\n        const doc = iframe.contentWindow.document;\n\n        \/\/ Forzar que el PHP interno NO tenga scroll\n        doc.documentElement.style.overflow = 'hidden';\n        doc.body.style.overflow = 'hidden';\n        doc.documentElement.style.margin = '0';\n        doc.body.style.margin = '0';\n\n        const height = Math.max(\n            doc.body.scrollHeight,\n            doc.documentElement.scrollHeight,\n            doc.body.offsetHeight,\n            doc.documentElement.offsetHeight\n        );\n\n        iframe.style.height = height + 'px';\n    } catch (e) {}\n}\n\ndocument.querySelectorAll('.autoIframe').forEach(function (iframe) {\n    iframe.addEventListener('load', function () {\n        resizeIframe(this);\n\n        \/\/ Reajustes para DataTables\n        setTimeout(() => resizeIframe(this), 300);\n        setTimeout(() => resizeIframe(this), 800);\n        setTimeout(() => resizeIframe(this), 1500);\n    });\n});\n<\/script>\n\n\n\n<hr class=\"wp-block-separator has-text-color has-vivid-cyan-blue-color has-alpha-channel-opacity has-vivid-cyan-blue-background-color has-background is-style-wide\"\/>\n\n\n<div id=\"pl-gb17012-69e756df91e5b\"  class=\"panel-layout wp-block-siteorigin-panels-layout-block\" ><div id=\"pg-gb17012-69e756df91e5b-0\"  class=\"panel-grid panel-no-style\" ><div id=\"pgc-gb17012-69e756df91e5b-0-0\"  class=\"panel-grid-cell\" ><div id=\"panel-gb17012-69e756df91e5b-0-0-0\" class=\"so-panel widget widget_sow-image-grid panel-first-child panel-last-child\" data-index=\"0\" ><div\n\t\t\t\n\t\t\tclass=\"so-widget-sow-image-grid so-widget-sow-image-grid-default-15bfeffd6b98-17012\"\n\t\t\t\n\t\t>\t<div\n\t\tclass=\"sow-image-grid-wrapper\"\n\t\tdata-max-width=\"85\"\t\tdata-max-height=\"75\"\t>\n\t\t\t\t\t<div class=\"sow-image-grid-image\">\n\t\t\t\t\t\t\t\t\t\t\t\t\t<a href=\"https:\/\/fotovig.com.ar\/\"\n\t\t\t\t\t\t\t\t\t\t\t\t\t\t\t\t\t\ttarget=\"_blank\" \t\t\t\t\t\t\t\t\t\t\t\t\t\t\t\t\t\t\t\t\t\t\t\trel=\"noopener noreferrer\" \t\t\t\t\t\t\t\t\t\t\t>\n\t\t\t\t\t\t\t\t<img decoding=\"async\" title=\"Fotovig\" alt=\"Fotovig&quot;\" class=\"sow-image-grid-image_html\" src=\"https:\/\/lda.ar\/imagenes\/escudos\/Marca%20Foto%20Vig%20(Colores).png\" >\t\t\t\t\t\t\t\t\t<\/a>\n\t\t\t\t\t\t\t\t\t\t\t<\/div>\n\t\t\t\t\t<div class=\"sow-image-grid-image\">\n\t\t\t\t\t\t\t\t\t\t\t\t\t<a href=\"http:\/\/www.sa10m.com.ar\/\"\n\t\t\t\t\t\t\t\t\t\t\t\t\t\t\t\t\t\ttarget=\"_blank\" \t\t\t\t\t\t\t\t\t\t\t\t\t\t\t\t\t\t\t\t\t\t\t\trel=\"noopener noreferrer\" \t\t\t\t\t\t\t\t\t\t\t>\n\t\t\t\t\t\t\t\t<img decoding=\"async\" title=\"SA1\u00d8m Contest\" alt=\"SA10m Contest&quot;\" class=\"sow-image-grid-image_html\" src=\"https:\/\/lda.ar\/imagenes\/escudos\/logo_sa10m.png\" >\t\t\t\t\t\t\t\t\t<\/a>\n\t\t\t\t\t\t\t\t\t\t\t<\/div>\n\t\t\t\t\t<div class=\"sow-image-grid-image\">\n\t\t\t\t\t\t\t\t\t\t\t\t\t<a href=\"http:\/\/www.campeonatohf.com.ar\/\"\n\t\t\t\t\t\t\t\t\t\t\t\t\t\t\t\t\t\ttarget=\"_blank\" \t\t\t\t\t\t\t\t\t\t\t\t\t\t\t\t\t\t\t\t\t\t\t\trel=\"noopener noreferrer\" \t\t\t\t\t\t\t\t\t\t\t>\n\t\t\t\t\t\t\t\t<img decoding=\"async\" title=\"Campeonato Argentino de HF\" alt=\"Campeonato Argentino de HF&quot;\" class=\"sow-image-grid-image_html\" src=\"https:\/\/lda.ar\/imagenes\/escudos\/logo_cahf.png\" >\t\t\t\t\t\t\t\t\t<\/a>\n\t\t\t\t\t\t\t\t\t\t\t<\/div>\n\t\t\t\t\t<div class=\"sow-image-grid-image\">\n\t\t\t\t\t\t\t\t\t\t\t\t\t<a href=\"http:\/\/jvp-antenas.com.ar\/\"\n\t\t\t\t\t\t\t\t\t\t\t\t\t\t\t\t\t\ttarget=\"_blank\" \t\t\t\t\t\t\t\t\t\t\t\t\t\t\t\t\t\t\t\t\t\t\t\trel=\"noopener noreferrer\" \t\t\t\t\t\t\t\t\t\t\t>\n\t\t\t\t\t\t\t\t<img decoding=\"async\" title=\"JVP Antenas\" alt=\"JVP Antenas&quot;\" class=\"sow-image-grid-image_html\" src=\"https:\/\/lda.ar\/imagenes\/escudos\/logo_jvp.png\" >\t\t\t\t\t\t\t\t\t<\/a>\n\t\t\t\t\t\t\t\t\t\t\t<\/div>\n\t\t\t\t\t<div class=\"sow-image-grid-image\">\n\t\t\t\t\t\t\t\t\t\t\t\t\t<a href=\"http:\/\/www.jpv-antenas.com.ar\"\n\t\t\t\t\t\t\t\t\t\t\t\t\t\t\t\t\t\ttarget=\"_blank\" \t\t\t\t\t\t\t\t\t\t\t\t\t\t\t\t\t\t\t\t\t\t\t\trel=\"noopener noreferrer\" \t\t\t\t\t\t\t\t\t\t\t>\n\t\t\t\t\t\t\t\t<img decoding=\"async\" title=\"Yaguaret\u00e9 DX Group\" alt=\"Yaguaret\u00e9 DX Group&quot;\" class=\"sow-image-grid-image_html\" src=\"https:\/\/lda.ar\/imagenes\/escudos\/escudo_yaguarete_dx_group_600px.png\" >\t\t\t\t\t\t\t\t\t<\/a>\n\t\t\t\t\t\t\t\t\t\t\t<\/div>\n\t\t\t\t\t<div class=\"sow-image-grid-image\">\n\t\t\t\t\t\t\t\t\t\t\t\t\t<a href=\"https:\/\/www.argentinaroom.com.ar\/\"\n\t\t\t\t\t\t\t\t\t\t\t\t\t\t\t\t\t\ttarget=\"_blank\" \t\t\t\t\t\t\t\t\t\t\t\t\t\t\t\t\t\t\t\t\t\t\t\trel=\"noopener noreferrer\" \t\t\t\t\t\t\t\t\t\t\t>\n\t\t\t\t\t\t\t\t<img decoding=\"async\" title=\"Argentina ROOM\" alt=\"Argentina ROOM&quot;\" class=\"sow-image-grid-image_html\" src=\"https:\/\/lda.ar\/escudos\/marca_arg_room_circular_fdo_celeste.png\" >\t\t\t\t\t\t\t\t\t<\/a>\n\t\t\t\t\t\t\t\t\t\t\t<\/div>\n\t\t\t<\/div>\n<\/div><\/div><\/div><\/div><\/div>","protected":false},"excerpt":{"rendered":"<p>Las estaciones otorgantes podr\u00e1n confirmar los contactos con una QSL personalizada alusiva al evento. Pueden solicitarlas mediante Ticket e informarse sobre los costos. https:\/\/lda.ar\/?page_id=19<\/p>\n","protected":false},"author":14,"featured_media":0,"parent":11590,"menu_order":0,"comment_status":"closed","ping_status":"closed","template":"","meta":{"ngg_post_thumbnail":0,"footnotes":""},"class_list":["post-17012","page","type-page","status-publish","hentry"],"_links":{"self":[{"href":"https:\/\/lda.ar\/index.php?rest_route=\/wp\/v2\/pages\/17012","targetHints":{"allow":["GET"]}}],"collection":[{"href":"https:\/\/lda.ar\/index.php?rest_route=\/wp\/v2\/pages"}],"about":[{"href":"https:\/\/lda.ar\/index.php?rest_route=\/wp\/v2\/types\/page"}],"author":[{"embeddable":true,"href":"https:\/\/lda.ar\/index.php?rest_route=\/wp\/v2\/users\/14"}],"replies":[{"embeddable":true,"href":"https:\/\/lda.ar\/index.php?rest_route=%2Fwp%2Fv2%2Fcomments&post=17012"}],"version-history":[{"count":4,"href":"https:\/\/lda.ar\/index.php?rest_route=\/wp\/v2\/pages\/17012\/revisions"}],"predecessor-version":[{"id":17017,"href":"https:\/\/lda.ar\/index.php?rest_route=\/wp\/v2\/pages\/17012\/revisions\/17017"}],"up":[{"embeddable":true,"href":"https:\/\/lda.ar\/index.php?rest_route=\/wp\/v2\/pages\/11590"}],"wp:attachment":[{"href":"https:\/\/lda.ar\/index.php?rest_route=%2Fwp%2Fv2%2Fmedia&parent=17012"}],"curies":[{"name":"wp","href":"https:\/\/api.w.org\/{rel}","templated":true}]}}