{"id":16998,"date":"2026-04-06T09:21:59","date_gmt":"2026-04-06T12:21:59","guid":{"rendered":"https:\/\/lda.ar\/?page_id=16998"},"modified":"2026-04-17T21:14:31","modified_gmt":"2026-04-18T00:14:31","slug":"comunicado-swl","status":"publish","type":"page","link":"https:\/\/lda.ar\/?page_id=16998","title":{"rendered":"(COMUNICADO SWL)"},"content":{"rendered":"\n<p><\/p>\n\n\n<div id=\"pl-gb16998-69e64c04ca409\"  class=\"panel-layout wp-block-siteorigin-panels-layout-block\" ><div id=\"pg-gb16998-69e64c04ca409-0\"  class=\"panel-grid panel-no-style\" ><div id=\"pgc-gb16998-69e64c04ca409-0-0\"  class=\"panel-grid-cell\" ><div id=\"panel-gb16998-69e64c04ca409-0-0-0\" class=\"so-panel widget widget_sow-headline panel-first-child\" data-index=\"0\" ><div\n\t\t\t\n\t\t\tclass=\"so-widget-sow-headline so-widget-sow-headline-default-20c5311775ad-16998\"\n\t\t\t\n\t\t><div class=\"sow-headline-container \">\n\t\t\t\t\t\t<div class=\"decoration\">\n\t\t\t\t\t\t<div class=\"decoration-inside\"><\/div>\n\t\t\t\t\t<\/div>\n\t\t\t\t\t<\/div>\n<\/div><\/div><div id=\"panel-gb16998-69e64c04ca409-0-0-1\" class=\"so-panel widget widget_sow-editor panel-last-child\" data-index=\"1\" ><div\n\t\t\t\n\t\t\tclass=\"so-widget-sow-editor so-widget-sow-editor-base\"\n\t\t\t\n\t\t><h3 class=\"widget-title\">Comunicado SWL<\/h3>\n<div class=\"siteorigin-widget-tinymce textwidget\">\n\t<p>En Log de Argentina reafirmamos nuestro compromiso con la comunidad de la radioafici\u00f3n, reconociendo el valor y la dedicaci\u00f3n que aportan los radioescuchas (SWL) a la actividad.<\/p>\n<p>Luego de analizar distintas posturas y con <strong>el objetivo de mantener claridad en el funcionamiento de la plataforma<\/strong>, se ha tomado la decisi\u00f3n de que la <em><strong>participaci\u00f3n de los SWL quedar\u00e1 exclusivamente orientada a la confirmaci\u00f3n de escuchas y la obtenci\u00f3n de sus correspondientes QSL.<\/strong><\/em><\/p>\n<p>Esta medida busca ordenar y diferenciar correctamente los roles dentro del sistema, respetando las particularidades de cada tipo de participaci\u00f3n. De este modo, se preserva el esp\u00edritu de la radioafici\u00f3n, evitando <strong>confusiones entre las actividades propias de las estaciones transmisoras y las de quienes realizan escuchas<\/strong>.<\/p>\n<p><em>Reiteramos que las escuchas contin\u00faan siendo una parte valiosa de la actividad<\/em>, requiriendo dedicaci\u00f3n, constancia y conocimientos t\u00e9cnicos, y seguir\u00e1n teniendo su espacio dentro de la plataforma bajo esta modalidad espec\u00edfica.<\/p>\n<p>Agradecemos a toda la comunidad por el acompa\u00f1amiento, la comprensi\u00f3n y el respeto mutuo, pilares fundamentales para seguir construyendo un entorno ordenado y colaborativo.<\/p>\n<p><strong>Esta decisi\u00f3n&nbsp; corre para los pr\u00f3ximos eventos&nbsp; a partir del d\u00eda de la fecha 08\/04\/2026&nbsp;<\/strong><\/p>\n<p>&nbsp;<\/p>\n<hr \/>\n<\/div>\n<\/div><\/div><\/div><\/div><\/div>","protected":false},"excerpt":{"rendered":"","protected":false},"author":14,"featured_media":0,"parent":0,"menu_order":0,"comment_status":"closed","ping_status":"closed","template":"","meta":{"ngg_post_thumbnail":0,"footnotes":""},"class_list":["post-16998","page","type-page","status-publish","hentry"],"_links":{"self":[{"href":"https:\/\/lda.ar\/index.php?rest_route=\/wp\/v2\/pages\/16998","targetHints":{"allow":["GET"]}}],"collection":[{"href":"https:\/\/lda.ar\/index.php?rest_route=\/wp\/v2\/pages"}],"about":[{"href":"https:\/\/lda.ar\/index.php?rest_route=\/wp\/v2\/types\/page"}],"author":[{"embeddable":true,"href":"https:\/\/lda.ar\/index.php?rest_route=\/wp\/v2\/users\/14"}],"replies":[{"embeddable":true,"href":"https:\/\/lda.ar\/index.php?rest_route=%2Fwp%2Fv2%2Fcomments&post=16998"}],"version-history":[{"count":1,"href":"https:\/\/lda.ar\/index.php?rest_route=\/wp\/v2\/pages\/16998\/revisions"}],"predecessor-version":[{"id":16999,"href":"https:\/\/lda.ar\/index.php?rest_route=\/wp\/v2\/pages\/16998\/revisions\/16999"}],"wp:attachment":[{"href":"https:\/\/lda.ar\/index.php?rest_route=%2Fwp%2Fv2%2Fmedia&parent=16998"}],"curies":[{"name":"wp","href":"https:\/\/api.w.org\/{rel}","templated":true}]}}