{"id":16771,"date":"2026-03-18T12:20:45","date_gmt":"2026-03-18T15:20:45","guid":{"rendered":"https:\/\/lda.ar\/?page_id=16771"},"modified":"2026-03-23T13:35:15","modified_gmt":"2026-03-23T16:35:15","slug":"llota-argentina-dia-mundial-del-agua","status":"publish","type":"page","link":"https:\/\/lda.ar\/?page_id=16771","title":{"rendered":"(LLOTA ARGENTINA) \u00bb D\u00cdA MUNDIAL DEL AGUA\u00bb"},"content":{"rendered":"<div id=\"pl-gb16771-69e64bfaad7f6\"  class=\"panel-layout wp-block-siteorigin-panels-layout-block\" ><div id=\"pg-gb16771-69e64bfaad7f6-0\"  class=\"panel-grid panel-no-style\" ><div id=\"pgc-gb16771-69e64bfaad7f6-0-0\"  class=\"panel-grid-cell\" ><div id=\"panel-gb16771-69e64bfaad7f6-0-0-0\" class=\"so-panel widget widget_sow-headline panel-first-child\" data-index=\"0\" ><div\n\t\t\t\n\t\t\tclass=\"so-widget-sow-headline so-widget-sow-headline-default-41f48fd02822-16771\"\n\t\t\t\n\t\t><div class=\"sow-headline-container \">\n\t\t\t\t\t\t<div class=\"decoration\">\n\t\t\t\t\t\t<div class=\"decoration-inside\"><\/div>\n\t\t\t\t\t<\/div>\n\t\t\t\t\t<\/div>\n<\/div><\/div><div id=\"panel-gb16771-69e64bfaad7f6-0-0-1\" class=\"so-panel widget widget_sow-image panel-last-child\" data-index=\"1\" ><div\n\t\t\t\n\t\t\tclass=\"so-widget-sow-image so-widget-sow-image-default-113ccd71f3e6-16771\"\n\t\t\t\n\t\t>\n<div class=\"sow-image-container\">\n\t\t<img \n\tsrc=\"https:\/\/www.lda.ar\/imagenes\/membretes\/membrete_LLOTA_dia_mundial_del_agua.jpg\" title=\"LLOTA ARGENTINA\" alt=\"LLOTA ARGENTINA\" \t\tclass=\"so-widget-image\"\/>\n\t<\/div>\n\n<\/div><\/div><\/div><\/div><div id=\"pg-gb16771-69e64bfaad7f6-1\"  class=\"panel-grid panel-no-style\" ><div id=\"pgc-gb16771-69e64bfaad7f6-1-0\"  class=\"panel-grid-cell\" ><div id=\"panel-gb16771-69e64bfaad7f6-1-0-0\" class=\"so-panel widget widget_sow-editor panel-first-child\" data-index=\"2\" ><div\n\t\t\t\n\t\t\tclass=\"so-widget-sow-editor so-widget-sow-editor-base\"\n\t\t\t\n\t\t><h3 class=\"widget-title\">QSL Personalizada del Evento<\/h3>\n<div class=\"siteorigin-widget-tinymce textwidget\">\n\t<p>Las estaciones activadoras podr\u00e1n confirmar los contactos con una QSL personalizada alusiva al evento. Pueden solicitarlas mediante Ticket e informarse sobre los costos. <a href=\"https:\/\/lda.ar\/?page_id=19\">https:\/\/lda.ar\/?page_id=19<\/a><\/p>\n<\/div>\n<\/div><\/div><div id=\"panel-gb16771-69e64bfaad7f6-1-0-1\" class=\"so-panel widget widget_sow-image panel-last-child\" data-index=\"3\" ><div\n\t\t\t\n\t\t\tclass=\"so-widget-sow-image so-widget-sow-image-default-113ccd71f3e6-16771\"\n\t\t\t\n\t\t>\n<div class=\"sow-image-container\">\n\t\t<img \n\tsrc=\"https:\/\/lda.ar\/imagenes\/qsls_311x200x75\/muestra_qsl-LW5ECI-DIA-MUNDIA-DEL-AGUA.jpg\" title=\"(LLOTA ARGENTINA) \u00bb D\u00cdA MUNDIAL DEL AGUA\u00bb\" alt=\"\" \t\tclass=\"so-widget-image\"\/>\n\t<\/div>\n\n<\/div><\/div><\/div><\/div><div id=\"pg-gb16771-69e64bfaad7f6-2\"  class=\"panel-grid panel-no-style\" ><div id=\"pgc-gb16771-69e64bfaad7f6-2-0\"  class=\"panel-grid-cell\" ><div id=\"panel-gb16771-69e64bfaad7f6-2-0-0\" class=\"so-panel widget widget_sow-editor panel-first-child panel-last-child\" data-index=\"4\" ><div\n\t\t\t\n\t\t\tclass=\"so-widget-sow-editor so-widget-sow-editor-base\"\n\t\t\t\n\t\t>\n<div class=\"siteorigin-widget-tinymce textwidget\">\n\t<p style=\"text-align: justify;\"><span style=\"color: #333399;\">Estimados colegas:<\/span><br \/>\n<span style=\"color: #333399;\">Los invitamos a participar del evento del d\u00eda Mundial del Agua realizado por LLOT<strong>A<\/strong><\/span><\/p>\n<p><span style=\"color: #333399;\"><strong>UN POCO DE RESE\u00d1A:<\/strong> <\/span><\/p>\n<p><span style=\"color: #333399;\">El D\u00eda Mundial del Agua es una celebraci\u00f3n internacional de concienciaci\u00f3n que se celebra anualmente el 22 de marzo desde 1993, establecida por la Asamblea General de las Naciones Unidas el 22 de noviembre de 1992. Este evento es v\u00e1lido para activadores y cazadores ser\u00e1 otorgado al contactar o activar al menos una referencia durante el evento y se celebrar\u00e1 anualmente el tercer fin de semana completo de marzo.<\/span><\/p>\n<\/div>\n<\/div><\/div><\/div><\/div><div id=\"pg-gb16771-69e64bfaad7f6-3\"  class=\"panel-grid panel-no-style\" ><div id=\"pgc-gb16771-69e64bfaad7f6-3-0\"  class=\"panel-grid-cell\" ><div id=\"panel-gb16771-69e64bfaad7f6-3-0-0\" class=\"so-panel widget widget_sow-button panel-first-child\" data-index=\"5\" ><div\n\t\t\t\n\t\t\tclass=\"so-widget-sow-button so-widget-sow-button-atom-84e047a5cb77-16771\"\n\t\t\t\n\t\t><div class=\"ow-button-base ow-button-align-center\"\n>\n\t\t\t<a\n\t\t\t\t\thref=\"http:\/\/www.lda.ar\/bases\/bases_llota_dia_mundial_del_agua_2026.pdf\"\n\t\t\t\t\tclass=\"sowb-button ow-icon-placement-left ow-button-hover\" target=\"_blank\" rel=\"noopener noreferrer\" \t>\n\t\t<span>\n\t\t\t<span class=\"sow-icon-fontawesome sow-far\" data-sow-icon=\"&#xf1c1;\"\n\t\tstyle=\"\" \n\t\taria-hidden=\"true\"><\/span>\n\t\t\tBASES\t\t<\/span>\n\t\t\t<\/a>\n\t<\/div>\n<\/div><\/div><div id=\"panel-gb16771-69e64bfaad7f6-3-0-1\" class=\"so-panel widget widget_text\" data-index=\"6\" ><div class=\"panel-widget-style panel-widget-style-for-gb16771-69e64bfaad7f6-3-0-1\" >\t\t\t<div class=\"textwidget\"><p><strong>Los contactos subidos por las estaciones a LdA son exclusiva responsabilidad de las mismas. Si ha detectado una mala carga de alg\u00fan QSO en particular no es LdA quien debe solucionar el problema. P\u00f3ngase en contacto con la instituci\u00f3n organizadora a tal fin o con la estaci\u00f3n contactada buscando sus datos en\u00a0 <a href=\"https:\/\/lda.ar\/wp\/?page_id=17\" target=\"_blank\" rel=\"noopener\">USUARIOS DE LdA.<\/a><\/strong><\/p>\n<\/div>\n\t\t<\/div><\/div><div id=\"panel-gb16771-69e64bfaad7f6-3-0-2\" class=\"so-panel widget widget_text panel-last-child\" data-index=\"7\" ><div class=\"panel-widget-style panel-widget-style-for-gb16771-69e64bfaad7f6-3-0-2\" >\t\t\t<div class=\"textwidget\"><p><em><strong>\u00abEl certificado es v\u00e1lido para la comprobaci\u00f3n de actividad de radioaficionado.\u00bb<\/strong><\/em><\/p>\n<\/div>\n\t\t<\/div><\/div><\/div><\/div><\/div>\n\n\n<hr class=\"wp-block-separator has-text-color has-luminous-vivid-orange-color has-css-opacity has-luminous-vivid-orange-background-color has-background is-style-wide\"\/>\n\n\n\n<iframe\n  id=\"iframe_qso\"\n  src=\"https:\/\/lda.ar\/php\/eventos\/LLOTA_2026.php\"\n  style=\"width:100%; border:0; overflow:hidden;\"\n  scrolling=\"no\">\n<\/iframe>\n\n<script>\nwindow.addEventListener(\"message\", function(e) {\n  if (e.data.alturaIframe) {\n    document.getElementById(\"iframe_qso\").style.height =\n      e.data.alturaIframe + \"px\";\n  }\n});\n<\/script>\n\n\n\n<hr class=\"wp-block-separator has-text-color has-vivid-cyan-blue-color has-alpha-channel-opacity has-vivid-cyan-blue-background-color has-background is-style-wide\"\/>\n\n\n<div id=\"pl-gb16771-69e64bfab0004\"  class=\"panel-layout wp-block-siteorigin-panels-layout-block\" ><div id=\"pg-gb16771-69e64bfab0004-0\"  class=\"panel-grid panel-no-style\" ><div id=\"pgc-gb16771-69e64bfab0004-0-0\"  class=\"panel-grid-cell\" ><div id=\"panel-gb16771-69e64bfab0004-0-0-0\" class=\"so-panel widget widget_sow-image-grid panel-first-child panel-last-child\" data-index=\"0\" ><div\n\t\t\t\n\t\t\tclass=\"so-widget-sow-image-grid so-widget-sow-image-grid-default-15bfeffd6b98-16771\"\n\t\t\t\n\t\t>\t<div\n\t\tclass=\"sow-image-grid-wrapper\"\n\t\tdata-max-width=\"85\"\t\tdata-max-height=\"75\"\t>\n\t\t\t\t\t<div class=\"sow-image-grid-image\">\n\t\t\t\t\t\t\t\t\t\t\t\t\t<a href=\"https:\/\/fotovig.com.ar\/\"\n\t\t\t\t\t\t\t\t\t\t\t\t\t\t\t\t\t\ttarget=\"_blank\" \t\t\t\t\t\t\t\t\t\t\t\t\t\t\t\t\t\t\t\t\t\t\t\trel=\"noopener noreferrer\" \t\t\t\t\t\t\t\t\t\t\t>\n\t\t\t\t\t\t\t\t<img decoding=\"async\" title=\"Fotovig\" alt=\"Fotovig&quot;\" class=\"sow-image-grid-image_html\" src=\"https:\/\/lda.ar\/imagenes\/escudos\/Marca%20Foto%20Vig%20(Colores).png\" >\t\t\t\t\t\t\t\t\t<\/a>\n\t\t\t\t\t\t\t\t\t\t\t<\/div>\n\t\t\t\t\t<div class=\"sow-image-grid-image\">\n\t\t\t\t\t\t\t\t\t\t\t\t\t<a href=\"http:\/\/www.sa10m.com.ar\/\"\n\t\t\t\t\t\t\t\t\t\t\t\t\t\t\t\t\t\ttarget=\"_blank\" \t\t\t\t\t\t\t\t\t\t\t\t\t\t\t\t\t\t\t\t\t\t\t\trel=\"noopener noreferrer\" \t\t\t\t\t\t\t\t\t\t\t>\n\t\t\t\t\t\t\t\t<img decoding=\"async\" title=\"SA1\u00d8m Contest\" alt=\"SA10m Contest&quot;\" class=\"sow-image-grid-image_html\" src=\"https:\/\/lda.ar\/imagenes\/escudos\/logo_sa10m.png\" >\t\t\t\t\t\t\t\t\t<\/a>\n\t\t\t\t\t\t\t\t\t\t\t<\/div>\n\t\t\t\t\t<div class=\"sow-image-grid-image\">\n\t\t\t\t\t\t\t\t\t\t\t\t\t<a href=\"http:\/\/www.campeonatohf.com.ar\/\"\n\t\t\t\t\t\t\t\t\t\t\t\t\t\t\t\t\t\ttarget=\"_blank\" \t\t\t\t\t\t\t\t\t\t\t\t\t\t\t\t\t\t\t\t\t\t\t\trel=\"noopener noreferrer\" \t\t\t\t\t\t\t\t\t\t\t>\n\t\t\t\t\t\t\t\t<img decoding=\"async\" title=\"Campeonato Argentino de HF\" alt=\"Campeonato Argentino de HF&quot;\" class=\"sow-image-grid-image_html\" src=\"https:\/\/lda.ar\/imagenes\/escudos\/logo_cahf.png\" >\t\t\t\t\t\t\t\t\t<\/a>\n\t\t\t\t\t\t\t\t\t\t\t<\/div>\n\t\t\t\t\t<div class=\"sow-image-grid-image\">\n\t\t\t\t\t\t\t\t\t\t\t\t\t<a href=\"http:\/\/jvp-antenas.com.ar\/\"\n\t\t\t\t\t\t\t\t\t\t\t\t\t\t\t\t\t\ttarget=\"_blank\" \t\t\t\t\t\t\t\t\t\t\t\t\t\t\t\t\t\t\t\t\t\t\t\trel=\"noopener noreferrer\" \t\t\t\t\t\t\t\t\t\t\t>\n\t\t\t\t\t\t\t\t<img decoding=\"async\" title=\"JVP Antenas\" alt=\"JVP Antenas&quot;\" class=\"sow-image-grid-image_html\" src=\"https:\/\/lda.ar\/imagenes\/escudos\/logo_jvp.png\" >\t\t\t\t\t\t\t\t\t<\/a>\n\t\t\t\t\t\t\t\t\t\t\t<\/div>\n\t\t\t\t\t<div class=\"sow-image-grid-image\">\n\t\t\t\t\t\t\t\t\t\t\t\t\t<a href=\"http:\/\/www.jpv-antenas.com.ar\"\n\t\t\t\t\t\t\t\t\t\t\t\t\t\t\t\t\t\ttarget=\"_blank\" \t\t\t\t\t\t\t\t\t\t\t\t\t\t\t\t\t\t\t\t\t\t\t\trel=\"noopener noreferrer\" \t\t\t\t\t\t\t\t\t\t\t>\n\t\t\t\t\t\t\t\t<img decoding=\"async\" title=\"Yaguaret\u00e9 DX Group\" alt=\"Yaguaret\u00e9 DX Group&quot;\" class=\"sow-image-grid-image_html\" src=\"https:\/\/lda.ar\/imagenes\/escudos\/escudo_yaguarete_dx_group_600px.png\" >\t\t\t\t\t\t\t\t\t<\/a>\n\t\t\t\t\t\t\t\t\t\t\t<\/div>\n\t\t\t\t\t<div class=\"sow-image-grid-image\">\n\t\t\t\t\t\t\t\t\t\t\t\t\t<a href=\"https:\/\/www.argentinaroom.com.ar\/\"\n\t\t\t\t\t\t\t\t\t\t\t\t\t\t\t\t\t\ttarget=\"_blank\" \t\t\t\t\t\t\t\t\t\t\t\t\t\t\t\t\t\t\t\t\t\t\t\trel=\"noopener noreferrer\" \t\t\t\t\t\t\t\t\t\t\t>\n\t\t\t\t\t\t\t\t<img decoding=\"async\" title=\"Argentina ROOM\" alt=\"Argentina ROOM&quot;\" class=\"sow-image-grid-image_html\" src=\"https:\/\/lda.ar\/escudos\/marca_arg_room_circular_fdo_celeste.png\" >\t\t\t\t\t\t\t\t\t<\/a>\n\t\t\t\t\t\t\t\t\t\t\t<\/div>\n\t\t\t<\/div>\n<\/div><\/div><\/div><\/div><\/div>","protected":false},"excerpt":{"rendered":"<p>Las estaciones activadoras podr\u00e1n confirmar los contactos con una QSL personalizada alusiva al evento. Pueden solicitarlas mediante Ticket e informarse sobre los costos. https:\/\/lda.ar\/?page_id=19<\/p>\n","protected":false},"author":14,"featured_media":0,"parent":11596,"menu_order":0,"comment_status":"closed","ping_status":"closed","template":"","meta":{"ngg_post_thumbnail":0,"footnotes":""},"class_list":["post-16771","page","type-page","status-publish","hentry"],"_links":{"self":[{"href":"https:\/\/lda.ar\/index.php?rest_route=\/wp\/v2\/pages\/16771","targetHints":{"allow":["GET"]}}],"collection":[{"href":"https:\/\/lda.ar\/index.php?rest_route=\/wp\/v2\/pages"}],"about":[{"href":"https:\/\/lda.ar\/index.php?rest_route=\/wp\/v2\/types\/page"}],"author":[{"embeddable":true,"href":"https:\/\/lda.ar\/index.php?rest_route=\/wp\/v2\/users\/14"}],"replies":[{"embeddable":true,"href":"https:\/\/lda.ar\/index.php?rest_route=%2Fwp%2Fv2%2Fcomments&post=16771"}],"version-history":[{"count":4,"href":"https:\/\/lda.ar\/index.php?rest_route=\/wp\/v2\/pages\/16771\/revisions"}],"predecessor-version":[{"id":16824,"href":"https:\/\/lda.ar\/index.php?rest_route=\/wp\/v2\/pages\/16771\/revisions\/16824"}],"up":[{"embeddable":true,"href":"https:\/\/lda.ar\/index.php?rest_route=\/wp\/v2\/pages\/11596"}],"wp:attachment":[{"href":"https:\/\/lda.ar\/index.php?rest_route=%2Fwp%2Fv2%2Fmedia&parent=16771"}],"curies":[{"name":"wp","href":"https:\/\/api.w.org\/{rel}","templated":true}]}}