{"id":16722,"date":"2026-02-20T12:03:07","date_gmt":"2026-02-20T15:03:07","guid":{"rendered":"https:\/\/lda.ar\/?page_id=16722"},"modified":"2026-03-09T13:39:16","modified_gmt":"2026-03-09T16:39:16","slug":"arg-room-10o-aniversario-red-argentina-room","status":"publish","type":"page","link":"https:\/\/lda.ar\/?page_id=16722","title":{"rendered":"(ARG-ROOM) \u00ab10\u00ba ANIVERSARIO RED ARGENTINA ROOM \u00ab"},"content":{"rendered":"<div id=\"pl-gb16722-69e68f14d7fa8\"  class=\"panel-layout wp-block-siteorigin-panels-layout-block\" ><div id=\"pg-gb16722-69e68f14d7fa8-0\"  class=\"panel-grid panel-no-style\" ><div id=\"pgc-gb16722-69e68f14d7fa8-0-0\"  class=\"panel-grid-cell\" ><div id=\"panel-gb16722-69e68f14d7fa8-0-0-0\" class=\"so-panel widget widget_sow-headline panel-first-child\" data-index=\"0\" ><div\n\t\t\t\n\t\t\tclass=\"so-widget-sow-headline so-widget-sow-headline-default-41f48fd02822-16722\"\n\t\t\t\n\t\t><div class=\"sow-headline-container \">\n\t\t\t\t\t\t<div class=\"decoration\">\n\t\t\t\t\t\t<div class=\"decoration-inside\"><\/div>\n\t\t\t\t\t<\/div>\n\t\t\t\t\t<\/div>\n<\/div><\/div><div id=\"panel-gb16722-69e68f14d7fa8-0-0-1\" class=\"so-panel widget widget_sow-image panel-last-child\" data-index=\"1\" ><div\n\t\t\t\n\t\t\tclass=\"so-widget-sow-image so-widget-sow-image-default-113ccd71f3e6-16722\"\n\t\t\t\n\t\t>\n<div class=\"sow-image-container\">\n\t\t<img \n\tsrc=\"https:\/\/www.lda.ar\/imagenes\/membretes\/membrete_ARG-ROOM_10mo_aniv.jpg\" title=\"ARG-ROOM\" alt=\"ARG-ROOM\" \t\tclass=\"so-widget-image\"\/>\n\t<\/div>\n\n<\/div><\/div><\/div><\/div><div id=\"pg-gb16722-69e68f14d7fa8-1\"  class=\"panel-grid panel-no-style\" ><div id=\"pgc-gb16722-69e68f14d7fa8-1-0\"  class=\"panel-grid-cell\" ><div id=\"panel-gb16722-69e68f14d7fa8-1-0-0\" class=\"so-panel widget widget_sow-editor panel-first-child\" data-index=\"2\" ><div\n\t\t\t\n\t\t\tclass=\"so-widget-sow-editor so-widget-sow-editor-base\"\n\t\t\t\n\t\t><h3 class=\"widget-title\">QSL Personalizada del Evento<\/h3>\n<div class=\"siteorigin-widget-tinymce textwidget\">\n\t<\/div>\n<\/div><\/div><div id=\"panel-gb16722-69e68f14d7fa8-1-0-1\" class=\"so-panel widget widget_sow-image panel-last-child\" data-index=\"3\" ><div\n\t\t\t\n\t\t\tclass=\"so-widget-sow-image so-widget-sow-image-default-113ccd71f3e6-16722\"\n\t\t\t\n\t\t>\n<div class=\"sow-image-container\">\n\t\t<img \n\tsrc=\"https:\/\/lda.ar\/imagenes\/qsls_311x200x75\/muestra_qsl-LU3CM-ARG-ROOM-10ANIV.jpg\" title=\"(ARG-ROOM) \u00ab10\u00ba ANIVERSARIO RED ARGENTINA ROOM \u00ab\" alt=\"\" \t\tclass=\"so-widget-image\"\/>\n\t<\/div>\n\n<\/div><\/div><\/div><\/div><div id=\"pg-gb16722-69e68f14d7fa8-2\"  class=\"panel-grid panel-no-style\" ><div id=\"pgc-gb16722-69e68f14d7fa8-2-0\"  class=\"panel-grid-cell\" ><div id=\"panel-gb16722-69e68f14d7fa8-2-0-0\" class=\"so-panel widget widget_sow-image panel-first-child panel-last-child\" data-index=\"4\" ><div\n\t\t\t\n\t\t\tclass=\"so-widget-sow-image so-widget-sow-image-default-113ccd71f3e6-16722\"\n\t\t\t\n\t\t>\n<div class=\"sow-image-container\">\n\t\t<img \n\tsrc=\"https:\/\/lda.ar\/imagenes\/qsls_311x200x75\/muestra_qsl-AY2AR-ARG-ROOM-10ANIV.jpg\" title=\"(ARG-ROOM) \u00ab10\u00ba ANIVERSARIO RED ARGENTINA ROOM \u00ab\" alt=\"\" \t\tclass=\"so-widget-image\"\/>\n\t<\/div>\n\n<\/div><\/div><\/div><div id=\"pgc-gb16722-69e68f14d7fa8-2-1\"  class=\"panel-grid-cell\" ><div id=\"panel-gb16722-69e68f14d7fa8-2-1-0\" class=\"so-panel widget widget_sow-image panel-first-child panel-last-child\" data-index=\"5\" ><div\n\t\t\t\n\t\t\tclass=\"so-widget-sow-image so-widget-sow-image-default-113ccd71f3e6-16722\"\n\t\t\t\n\t\t>\n<div class=\"sow-image-container\">\n\t\t<img \n\tsrc=\"https:\/\/lda.ar\/imagenes\/qsls_311x200x75\/muestra_qsl-LU5AB-ARG-ROOM-10ANIV.jpg\" title=\"(ARG-ROOM) \u00ab10\u00ba ANIVERSARIO RED ARGENTINA ROOM \u00ab\" alt=\"\" \t\tclass=\"so-widget-image\"\/>\n\t<\/div>\n\n<\/div><\/div><\/div><div id=\"pgc-gb16722-69e68f14d7fa8-2-2\"  class=\"panel-grid-cell\" ><div id=\"panel-gb16722-69e68f14d7fa8-2-2-0\" class=\"so-panel widget widget_sow-image panel-first-child panel-last-child\" data-index=\"6\" ><div\n\t\t\t\n\t\t\tclass=\"so-widget-sow-image so-widget-sow-image-default-113ccd71f3e6-16722\"\n\t\t\t\n\t\t>\n<div class=\"sow-image-container\">\n\t\t<img \n\tsrc=\"https:\/\/lda.ar\/imagenes\/qsls_311x200x75\/muestra_qsl-LU8EB-ARG-ROOM-10ANIV.jpg\" title=\"(ARG-ROOM) \u00ab10\u00ba ANIVERSARIO RED ARGENTINA ROOM \u00ab\" alt=\"\" \t\tclass=\"so-widget-image\"\/>\n\t<\/div>\n\n<\/div><\/div><\/div><div id=\"pgc-gb16722-69e68f14d7fa8-2-3\"  class=\"panel-grid-cell\" ><div id=\"panel-gb16722-69e68f14d7fa8-2-3-0\" class=\"so-panel widget widget_sow-image panel-first-child panel-last-child\" data-index=\"7\" ><div\n\t\t\t\n\t\t\tclass=\"so-widget-sow-image so-widget-sow-image-default-113ccd71f3e6-16722\"\n\t\t\t\n\t\t>\n<div class=\"sow-image-container\">\n\t\t<img \n\tsrc=\"https:\/\/lda.ar\/imagenes\/qsls_311x200x75\/muestra_qsl-LU9DLO-ARG-ROOM-10ANIV.jpg\" title=\"(ARG-ROOM) \u00ab10\u00ba ANIVERSARIO RED ARGENTINA ROOM \u00ab\" alt=\"\" \t\tclass=\"so-widget-image\"\/>\n\t<\/div>\n\n<\/div><\/div><\/div><\/div><div id=\"pg-gb16722-69e68f14d7fa8-3\"  class=\"panel-grid panel-no-style\" ><div id=\"pgc-gb16722-69e68f14d7fa8-3-0\"  class=\"panel-grid-cell\" ><div id=\"panel-gb16722-69e68f14d7fa8-3-0-0\" class=\"so-panel widget widget_sow-editor panel-first-child panel-last-child\" data-index=\"8\" ><div\n\t\t\t\n\t\t\tclass=\"so-widget-sow-editor so-widget-sow-editor-base\"\n\t\t\t\n\t\t>\n<div class=\"siteorigin-widget-tinymce textwidget\">\n\t<p style=\"text-align: justify;\"><span style=\"color: #333399;\">Estimados colegas:<\/span><br \/>\n<span style=\"color: #333399;\">La red ARGENTINA ROOM invitamos a todos los radioaficionados, radioclubs, entidades y radioescuchas a participar del 10\u00ba Aniversario de la Red<\/span><\/p>\n<p style=\"text-align: justify;\"><span style=\"color: #333399;\">Un A\u00f1o mas&#8230;..un a\u00f1o distinto&#8230;..:<\/span><\/p>\n<p style=\"text-align: justify;\"><span style=\"color: #333399;\">Llevamos 10 a\u00f1os llevando la radioafici\u00f3n digital a todas partes del mundo, eso significa mucho trabajo en equipo, muchos recursos de colegas puestos a disposici\u00f3n de todos para poder llegar a todos lados\u00bb. Estamos muy contentos y agradecidos con cada uno de los colegas que pasan d\u00eda a d\u00eda por nuestra red, pero este a\u00f1o la vida nos peg\u00f3 un fuerte golpe inesperado, el pasado 09\/02\/2026 falleci\u00f3 nuestro gran querido amigo <strong>CLAUDIO ZANELLA LU4AE<\/strong> ni m\u00e1s ni menos que nuestro MANAGER NETWORK de la red.<\/span><\/p>\n<p style=\"text-align: justify;\"><span style=\"color: #333399;\">Claudio ingreso a la red halla por el a\u00f1o 2019 cuando la red ya tenia 3 a\u00f1os. Claudio en ese entonces creo el \u00abCRUCE de DMR a C4FM con un <strong>software propio<\/strong>, ya que en ese momento la administraci\u00f3n de BM nos negaba el cruce. Fue as\u00ed como empez\u00f3 la red que luego fue sumando distintos protocolos hasta llegar al M17 del cual Claudio fue el primero en crear un Reflector y realizar el cruce a los otros protocolos ya integrados a la red, logrando as\u00ed tambi\u00e9n el primer NODO M17 trasmitiendo en ese modo mediante una imagen para placas MMDVM que soportaba ese protocolo llamada AR-SPOT.<\/span><\/p>\n<p style=\"text-align: justify;\"><span style=\"color: #333399;\"><em>Claudio no solo fue una persona importante para la RED<\/em> sino para toda la radioafici\u00f3n Argentina y del mundo gracias a todos sus desarrollos hechos por el los cuales era usados por colegas de PANAM\u00c1, CHILE, URUGUAY entre otros.<\/span><\/p>\n<p style=\"text-align: justify;\"><span style=\"color: #333399;\">Para la red dejo infinidades de programas que se siguieran utilizando, dejo ense\u00f1anza, amistad, compa\u00f1erismo.<\/span><\/p>\n<p style=\"text-align: justify;\"><strong><span style=\"color: #333399;\">AMIGO, todo el equipo de Argentina Room agradece todo lo que hiciste, te vamos a extra\u00f1ar Claudito!!!!!!!!!!!!!!!!<\/span><\/strong><\/p>\n<\/div>\n<\/div><\/div><\/div><\/div><div id=\"pg-gb16722-69e68f14d7fa8-4\"  class=\"panel-grid panel-no-style\" ><div id=\"pgc-gb16722-69e68f14d7fa8-4-0\"  class=\"panel-grid-cell\" ><div id=\"panel-gb16722-69e68f14d7fa8-4-0-0\" class=\"so-panel widget widget_sow-button panel-first-child\" data-index=\"9\" ><div\n\t\t\t\n\t\t\tclass=\"so-widget-sow-button so-widget-sow-button-atom-84e047a5cb77-16722\"\n\t\t\t\n\t\t><div class=\"ow-button-base ow-button-align-center\"\n>\n\t\t\t<a\n\t\t\t\t\thref=\"http:\/\/www.lda.ar\/bases\/bases_10_aniv_red_argroom_2026.pdf\"\n\t\t\t\t\tclass=\"sowb-button ow-icon-placement-left ow-button-hover\" target=\"_blank\" rel=\"noopener noreferrer\" \t>\n\t\t<span>\n\t\t\t<span class=\"sow-icon-fontawesome sow-far\" data-sow-icon=\"&#xf1c1;\"\n\t\tstyle=\"\" \n\t\taria-hidden=\"true\"><\/span>\n\t\t\tBASES\t\t<\/span>\n\t\t\t<\/a>\n\t<\/div>\n<\/div><\/div><div id=\"panel-gb16722-69e68f14d7fa8-4-0-1\" class=\"so-panel widget widget_text\" data-index=\"10\" ><div class=\"panel-widget-style panel-widget-style-for-gb16722-69e68f14d7fa8-4-0-1\" >\t\t\t<div class=\"textwidget\"><p><strong>Los contactos subidos por las estaciones a LdA son exclusiva responsabilidad de las mismas. Si ha detectado una mala carga de alg\u00fan QSO en particular no es LdA quien debe solucionar el problema. P\u00f3ngase en contacto con la instituci\u00f3n organizadora a tal fin o con la estaci\u00f3n contactada buscando sus datos en\u00a0 <a href=\"https:\/\/lda.ar\/wp\/?page_id=17\" target=\"_blank\" rel=\"noopener\">USUARIOS DE LdA.<\/a><\/strong><\/p>\n<\/div>\n\t\t<\/div><\/div><div id=\"panel-gb16722-69e68f14d7fa8-4-0-2\" class=\"so-panel widget widget_text panel-last-child\" data-index=\"11\" ><div class=\"panel-widget-style panel-widget-style-for-gb16722-69e68f14d7fa8-4-0-2\" >\t\t\t<div class=\"textwidget\"><p><em><strong>\u00abEl certificado es v\u00e1lido para la comprobaci\u00f3n de actividad de radioaficionado.\u00bb<\/strong><\/em><\/p>\n<\/div>\n\t\t<\/div><\/div><\/div><\/div><\/div>\n\n\n<hr class=\"wp-block-separator has-text-color has-luminous-vivid-orange-color has-css-opacity has-luminous-vivid-orange-background-color has-background is-style-wide\"\/>\n\n\n\n<iframe\n  id=\"iframe_qso\"\n  src=\"https:\/\/lda.ar\/php\/eventos\/ARoom_2026.php\"\n  style=\"width:100%; border:0; overflow:hidden;\"\n  scrolling=\"no\">\n<\/iframe>\n\n<script>\nwindow.addEventListener(\"message\", function(e) {\n  if (e.data.alturaIframe) {\n    document.getElementById(\"iframe_qso\").style.height =\n      e.data.alturaIframe + \"px\";\n  }\n});\n<\/script>\n\n\n\n<hr class=\"wp-block-separator has-text-color has-vivid-cyan-blue-color has-alpha-channel-opacity has-vivid-cyan-blue-background-color has-background is-style-wide\"\/>\n\n\n<div id=\"pl-gb16722-69e68f14da3e7\"  class=\"panel-layout wp-block-siteorigin-panels-layout-block\" ><div id=\"pg-gb16722-69e68f14da3e7-0\"  class=\"panel-grid panel-no-style\" ><div id=\"pgc-gb16722-69e68f14da3e7-0-0\"  class=\"panel-grid-cell\" ><div id=\"panel-gb16722-69e68f14da3e7-0-0-0\" class=\"so-panel widget widget_sow-image-grid panel-first-child panel-last-child\" data-index=\"0\" ><div\n\t\t\t\n\t\t\tclass=\"so-widget-sow-image-grid so-widget-sow-image-grid-default-15bfeffd6b98-16722\"\n\t\t\t\n\t\t>\t<div\n\t\tclass=\"sow-image-grid-wrapper\"\n\t\tdata-max-width=\"85\"\t\tdata-max-height=\"75\"\t>\n\t\t\t\t\t<div class=\"sow-image-grid-image\">\n\t\t\t\t\t\t\t\t\t\t\t\t\t<a href=\"https:\/\/fotovig.com.ar\/\"\n\t\t\t\t\t\t\t\t\t\t\t\t\t\t\t\t\t\ttarget=\"_blank\" \t\t\t\t\t\t\t\t\t\t\t\t\t\t\t\t\t\t\t\t\t\t\t\trel=\"noopener noreferrer\" \t\t\t\t\t\t\t\t\t\t\t>\n\t\t\t\t\t\t\t\t<img decoding=\"async\" title=\"Fotovig\" alt=\"Fotovig&quot;\" class=\"sow-image-grid-image_html\" src=\"https:\/\/lda.ar\/imagenes\/escudos\/Marca%20Foto%20Vig%20(Colores).png\" >\t\t\t\t\t\t\t\t\t<\/a>\n\t\t\t\t\t\t\t\t\t\t\t<\/div>\n\t\t\t\t\t<div class=\"sow-image-grid-image\">\n\t\t\t\t\t\t\t\t\t\t\t\t\t<a href=\"http:\/\/www.sa10m.com.ar\/\"\n\t\t\t\t\t\t\t\t\t\t\t\t\t\t\t\t\t\ttarget=\"_blank\" \t\t\t\t\t\t\t\t\t\t\t\t\t\t\t\t\t\t\t\t\t\t\t\trel=\"noopener noreferrer\" \t\t\t\t\t\t\t\t\t\t\t>\n\t\t\t\t\t\t\t\t<img decoding=\"async\" title=\"SA1\u00d8m Contest\" alt=\"SA10m Contest&quot;\" class=\"sow-image-grid-image_html\" src=\"https:\/\/lda.ar\/imagenes\/escudos\/logo_sa10m.png\" >\t\t\t\t\t\t\t\t\t<\/a>\n\t\t\t\t\t\t\t\t\t\t\t<\/div>\n\t\t\t\t\t<div class=\"sow-image-grid-image\">\n\t\t\t\t\t\t\t\t\t\t\t\t\t<a href=\"http:\/\/www.campeonatohf.com.ar\/\"\n\t\t\t\t\t\t\t\t\t\t\t\t\t\t\t\t\t\ttarget=\"_blank\" \t\t\t\t\t\t\t\t\t\t\t\t\t\t\t\t\t\t\t\t\t\t\t\trel=\"noopener noreferrer\" \t\t\t\t\t\t\t\t\t\t\t>\n\t\t\t\t\t\t\t\t<img decoding=\"async\" title=\"Campeonato Argentino de HF\" alt=\"Campeonato Argentino de HF&quot;\" class=\"sow-image-grid-image_html\" src=\"https:\/\/lda.ar\/imagenes\/escudos\/logo_cahf.png\" >\t\t\t\t\t\t\t\t\t<\/a>\n\t\t\t\t\t\t\t\t\t\t\t<\/div>\n\t\t\t\t\t<div class=\"sow-image-grid-image\">\n\t\t\t\t\t\t\t\t\t\t\t\t\t<a href=\"http:\/\/jvp-antenas.com.ar\/\"\n\t\t\t\t\t\t\t\t\t\t\t\t\t\t\t\t\t\ttarget=\"_blank\" \t\t\t\t\t\t\t\t\t\t\t\t\t\t\t\t\t\t\t\t\t\t\t\trel=\"noopener noreferrer\" \t\t\t\t\t\t\t\t\t\t\t>\n\t\t\t\t\t\t\t\t<img decoding=\"async\" title=\"JVP Antenas\" alt=\"JVP Antenas&quot;\" class=\"sow-image-grid-image_html\" src=\"https:\/\/lda.ar\/imagenes\/escudos\/logo_jvp.png\" >\t\t\t\t\t\t\t\t\t<\/a>\n\t\t\t\t\t\t\t\t\t\t\t<\/div>\n\t\t\t\t\t<div class=\"sow-image-grid-image\">\n\t\t\t\t\t\t\t\t\t\t\t\t\t<a href=\"http:\/\/www.jpv-antenas.com.ar\"\n\t\t\t\t\t\t\t\t\t\t\t\t\t\t\t\t\t\ttarget=\"_blank\" \t\t\t\t\t\t\t\t\t\t\t\t\t\t\t\t\t\t\t\t\t\t\t\trel=\"noopener noreferrer\" \t\t\t\t\t\t\t\t\t\t\t>\n\t\t\t\t\t\t\t\t<img decoding=\"async\" title=\"Yaguaret\u00e9 DX Group\" alt=\"Yaguaret\u00e9 DX Group&quot;\" class=\"sow-image-grid-image_html\" src=\"https:\/\/lda.ar\/imagenes\/escudos\/escudo_yaguarete_dx_group_600px.png\" >\t\t\t\t\t\t\t\t\t<\/a>\n\t\t\t\t\t\t\t\t\t\t\t<\/div>\n\t\t\t\t\t<div class=\"sow-image-grid-image\">\n\t\t\t\t\t\t\t\t\t\t\t\t\t<a href=\"https:\/\/www.argentinaroom.com.ar\/\"\n\t\t\t\t\t\t\t\t\t\t\t\t\t\t\t\t\t\ttarget=\"_blank\" \t\t\t\t\t\t\t\t\t\t\t\t\t\t\t\t\t\t\t\t\t\t\t\trel=\"noopener noreferrer\" \t\t\t\t\t\t\t\t\t\t\t>\n\t\t\t\t\t\t\t\t<img decoding=\"async\" title=\"Argentina ROOM\" alt=\"Argentina ROOM&quot;\" class=\"sow-image-grid-image_html\" src=\"https:\/\/lda.ar\/escudos\/marca_arg_room_circular_fdo_celeste.png\" >\t\t\t\t\t\t\t\t\t<\/a>\n\t\t\t\t\t\t\t\t\t\t\t<\/div>\n\t\t\t<\/div>\n<\/div><\/div><\/div><\/div><\/div>","protected":false},"excerpt":{"rendered":"","protected":false},"author":14,"featured_media":0,"parent":11596,"menu_order":0,"comment_status":"closed","ping_status":"closed","template":"","meta":{"ngg_post_thumbnail":0,"footnotes":""},"class_list":["post-16722","page","type-page","status-publish","hentry"],"_links":{"self":[{"href":"https:\/\/lda.ar\/index.php?rest_route=\/wp\/v2\/pages\/16722","targetHints":{"allow":["GET"]}}],"collection":[{"href":"https:\/\/lda.ar\/index.php?rest_route=\/wp\/v2\/pages"}],"about":[{"href":"https:\/\/lda.ar\/index.php?rest_route=\/wp\/v2\/types\/page"}],"author":[{"embeddable":true,"href":"https:\/\/lda.ar\/index.php?rest_route=\/wp\/v2\/users\/14"}],"replies":[{"embeddable":true,"href":"https:\/\/lda.ar\/index.php?rest_route=%2Fwp%2Fv2%2Fcomments&post=16722"}],"version-history":[{"count":4,"href":"https:\/\/lda.ar\/index.php?rest_route=\/wp\/v2\/pages\/16722\/revisions"}],"predecessor-version":[{"id":16750,"href":"https:\/\/lda.ar\/index.php?rest_route=\/wp\/v2\/pages\/16722\/revisions\/16750"}],"up":[{"embeddable":true,"href":"https:\/\/lda.ar\/index.php?rest_route=\/wp\/v2\/pages\/11596"}],"wp:attachment":[{"href":"https:\/\/lda.ar\/index.php?rest_route=%2Fwp%2Fv2%2Fmedia&parent=16722"}],"curies":[{"name":"wp","href":"https:\/\/api.w.org\/{rel}","templated":true}]}}