{"id":16483,"date":"2026-01-26T22:13:50","date_gmt":"2026-01-27T01:13:50","guid":{"rendered":"https:\/\/lda.ar\/?page_id=16483"},"modified":"2026-01-27T08:12:07","modified_gmt":"2026-01-27T11:12:07","slug":"ei-certificado-permanente-lda-estaciones-itinerantes","status":"publish","type":"page","link":"https:\/\/lda.ar\/?page_id=16483","title":{"rendered":"(EI) Certificado Permanente LdA \/ Estaciones Itinerantes"},"content":{"rendered":"<div id=\"pl-gb16483-69fb47d7e5907\"  class=\"panel-layout wp-block-siteorigin-panels-layout-block\" ><div id=\"pg-gb16483-69fb47d7e5907-0\"  class=\"panel-grid panel-no-style\" ><div id=\"pgc-gb16483-69fb47d7e5907-0-0\"  class=\"panel-grid-cell\" ><div id=\"panel-gb16483-69fb47d7e5907-0-0-0\" class=\"so-panel widget widget_sow-headline panel-first-child\" data-index=\"0\" ><div\n\t\t\t\n\t\t\tclass=\"so-widget-sow-headline so-widget-sow-headline-default-20c5311775ad-16483\"\n\t\t\t\n\t\t><div class=\"sow-headline-container \">\n\t\t\t\t\t\t<div class=\"decoration\">\n\t\t\t\t\t\t<div class=\"decoration-inside\"><\/div>\n\t\t\t\t\t<\/div>\n\t\t\t\t\t<\/div>\n<\/div><\/div><div id=\"panel-gb16483-69fb47d7e5907-0-0-1\" class=\"so-panel widget widget_sow-image\" data-index=\"1\" ><div\n\t\t\t\n\t\t\tclass=\"so-widget-sow-image so-widget-sow-image-default-49681edeb466-16483\"\n\t\t\t\n\t\t>\n<div class=\"sow-image-container\">\n\t\t<img \n\tsrc=\"http:\/\/www.lda.ar\/imagenes\/membretes\/membrete_estaciones_itinerantes_2025.jpg\" title=\"EI (Estaciones Itinerantes)\" alt=\"EI (Estaciones Itinerantes)\" \t\tclass=\"so-widget-image\"\/>\n\t<\/div>\n\n<\/div><\/div><div id=\"panel-gb16483-69fb47d7e5907-0-0-2\" class=\"so-panel widget widget_sow-editor panel-last-child\" data-index=\"2\" ><div\n\t\t\t\n\t\t\tclass=\"so-widget-sow-editor so-widget-sow-editor-base\"\n\t\t\t\n\t\t>\n<div class=\"siteorigin-widget-tinymce textwidget\">\n\t<p>Se trata de una serie de Certificados a otorgar tanto a las estaciones <strong>itinerantes <\/strong>(m\u00f3viles realizando un viaje) como a las estaciones que hacen QSOs con ellas acompa\u00f1\u00e1ndolas en la traves\u00eda.<\/p>\n<p>Las estaciones que planeen hacer itinerarios deber\u00e1n declararlo a LdA mediante un ticket Indicando un nombre (ej. \u201cVacaciones 2025\u201d), su SD (con la que va a salir al aire) y las fechas deI inicio y fin de su itinerario<\/p>\n<\/div>\n<\/div><\/div><\/div><\/div><div id=\"pg-gb16483-69fb47d7e5907-1\"  class=\"panel-grid panel-no-style\" ><div id=\"pgc-gb16483-69fb47d7e5907-1-0\"  class=\"panel-grid-cell\" ><div id=\"panel-gb16483-69fb47d7e5907-1-0-0\" class=\"so-panel widget widget_sow-button panel-first-child panel-last-child\" data-index=\"3\" ><div\n\t\t\t\n\t\t\tclass=\"so-widget-sow-button so-widget-sow-button-atom-84e047a5cb77-16483\"\n\t\t\t\n\t\t><div class=\"ow-button-base ow-button-align-center\"\n>\n\t\t\t<a\n\t\t\t\t\thref=\"https:\/\/www.lda.ar\/bases\/Bases_EI.pdf\"\n\t\t\t\t\tclass=\"sowb-button ow-icon-placement-left ow-button-hover\" target=\"_blank\" rel=\"noopener noreferrer\" \t>\n\t\t<span>\n\t\t\t<span class=\"sow-icon-fontawesome sow-far\" data-sow-icon=\"&#xf1c1;\"\n\t\tstyle=\"\" \n\t\taria-hidden=\"true\"><\/span>\n\t\t\tVER BASES\t\t<\/span>\n\t\t\t<\/a>\n\t<\/div>\n<\/div><\/div><\/div><\/div><div id=\"pg-gb16483-69fb47d7e5907-2\"  class=\"panel-grid panel-no-style\" ><div id=\"pgc-gb16483-69fb47d7e5907-2-0\"  class=\"panel-grid-cell\" ><div id=\"panel-gb16483-69fb47d7e5907-2-0-0\" class=\"so-panel widget widget_text panel-first-child\" data-index=\"4\" ><div class=\"panel-widget-style panel-widget-style-for-gb16483-69fb47d7e5907-2-0-0\" >\t\t\t<div class=\"textwidget\"><p><span style=\"color: #ff0000;\"><strong>Los contactos subidos por las estaciones a LdA son exclusiva responsabilidad de las mismas. Si ha detectado una mala carga de alg\u00fan QSO en particular no es LdA quien debe solucionar el problema. P\u00f3ngase en contacto con la instituci\u00f3n organizadora a tal fin o con la estaci\u00f3n contactada buscando sus datos en\u00a0 <a style=\"color: #ff0000;\" href=\"https:\/\/lda.ar\/?page_id=17\" target=\"_blank\" rel=\"noopener\">USUARIOS DE LdA<\/a> o bien en su QRZ.com<\/strong><\/span><\/p>\n<\/div>\n\t\t<\/div><\/div><div id=\"panel-gb16483-69fb47d7e5907-2-0-1\" class=\"so-panel widget widget_text\" data-index=\"5\" ><div class=\"panel-widget-style panel-widget-style-for-gb16483-69fb47d7e5907-2-0-1\" >\t\t\t<div class=\"textwidget\"><div id=\"pl-gb12644-680eedb345b40\" class=\"panel-layout wp-block-siteorigin-panels-layout-block panel-layout\">\n<div id=\"pg-gb12644-680eedb345b40-3\" class=\"panel-grid panel-no-style\">\n<div id=\"pgc-gb12644-680eedb345b40-3-0\" class=\"panel-grid-cell\">\n<div id=\"panel-gb12644-680eedb345b40-3-0-2\" class=\"so-panel widget widget_text panel-last-child\" data-index=\"9\">\n<div class=\"panel-widget-style panel-widget-style-for-gb12644-680eedb345b40-3-0-2\">\n<div class=\"textwidget\">\n<p><em><strong>\u00abEl certificado es v\u00e1lido para la comprobaci\u00f3n de actividad de radioaficionado.\u00bb<\/strong><\/em><\/p>\n<\/div>\n<\/div>\n<\/div>\n<\/div>\n<\/div>\n<\/div>\n<\/div>\n\t\t<\/div><\/div><div id=\"panel-gb16483-69fb47d7e5907-2-0-2\" class=\"so-panel widget widget_sow-headline panel-last-child\" data-index=\"6\" ><div\n\t\t\t\n\t\t\tclass=\"so-widget-sow-headline so-widget-sow-headline-default-20c5311775ad-16483\"\n\t\t\t\n\t\t><div class=\"sow-headline-container \">\n\t\t\t\t\t\t<div class=\"decoration\">\n\t\t\t\t\t\t<div class=\"decoration-inside\"><\/div>\n\t\t\t\t\t<\/div>\n\t\t\t\t\t<\/div>\n<\/div><\/div><\/div><\/div><\/div>\n\n\n<iframe src=\"https:\/\/lda.ar\/php\/itinera\/ver_iti_act.php\" class=\"autoIframe\"><\/iframe>\n<iframe src=\"https:\/\/lda.ar\/php\/itinera\/ver_iti_cazadores.php\" class=\"autoIframe\"><\/iframe>\n\n<style>\n.autoIframe {\n    width: 100%;\n    border: 0;\n    display: block;\n    overflow: hidden;\n}\n<\/style>\n\n<script>\nfunction resizeIframe(iframe) {\n    try {\n        const doc = iframe.contentWindow.document;\n\n        \/\/ Forzar que el PHP interno NO tenga scroll\n        doc.documentElement.style.overflow = 'hidden';\n        doc.body.style.overflow = 'hidden';\n        doc.documentElement.style.margin = '0';\n        doc.body.style.margin = '0';\n\n        const height = Math.max(\n            doc.body.scrollHeight,\n            doc.documentElement.scrollHeight,\n            doc.body.offsetHeight,\n            doc.documentElement.offsetHeight\n        );\n\n        iframe.style.height = height + 'px';\n    } catch (e) {}\n}\n\ndocument.querySelectorAll('.autoIframe').forEach(function (iframe) {\n    iframe.addEventListener('load', function () {\n        resizeIframe(this);\n\n        \/\/ Reajustes para DataTables\n        setTimeout(() => resizeIframe(this), 300);\n        setTimeout(() => resizeIframe(this), 800);\n        setTimeout(() => resizeIframe(this), 1500);\n    });\n});\n<\/script>\n\n\n\n<hr class=\"wp-block-separator has-text-color has-luminous-vivid-orange-color has-alpha-channel-opacity has-luminous-vivid-orange-background-color has-background\"\/>\n\n\n<div\n\t\t\t\n\t\t\tclass=\"so-widget-sow-image-grid so-widget-sow-image-grid-default-15bfeffd6b98\"\n\t\t\t\n\t\t>\t<div\n\t\tclass=\"sow-image-grid-wrapper\"\n\t\tdata-max-width=\"85\"\t\tdata-max-height=\"75\"\t>\n\t\t\t\t\t<div class=\"sow-image-grid-image\">\n\t\t\t\t\t\t\t\t\t\t\t\t\t<a href=\"https:\/\/fotovig.com.ar\/\"\n\t\t\t\t\t\t\t\t\t\t\t\t\t\t\t\t\t\ttarget=\"_blank\" \t\t\t\t\t\t\t\t\t\t\t\t\t\t\t\t\t\t\t\t\t\t\t\trel=\"noopener noreferrer\" \t\t\t\t\t\t\t\t\t\t\t>\n\t\t\t\t\t\t\t\t<img decoding=\"async\" title=\"Fotovig\" alt=\"Fotovig&quot;\" class=\"sow-image-grid-image_html\" src=\"https:\/\/lda.ar\/imagenes\/escudos\/Marca%20Foto%20Vig%20(Colores).png\" >\t\t\t\t\t\t\t\t\t<\/a>\n\t\t\t\t\t\t\t\t\t\t\t<\/div>\n\t\t\t\t\t<div class=\"sow-image-grid-image\">\n\t\t\t\t\t\t\t\t\t\t\t\t\t<a href=\"http:\/\/www.sa10m.com.ar\/\"\n\t\t\t\t\t>\n\t\t\t\t\t\t\t\t<img decoding=\"async\" title=\"SA1\u00d8m Contest\" alt=\"SA1\u00d8m Contest&quot;\" class=\"sow-image-grid-image_html\" src=\"https:\/\/lda.ar\/imagenes\/escudos\/logo_sa10m.png\" >\t\t\t\t\t\t\t\t\t<\/a>\n\t\t\t\t\t\t\t\t\t\t\t<\/div>\n\t\t\t\t\t<div class=\"sow-image-grid-image\">\n\t\t\t\t\t\t\t\t\t\t\t\t\t<a href=\"http:\/\/www.campeonatohf.com.ar\/\"\n\t\t\t\t\t\t\t\t\t\t\t\t\t\t\t\t\t\ttarget=\"_blank\" \t\t\t\t\t\t\t\t\t\t\t\t\t\t\t\t\t\t\t\t\t\t\t\trel=\"noopener noreferrer\" \t\t\t\t\t\t\t\t\t\t\t>\n\t\t\t\t\t\t\t\t<img decoding=\"async\" title=\"Campeonato Argentino de HF\" alt=\"Campeonato Argentino de HF&quot;\" class=\"sow-image-grid-image_html\" src=\"https:\/\/lda.ar\/imagenes\/escudos\/logo_cahf.png\" >\t\t\t\t\t\t\t\t\t<\/a>\n\t\t\t\t\t\t\t\t\t\t\t<\/div>\n\t\t\t\t\t<div class=\"sow-image-grid-image\">\n\t\t\t\t\t\t\t\t\t\t\t\t\t<a href=\"http:\/\/jvp-antenas.com.ar\/\"\n\t\t\t\t\t\t\t\t\t\t\t\t\t\t\t\t\t\ttarget=\"_blank\" \t\t\t\t\t\t\t\t\t\t\t\t\t\t\t\t\t\t\t\t\t\t\t\trel=\"noopener noreferrer\" \t\t\t\t\t\t\t\t\t\t\t>\n\t\t\t\t\t\t\t\t<img decoding=\"async\" title=\"JVP Antenas\" alt=\"JVP Antenas&quot;\" class=\"sow-image-grid-image_html\" src=\"https:\/\/lda.ar\/imagenes\/escudos\/logo_jvp.png\" >\t\t\t\t\t\t\t\t\t<\/a>\n\t\t\t\t\t\t\t\t\t\t\t<\/div>\n\t\t\t\t\t<div class=\"sow-image-grid-image\">\n\t\t\t\t\t\t\t\t\t\t\t\t\t<a href=\"http:\/\/www.jpv-antenas.com.ar\"\n\t\t\t\t\t\t\t\t\t\t\t\t\t\t\t\t\t\ttarget=\"_blank\" \t\t\t\t\t\t\t\t\t\t\t\t\t\t\t\t\t\t\t\t\t\t\t\trel=\"noopener noreferrer\" \t\t\t\t\t\t\t\t\t\t\t>\n\t\t\t\t\t\t\t\t<img decoding=\"async\" title=\"Yaguaret\u00e9 DX Group\" alt=\"Yaguaret\u00e9 DX Group&quot;\" class=\"sow-image-grid-image_html\" src=\"https:\/\/lda.ar\/imagenes\/escudos\/escudo_yaguarete_dx_group_600px.png\" >\t\t\t\t\t\t\t\t\t<\/a>\n\t\t\t\t\t\t\t\t\t\t\t<\/div>\n\t\t\t\t\t<div class=\"sow-image-grid-image\">\n\t\t\t\t\t\t\t\t\t\t\t\t\t<a href=\"https:\/\/www.argentinaroom.com.ar\/\"\n\t\t\t\t\t\t\t\t\t\t\t\t\t\t\t\t\t\ttarget=\"_blank\" \t\t\t\t\t\t\t\t\t\t\t\t\t\t\t\t\t\t\t\t\t\t\t\trel=\"noopener noreferrer\" \t\t\t\t\t\t\t\t\t\t\t>\n\t\t\t\t\t\t\t\t<img decoding=\"async\" title=\"Argentina ROOM\" alt=\"Argentina ROOM&quot;\" class=\"sow-image-grid-image_html\" src=\"https:\/\/lda.ar\/escudos\/marca_arg_room_circular_fdo_celeste.png\" >\t\t\t\t\t\t\t\t\t<\/a>\n\t\t\t\t\t\t\t\t\t\t\t<\/div>\n\t\t\t<\/div>\n<\/div>","protected":false},"excerpt":{"rendered":"<p>Se trata de una serie de Certificados a otorgar tanto a las estaciones itinerantes (m\u00f3viles realizando un viaje) como a las estaciones que hacen QSOs con ellas acompa\u00f1\u00e1ndolas en la&hellip; <\/p>\n","protected":false},"author":14,"featured_media":0,"parent":1412,"menu_order":0,"comment_status":"closed","ping_status":"closed","template":"","meta":{"ngg_post_thumbnail":0,"footnotes":""},"class_list":["post-16483","page","type-page","status-publish","hentry"],"_links":{"self":[{"href":"https:\/\/lda.ar\/index.php?rest_route=\/wp\/v2\/pages\/16483","targetHints":{"allow":["GET"]}}],"collection":[{"href":"https:\/\/lda.ar\/index.php?rest_route=\/wp\/v2\/pages"}],"about":[{"href":"https:\/\/lda.ar\/index.php?rest_route=\/wp\/v2\/types\/page"}],"author":[{"embeddable":true,"href":"https:\/\/lda.ar\/index.php?rest_route=\/wp\/v2\/users\/14"}],"replies":[{"embeddable":true,"href":"https:\/\/lda.ar\/index.php?rest_route=%2Fwp%2Fv2%2Fcomments&post=16483"}],"version-history":[{"count":4,"href":"https:\/\/lda.ar\/index.php?rest_route=\/wp\/v2\/pages\/16483\/revisions"}],"predecessor-version":[{"id":16554,"href":"https:\/\/lda.ar\/index.php?rest_route=\/wp\/v2\/pages\/16483\/revisions\/16554"}],"up":[{"embeddable":true,"href":"https:\/\/lda.ar\/index.php?rest_route=\/wp\/v2\/pages\/1412"}],"wp:attachment":[{"href":"https:\/\/lda.ar\/index.php?rest_route=%2Fwp%2Fv2%2Fmedia&parent=16483"}],"curies":[{"name":"wp","href":"https:\/\/api.w.org\/{rel}","templated":true}]}}