{"id":1620,"date":"2020-10-31T12:12:12","date_gmt":"2020-10-31T15:12:12","guid":{"rendered":"https:\/\/lda.ar\/wp\/?page_id=1620"},"modified":"2024-12-11T14:23:05","modified_gmt":"2024-12-11T17:23:05","slug":"lu1hra-58o-aniversario-radio-club-alta-gracia","status":"publish","type":"page","link":"https:\/\/lda.ar\/?page_id=1620","title":{"rendered":"| LU1HRA | 58\u00ba Aniversario Radio Club Alta Gracia"},"content":{"rendered":"<div id=\"pl-gb1620-69e68f02dd4d4\"  class=\"panel-layout wp-block-siteorigin-panels-layout-block\" ><div id=\"pg-gb1620-69e68f02dd4d4-0\"  class=\"panel-grid panel-no-style\" ><div id=\"pgc-gb1620-69e68f02dd4d4-0-0\"  class=\"panel-grid-cell\" ><div id=\"panel-gb1620-69e68f02dd4d4-0-0-0\" class=\"so-panel widget widget_sow-image panel-first-child\" data-index=\"0\" ><div\n\t\t\t\n\t\t\tclass=\"so-widget-sow-image so-widget-sow-image-default-e8513d21b1d5-1620\"\n\t\t\t\n\t\t>\n<div class=\"sow-image-container\">\n\t\t<img \n\tsrc=\"https:\/\/lda.ar\/wp-content\/uploads\/2020\/10\/membrete_lu1hra-768x139.jpg\" width=\"768\" height=\"139\" srcset=\"https:\/\/lda.ar\/wp-content\/uploads\/2020\/10\/membrete_lu1hra-768x139.jpg 768w, https:\/\/lda.ar\/wp-content\/uploads\/2020\/10\/membrete_lu1hra-300x54.jpg 300w, https:\/\/lda.ar\/wp-content\/uploads\/2020\/10\/membrete_lu1hra-e1603825147902.jpg 1024w, https:\/\/lda.ar\/wp-content\/uploads\/2020\/10\/membrete_lu1hra-1536x277.jpg 1536w, https:\/\/lda.ar\/wp-content\/uploads\/2020\/10\/membrete_lu1hra-2048x370.jpg 2048w\" sizes=\"(max-width: 768px) 100vw, 768px\" title=\"(LU1HRA) 58\u00ba Aniversario Radio Club Alta Gracia\" alt=\"\" \t\tclass=\"so-widget-image\"\/>\n\t<\/div>\n\n<\/div><\/div><div id=\"panel-gb1620-69e68f02dd4d4-0-0-1\" class=\"so-panel widget widget_text\" data-index=\"1\" ><div class=\"panel-widget-style panel-widget-style-for-gb1620-69e68f02dd4d4-0-0-1\" >\t\t\t<div class=\"textwidget\"><p id=\"u864272-2\"><strong>El Radio Club Alta Gracia (LU1HRA) invita a celebrar el festejo por sus 58 a\u00f1os, que se celebra el 12 de Abril de 2020, como as\u00ed tambi\u00e9n la fundaci\u00f3n de la ciudad de Alta Gracia el 8 de abril de 1588 (432 a\u00f1os) por don Juan Nieto<\/strong><\/p>\n<\/div>\n\t\t<\/div><\/div><div id=\"panel-gb1620-69e68f02dd4d4-0-0-2\" class=\"so-panel widget widget_text panel-last-child\" data-index=\"2\" ><div class=\"panel-widget-style panel-widget-style-for-gb1620-69e68f02dd4d4-0-0-2\" >\t\t\t<div class=\"textwidget\"><p><em>El Certificado cumple la totalidad de lo requerido por la Resoluci\u00f3n 3635-E\/2017, art\u00edculos 4.5.4 y 4.6.4, y por lo tanto al tener el Radio Club personer\u00eda jur\u00eddica vigente y ser reconocida por ENACOM es v\u00e1lido para ascensos de categor\u00eda.<\/em><\/p>\n<\/div>\n\t\t<\/div><\/div><\/div><\/div><div id=\"pg-gb1620-69e68f02dd4d4-1\"  class=\"panel-grid panel-no-style\" ><div id=\"pgc-gb1620-69e68f02dd4d4-1-0\"  class=\"panel-grid-cell\" ><div id=\"panel-gb1620-69e68f02dd4d4-1-0-0\" class=\"so-panel widget widget_sow-button panel-first-child\" data-index=\"3\" ><div\n\t\t\t\n\t\t\tclass=\"so-widget-sow-button so-widget-sow-button-atom-84e047a5cb77-1620\"\n\t\t\t\n\t\t><div class=\"ow-button-base ow-button-align-center\"\n>\n\t\t\t<a\n\t\t\t\t\thref=\"https:\/\/lda.ar\/bases\/bases_lu1hra_58_aniversario_2020.pdf\"\n\t\t\t\t\tclass=\"sowb-button ow-icon-placement-left ow-button-hover\" target=\"_blank\" rel=\"noopener noreferrer\" \t>\n\t\t<span>\n\t\t\t<span class=\"sow-icon-fontawesome sow-far\" data-sow-icon=\"&#xf1c1;\"\n\t\tstyle=\"\" \n\t\taria-hidden=\"true\"><\/span>\n\t\t\tVER BASES\t\t<\/span>\n\t\t\t<\/a>\n\t<\/div>\n<\/div><\/div><div id=\"panel-gb1620-69e68f02dd4d4-1-0-1\" class=\"widget_text so-panel widget widget_custom_html panel-last-child\" data-index=\"4\" ><div class=\"textwidget custom-html-widget\"><iframe loading=\"lazy\" width=\"95%\" height=\"3100\" src=\"https:\/\/logdeargentina.com.ar\/php\/lu1hra_2020.php\" frameborder=\"0\" allowfullscreen; style=\"margin-left: 2em;\"><\/iframe><\/div><\/div><\/div><\/div><\/div>\n\n\n<p>LU1HDG&nbsp;LU1HET&nbsp;LU1HFJ&nbsp;LU1HRA LU2HAI&nbsp;LU3HBS&nbsp;LU4HA&nbsp;LU4HCS&nbsp;LU4HGR&nbsp;LU7HA&nbsp;LU7HAL&nbsp;LU8HRC&nbsp;LU9FGR&nbsp;LW7HH<\/p>\n","protected":false},"excerpt":{"rendered":"<p>El Radio Club Alta Gracia (LU1HRA) invita a celebrar el festejo por sus 58 a\u00f1os, que se celebra el 12 de Abril de 2020, como as\u00ed tambi\u00e9n la fundaci\u00f3n de&hellip; <\/p>\n","protected":false},"author":3,"featured_media":0,"parent":11590,"menu_order":0,"comment_status":"closed","ping_status":"closed","template":"","meta":{"ngg_post_thumbnail":0,"footnotes":""},"class_list":["post-1620","page","type-page","status-publish","hentry"],"_links":{"self":[{"href":"https:\/\/lda.ar\/index.php?rest_route=\/wp\/v2\/pages\/1620","targetHints":{"allow":["GET"]}}],"collection":[{"href":"https:\/\/lda.ar\/index.php?rest_route=\/wp\/v2\/pages"}],"about":[{"href":"https:\/\/lda.ar\/index.php?rest_route=\/wp\/v2\/types\/page"}],"author":[{"embeddable":true,"href":"https:\/\/lda.ar\/index.php?rest_route=\/wp\/v2\/users\/3"}],"replies":[{"embeddable":true,"href":"https:\/\/lda.ar\/index.php?rest_route=%2Fwp%2Fv2%2Fcomments&post=1620"}],"version-history":[{"count":3,"href":"https:\/\/lda.ar\/index.php?rest_route=\/wp\/v2\/pages\/1620\/revisions"}],"predecessor-version":[{"id":12052,"href":"https:\/\/lda.ar\/index.php?rest_route=\/wp\/v2\/pages\/1620\/revisions\/12052"}],"up":[{"embeddable":true,"href":"https:\/\/lda.ar\/index.php?rest_route=\/wp\/v2\/pages\/11590"}],"wp:attachment":[{"href":"https:\/\/lda.ar\/index.php?rest_route=%2Fwp%2Fv2%2Fmedia&parent=1620"}],"curies":[{"name":"wp","href":"https:\/\/api.w.org\/{rel}","templated":true}]}}