{"id":1610,"date":"2020-10-31T12:08:57","date_gmt":"2020-10-31T15:08:57","guid":{"rendered":"https:\/\/lda.ar\/wp\/?page_id=1610"},"modified":"2024-12-11T14:19:09","modified_gmt":"2024-12-11T17:19:09","slug":"lu1xa-69-aniversario-radio-club-rio-gallegos","status":"publish","type":"page","link":"https:\/\/lda.ar\/?page_id=1610","title":{"rendered":"| LU1XA | 69\u00b0 Aniversario Radio Club R\u00edo Gallegos"},"content":{"rendered":"<div id=\"pl-gb1610-69e68ef922a27\"  class=\"panel-layout wp-block-siteorigin-panels-layout-block\" ><div id=\"pg-gb1610-69e68ef922a27-0\"  class=\"panel-grid panel-no-style\" ><div id=\"pgc-gb1610-69e68ef922a27-0-0\"  class=\"panel-grid-cell\" ><div id=\"panel-gb1610-69e68ef922a27-0-0-0\" class=\"so-panel widget widget_sow-image panel-first-child\" data-index=\"0\" ><div\n\t\t\t\n\t\t\tclass=\"so-widget-sow-image so-widget-sow-image-default-e8513d21b1d5-1610\"\n\t\t\t\n\t\t>\n<div class=\"sow-image-container\">\n\t\t<img \n\tsrc=\"https:\/\/lda.ar\/wp-content\/uploads\/2020\/10\/membrete_lu1xa-768x139.jpg\" width=\"768\" height=\"139\" srcset=\"https:\/\/lda.ar\/wp-content\/uploads\/2020\/10\/membrete_lu1xa-768x139.jpg 768w, https:\/\/lda.ar\/wp-content\/uploads\/2020\/10\/membrete_lu1xa-300x54.jpg 300w, https:\/\/lda.ar\/wp-content\/uploads\/2020\/10\/membrete_lu1xa-e1603819679920.jpg 1024w, https:\/\/lda.ar\/wp-content\/uploads\/2020\/10\/membrete_lu1xa-1536x277.jpg 1536w, https:\/\/lda.ar\/wp-content\/uploads\/2020\/10\/membrete_lu1xa-2048x370.jpg 2048w\" sizes=\"(max-width: 768px) 100vw, 768px\" title=\"69\u00b0 Aniversario Radio Club R\u00edo Gallegos (LU1XA)\" alt=\"\" \t\tclass=\"so-widget-image\"\/>\n\t<\/div>\n\n<\/div><\/div><div id=\"panel-gb1610-69e68ef922a27-0-0-1\" class=\"so-panel widget widget_text\" data-index=\"1\" ><div class=\"panel-widget-style panel-widget-style-for-gb1610-69e68ef922a27-0-0-1\" >\t\t\t<div class=\"textwidget\"><p id=\"u864272-2\"><strong>El Radio Club Rio Gallegos LU1XA con motivo de conmemorarse 69 aniversarios de la instituci\u00f3n, invita a participar en una nueva actividad radial.<\/strong><\/p>\n<\/div>\n\t\t<\/div><\/div><div id=\"panel-gb1610-69e68ef922a27-0-0-2\" class=\"so-panel widget widget_text panel-last-child\" data-index=\"2\" ><div class=\"panel-widget-style panel-widget-style-for-gb1610-69e68ef922a27-0-0-2\" >\t\t\t<div class=\"textwidget\"><p><em>El Certificado cumple la totalidad de lo requerido por la Resoluci\u00f3n 3635-E\/2017, art\u00edculos 4.5.4 y 4.6.4, y por lo tanto al tener el Radio Club personer\u00eda jur\u00eddica vigente y ser reconocida por ENACOM es v\u00e1lido para ascensos de categor\u00eda.<\/em><\/p>\n<\/div>\n\t\t<\/div><\/div><\/div><\/div><div id=\"pg-gb1610-69e68ef922a27-1\"  class=\"panel-grid panel-no-style\" ><div id=\"pgc-gb1610-69e68ef922a27-1-0\"  class=\"panel-grid-cell\" ><div id=\"panel-gb1610-69e68ef922a27-1-0-0\" class=\"so-panel widget widget_sow-button panel-first-child\" data-index=\"3\" ><div\n\t\t\t\n\t\t\tclass=\"so-widget-sow-button so-widget-sow-button-atom-84e047a5cb77-1610\"\n\t\t\t\n\t\t><div class=\"ow-button-base ow-button-align-center\"\n>\n\t\t\t<a\n\t\t\t\t\thref=\"https:\/\/lda.ar\/bases\/bases_lu1xa_69_aniversario_2020.pdf\"\n\t\t\t\t\tclass=\"sowb-button ow-icon-placement-left ow-button-hover\" target=\"_blank\" rel=\"noopener noreferrer\" \t>\n\t\t<span>\n\t\t\t<span class=\"sow-icon-fontawesome sow-far\" data-sow-icon=\"&#xf1c1;\"\n\t\tstyle=\"\" \n\t\taria-hidden=\"true\"><\/span>\n\t\t\tVER BASES\t\t<\/span>\n\t\t\t<\/a>\n\t<\/div>\n<\/div><\/div><div id=\"panel-gb1610-69e68ef922a27-1-0-1\" class=\"widget_text so-panel widget widget_custom_html panel-last-child\" data-index=\"4\" ><div class=\"textwidget custom-html-widget\"><iframe loading=\"lazy\" width=\"95%\" height=\"3100\" src=\"https:\/\/logdeargentina.com.ar\/php\/lu1xa_2020.php\" frameborder=\"0\" allowfullscreen; style=\"margin-left: 2em;\"><\/iframe><\/div><\/div><\/div><\/div><\/div>\n\n\n<p><strong>LU1XHT&nbsp;LU1XIU&nbsp;LU3XCC&nbsp;LU3XH&nbsp;LU4XA&nbsp;LU4XAN&nbsp;LU4XAP&nbsp;LU4XDE&nbsp;LU4XEG&nbsp;LU5XAI&nbsp;LU8XAF&nbsp;LU8XBC&nbsp;LU8XBS&nbsp;LU9XAJ&nbsp;LU9XBA&nbsp;LU9XCC&nbsp;LU9XJR&nbsp;LU9XOR<\/strong><\/p>\n","protected":false},"excerpt":{"rendered":"<p>El Radio Club Rio Gallegos LU1XA con motivo de conmemorarse 69 aniversarios de la instituci\u00f3n, invita a participar en una nueva actividad radial. El Certificado cumple la totalidad de lo&hellip; <\/p>\n","protected":false},"author":3,"featured_media":0,"parent":11590,"menu_order":0,"comment_status":"closed","ping_status":"closed","template":"","meta":{"ngg_post_thumbnail":0,"footnotes":""},"class_list":["post-1610","page","type-page","status-publish","hentry"],"_links":{"self":[{"href":"https:\/\/lda.ar\/index.php?rest_route=\/wp\/v2\/pages\/1610","targetHints":{"allow":["GET"]}}],"collection":[{"href":"https:\/\/lda.ar\/index.php?rest_route=\/wp\/v2\/pages"}],"about":[{"href":"https:\/\/lda.ar\/index.php?rest_route=\/wp\/v2\/types\/page"}],"author":[{"embeddable":true,"href":"https:\/\/lda.ar\/index.php?rest_route=\/wp\/v2\/users\/3"}],"replies":[{"embeddable":true,"href":"https:\/\/lda.ar\/index.php?rest_route=%2Fwp%2Fv2%2Fcomments&post=1610"}],"version-history":[{"count":3,"href":"https:\/\/lda.ar\/index.php?rest_route=\/wp\/v2\/pages\/1610\/revisions"}],"predecessor-version":[{"id":12047,"href":"https:\/\/lda.ar\/index.php?rest_route=\/wp\/v2\/pages\/1610\/revisions\/12047"}],"up":[{"embeddable":true,"href":"https:\/\/lda.ar\/index.php?rest_route=\/wp\/v2\/pages\/11590"}],"wp:attachment":[{"href":"https:\/\/lda.ar\/index.php?rest_route=%2Fwp%2Fv2%2Fmedia&parent=1610"}],"curies":[{"name":"wp","href":"https:\/\/api.w.org\/{rel}","templated":true}]}}