{"id":1606,"date":"2020-10-31T12:07:31","date_gmt":"2020-10-31T15:07:31","guid":{"rendered":"https:\/\/lda.ar\/wp\/?page_id=1606"},"modified":"2024-12-11T14:17:22","modified_gmt":"2024-12-11T17:17:22","slug":"lu1sf-68o-aniversario-de-radio-club-la-rioja","status":"publish","type":"page","link":"https:\/\/lda.ar\/?page_id=1606","title":{"rendered":"| LU1SF | 68\u00ba Aniversario de Radio Club La Rioja"},"content":{"rendered":"<div id=\"pl-gb1606-69e64f7469e3f\"  class=\"panel-layout wp-block-siteorigin-panels-layout-block\" ><div id=\"pg-gb1606-69e64f7469e3f-0\"  class=\"panel-grid panel-no-style\" ><div id=\"pgc-gb1606-69e64f7469e3f-0-0\"  class=\"panel-grid-cell\" ><div id=\"panel-gb1606-69e64f7469e3f-0-0-0\" class=\"so-panel widget widget_sow-image panel-first-child\" data-index=\"0\" ><div\n\t\t\t\n\t\t\tclass=\"so-widget-sow-image so-widget-sow-image-default-e8513d21b1d5-1606\"\n\t\t\t\n\t\t>\n<div class=\"sow-image-container\">\n\t\t<img \n\tsrc=\"https:\/\/lda.ar\/wp-content\/uploads\/2020\/10\/membrete_lu1sf_68_aniversario-768x119.jpg\" width=\"768\" height=\"119\" srcset=\"https:\/\/lda.ar\/wp-content\/uploads\/2020\/10\/membrete_lu1sf_68_aniversario-768x119.jpg 768w, https:\/\/lda.ar\/wp-content\/uploads\/2020\/10\/membrete_lu1sf_68_aniversario-300x47.jpg 300w, https:\/\/lda.ar\/wp-content\/uploads\/2020\/10\/membrete_lu1sf_68_aniversario-e1603818870948.jpg 1024w, https:\/\/lda.ar\/wp-content\/uploads\/2020\/10\/membrete_lu1sf_68_aniversario-1536x238.jpg 1536w, https:\/\/lda.ar\/wp-content\/uploads\/2020\/10\/membrete_lu1sf_68_aniversario-2048x318.jpg 2048w\" sizes=\"(max-width: 768px) 100vw, 768px\" title=\"(LU1SF) 68\u00ba Aniversario de Radio Club La Rioja\" alt=\"\" \t\tclass=\"so-widget-image\"\/>\n\t<\/div>\n\n<\/div><\/div><div id=\"panel-gb1606-69e64f7469e3f-0-0-1\" class=\"so-panel widget widget_text\" data-index=\"1\" ><div class=\"panel-widget-style panel-widget-style-for-gb1606-69e64f7469e3f-0-0-1\" >\t\t\t<div class=\"textwidget\"><p id=\"u864272-2\"><strong>El Radio Club La Rioja LU1SF invita a participar en una actividad radial con la entrega de Certificado a 2 contactos, con motivo de conmemorarse el \u201c68\u00b0 aniversarios de su fundaci\u00f3n\u201d<\/strong><\/p>\n<\/div>\n\t\t<\/div><\/div><div id=\"panel-gb1606-69e64f7469e3f-0-0-2\" class=\"so-panel widget widget_text panel-last-child\" data-index=\"2\" ><div class=\"panel-widget-style panel-widget-style-for-gb1606-69e64f7469e3f-0-0-2\" >\t\t\t<div class=\"textwidget\"><p><em>El Certificado cumple la totalidad de lo requerido por la Resoluci\u00f3n 3635-E\/2017, art\u00edculos 4.5.4 y 4.6.4, y por lo tanto al tener el Radio Club personer\u00eda jur\u00eddica vigente y ser reconocida por ENACOM es v\u00e1lido para ascensos de categor\u00eda.<\/em><\/p>\n<\/div>\n\t\t<\/div><\/div><\/div><\/div><div id=\"pg-gb1606-69e64f7469e3f-1\"  class=\"panel-grid panel-no-style\" ><div id=\"pgc-gb1606-69e64f7469e3f-1-0\"  class=\"panel-grid-cell\" ><div id=\"panel-gb1606-69e64f7469e3f-1-0-0\" class=\"so-panel widget widget_sow-button panel-first-child\" data-index=\"3\" ><div\n\t\t\t\n\t\t\tclass=\"so-widget-sow-button so-widget-sow-button-atom-84e047a5cb77-1606\"\n\t\t\t\n\t\t><div class=\"ow-button-base ow-button-align-center\"\n>\n\t\t\t<a\n\t\t\t\t\thref=\"https:\/\/lda.ar\/bases\/bases_lu1sf_68_aniversario.pdf\"\n\t\t\t\t\tclass=\"sowb-button ow-icon-placement-left ow-button-hover\" target=\"_blank\" rel=\"noopener noreferrer\" \t>\n\t\t<span>\n\t\t\t<span class=\"sow-icon-fontawesome sow-far\" data-sow-icon=\"&#xf1c1;\"\n\t\tstyle=\"\" \n\t\taria-hidden=\"true\"><\/span>\n\t\t\tVER BASES\t\t<\/span>\n\t\t\t<\/a>\n\t<\/div>\n<\/div><\/div><div id=\"panel-gb1606-69e64f7469e3f-1-0-1\" class=\"widget_text so-panel widget widget_custom_html panel-last-child\" data-index=\"4\" ><div class=\"textwidget custom-html-widget\"><iframe loading=\"lazy\" width=\"95%\" height=\"3100\" src=\"https:\/\/logdeargentina.com.ar\/php\/lu1sflr1s_2020.php\" frameborder=\"0\" allowfullscreen; style=\"margin-left: 2em;\"><\/iframe><\/div><\/div><\/div><\/div><\/div>\n\n\n<p><strong>LU1SF&nbsp;LR1S<\/strong><\/p>\n","protected":false},"excerpt":{"rendered":"<p>El Radio Club La Rioja LU1SF invita a participar en una actividad radial con la entrega de Certificado a 2 contactos, con motivo de conmemorarse el \u201c68\u00b0 aniversarios de su&hellip; <\/p>\n","protected":false},"author":3,"featured_media":0,"parent":11590,"menu_order":0,"comment_status":"closed","ping_status":"closed","template":"","meta":{"ngg_post_thumbnail":0,"footnotes":""},"class_list":["post-1606","page","type-page","status-publish","hentry"],"_links":{"self":[{"href":"https:\/\/lda.ar\/index.php?rest_route=\/wp\/v2\/pages\/1606","targetHints":{"allow":["GET"]}}],"collection":[{"href":"https:\/\/lda.ar\/index.php?rest_route=\/wp\/v2\/pages"}],"about":[{"href":"https:\/\/lda.ar\/index.php?rest_route=\/wp\/v2\/types\/page"}],"author":[{"embeddable":true,"href":"https:\/\/lda.ar\/index.php?rest_route=\/wp\/v2\/users\/3"}],"replies":[{"embeddable":true,"href":"https:\/\/lda.ar\/index.php?rest_route=%2Fwp%2Fv2%2Fcomments&post=1606"}],"version-history":[{"count":3,"href":"https:\/\/lda.ar\/index.php?rest_route=\/wp\/v2\/pages\/1606\/revisions"}],"predecessor-version":[{"id":12045,"href":"https:\/\/lda.ar\/index.php?rest_route=\/wp\/v2\/pages\/1606\/revisions\/12045"}],"up":[{"embeddable":true,"href":"https:\/\/lda.ar\/index.php?rest_route=\/wp\/v2\/pages\/11590"}],"wp:attachment":[{"href":"https:\/\/lda.ar\/index.php?rest_route=%2Fwp%2Fv2%2Fmedia&parent=1606"}],"curies":[{"name":"wp","href":"https:\/\/api.w.org\/{rel}","templated":true}]}}