{"id":15967,"date":"2025-12-03T12:15:54","date_gmt":"2025-12-03T15:15:54","guid":{"rendered":"https:\/\/lda.ar\/?page_id=15967"},"modified":"2026-01-11T00:41:10","modified_gmt":"2026-01-11T03:41:10","slug":"gdxm-dia-de-la-aviacion-de-ejercito-2","status":"publish","type":"page","link":"https:\/\/lda.ar\/?page_id=15967","title":{"rendered":"(GDXM) D\u00cdA DE LA AVIACI\u00d3N DE EJERCITO"},"content":{"rendered":"<div id=\"pl-gb15967-69e67c0659cca\"  class=\"panel-layout wp-block-siteorigin-panels-layout-block\" ><div id=\"pg-gb15967-69e67c0659cca-0\"  class=\"panel-grid panel-no-style\" ><div id=\"pgc-gb15967-69e67c0659cca-0-0\"  class=\"panel-grid-cell\" ><div id=\"panel-gb15967-69e67c0659cca-0-0-0\" class=\"so-panel widget widget_sow-headline panel-first-child\" data-index=\"0\" ><div\n\t\t\t\n\t\t\tclass=\"so-widget-sow-headline so-widget-sow-headline-default-41f48fd02822-15967\"\n\t\t\t\n\t\t><div class=\"sow-headline-container \">\n\t\t\t\t\t\t<div class=\"decoration\">\n\t\t\t\t\t\t<div class=\"decoration-inside\"><\/div>\n\t\t\t\t\t<\/div>\n\t\t\t\t\t<\/div>\n<\/div><\/div><div id=\"panel-gb15967-69e67c0659cca-0-0-1\" class=\"so-panel widget widget_sow-image panel-last-child\" data-index=\"1\" ><div\n\t\t\t\n\t\t\tclass=\"so-widget-sow-image so-widget-sow-image-default-113ccd71f3e6-15967\"\n\t\t\t\n\t\t>\n<div class=\"sow-image-container\">\n\t\t<img \n\tsrc=\"https:\/\/www.lda.ar\/imagenes\/membretes\/membrete_GDXM_DIA_AVIACION_EJERCITO.jpg\" title=\"GDXM\" alt=\"GDXM\" \t\tclass=\"so-widget-image\"\/>\n\t<\/div>\n\n<\/div><\/div><\/div><\/div><div id=\"pg-gb15967-69e67c0659cca-1\"  class=\"panel-grid panel-no-style\" ><div id=\"pgc-gb15967-69e67c0659cca-1-0\"  class=\"panel-grid-cell\" ><div id=\"panel-gb15967-69e67c0659cca-1-0-0\" class=\"so-panel widget widget_sow-editor panel-first-child\" data-index=\"2\" ><div\n\t\t\t\n\t\t\tclass=\"so-widget-sow-editor so-widget-sow-editor-base\"\n\t\t\t\n\t\t><h3 class=\"widget-title\">QSL Personalizada del Evento<\/h3>\n<div class=\"siteorigin-widget-tinymce textwidget\">\n\t<p>Las estaciones otorgantes podr\u00e1n confirmar los contactos con una QSL personalizada alusiva al evento. Pueden solicitarlas mediante Ticket e informarse sobre los costos. <a href=\"https:\/\/lda.ar\/?page_id=19\">https:\/\/lda.ar\/?page_id=19<\/a><\/p>\n<\/div>\n<\/div><\/div><div id=\"panel-gb15967-69e67c0659cca-1-0-1\" class=\"so-panel widget widget_sow-image panel-last-child\" data-index=\"3\" ><div\n\t\t\t\n\t\t\tclass=\"so-widget-sow-image so-widget-sow-image-default-113ccd71f3e6-15967\"\n\t\t\t\n\t\t>\n<div class=\"sow-image-container\">\n\t\t<img \n\tsrc=\"https:\/\/lda.ar\/imagenes\/qsls_311x200x75\/muestra_LU1DPQ-DIA_DE_LA_AVIACION_2025.jpg\" title=\"(GDXM) D\u00cdA DE LA AVIACI\u00d3N DE EJERCITO\" alt=\"\" \t\tclass=\"so-widget-image\"\/>\n\t<\/div>\n\n<\/div><\/div><\/div><\/div><div id=\"pg-gb15967-69e67c0659cca-2\"  class=\"panel-grid panel-no-style\" ><div id=\"pgc-gb15967-69e67c0659cca-2-0\"  class=\"panel-grid-cell\" ><div id=\"panel-gb15967-69e67c0659cca-2-0-0\" class=\"so-panel widget widget_sow-editor panel-first-child panel-last-child\" data-index=\"4\" ><div\n\t\t\t\n\t\t\tclass=\"so-widget-sow-editor so-widget-sow-editor-base\"\n\t\t\t\n\t\t>\n<div class=\"siteorigin-widget-tinymce textwidget\">\n\t<p style=\"text-align: justify;\"><span style=\"color: #333399;\">Estimados colegas:<\/span><br \/>\n<span style=\"color: #333399;\">Invitamos a todos a participar del certificado.<\/span><\/p>\n<p style=\"text-align: justify;\"><span style=\"color: #333399;\">UN POCO DE RESE\u00d1A:<\/span><\/p>\n<p style=\"text-align: justify;\"><span style=\"color: #333399;\">Con antecedentes durante la guerra de la Triple Alianza, el Ej\u00e9rcito Argentino comenz\u00f3 a contar con aviaci\u00f3n org\u00e1nica a partir del 10 de agosto de 1912, con la creaci\u00f3n de la Escuela Militar de Aviaci\u00f3n Militar instalada en el aer\u00f3dromo de El Palomar, provincia de Buenos Aires. Desde entonces gracias a la participaci\u00f3n colaborativa del Aero Club Argentino experiment\u00f3 un crecimiento constante en el campo de la conducci\u00f3n militar, la industria aeron\u00e1utica, el desarrollo y s\u00f3lido afianzamiento de la Aviaci\u00f3n Civil en el territorio nacional.<\/span><br \/>\n<span style=\"color: #333399;\">En 1935 fue llevada dentro del Ej\u00e9rcito al estatus de quinta Arma junto a la infanter\u00eda, caballer\u00eda, artiller\u00eda e ingenieros.<\/span><br \/>\n<span style=\"color: #333399;\">En 1944 comenz\u00f3 un nuevo proceso de transformaci\u00f3n e independizaci\u00f3n que se coron\u00f3 el 4 de enero de 1945 con la Aeron\u00e1utica Militar (actual Fuerza A\u00e9rea).<\/span><br \/>\n<span style=\"color: #333399;\">Con este contexto el ej\u00e9rcito continu\u00f3 operando aeronaves org\u00e1nicas hasta fines de los a\u00f1os \u201950. Desde entonces la Aviaci\u00f3n de Ej\u00e9rcito continu\u00f3 incrementando sus capacidades desde la creaci\u00f3n de la Fuerza A\u00e9rea Argentina en 1945 que absorbi\u00f3 su personal, material e instalaciones.<\/span><br \/>\n<span style=\"color: #333399;\">As\u00ed, en 1956 naci\u00f3 el Comando de Aviaci\u00f3n de Ej\u00e9rcito.<\/span><br \/>\n<span style=\"color: #333399;\">La Aviaci\u00f3n de Ej\u00e9rcito tuvo su bautismo de fuego en la Operaci\u00f3n Independencia en el a\u00f1o 1975. Particip\u00f3 en la guerra de las Malvinas de 1982. Particip\u00f3 en la recuperaci\u00f3n del cuartel de La Tablada en el a\u00f1o 1989.<\/span><br \/>\n<span style=\"color: #333399;\">Tras la guerra la Aviaci\u00f3n de Ej\u00e9rcito recuper\u00f3 capacidad para tareas m\u00e1s pac\u00edficas como la b\u00fasqueda y rescate y ayuda humanitaria. Aunque puede cooperar con la infanter\u00eda con sus helic\u00f3pteros. Adquiri\u00f3 tres AS 332B Super Puma en 1986.<\/span><br \/>\n<span style=\"color: #333399;\">El Comando de Aviaci\u00f3n de Ej\u00e9rcito (CAE) fue renombrado en 2011 como Direcci\u00f3n de Aviaci\u00f3n de Ej\u00e9rcito.En 2019 regres\u00f3 al nombre anterior.<\/span><br \/>\n<span style=\"color: #333399;\">Despliega sus aeronaves en desfiles a\u00e9reos en conmemoraci\u00f3n del D\u00eda del Ej\u00e9rcito y el D\u00eda de la Aviaci\u00f3n de Ej\u00e9rcito.<\/span><br \/>\n<span style=\"color: #333399;\">El Comando de Aviaci\u00f3n de Ej\u00e9rcito particip\u00f3 en las actividades de adiestramiento operacional del Operativo Integraci\u00f3n Norte.<\/span><\/p>\n<\/div>\n<\/div><\/div><\/div><\/div><div id=\"pg-gb15967-69e67c0659cca-3\"  class=\"panel-grid panel-no-style\" ><div id=\"pgc-gb15967-69e67c0659cca-3-0\"  class=\"panel-grid-cell\" ><div id=\"panel-gb15967-69e67c0659cca-3-0-0\" class=\"so-panel widget widget_sow-button panel-first-child\" data-index=\"5\" ><div\n\t\t\t\n\t\t\tclass=\"so-widget-sow-button so-widget-sow-button-atom-84e047a5cb77-15967\"\n\t\t\t\n\t\t><div class=\"ow-button-base ow-button-align-center\"\n>\n\t\t\t<a\n\t\t\t\t\thref=\"http:\/\/www.lda.ar\/bases\/bases_GDXM_dia_de_la_aviacion_de_ejercito-2025.pdf\"\n\t\t\t\t\tclass=\"sowb-button ow-icon-placement-left ow-button-hover\" target=\"_blank\" rel=\"noopener noreferrer\" \t>\n\t\t<span>\n\t\t\t<span class=\"sow-icon-fontawesome sow-far\" data-sow-icon=\"&#xf1c1;\"\n\t\tstyle=\"\" \n\t\taria-hidden=\"true\"><\/span>\n\t\t\tBASES\t\t<\/span>\n\t\t\t<\/a>\n\t<\/div>\n<\/div><\/div><div id=\"panel-gb15967-69e67c0659cca-3-0-1\" class=\"so-panel widget widget_text\" data-index=\"6\" ><div class=\"panel-widget-style panel-widget-style-for-gb15967-69e67c0659cca-3-0-1\" >\t\t\t<div class=\"textwidget\"><p><strong>Los contactos subidos por las estaciones a LdA son exclusiva responsabilidad de las mismas. Si ha detectado una mala carga de alg\u00fan QSO en particular no es LdA quien debe solucionar el problema. P\u00f3ngase en contacto con la instituci\u00f3n organizadora a tal fin o con la estaci\u00f3n contactada buscando sus datos en\u00a0 <a href=\"https:\/\/lda.ar\/wp\/?page_id=17\" target=\"_blank\" rel=\"noopener\">USUARIOS DE LdA.<\/a><\/strong><\/p>\n<\/div>\n\t\t<\/div><\/div><div id=\"panel-gb15967-69e67c0659cca-3-0-2\" class=\"so-panel widget widget_text panel-last-child\" data-index=\"7\" ><div class=\"panel-widget-style panel-widget-style-for-gb15967-69e67c0659cca-3-0-2\" >\t\t\t<div class=\"textwidget\"><p><em><strong>\u00abEl certificado es v\u00e1lido para la comprobaci\u00f3n de actividad de radioaficionado.\u00bb<\/strong><\/em><\/p>\n<\/div>\n\t\t<\/div><\/div><\/div><\/div><\/div>\n\n\n<hr class=\"wp-block-separator has-text-color has-luminous-vivid-orange-color has-css-opacity has-luminous-vivid-orange-background-color has-background is-style-wide\"\/>\n\n\n\n<iframe\n  id=\"iframe_qso\"\n  src=\"https:\/\/lda.ar\/php\/eventos\/GDXM_DIA_AVIACION_EJERCITO_2025.php\"\n  style=\"width:100%; border:0; overflow:hidden;\"\n  scrolling=\"no\">\n<\/iframe>\n\n<script>\nwindow.addEventListener(\"message\", function(e) {\n  if (e.data.alturaIframe) {\n    document.getElementById(\"iframe_qso\").style.height =\n      e.data.alturaIframe + \"px\";\n  }\n});\n<\/script>\n\n\n\n<hr class=\"wp-block-separator has-text-color has-vivid-cyan-blue-color has-alpha-channel-opacity has-vivid-cyan-blue-background-color has-background is-style-wide\"\/>\n\n\n<div id=\"pl-gb15967-69e67c065cb86\"  class=\"panel-layout wp-block-siteorigin-panels-layout-block\" ><div id=\"pg-gb15967-69e67c065cb86-0\"  class=\"panel-grid panel-no-style\" ><div id=\"pgc-gb15967-69e67c065cb86-0-0\"  class=\"panel-grid-cell\" ><div id=\"panel-gb15967-69e67c065cb86-0-0-0\" class=\"so-panel widget widget_sow-image-grid panel-first-child panel-last-child\" data-index=\"0\" ><div\n\t\t\t\n\t\t\tclass=\"so-widget-sow-image-grid so-widget-sow-image-grid-default-15bfeffd6b98-15967\"\n\t\t\t\n\t\t>\t<div\n\t\tclass=\"sow-image-grid-wrapper\"\n\t\tdata-max-width=\"85\"\t\tdata-max-height=\"75\"\t>\n\t\t\t\t\t<div class=\"sow-image-grid-image\">\n\t\t\t\t\t\t\t\t\t\t\t\t\t<a href=\"https:\/\/fotovig.com.ar\/\"\n\t\t\t\t\t\t\t\t\t\t\t\t\t\t\t\t\t\ttarget=\"_blank\" \t\t\t\t\t\t\t\t\t\t\t\t\t\t\t\t\t\t\t\t\t\t\t\trel=\"noopener noreferrer\" \t\t\t\t\t\t\t\t\t\t\t>\n\t\t\t\t\t\t\t\t<img decoding=\"async\" title=\"Fotovig\" alt=\"Fotovig&quot;\" class=\"sow-image-grid-image_html\" src=\"https:\/\/lda.ar\/imagenes\/escudos\/Marca%20Foto%20Vig%20(Colores).png\" >\t\t\t\t\t\t\t\t\t<\/a>\n\t\t\t\t\t\t\t\t\t\t\t<\/div>\n\t\t\t\t\t<div class=\"sow-image-grid-image\">\n\t\t\t\t\t\t\t\t\t\t\t\t\t<a href=\"http:\/\/www.sa10m.com.ar\/\"\n\t\t\t\t\t\t\t\t\t\t\t\t\t\t\t\t\t\ttarget=\"_blank\" \t\t\t\t\t\t\t\t\t\t\t\t\t\t\t\t\t\t\t\t\t\t\t\trel=\"noopener noreferrer\" \t\t\t\t\t\t\t\t\t\t\t>\n\t\t\t\t\t\t\t\t<img decoding=\"async\" title=\"SA1\u00d8m Contest\" alt=\"SA10m Contest&quot;\" class=\"sow-image-grid-image_html\" src=\"https:\/\/lda.ar\/imagenes\/escudos\/logo_sa10m.png\" >\t\t\t\t\t\t\t\t\t<\/a>\n\t\t\t\t\t\t\t\t\t\t\t<\/div>\n\t\t\t\t\t<div class=\"sow-image-grid-image\">\n\t\t\t\t\t\t\t\t\t\t\t\t\t<a href=\"http:\/\/www.campeonatohf.com.ar\/\"\n\t\t\t\t\t\t\t\t\t\t\t\t\t\t\t\t\t\ttarget=\"_blank\" \t\t\t\t\t\t\t\t\t\t\t\t\t\t\t\t\t\t\t\t\t\t\t\trel=\"noopener noreferrer\" \t\t\t\t\t\t\t\t\t\t\t>\n\t\t\t\t\t\t\t\t<img decoding=\"async\" title=\"Campeonato Argentino de HF\" alt=\"Campeonato Argentino de HF&quot;\" class=\"sow-image-grid-image_html\" src=\"https:\/\/lda.ar\/imagenes\/escudos\/logo_cahf.png\" >\t\t\t\t\t\t\t\t\t<\/a>\n\t\t\t\t\t\t\t\t\t\t\t<\/div>\n\t\t\t\t\t<div class=\"sow-image-grid-image\">\n\t\t\t\t\t\t\t\t\t\t\t\t\t<a href=\"http:\/\/jvp-antenas.com.ar\/\"\n\t\t\t\t\t\t\t\t\t\t\t\t\t\t\t\t\t\ttarget=\"_blank\" \t\t\t\t\t\t\t\t\t\t\t\t\t\t\t\t\t\t\t\t\t\t\t\trel=\"noopener noreferrer\" \t\t\t\t\t\t\t\t\t\t\t>\n\t\t\t\t\t\t\t\t<img decoding=\"async\" title=\"JVP Antenas\" alt=\"JVP Antenas&quot;\" class=\"sow-image-grid-image_html\" src=\"https:\/\/lda.ar\/imagenes\/escudos\/logo_jvp.png\" >\t\t\t\t\t\t\t\t\t<\/a>\n\t\t\t\t\t\t\t\t\t\t\t<\/div>\n\t\t\t\t\t<div class=\"sow-image-grid-image\">\n\t\t\t\t\t\t\t\t\t\t\t\t\t<a href=\"http:\/\/www.jpv-antenas.com.ar\"\n\t\t\t\t\t\t\t\t\t\t\t\t\t\t\t\t\t\ttarget=\"_blank\" \t\t\t\t\t\t\t\t\t\t\t\t\t\t\t\t\t\t\t\t\t\t\t\trel=\"noopener noreferrer\" \t\t\t\t\t\t\t\t\t\t\t>\n\t\t\t\t\t\t\t\t<img decoding=\"async\" title=\"Yaguaret\u00e9 DX Group\" alt=\"Yaguaret\u00e9 DX Group&quot;\" class=\"sow-image-grid-image_html\" src=\"https:\/\/lda.ar\/imagenes\/escudos\/escudo_yaguarete_dx_group_600px.png\" >\t\t\t\t\t\t\t\t\t<\/a>\n\t\t\t\t\t\t\t\t\t\t\t<\/div>\n\t\t\t\t\t<div class=\"sow-image-grid-image\">\n\t\t\t\t\t\t\t\t\t\t\t\t\t<a href=\"https:\/\/www.argentinaroom.com.ar\/\"\n\t\t\t\t\t\t\t\t\t\t\t\t\t\t\t\t\t\ttarget=\"_blank\" \t\t\t\t\t\t\t\t\t\t\t\t\t\t\t\t\t\t\t\t\t\t\t\trel=\"noopener noreferrer\" \t\t\t\t\t\t\t\t\t\t\t>\n\t\t\t\t\t\t\t\t<img decoding=\"async\" title=\"Argentina ROOM\" alt=\"Argentina ROOM&quot;\" class=\"sow-image-grid-image_html\" src=\"https:\/\/lda.ar\/escudos\/marca_arg_room_circular_fdo_celeste.png\" >\t\t\t\t\t\t\t\t\t<\/a>\n\t\t\t\t\t\t\t\t\t\t\t<\/div>\n\t\t\t<\/div>\n<\/div><\/div><\/div><\/div><\/div>","protected":false},"excerpt":{"rendered":"<p>Las estaciones otorgantes podr\u00e1n confirmar los contactos con una QSL personalizada alusiva al evento. Pueden solicitarlas mediante Ticket e informarse sobre los costos. https:\/\/lda.ar\/?page_id=19<\/p>\n","protected":false},"author":14,"featured_media":0,"parent":11590,"menu_order":0,"comment_status":"closed","ping_status":"closed","template":"","meta":{"ngg_post_thumbnail":0,"footnotes":""},"class_list":["post-15967","page","type-page","status-publish","hentry"],"_links":{"self":[{"href":"https:\/\/lda.ar\/index.php?rest_route=\/wp\/v2\/pages\/15967","targetHints":{"allow":["GET"]}}],"collection":[{"href":"https:\/\/lda.ar\/index.php?rest_route=\/wp\/v2\/pages"}],"about":[{"href":"https:\/\/lda.ar\/index.php?rest_route=\/wp\/v2\/types\/page"}],"author":[{"embeddable":true,"href":"https:\/\/lda.ar\/index.php?rest_route=\/wp\/v2\/users\/14"}],"replies":[{"embeddable":true,"href":"https:\/\/lda.ar\/index.php?rest_route=%2Fwp%2Fv2%2Fcomments&post=15967"}],"version-history":[{"count":4,"href":"https:\/\/lda.ar\/index.php?rest_route=\/wp\/v2\/pages\/15967\/revisions"}],"predecessor-version":[{"id":16293,"href":"https:\/\/lda.ar\/index.php?rest_route=\/wp\/v2\/pages\/15967\/revisions\/16293"}],"up":[{"embeddable":true,"href":"https:\/\/lda.ar\/index.php?rest_route=\/wp\/v2\/pages\/11590"}],"wp:attachment":[{"href":"https:\/\/lda.ar\/index.php?rest_route=%2Fwp%2Fv2%2Fmedia&parent=15967"}],"curies":[{"name":"wp","href":"https:\/\/api.w.org\/{rel}","templated":true}]}}