{"id":15960,"date":"2025-12-03T11:10:58","date_gmt":"2025-12-03T14:10:58","guid":{"rendered":"https:\/\/lda.ar\/?page_id=15960"},"modified":"2025-12-04T23:01:53","modified_gmt":"2025-12-05T02:01:53","slug":"confirmaciones-via-eqsl","status":"publish","type":"page","link":"https:\/\/lda.ar\/?page_id=15960","title":{"rendered":"CONFIRMACIONES V\u00cdA eQSL"},"content":{"rendered":"<div id=\"pl-gb15960-69e6653274c94\"  class=\"panel-layout\" ><div id=\"pg-gb15960-69e6653274c94-0\"  class=\"panel-grid panel-no-style\" ><div id=\"pgc-gb15960-69e6653274c94-0-0\"  class=\"panel-grid-cell\" ><div id=\"panel-gb15960-69e6653274c94-0-0-0\" class=\"so-panel widget widget_sow-editor panel-first-child panel-last-child\" data-index=\"0\" ><div\n\t\t\t\n\t\t\tclass=\"so-widget-sow-editor so-widget-sow-editor-base\"\n\t\t\t\n\t\t><h3 class=\"widget-title\">Confirmaciones eQSL<\/h3>\n<div class=\"siteorigin-widget-tinymce textwidget\">\n\t<p>Ahora podr\u00e1s confirmar en LdA contactos confirmados v\u00eda plataforma eQSL.cc<\/p>\n<p>Las mismas son a t\u00edtulo informativo, <em>no cuenta para confirmaci\u00f3n de contactos propios de LdA, eventos ni QSLs.<\/em><\/p>\n<p><strong>Solo ser\u00e1n validos en ciertos certificados permanentes que estar\u00e1n informados en las bases de cada uno.<\/strong><\/p>\n<\/div>\n<\/div><\/div><\/div><\/div><\/div>\n\n\n<p><\/p>\n\n\n<style>\n       .errordiv { padding:10px; margin:10px; border: 1px solid #555555;color: #000000;background-color: #f8f8f8; width:500px; }#advanced_iframe {visibility:visible;opacity:1;vertical-align:top;}.ai-info-bottom-iframe { position: fixed; z-index: 10000; bottom:0; left: 0; margin: 0px; text-align: center; width: 100%; background-color: #ff9999; padding-left: 5px;padding-bottom: 5px; border-top: 1px solid #aaa } a.ai-bold {font-weight: bold;}#ai-layer-div-advanced_iframe p {height:100%;margin:0;padding:0}<\/style><script type=\"text\/javascript\">var ai_iframe_width_advanced_iframe = 0;var ai_iframe_height_advanced_iframe = 0;function aiReceiveMessageadvanced_iframe(event) {  aiProcessMessage(event,\"advanced_iframe\", \"true\",\"\",\"false\",\"false\");}if (window.addEventListener) {  window.addEventListener(\"message\", aiReceiveMessageadvanced_iframe);} else if (el.attachEvent)  {  el.attachEvent(\"message\", aiReceiveMessageadvanced_iframe);}var aiOnloadScrollTop=\"true\";var aiShowDebug=false;\n\t\tif (typeof aiReadyCallbacks === 'undefined') {\n\t\t\tvar aiReadyCallbacks = [];\n\t\t} else if (!(aiReadyCallbacks instanceof Array)) {\n\t\t\tvar aiReadyCallbacks = [];\n\t\t}    function aiShowIframeId(id_iframe) { jQuery(\"#\"+id_iframe).css(\"visibility\", \"visible\");    }    function aiResizeIframeHeight(height) { aiResizeIframeHeight(height,advanced_iframe); }    function aiResizeIframeHeightId(height,width,id) {aiResizeIframeHeightById(id,height);}<\/script><iframe id=\"advanced_iframe\"  name=\"advanced_iframe\"  src=\"https:\/\/lda.ar\/php\/descargas_eqsl\/eqsl_lu4eg10.php\"  width=\"100%\"  height=\"500\"  frameborder=\"0\"  border=\"0\"  allowtransparency=\"true\"  loading=\"lazy\"  style=\";border-width: 0px;;border: none;;width:100%;;height:500px;\" ><\/iframe><script type=\"text\/javascript\">var ifrm_advanced_iframe = document.getElementById(\"advanced_iframe\");var hiddenTabsDoneadvanced_iframe = false;\nfunction resizeCallbackadvanced_iframe() {}<\/script><script type=\"text\/javascript\"><\/script><p style=\"display:block !important; visibility:visible !important;margin: -18px 14px 0 0;padding-left: 3px;padding-top:3px;background: white; overflow: hidden; position: relative; line-height:15px;width: fit-content;\"><small style=\"display:block !important;visibility:visible !important\">powered by Advanced iFrame<\/small><\/p>\n\n\n<hr class=\"wp-block-separator has-alpha-channel-opacity is-style-wide\"\/>\n\n\n\n<hr class=\"wp-block-separator has-text-color has-vivid-cyan-blue-color has-alpha-channel-opacity has-vivid-cyan-blue-background-color has-background is-style-wide\"\/>\n\n\n<div id=\"pl-gb15960-69e66532768fd\"  class=\"panel-layout wp-block-siteorigin-panels-layout-block\" ><div id=\"pg-gb15960-69e66532768fd-0\"  class=\"panel-grid panel-no-style\" ><div id=\"pgc-gb15960-69e66532768fd-0-0\"  class=\"panel-grid-cell\" ><div id=\"panel-gb15960-69e66532768fd-0-0-0\" class=\"so-panel widget widget_sow-image-grid panel-first-child panel-last-child\" data-index=\"0\" ><div\n\t\t\t\n\t\t\tclass=\"so-widget-sow-image-grid so-widget-sow-image-grid-default-15bfeffd6b98-15960\"\n\t\t\t\n\t\t>\t<div\n\t\tclass=\"sow-image-grid-wrapper\"\n\t\tdata-max-width=\"85\"\t\tdata-max-height=\"75\"\t>\n\t\t\t\t\t<div class=\"sow-image-grid-image\">\n\t\t\t\t\t\t\t\t\t\t\t\t\t<a href=\"https:\/\/fotovig.com.ar\/\"\n\t\t\t\t\t\t\t\t\t\t\t\t\t\t\t\t\t\ttarget=\"_blank\" \t\t\t\t\t\t\t\t\t\t\t\t\t\t\t\t\t\t\t\t\t\t\t\trel=\"noopener noreferrer\" \t\t\t\t\t\t\t\t\t\t\t>\n\t\t\t\t\t\t\t\t<img decoding=\"async\" title=\"Fotovig\" alt=\"Fotovig&quot;\" class=\"sow-image-grid-image_html\" src=\"https:\/\/lda.ar\/imagenes\/escudos\/Marca%20Foto%20Vig%20(Colores).png\" >\t\t\t\t\t\t\t\t\t<\/a>\n\t\t\t\t\t\t\t\t\t\t\t<\/div>\n\t\t\t\t\t<div class=\"sow-image-grid-image\">\n\t\t\t\t\t\t\t\t\t\t\t\t\t<a href=\"http:\/\/www.sa10m.com.ar\/\"\n\t\t\t\t\t\t\t\t\t\t\t\t\t\t\t\t\t\ttarget=\"_blank\" \t\t\t\t\t\t\t\t\t\t\t\t\t\t\t\t\t\t\t\t\t\t\t\trel=\"noopener noreferrer\" \t\t\t\t\t\t\t\t\t\t\t>\n\t\t\t\t\t\t\t\t<img decoding=\"async\" title=\"SA1\u00d8m Contest\" alt=\"SA10m Contest&quot;\" class=\"sow-image-grid-image_html\" src=\"https:\/\/lda.ar\/imagenes\/escudos\/logo_sa10m.png\" >\t\t\t\t\t\t\t\t\t<\/a>\n\t\t\t\t\t\t\t\t\t\t\t<\/div>\n\t\t\t\t\t<div class=\"sow-image-grid-image\">\n\t\t\t\t\t\t\t\t\t\t\t\t\t<a href=\"http:\/\/www.campeonatohf.com.ar\/\"\n\t\t\t\t\t\t\t\t\t\t\t\t\t\t\t\t\t\ttarget=\"_blank\" \t\t\t\t\t\t\t\t\t\t\t\t\t\t\t\t\t\t\t\t\t\t\t\trel=\"noopener noreferrer\" \t\t\t\t\t\t\t\t\t\t\t>\n\t\t\t\t\t\t\t\t<img decoding=\"async\" title=\"Campeonato Argentino de HF\" alt=\"Campeonato Argentino de HF&quot;\" class=\"sow-image-grid-image_html\" src=\"https:\/\/lda.ar\/imagenes\/escudos\/logo_cahf.png\" >\t\t\t\t\t\t\t\t\t<\/a>\n\t\t\t\t\t\t\t\t\t\t\t<\/div>\n\t\t\t\t\t<div class=\"sow-image-grid-image\">\n\t\t\t\t\t\t\t\t\t\t\t\t\t<a href=\"http:\/\/jvp-antenas.com.ar\/\"\n\t\t\t\t\t\t\t\t\t\t\t\t\t\t\t\t\t\ttarget=\"_blank\" \t\t\t\t\t\t\t\t\t\t\t\t\t\t\t\t\t\t\t\t\t\t\t\trel=\"noopener noreferrer\" \t\t\t\t\t\t\t\t\t\t\t>\n\t\t\t\t\t\t\t\t<img decoding=\"async\" title=\"JVP Antenas\" alt=\"JVP Antenas&quot;\" class=\"sow-image-grid-image_html\" src=\"https:\/\/lda.ar\/imagenes\/escudos\/logo_jvp.png\" >\t\t\t\t\t\t\t\t\t<\/a>\n\t\t\t\t\t\t\t\t\t\t\t<\/div>\n\t\t\t\t\t<div class=\"sow-image-grid-image\">\n\t\t\t\t\t\t\t\t\t\t\t\t\t<a href=\"http:\/\/www.jpv-antenas.com.ar\"\n\t\t\t\t\t\t\t\t\t\t\t\t\t\t\t\t\t\ttarget=\"_blank\" \t\t\t\t\t\t\t\t\t\t\t\t\t\t\t\t\t\t\t\t\t\t\t\trel=\"noopener noreferrer\" \t\t\t\t\t\t\t\t\t\t\t>\n\t\t\t\t\t\t\t\t<img decoding=\"async\" title=\"Yaguaret\u00e9 DX Group\" alt=\"Yaguaret\u00e9 DX Group&quot;\" class=\"sow-image-grid-image_html\" src=\"https:\/\/lda.ar\/imagenes\/escudos\/escudo_yaguarete_dx_group_600px.png\" >\t\t\t\t\t\t\t\t\t<\/a>\n\t\t\t\t\t\t\t\t\t\t\t<\/div>\n\t\t\t\t\t<div class=\"sow-image-grid-image\">\n\t\t\t\t\t\t\t\t\t\t\t\t\t<a href=\"https:\/\/www.argentinaroom.com.ar\/\"\n\t\t\t\t\t\t\t\t\t\t\t\t\t\t\t\t\t\ttarget=\"_blank\" \t\t\t\t\t\t\t\t\t\t\t\t\t\t\t\t\t\t\t\t\t\t\t\trel=\"noopener noreferrer\" \t\t\t\t\t\t\t\t\t\t\t>\n\t\t\t\t\t\t\t\t<img decoding=\"async\" title=\"Argentina ROOM\" alt=\"Argentina ROOM&quot;\" class=\"sow-image-grid-image_html\" src=\"https:\/\/lda.ar\/escudos\/marca_arg_room_circular_fdo_celeste.png\" >\t\t\t\t\t\t\t\t\t<\/a>\n\t\t\t\t\t\t\t\t\t\t\t<\/div>\n\t\t\t<\/div>\n<\/div><\/div><\/div><\/div><\/div>","protected":false},"excerpt":{"rendered":"<p>Ahora podr\u00e1s confirmar en LdA contactos confirmados v\u00eda plataforma eQSL.cc Las mismas son a t\u00edtulo informativo, no cuenta para confirmaci\u00f3n de contactos propios de LdA, eventos ni QSLs. Solo ser\u00e1n&hellip; <\/p>\n","protected":false},"author":14,"featured_media":0,"parent":27,"menu_order":0,"comment_status":"closed","ping_status":"closed","template":"","meta":{"ngg_post_thumbnail":0,"footnotes":""},"class_list":["post-15960","page","type-page","status-publish","hentry"],"_links":{"self":[{"href":"https:\/\/lda.ar\/index.php?rest_route=\/wp\/v2\/pages\/15960","targetHints":{"allow":["GET"]}}],"collection":[{"href":"https:\/\/lda.ar\/index.php?rest_route=\/wp\/v2\/pages"}],"about":[{"href":"https:\/\/lda.ar\/index.php?rest_route=\/wp\/v2\/types\/page"}],"author":[{"embeddable":true,"href":"https:\/\/lda.ar\/index.php?rest_route=\/wp\/v2\/users\/14"}],"replies":[{"embeddable":true,"href":"https:\/\/lda.ar\/index.php?rest_route=%2Fwp%2Fv2%2Fcomments&post=15960"}],"version-history":[{"count":6,"href":"https:\/\/lda.ar\/index.php?rest_route=\/wp\/v2\/pages\/15960\/revisions"}],"predecessor-version":[{"id":15984,"href":"https:\/\/lda.ar\/index.php?rest_route=\/wp\/v2\/pages\/15960\/revisions\/15984"}],"up":[{"embeddable":true,"href":"https:\/\/lda.ar\/index.php?rest_route=\/wp\/v2\/pages\/27"}],"wp:attachment":[{"href":"https:\/\/lda.ar\/index.php?rest_route=%2Fwp%2Fv2%2Fmedia&parent=15960"}],"curies":[{"name":"wp","href":"https:\/\/api.w.org\/{rel}","templated":true}]}}