{"id":1584,"date":"2020-10-31T11:33:01","date_gmt":"2020-10-31T14:33:01","guid":{"rendered":"https:\/\/lda.ar\/wp\/?page_id=1584"},"modified":"2020-10-31T11:33:45","modified_gmt":"2020-10-31T14:33:45","slug":"lu4lg-170o-aniversario-fallecimiento-de-san-martin","status":"publish","type":"page","link":"https:\/\/lda.ar\/?page_id=1584","title":{"rendered":"(LU4LG) 170\u00ba Aniversario fallecimiento de San Mart\u00edn"},"content":{"rendered":"<div id=\"pl-gb1584-69e6a33859a6b\"  class=\"panel-layout\" ><div id=\"pg-gb1584-69e6a33859a6b-0\"  class=\"panel-grid panel-no-style\" ><div id=\"pgc-gb1584-69e6a33859a6b-0-0\"  class=\"panel-grid-cell\" ><div id=\"panel-gb1584-69e6a33859a6b-0-0-0\" class=\"so-panel widget widget_sow-image panel-first-child\" data-index=\"0\" ><div\n\t\t\t\n\t\t\tclass=\"so-widget-sow-image so-widget-sow-image-default-113ccd71f3e6-1584\"\n\t\t\t\n\t\t>\n<div class=\"sow-image-container\">\n\t\t<img \n\tsrc=\"https:\/\/lda.ar\/wp-content\/uploads\/2020\/10\/membrete_lu4lg_sanmartin_2020-768x139.jpg\" width=\"768\" height=\"139\" srcset=\"https:\/\/lda.ar\/wp-content\/uploads\/2020\/10\/membrete_lu4lg_sanmartin_2020-768x139.jpg 768w, https:\/\/lda.ar\/wp-content\/uploads\/2020\/10\/membrete_lu4lg_sanmartin_2020-300x54.jpg 300w, https:\/\/lda.ar\/wp-content\/uploads\/2020\/10\/membrete_lu4lg_sanmartin_2020-e1603811874818.jpg 1024w, https:\/\/lda.ar\/wp-content\/uploads\/2020\/10\/membrete_lu4lg_sanmartin_2020-1536x277.jpg 1536w, https:\/\/lda.ar\/wp-content\/uploads\/2020\/10\/membrete_lu4lg_sanmartin_2020-2048x370.jpg 2048w\" sizes=\"(max-width: 768px) 100vw, 768px\" title=\"LU4LG 170\u00ba Aniversario fallecimiento de San Mart\u00edn\" alt=\"\" \t\tclass=\"so-widget-image\"\/>\n\t<\/div>\n\n<\/div><\/div><div id=\"panel-gb1584-69e6a33859a6b-0-0-1\" class=\"so-panel widget widget_text\" data-index=\"1\" ><div class=\"panel-widget-style panel-widget-style-for-gb1584-69e6a33859a6b-0-0-1\" >\t\t\t<div class=\"textwidget\"><p id=\"u910179-2\"><strong>El Radio Club Corrientes LU4LG invita a la conmemoraci\u00f3n del 170\u00ba aniversario del paso a la inmortalidad del General Jos\u00e9 de San Mart\u00edn durante los d\u00edas 15 al 23 de agosto de 2020.<\/strong><\/p>\n<\/div>\n\t\t<\/div><\/div><div id=\"panel-gb1584-69e6a33859a6b-0-0-2\" class=\"so-panel widget widget_text panel-last-child\" data-index=\"2\" ><div class=\"panel-widget-style panel-widget-style-for-gb1584-69e6a33859a6b-0-0-2\" >\t\t\t<div class=\"textwidget\"><p><em>El Certificado cumple la totalidad de lo requerido por la Resoluci\u00f3n 3635-E\/2017, art\u00edculos 4.5.4 y 4.6.4, y por lo tanto al tener el Radio Club personer\u00eda jur\u00eddica vigente y ser reconocida por ENACOM es v\u00e1lido para ascensos de categor\u00eda.<\/em><\/p>\n<\/div>\n\t\t<\/div><\/div><\/div><\/div><div id=\"pg-gb1584-69e6a33859a6b-1\"  class=\"panel-grid panel-no-style\" ><div id=\"pgc-gb1584-69e6a33859a6b-1-0\"  class=\"panel-grid-cell\" ><div id=\"panel-gb1584-69e6a33859a6b-1-0-0\" class=\"so-panel widget widget_sow-button panel-first-child\" data-index=\"3\" ><div\n\t\t\t\n\t\t\tclass=\"so-widget-sow-button so-widget-sow-button-atom-84e047a5cb77-1584\"\n\t\t\t\n\t\t><div class=\"ow-button-base ow-button-align-center\"\n>\n\t\t\t<a\n\t\t\t\t\thref=\"https:\/\/lda.ar\/bases\/bases_lu4lg_sanmartin_2020.pdf\"\n\t\t\t\t\tclass=\"sowb-button ow-icon-placement-left ow-button-hover\" target=\"_blank\" rel=\"noopener noreferrer\" \t>\n\t\t<span>\n\t\t\t<span class=\"sow-icon-fontawesome sow-far\" data-sow-icon=\"&#xf1c1;\"\n\t\tstyle=\"\" \n\t\taria-hidden=\"true\"><\/span>\n\t\t\tVER BASES\t\t<\/span>\n\t\t\t<\/a>\n\t<\/div>\n<\/div><\/div><div id=\"panel-gb1584-69e6a33859a6b-1-0-1\" class=\"widget_text so-panel widget widget_custom_html panel-last-child\" data-index=\"4\" ><div class=\"textwidget custom-html-widget\"><iframe loading=\"lazy\" width=\"95%\" height=\"5100\" src=\"https:\/\/lda.ar\/php\/lu4lg_2020.php\" frameborder=\"0\" allowfullscreen; style=\"margin-left: 2em;\"><\/iframe><\/div><\/div><\/div><\/div><\/div>","protected":false},"excerpt":{"rendered":"<p>El Radio Club Corrientes LU4LG invita a la conmemoraci\u00f3n del 170\u00ba aniversario del paso a la inmortalidad del General Jos\u00e9 de San Mart\u00edn durante los d\u00edas 15 al 23 de&hellip; <\/p>\n","protected":false},"author":3,"featured_media":0,"parent":1406,"menu_order":0,"comment_status":"closed","ping_status":"closed","template":"","meta":{"ngg_post_thumbnail":0,"footnotes":""},"class_list":["post-1584","page","type-page","status-publish","hentry"],"_links":{"self":[{"href":"https:\/\/lda.ar\/index.php?rest_route=\/wp\/v2\/pages\/1584","targetHints":{"allow":["GET"]}}],"collection":[{"href":"https:\/\/lda.ar\/index.php?rest_route=\/wp\/v2\/pages"}],"about":[{"href":"https:\/\/lda.ar\/index.php?rest_route=\/wp\/v2\/types\/page"}],"author":[{"embeddable":true,"href":"https:\/\/lda.ar\/index.php?rest_route=\/wp\/v2\/users\/3"}],"replies":[{"embeddable":true,"href":"https:\/\/lda.ar\/index.php?rest_route=%2Fwp%2Fv2%2Fcomments&post=1584"}],"version-history":[{"count":1,"href":"https:\/\/lda.ar\/index.php?rest_route=\/wp\/v2\/pages\/1584\/revisions"}],"predecessor-version":[{"id":1586,"href":"https:\/\/lda.ar\/index.php?rest_route=\/wp\/v2\/pages\/1584\/revisions\/1586"}],"up":[{"embeddable":true,"href":"https:\/\/lda.ar\/index.php?rest_route=\/wp\/v2\/pages\/1406"}],"wp:attachment":[{"href":"https:\/\/lda.ar\/index.php?rest_route=%2Fwp%2Fv2%2Fmedia&parent=1584"}],"curies":[{"name":"wp","href":"https:\/\/api.w.org\/{rel}","templated":true}]}}