{"id":15676,"date":"2025-10-23T23:12:58","date_gmt":"2025-10-24T02:12:58","guid":{"rendered":"https:\/\/lda.ar\/?page_id=15676"},"modified":"2025-10-23T23:13:52","modified_gmt":"2025-10-24T02:13:52","slug":"como-operar-en-concursos","status":"publish","type":"page","link":"https:\/\/lda.ar\/?page_id=15676","title":{"rendered":"\u00bfC\u00d3MO OPERAR EN CONCURSOS?"},"content":{"rendered":"<div id=\"pl-gb15676-69e64f748969e\"  class=\"panel-layout\" ><div id=\"pg-gb15676-69e64f748969e-0\"  class=\"panel-grid panel-no-style\" ><div id=\"pgc-gb15676-69e64f748969e-0-0\"  class=\"panel-grid-cell\" ><div id=\"panel-gb15676-69e64f748969e-0-0-0\" class=\"so-panel widget widget_sow-editor panel-first-child panel-last-child\" data-index=\"0\" ><div\n\t\t\t\n\t\t\tclass=\"so-widget-sow-editor so-widget-sow-editor-base\"\n\t\t\t\n\t\t>\n<div class=\"siteorigin-widget-tinymce textwidget\">\n\t<h3>\u00bfQu\u00e9 es un concurso?<\/h3>\n<p>Los concursos tienen como objetivo hacernos competir entre estaciones locales, nacionales o internacionales, y como toda competencia, se trata de ganar u obtener el mejor lugar posible dentro de los Score finales. Asimismo, dentro de la competencia usted puede llegar a contactar estaciones raras o dif\u00edciles de trabajar bajo situaciones normales de operaci\u00f3n, lo cual le dar\u00e1 un plus y puede ayudarle a obtener entidades para diplomas como&nbsp;<b>DXCC<\/b>, <b>WAS<\/b>, <b>WAC<\/b>, <b>IOTA<\/b>, <b>WAXE<\/b>, etc. Mientras m\u00e1s contactos haga, m\u00e1s puntaje tendr\u00e1; los contactos son muy breves, a veces de 5 segundos de duraci\u00f3n y pueden llegar a trabajarse varios miles de estaciones en un fin de semana. La operaci\u00f3n en concursos implica trabajar al mayor n\u00famero de estaciones en el menor tiempo posible o en el lapso de tiempo asignado.<\/p>\n<h3>\u00bfQu\u00e9 tipo de concursos hay?<\/h3>\n<p>Existe una variedad muy grande respecto al tipo de concurso en el que puede&nbsp;participar, los hay pr\u00e1cticamente en todos los modos y bandas (a excepci\u00f3n de las bandas&nbsp;WARC donde est\u00e1 terminantemente prohibido realizar concursos). Hay concursos de RTTY,&nbsp;CW, y Fon\u00eda. Tambi\u00e9n puede hallar concursos en VHF o mixtos donde los contactos son&nbsp;v\u00e1lidos tanto en CW como en Fon\u00eda. Por lo que hay para todos los gustos y preferencias.<\/p>\n<h3>\u00bfQu\u00e9 es necesario para iniciarme en los concursos?<\/h3>\n<p>Para dar este primer paso, se recomienda consultar el calendario de concursos por ejemplo&nbsp;<a href=\"https:\/\/calamuchitaya.com\/\">https:\/\/www.contestcalendar.com\/index.html<\/a>, escoger alguno que le llame la atenci\u00f3n, descargar las bases, entenderlas en su totalidad y escuchar atentamente c\u00f3mo se desarrolla la din\u00e1mica del mismo; escuchar la manera en que el intercambio se lleva a cabo. Sintonizar una estaci\u00f3n en particular y poner atenci\u00f3n a su t\u00e9cnica de operaci\u00f3n, c\u00f3mo responde, c\u00f3mo llama, que cosas dice, c\u00f3mo las dice. Como todo, puede que usted se encuentre con operadores que no est\u00e9n haciendo buen uso del Alfabeto Fon\u00e9tico Internacional, o que sean demasiado r\u00e1pidos en CW y puede ser dif\u00edcil de entender.<\/p>\n<h3>\u00bfQu\u00e9 equipo necesito?<\/h3>\n<p>Para iniciarse de manera b\u00e1sica; con tener una buena instalaci\u00f3n basta.<br \/>\nNo es necesario tener un radio de varios miles de d\u00f3lares o un amplificador de 1 KW. de potencia; sin embargo, una buena antena lo har\u00e1 mas competitivo. Una direccional de 3 bandas (10, 15 , 20 mts.) es lo ideal; tal vez un dipolo G5RV le ayude para contactos relativamente cerca, pero en el \u00abfragor de la batalla\u201d se complica mas la situaci\u00f3n, cabe mencionar que no es imposible competir con dipolos para bandas altas, pero se tendr\u00e1 cierta desventaja. Asimismo, es importante tomar en cuenta que el 99% de los concursos solicitan enviar el log en formato electr\u00f3nico y para eso deber\u00e1 hacer uso de software especializado. Se puede encontrar de manera gratuita o de paga; de preferencia, se recomienda contar con una interfase para conectar el radio con la computadora para que el software de log se comunique con el radio y de manera autom\u00e1tica sea ingresada la frecuencia donde est\u00e1 usted operando.<br \/>\nEs necesario conocer la operaci\u00f3n de su radio, las posibilidades que ofrece para ver si es compatible o no con las interfases que se ofrecen de manera comercial. Si bien no es obligatorio es muy recomendable contar con esta facilidad.<\/p>\n<h3>LA OPERACI\u00d3N<\/h3>\n<p>Existen dos tipos b\u00e1sicos de operaci\u00f3n, se le conocen como: <b>Run <\/b>y como <b>S&amp;P<\/b> o Search and Pounce.<\/p>\n<ul>\n<li><b><u>Run<\/u><\/b>, se refiere a que usted estar\u00e1 llamando CQ contest en una frecuencia fija; puede&nbsp;que el 100% de su operaci\u00f3n sea Run. Est\u00e1 bien, es v\u00e1lido.<\/li>\n<li><b><u>S&amp;P<\/u><\/b>, en esta t\u00e9cnica de operaci\u00f3n usted estar\u00e1 buscando estaciones por todas las&nbsp;bandas permitidas, respondiendo al llamado de aquellas que est\u00e1n llamando CQ.&nbsp;Tomar en cuenta que hay concursos que solo permiten cierto n\u00famero de cambio de&nbsp;banda por hora.<\/li>\n<\/ul>\n<h3>INICIO DEL CONCURSO<\/h3>\n<p>Antes de dar inicio el concurso, deber\u00e1 decidir c\u00f3mo ser\u00e1 su operaci\u00f3n.<br \/>\nSi desea empezar como Run, se recomienda estar frente al radio al menos 10 minutos antes, buscar cual frecuencia est\u00e1 libre, asegurarse que nadie m\u00e1s est\u00e1 ah\u00ed; para esto, deber\u00e1 preguntar <b>\u00bfest\u00e1 en uso la frecuencia?<\/b>&nbsp;(<b>Is This Frequency in use<\/b>?) o en CW se env\u00eda: <b>QRL? QRL?<\/b> de&#8230;, esto al menos dos veces dejando espacio libre para ver si alguien responde. Si es as\u00ed, busque otra frecuencia disponible y repita. <b>Verifique que la hora UTC es correcta<\/b>, que el reloj de su PC est\u00e1 sincronizado y no olvide que algunos concursos coinciden con el cambio de horario de verano a invierno. Por lo que deber\u00e1 tener muy en cuenta estos cambios. En el momento exacto que da inicio el concurso comenzar\u00e1 a llamar CQ Concurso, CQ Concurso&#8230; y la diversi\u00f3n empieza.<\/p>\n<h3>OPERACI\u00d3N DE CONCURSOS NACIONALES<\/h3>\n<p>En los concursos locales o nacionales donde muchos Radioaficionados se conocen, son&nbsp;amigos o miembros del mismo club, se rompen muchas reglas b\u00e1sicas respecto a la&nbsp;comunicaci\u00f3n de dos v\u00edas.<br \/>\nEl modo de operaci\u00f3n deber\u00e1 ser exactamente igual que el los concursos internacionales, se&nbsp;deber\u00e1 respetar el Alfabeto Fon\u00e9tico Internacional, al ser concurso local se usa el&nbsp;idioma Espa\u00f1ol.<br \/>\nA continuaci\u00f3n unos ejemplos de lo que NO deber\u00e1 hacerse durante un&nbsp;concurso nacional (e internacional menos)<\/p>\n<h3>EJEMPLO DE CONTACTO EN CONCURSO<\/h3>\n<ol>\n<li><strong>Modo Run<\/strong> Llamando CQ CONCURSO (Ocupando Siempre en la misma frecuencia, la cual, antes de comenzar a llamar se pregunt\u00f3 QRL?)<\/li>\n<li><strong>Modo S&amp;P<\/strong> Buscar y Contestar&nbsp;(Buscando alguna estaci\u00f3n llamando CQ y contestarle)<\/li>\n<\/ol>\n<p><em>Normalmente parte del tiempo se est\u00e1 llamando y parte del tiempo se est\u00e1 contestando una y otra vez.<\/em><\/p>\n<p>Para cada uno de los 2 modos hay una secuencia t\u00edpica a intercambiar los datos, ellas son:<\/p>\n<p>Supongamos que llama&nbsp;<strong>LU0XX<\/strong>&nbsp;y le contesta&nbsp;<strong>LW9RR<\/strong>:<\/p>\n<p><strong>LU0XX<\/strong>: CQ CONCURSO DE LU0XX LU0XX<\/p>\n<p><strong>LW9RR<\/strong>: LW9RR LW9RR (n\u00f3tese la omisi\u00f3n de la se\u00f1al distintiva del que llama, <strong>\u00e9l sabe muy bien cual es su Call!<\/strong>)<\/p>\n<p><strong>LU0XX<\/strong>: LW9RR 59 028 59 028<\/p>\n<p><strong>LW9RR<\/strong>: LU0XX 59 004 59 004<\/p>\n<p><strong>LU0XX<\/strong>: GRACIAS 73 &#8211; CQ CONCURSO \u2026<\/p>\n<p><strong>Cosas importantes en la secuencia:<\/strong><\/p>\n<ol>\n<li>El QSO lo empieza (llamando CQ) y lo termina la estaci\u00f3n que llama.<\/li>\n<li>La estaci\u00f3n que llama <strong>siempre es la primera<\/strong> en enviar el RS y el Exchange (serie).<\/li>\n<li>Cualquier otro tipo de intercambio (saludos, suerte en el concurso, etc, etc) si bien no est\u00e1 penado, no es de uso corriente en concursos ya que, le hacen perder tiempo \/ QSOs \/ multiplicadores a la estaci\u00f3n que est\u00e1 llamando, m\u00e1s a\u00fan en concursos de 1 hora de duraci\u00f3n.<\/li>\n<li>El hecho de no modificar \u00e9sta secuencia establecida, se debe en gran parte a que todos los programas loggers para concursos se configuran para modo&nbsp;<strong><em>\u201cRun\u201d<\/em><\/strong>&nbsp;(llamando) o&nbsp;<strong><em>\u201cS&amp;P\u201d<\/em><\/strong> (Buscar y contestar) y, en funci\u00f3n a esto, el usuario va completando los datos (y enviando las macros) pulsando solamente la tecla \u201center\u201d, si al contestarle alteramos el orden, lo obligamos a que use otras teclas y pierda el ritmo (fundamentalmente en un \u201cpile up\u201d)<\/li>\n<\/ol>\n<p>Es muy com\u00fan que a la estaci\u00f3n que est\u00e1 llamando (m\u00e1s si es un multiplicador buscado) se le forme un <strong>\u201cpile up\u201d<\/strong> (muchas estaciones lo llaman a la vez), com\u00fanmente todos no est\u00e1n exactamente en la misma frecuencia por lo tanto, escucha respuestas no solo de distinta intensidad de se\u00f1ales, sino tambi\u00e9n de distinto tono de audio. De la habilidad del operador depende la discriminaci\u00f3n de una entre todas (aunque sean 2 o 3 letras, ej: U4E) para llamar solamente a esa de la forma: U4E? o simplemente U4E, m\u00e1s que suficiente para que dejen de llamarlo todas las estaciones que no contengan un U4E en su call.<\/p>\n<p><strong>Casos de dudas en los datos y el pedido de repetici\u00f3n:<\/strong><\/p>\n<p><strong>LU0XX<\/strong>: CQ CONCURSO CQ CONCURSO DE LU0XX LU0XX<\/p>\n<p><strong>LW9RR<\/strong>: LW9RR LW9RR<\/p>\n<p>(LU0XX escuch\u00f3 el call incompleto, o le est\u00e1n contestando m\u00e1s de una estaci\u00f3n)\u2026<\/p>\n<p><strong>LU0XX<\/strong>: estaci\u00f3n con LW9<\/p>\n<p><strong>LW9RR<\/strong>: LW9RR LW9RR (repite)<\/p>\n<p><strong>LU0XX<\/strong>: LW9RR 59 028 59 028<\/p>\n<p>(LW9RR no escuch\u00f3 Exchange)\u2026<\/p>\n<p><strong>LW9RR<\/strong>: repita n\u00famero por favor<\/p>\n<p><strong>LU0XX<\/strong>: LW9RR 59 028 59 028<\/p>\n<p><strong>LW9RR<\/strong>: LU0XX 59 004 59 004 (N\u00f3tese que no env\u00eda su Exchange hasta no tener el Exchange recibido)<\/p>\n<p><strong>LU0XX<\/strong>: GRACIAS 73, CQ CONCURSO \u2026<\/p>\n<h3>PROGRAMAS PARA CONCURSOS<\/h3>\n<p>Existen muchos programas para concursos, pagos, gratis, con donaci\u00f3n, etc. pero lo cierto es que lo ideal es utilizar uno donde el operador se sienta c\u00f3modo en su uso y lo domine. Programas como el conocido&nbsp;<a href=\"https:\/\/n1mmwp.hamdocs.com\/\" target=\"_blank\" rel=\"noopener noreferrer\">N1MM+<\/a>&nbsp;si bien tiene todas las prestaciones para usar en nuestros concursos nacionales, es tal vez para el principiante, un poco complejo y con demasiadas herramientas que es posible no las necesite o use.<br \/>\nEn Argentina existe el <a href=\"http:\/\/eglogger.com.ar\/\" target=\"_blank\" rel=\"noopener noreferrer\">EGLogger Express 2<\/a> desarrollado por <b>Daniel <a href=\"http:\/\/www.qrz.com\/db\/lu4eg\">LU4EG<\/a><\/b> y cumple sobradamente las necesidades para concursos nacionales e internacionales.<\/p>\n<\/div>\n<\/div><\/div><\/div><\/div><\/div>","protected":false},"excerpt":{"rendered":"<p>\u00bfQu\u00e9 es un concurso? Los concursos tienen como objetivo hacernos competir entre estaciones locales, nacionales o internacionales, y como toda competencia, se trata de ganar u obtener el mejor lugar&hellip; <\/p>\n","protected":false},"author":14,"featured_media":0,"parent":15630,"menu_order":0,"comment_status":"closed","ping_status":"closed","template":"","meta":{"ngg_post_thumbnail":0,"footnotes":""},"class_list":["post-15676","page","type-page","status-publish","hentry"],"_links":{"self":[{"href":"https:\/\/lda.ar\/index.php?rest_route=\/wp\/v2\/pages\/15676","targetHints":{"allow":["GET"]}}],"collection":[{"href":"https:\/\/lda.ar\/index.php?rest_route=\/wp\/v2\/pages"}],"about":[{"href":"https:\/\/lda.ar\/index.php?rest_route=\/wp\/v2\/types\/page"}],"author":[{"embeddable":true,"href":"https:\/\/lda.ar\/index.php?rest_route=\/wp\/v2\/users\/14"}],"replies":[{"embeddable":true,"href":"https:\/\/lda.ar\/index.php?rest_route=%2Fwp%2Fv2%2Fcomments&post=15676"}],"version-history":[{"count":2,"href":"https:\/\/lda.ar\/index.php?rest_route=\/wp\/v2\/pages\/15676\/revisions"}],"predecessor-version":[{"id":15678,"href":"https:\/\/lda.ar\/index.php?rest_route=\/wp\/v2\/pages\/15676\/revisions\/15678"}],"up":[{"embeddable":true,"href":"https:\/\/lda.ar\/index.php?rest_route=\/wp\/v2\/pages\/15630"}],"wp:attachment":[{"href":"https:\/\/lda.ar\/index.php?rest_route=%2Fwp%2Fv2%2Fmedia&parent=15676"}],"curies":[{"name":"wp","href":"https:\/\/api.w.org\/{rel}","templated":true}]}}