{"id":1163,"date":"2020-10-27T15:55:09","date_gmt":"2020-10-27T18:55:09","guid":{"rendered":"https:\/\/lda.ar\/wp\/?page_id=1163"},"modified":"2020-10-31T12:11:41","modified_gmt":"2020-10-31T15:11:41","slug":"lu4oc-94o-aniversario-radio-club-salta","status":"publish","type":"page","link":"https:\/\/lda.ar\/?page_id=1163","title":{"rendered":"(LU4OC) 94\u00ba Aniversario Radio Club Salta"},"content":{"rendered":"<div id=\"pl-gb1163-69e67851ab862\"  class=\"panel-layout\" ><div id=\"pg-gb1163-69e67851ab862-0\"  class=\"panel-grid panel-no-style\" ><div id=\"pgc-gb1163-69e67851ab862-0-0\"  class=\"panel-grid-cell\" ><div id=\"panel-gb1163-69e67851ab862-0-0-0\" class=\"so-panel widget widget_sow-image panel-first-child\" data-index=\"0\" ><div\n\t\t\t\n\t\t\tclass=\"so-widget-sow-image so-widget-sow-image-default-e8513d21b1d5-1163\"\n\t\t\t\n\t\t>\n<div class=\"sow-image-container\">\n\t\t<img \n\tsrc=\"https:\/\/lda.ar\/wp-content\/uploads\/2020\/10\/membrete_lu4oc-768x139.jpg\" width=\"768\" height=\"139\" srcset=\"https:\/\/lda.ar\/wp-content\/uploads\/2020\/10\/membrete_lu4oc-768x139.jpg 768w, https:\/\/lda.ar\/wp-content\/uploads\/2020\/10\/membrete_lu4oc-300x54.jpg 300w, https:\/\/lda.ar\/wp-content\/uploads\/2020\/10\/membrete_lu4oc-e1603824878415.jpg 1024w, https:\/\/lda.ar\/wp-content\/uploads\/2020\/10\/membrete_lu4oc-1536x277.jpg 1536w, https:\/\/lda.ar\/wp-content\/uploads\/2020\/10\/membrete_lu4oc-2048x370.jpg 2048w\" sizes=\"(max-width: 768px) 100vw, 768px\" title=\"94\u00ba Aniversario Radio Club Salta (LU4OC)\" alt=\"\" \t\tclass=\"so-widget-image\"\/>\n\t<\/div>\n\n<\/div><\/div><div id=\"panel-gb1163-69e67851ab862-0-0-1\" class=\"so-panel widget widget_text\" data-index=\"1\" ><div class=\"panel-widget-style panel-widget-style-for-gb1163-69e67851ab862-0-0-1\" >\t\t\t<div class=\"textwidget\"><p id=\"u864272-2\"><strong>El Radio Club Salta (LU4OC) invita a participar en la entrega de certificados para festejar el \u201c<span id=\"u821777-2\">94\u00ba Aniversario<\/span>\u201d de su fundaci\u00f3n. El d\u00eda 17 de abril de 1926, se realiz\u00f3 la primera reuni\u00f3n de los fundadores, habi\u00e9ndose firmando su primera acta de Comisi\u00f3n Directiva el 1\u00ba de mayo del mismo a\u00f1o.<\/strong><\/p>\n<\/div>\n\t\t<\/div><\/div><div id=\"panel-gb1163-69e67851ab862-0-0-2\" class=\"so-panel widget widget_text panel-last-child\" data-index=\"2\" ><div class=\"panel-widget-style panel-widget-style-for-gb1163-69e67851ab862-0-0-2\" >\t\t\t<div class=\"textwidget\"><p><em>El Certificado cumple la totalidad de lo requerido por la Resoluci\u00f3n 3635-E\/2017, art\u00edculos 4.5.4 y 4.6.4, y por lo tanto al tener el Radio Club personer\u00eda jur\u00eddica vigente y ser reconocida por ENACOM es v\u00e1lido para ascensos de categor\u00eda.<\/em><\/p>\n<\/div>\n\t\t<\/div><\/div><\/div><\/div><div id=\"pg-gb1163-69e67851ab862-1\"  class=\"panel-grid panel-no-style\" ><div id=\"pgc-gb1163-69e67851ab862-1-0\"  class=\"panel-grid-cell\" ><div id=\"panel-gb1163-69e67851ab862-1-0-0\" class=\"so-panel widget widget_sow-button panel-first-child\" data-index=\"3\" ><div\n\t\t\t\n\t\t\tclass=\"so-widget-sow-button so-widget-sow-button-atom-84e047a5cb77-1163\"\n\t\t\t\n\t\t><div class=\"ow-button-base ow-button-align-center\"\n>\n\t\t\t<a\n\t\t\t\t\thref=\"https:\/\/lda.ar\/bases\/bases_lu4oc_94_aniversario_2020.pdf\"\n\t\t\t\t\tclass=\"sowb-button ow-icon-placement-left ow-button-hover\" target=\"_blank\" rel=\"noopener noreferrer\" \t>\n\t\t<span>\n\t\t\t<span class=\"sow-icon-fontawesome sow-far\" data-sow-icon=\"&#xf1c1;\"\n\t\tstyle=\"\" \n\t\taria-hidden=\"true\"><\/span>\n\t\t\tVER BASES\t\t<\/span>\n\t\t\t<\/a>\n\t<\/div>\n<\/div><\/div><div id=\"panel-gb1163-69e67851ab862-1-0-1\" class=\"widget_text so-panel widget widget_custom_html panel-last-child\" data-index=\"4\" ><div class=\"textwidget custom-html-widget\"><iframe loading=\"lazy\" width=\"95%\" height=\"3100\" src=\"https:\/\/lda.ar\/php\/lu4oc_2020.php\" frameborder=\"0\" allowfullscreen; style=\"margin-left: 2em;\"><\/iframe><\/div><\/div><\/div><\/div><\/div>","protected":false},"excerpt":{"rendered":"<p>El Radio Club Salta (LU4OC) invita a participar en la entrega de certificados para festejar el \u201c94\u00ba Aniversario\u201d de su fundaci\u00f3n. El d\u00eda 17 de abril de 1926, se realiz\u00f3&hellip; <\/p>\n","protected":false},"author":3,"featured_media":0,"parent":1406,"menu_order":0,"comment_status":"closed","ping_status":"closed","template":"","meta":{"ngg_post_thumbnail":0,"footnotes":""},"class_list":["post-1163","page","type-page","status-publish","hentry"],"_links":{"self":[{"href":"https:\/\/lda.ar\/index.php?rest_route=\/wp\/v2\/pages\/1163","targetHints":{"allow":["GET"]}}],"collection":[{"href":"https:\/\/lda.ar\/index.php?rest_route=\/wp\/v2\/pages"}],"about":[{"href":"https:\/\/lda.ar\/index.php?rest_route=\/wp\/v2\/types\/page"}],"author":[{"embeddable":true,"href":"https:\/\/lda.ar\/index.php?rest_route=\/wp\/v2\/users\/3"}],"replies":[{"embeddable":true,"href":"https:\/\/lda.ar\/index.php?rest_route=%2Fwp%2Fv2%2Fcomments&post=1163"}],"version-history":[{"count":1,"href":"https:\/\/lda.ar\/index.php?rest_route=\/wp\/v2\/pages\/1163\/revisions"}],"predecessor-version":[{"id":1165,"href":"https:\/\/lda.ar\/index.php?rest_route=\/wp\/v2\/pages\/1163\/revisions\/1165"}],"up":[{"embeddable":true,"href":"https:\/\/lda.ar\/index.php?rest_route=\/wp\/v2\/pages\/1406"}],"wp:attachment":[{"href":"https:\/\/lda.ar\/index.php?rest_route=%2Fwp%2Fv2%2Fmedia&parent=1163"}],"curies":[{"name":"wp","href":"https:\/\/api.w.org\/{rel}","templated":true}]}}