{"id":1081,"date":"2020-10-27T13:01:01","date_gmt":"2020-10-27T16:01:01","guid":{"rendered":"https:\/\/lda.ar\/wp\/?page_id=1081"},"modified":"2024-12-11T13:59:24","modified_gmt":"2024-12-11T16:59:24","slug":"lu4kc-en-tucuman-nacio-la-patria","status":"publish","type":"page","link":"https:\/\/lda.ar\/?page_id=1081","title":{"rendered":"| LU4KC | En Tucum\u00e1n naci\u00f3 la Patria"},"content":{"rendered":"<div id=\"pl-gb1081-69e678543b737\"  class=\"panel-layout wp-block-siteorigin-panels-layout-block\" ><div id=\"pg-gb1081-69e678543b737-0\"  class=\"panel-grid panel-no-style\" ><div id=\"pgc-gb1081-69e678543b737-0-0\"  class=\"panel-grid-cell\" ><div id=\"panel-gb1081-69e678543b737-0-0-0\" class=\"so-panel widget widget_sow-image panel-first-child\" data-index=\"0\" ><div\n\t\t\t\n\t\t\tclass=\"so-widget-sow-image so-widget-sow-image-default-e8513d21b1d5-1081\"\n\t\t\t\n\t\t>\n<div class=\"sow-image-container\">\n\t\t<img \n\tsrc=\"https:\/\/lda.ar\/wp-content\/uploads\/2020\/10\/membrete_lu4kc_independencia_2020-768x139.jpg\" width=\"768\" height=\"139\" srcset=\"https:\/\/lda.ar\/wp-content\/uploads\/2020\/10\/membrete_lu4kc_independencia_2020-768x139.jpg 768w, https:\/\/lda.ar\/wp-content\/uploads\/2020\/10\/membrete_lu4kc_independencia_2020-300x54.jpg 300w, https:\/\/lda.ar\/wp-content\/uploads\/2020\/10\/membrete_lu4kc_independencia_2020-1024x185.jpg 1024w, https:\/\/lda.ar\/wp-content\/uploads\/2020\/10\/membrete_lu4kc_independencia_2020-1536x277.jpg 1536w, https:\/\/lda.ar\/wp-content\/uploads\/2020\/10\/membrete_lu4kc_independencia_2020-2048x370.jpg 2048w\" sizes=\"(max-width: 768px) 100vw, 768px\" title=\"(LU4KC) En Tucum\u00e1n naci\u00f3 la Patria\" alt=\"\" \t\tclass=\"so-widget-image\"\/>\n\t<\/div>\n\n<\/div><\/div><div id=\"panel-gb1081-69e678543b737-0-0-1\" class=\"so-panel widget widget_text\" data-index=\"1\" ><div class=\"panel-widget-style panel-widget-style-for-gb1081-69e678543b737-0-0-1\" >\t\t\t<div class=\"textwidget\"><p id=\"u910179-2\"><strong>El Radio Club de Tucum\u00e1n (LU4KC) les invita a participar junto a sus integrantes, a su actividad: \u201cEn Tucum\u00e1n Naci\u00f3 la Patria\u201d, en conmemoraci\u00f3n de los 204 A\u00f1os de la Declaraci\u00f3n de Independencia Argentina. A realizarse los d\u00edas 9, 10 y 11 de Julio de 2020.<\/strong><\/p>\n<\/div>\n\t\t<\/div><\/div><div id=\"panel-gb1081-69e678543b737-0-0-2\" class=\"so-panel widget widget_text panel-last-child\" data-index=\"2\" ><div class=\"panel-widget-style panel-widget-style-for-gb1081-69e678543b737-0-0-2\" >\t\t\t<div class=\"textwidget\"><p><em>El Certificado cumple la totalidad de lo requerido por la Resoluci\u00f3n 3635-E\/2017, art\u00edculos 4.5.4 y 4.6.4, y por lo tanto al tener el Radio Club personer\u00eda jur\u00eddica vigente y ser reconocida por ENACOM es v\u00e1lido para ascensos de categor\u00eda.<\/em><\/p>\n<\/div>\n\t\t<\/div><\/div><\/div><\/div><div id=\"pg-gb1081-69e678543b737-1\"  class=\"panel-grid panel-no-style\" ><div id=\"pgc-gb1081-69e678543b737-1-0\"  class=\"panel-grid-cell\" ><div id=\"panel-gb1081-69e678543b737-1-0-0\" class=\"so-panel widget widget_sow-button panel-first-child panel-last-child\" data-index=\"3\" ><div\n\t\t\t\n\t\t\tclass=\"so-widget-sow-button so-widget-sow-button-atom-84e047a5cb77-1081\"\n\t\t\t\n\t\t><div class=\"ow-button-base ow-button-align-center\"\n>\n\t\t\t<a\n\t\t\t\t\thref=\"https:\/\/lda.ar\/bases\/bases_lu4kc_independencia_2020.pdf\"\n\t\t\t\t\tclass=\"sowb-button ow-icon-placement-left ow-button-hover\" target=\"_blank\" rel=\"noopener noreferrer\" \t>\n\t\t<span>\n\t\t\t<span class=\"sow-icon-fontawesome sow-far\" data-sow-icon=\"&#xf1c1;\"\n\t\tstyle=\"\" \n\t\taria-hidden=\"true\"><\/span>\n\t\t\tVER BASES\t\t<\/span>\n\t\t\t<\/a>\n\t<\/div>\n<\/div><\/div><\/div><\/div><\/div>\n\n<style>\n       .errordiv { padding:10px; margin:10px; border: 1px solid #555555;color: #000000;background-color: #f8f8f8; width:500px; }#advanced_iframe {visibility:visible;opacity:1;vertical-align:top;}.ai-info-bottom-iframe { position: fixed; z-index: 10000; bottom:0; left: 0; margin: 0px; text-align: center; width: 100%; background-color: #ff9999; padding-left: 5px;padding-bottom: 5px; border-top: 1px solid #aaa } a.ai-bold {font-weight: bold;}#ai-layer-div-advanced_iframe p {height:100%;margin:0;padding:0}<\/style><script type=\"text\/javascript\">var ai_iframe_width_advanced_iframe = 0;var ai_iframe_height_advanced_iframe = 0;function aiReceiveMessageadvanced_iframe(event) {  aiProcessMessage(event,\"advanced_iframe\", \"true\",\"\",\"false\",\"false\");}if (window.addEventListener) {  window.addEventListener(\"message\", aiReceiveMessageadvanced_iframe);} else if (el.attachEvent)  {  el.attachEvent(\"message\", aiReceiveMessageadvanced_iframe);}var aiOnloadScrollTop=\"true\";var aiShowDebug=false;\n\t\tif (typeof aiReadyCallbacks === 'undefined') {\n\t\t\tvar aiReadyCallbacks = [];\n\t\t} else if (!(aiReadyCallbacks instanceof Array)) {\n\t\t\tvar aiReadyCallbacks = [];\n\t\t}    function aiShowIframeId(id_iframe) { jQuery(\"#\"+id_iframe).css(\"visibility\", \"visible\");    }    function aiResizeIframeHeight(height) { aiResizeIframeHeight(height,advanced_iframe); }    function aiResizeIframeHeightId(height,width,id) {aiResizeIframeHeightById(id,height);}<\/script><iframe id=\"advanced_iframe\"  name=\"advanced_iframe\"  src=\"https:\/\/logdeargentina.com.ar\/php\/lu4kc_2020.php\"  width=\"100%\"  height=\"5000\"  frameborder=\"0\"  border=\"0\"  allowtransparency=\"true\"  loading=\"lazy\"  style=\";border-width: 0px;;border: none;;width:100%;;height:5000px;\" ><\/iframe><script type=\"text\/javascript\">var ifrm_advanced_iframe = document.getElementById(\"advanced_iframe\");var hiddenTabsDoneadvanced_iframe = false;\nfunction resizeCallbackadvanced_iframe() {}<\/script><script type=\"text\/javascript\"><\/script><p style=\"display:block !important; visibility:visible !important;margin: -18px 14px 0 0;padding-left: 3px;padding-top:3px;background: white; overflow: hidden; position: relative; line-height:15px;width: fit-content;\"><small style=\"display:block !important;visibility:visible !important\">powered by Advanced iFrame<\/small><\/p>\n\n\n<p><strong>LU4KC&nbsp;LU1KAB&nbsp;LU1KCQ&nbsp;LU1KWC&nbsp;LU1WL&nbsp;LU2KLC&nbsp;LU5KAH&nbsp;LU5KBA&nbsp;LU5KHF&nbsp;LU5PAM&nbsp;LU5UFM&nbsp;LU5WT&nbsp;LU6DAJ&nbsp;LU6KAQ&nbsp;LU7KAT&nbsp;LU7KHB&nbsp;LU8YC&nbsp;LU9GAH&nbsp;LU9KMB&nbsp;LU9OTA<\/strong><\/p>\n","protected":false},"excerpt":{"rendered":"<p>El Radio Club de Tucum\u00e1n (LU4KC) les invita a participar junto a sus integrantes, a su actividad: \u201cEn Tucum\u00e1n Naci\u00f3 la Patria\u201d, en conmemoraci\u00f3n de los 204 A\u00f1os de la&hellip; <\/p>\n","protected":false},"author":3,"featured_media":0,"parent":11590,"menu_order":0,"comment_status":"closed","ping_status":"closed","template":"","meta":{"ngg_post_thumbnail":0,"footnotes":""},"class_list":["post-1081","page","type-page","status-publish","hentry"],"_links":{"self":[{"href":"https:\/\/lda.ar\/index.php?rest_route=\/wp\/v2\/pages\/1081","targetHints":{"allow":["GET"]}}],"collection":[{"href":"https:\/\/lda.ar\/index.php?rest_route=\/wp\/v2\/pages"}],"about":[{"href":"https:\/\/lda.ar\/index.php?rest_route=\/wp\/v2\/types\/page"}],"author":[{"embeddable":true,"href":"https:\/\/lda.ar\/index.php?rest_route=\/wp\/v2\/users\/3"}],"replies":[{"embeddable":true,"href":"https:\/\/lda.ar\/index.php?rest_route=%2Fwp%2Fv2%2Fcomments&post=1081"}],"version-history":[{"count":5,"href":"https:\/\/lda.ar\/index.php?rest_route=\/wp\/v2\/pages\/1081\/revisions"}],"predecessor-version":[{"id":12036,"href":"https:\/\/lda.ar\/index.php?rest_route=\/wp\/v2\/pages\/1081\/revisions\/12036"}],"up":[{"embeddable":true,"href":"https:\/\/lda.ar\/index.php?rest_route=\/wp\/v2\/pages\/11590"}],"wp:attachment":[{"href":"https:\/\/lda.ar\/index.php?rest_route=%2Fwp%2Fv2%2Fmedia&parent=1081"}],"curies":[{"name":"wp","href":"https:\/\/api.w.org\/{rel}","templated":true}]}}