{"id":10675,"date":"2024-02-22T10:44:24","date_gmt":"2024-02-22T13:44:24","guid":{"rendered":"https:\/\/logdeargentina.com.ar\/wp\/?page_id=10659"},"modified":"2024-02-22T10:44:24","modified_gmt":"2024-02-22T13:44:24","slug":"dxgrb-178o-aniversario-ciudad-de-bragado-2","status":"publish","type":"page","link":"https:\/\/lda.ar\/?page_id=10675","title":{"rendered":"(DXGRB) 178\u00ba Aniversario Ciudad de Bragado"},"content":{"rendered":"<div id=\"pl-gb10675-69e65016535b8\"  class=\"panel-layout\" ><div id=\"pg-gb10675-69e65016535b8-0\"  class=\"panel-grid panel-no-style\" ><div id=\"pgc-gb10675-69e65016535b8-0-0\"  class=\"panel-grid-cell\" ><div id=\"panel-gb10675-69e65016535b8-0-0-0\" class=\"so-panel widget widget_sow-headline panel-first-child\" data-index=\"0\" ><div\n\t\t\t\n\t\t\tclass=\"so-widget-sow-headline so-widget-sow-headline-default-20c5311775ad-10675\"\n\t\t\t\n\t\t><div class=\"sow-headline-container \">\n\t\t\t\t\t\t<div class=\"decoration\">\n\t\t\t\t\t\t<div class=\"decoration-inside\"><\/div>\n\t\t\t\t\t<\/div>\n\t\t\t\t\t<\/div>\n<\/div><\/div><div id=\"panel-gb10675-69e65016535b8-0-0-1\" class=\"so-panel widget widget_sow-image panel-last-child\" data-index=\"1\" ><div\n\t\t\t\n\t\t\tclass=\"so-widget-sow-image so-widget-sow-image-default-113ccd71f3e6-10675\"\n\t\t\t\n\t\t>\n<div class=\"sow-image-container\">\n\t\t<img \n\tsrc=\"https:\/\/www.logdeargentina.com.ar\/imagenes\/membretes\/membrete_178_aniv_bragado.jpg\" title=\"DXGRB\" alt=\"DXGRB\" \t\tclass=\"so-widget-image\"\/>\n\t<\/div>\n\n<\/div><\/div><\/div><\/div><div id=\"pg-gb10675-69e65016535b8-1\"  class=\"panel-grid panel-no-style\" ><div id=\"pgc-gb10675-69e65016535b8-1-0\"  class=\"panel-grid-cell\" ><div id=\"panel-gb10675-69e65016535b8-1-0-0\" class=\"so-panel widget widget_sow-image panel-first-child\" data-index=\"2\" ><div\n\t\t\t\n\t\t\tclass=\"so-widget-sow-image so-widget-sow-image-default-113ccd71f3e6-10675\"\n\t\t\t\n\t\t>\n<div class=\"sow-image-container\">\n\t\t<img \n\tsrc=\"https:\/\/logdeargentina.com.ar\/imagenes\/qsls_311x200x75\/muestra_qsl-LW7DYP-178ANIV-BRAGADO.jpg\" title=\"DXGRB\" alt=\"DXGRB\" \t\tclass=\"so-widget-image\"\/>\n\t<\/div>\n\n<\/div><\/div><div id=\"panel-gb10675-69e65016535b8-1-0-1\" class=\"so-panel widget widget_sow-image panel-last-child\" data-index=\"3\" ><div\n\t\t\t\n\t\t\tclass=\"so-widget-sow-image so-widget-sow-image-default-ad27ff908450-10675\"\n\t\t\t\n\t\t>\n<div class=\"sow-image-container\">\n\t\t\t<a href=\"https:\/\/www.bragado.gov.ar\/\"\n\t\t\ttarget=\"_blank\" rel=\"noopener noreferrer\" \t\t>\n\t\t\t<img \n\tsrc=\"https:\/\/logdeargentina.com.ar\/imagenes\/escudos\/logo_municpalidad_bragado.png\" width=\"300\" style=\"width: 300px; height: 0px;\" title=\"Municipalidad de Bragado\" alt=\"Municipalidad de Bragado\" \t\tclass=\"so-widget-image\"\/>\n\t\t\t<\/a><\/div>\n\n<\/div><\/div><\/div><\/div><div id=\"pg-gb10675-69e65016535b8-2\"  class=\"panel-grid panel-no-style\" ><div id=\"pgc-gb10675-69e65016535b8-2-0\"  class=\"panel-grid-cell\" ><div id=\"panel-gb10675-69e65016535b8-2-0-0\" class=\"so-panel widget widget_sow-editor panel-first-child panel-last-child\" data-index=\"4\" ><div\n\t\t\t\n\t\t\tclass=\"so-widget-sow-editor so-widget-sow-editor-base\"\n\t\t\t\n\t\t>\n<div class=\"siteorigin-widget-tinymce textwidget\">\n\t<p><span style=\"color: #333399;\">Estimados colegas: con motivo de celebrase el d\u00eda 5 de marzo de 2024 el \u201c<strong>178\u00ba aniversario de la Ciudad de Bragado<\/strong>\u201d, el \u201c<strong>DX Group Radioaficionados Bragadenses<\/strong>\u201d\u00a0 los invita a participar del certificado en adhesi\u00f3n al evento a realizarse del 1 al 10 marzo de 2024.<\/span><\/p>\n<p><span style=\"color: #333399;\"><strong>AGRADECIMIENTO:\u00a0<\/strong><\/span><span style=\"color: #333399;\"><strong>Municipalidad de Bragado y Ra\u00fal Lavecchia (<\/strong><em>Fotos antiguas<\/em><strong>)<\/strong><\/span><\/p>\n<p><span style=\"color: #333399;\"><strong>HISTORIA DE LA FUNDACI\u00d3N DE BRAGADO:<br \/>\n<\/strong><\/span><span style=\"color: #333399;\">Las distintas etnias de pueblos originarios que viv\u00edan en esta zona de la pampa h\u00fameda comprend\u00edan pampas, boroganos, puelches y ranqueles.<br \/>\n<\/span><span style=\"color: #333399;\">A principios del siglo XIX, en el paraje pr\u00f3ximo a la Laguna La Barrancosa (en la zona de Bragado) se asentaron las tribus lideradas por Melinao y Co\u00f1equir.\u00a0<\/span><span style=\"color: #333399;\">Para esa \u00e9poca comienzan a establecerse estancieros y militares de la corona espa\u00f1ola para proteger a los terratenientes que pagando un cierto canon ocupaban una estancia en enfiteusis. Fue un \u00e1rea de permanente conflicto entre los abor\u00edgenes y los colonizadores espa\u00f1oles.\u00a0<\/span><span style=\"color: #333399;\">La necesidad de proteger a las incipientes poblaciones rurales colonizadoras de los ataques defensivos por parte de las comunidades originarias, y asegurar el dominio de esta nueva zona exterior del r\u00edo Salado, determin\u00f3 que hacia 1846 se estableciera un puesto militar y un pueblo junto a la laguna de Bragado Grande.<br \/>\n<\/span><span style=\"color: #333399;\">El 5 de diciembre de 1845 el sargento mayor Eugenio del Busto recibi\u00f3 la orden de ponerse al frente de la columna que el jefe de la Frontera del Centro estaba formando en la Guardia de Luj\u00e1n para establecer una comandancia al otro lado r\u00edo Salado.<br \/>\n<\/span><span style=\"color: #333399;\">El 5 de marzo de 1846 el mismo Del Busto fund\u00f3 el cant\u00f3n militar. Al amparo de este puesto militar del ej\u00e9rcito activo en la frontera comenz\u00f3 a construirse una aldea, que fue bautizada Santa Rosa del Bragado.<br \/>\n<\/span><span style=\"color: #333399;\">El 17 de octubre de 1851, por orden del brigadier Juan Manuel de Rosas se cre\u00f3 el partido de Bragado, nombr\u00e1ndose al primer juez de paz del Bragado, Vicente Silva. La poblaci\u00f3n estimada era de setecientos habitantes entre colonos criollos y nativos.<\/span><\/p>\n<p><span style=\"color: #333399;\">El 11 de octubre de 1854 se sancion\u00f3 la Ley Org\u00e1nica que organiz\u00f3 las municipalidades, por la que se eligi\u00f3 a los gobernantes que ocupar\u00edan los cargos de esa primera organizaci\u00f3n. El presidente de la municipalidad tendr\u00eda las funciones de juez de paz, jefe de la partida de polic\u00eda y comandante de la Guardia Nacional. Lo acompa\u00f1aba una comisi\u00f3n integrada por dos secretarios, un procurador, un inspector de corrales, el encargado de la instrucci\u00f3n y el culto y otro de las rentas.<\/span><\/p>\n<p><span style=\"color: #333399;\">En 1886 se reforma esta ley y se delimitan los poderes: aparece el departamento ejecutivo (encabezado por el intendente), el departamento deliberativo y el juez de paz. El primer intendente fue Jos\u00e9 Blanch.<br \/>\n<\/span><span style=\"color: #333399;\">En la segunda mitad del siglo XIX el pueblo tuvo un crecimiento vertiginoso gracias a la mejora en los sistemas de comunicaci\u00f3n. En 1877 se inaugur\u00f3 la l\u00ednea Chivilcoy-Bragado del Ferrocarril Oeste de Buenos Aires, que dio un vigoroso impulso al desarrollo local.<\/span><\/p>\n<p><span style=\"color: #333399;\">El censo nacional de 1895 registr\u00f3 15.040 habitantes en todo el partido de Bragado, creciendo a una tasa de m\u00e1s del tres por ciento anual, lo que motiv\u00f3 que en 1908 Bragado fuera declarada ciudad<\/span><\/p>\n<p><span style=\"color: #333399;\"><strong><u>Datos de Wikipedia<\/u><\/strong><strong><u>:<\/u><\/strong> <a style=\"color: #333399;\" href=\"https:\/\/es.wikipedia.org\/wiki\/Bragado\"><strong>https:\/\/es.wikipedia.org\/wiki\/Bragado#<\/strong><\/a><\/span><\/p>\n<\/div>\n<\/div><\/div><\/div><\/div><div id=\"pg-gb10675-69e65016535b8-3\"  class=\"panel-grid panel-no-style\" ><div id=\"pgc-gb10675-69e65016535b8-3-0\"  class=\"panel-grid-cell\" ><div id=\"panel-gb10675-69e65016535b8-3-0-0\" class=\"so-panel widget widget_sow-button panel-first-child\" data-index=\"5\" ><div\n\t\t\t\n\t\t\tclass=\"so-widget-sow-button so-widget-sow-button-atom-84e047a5cb77-10675\"\n\t\t\t\n\t\t><div class=\"ow-button-base ow-button-align-center\"\n>\n\t\t\t<a\n\t\t\t\t\thref=\"https:\/\/logdeargentina.com.ar\/bases\/bases_178_aniv_bragado.pdf\"\n\t\t\t\t\tclass=\"sowb-button ow-icon-placement-left ow-button-hover\" target=\"_blank\" rel=\"noopener noreferrer\" \t>\n\t\t<span>\n\t\t\t<span class=\"sow-icon-fontawesome sow-far\" data-sow-icon=\"&#xf1c1;\"\n\t\tstyle=\"\" \n\t\taria-hidden=\"true\"><\/span>\n\t\t\tVER BASES\t\t<\/span>\n\t\t\t<\/a>\n\t<\/div>\n<\/div><\/div><div id=\"panel-gb10675-69e65016535b8-3-0-1\" class=\"so-panel widget widget_text\" data-index=\"6\" ><div class=\"panel-widget-style panel-widget-style-for-gb10675-69e65016535b8-3-0-1\" >\t\t\t<div class=\"textwidget\"><p><strong>Los contactos subidos por las estaciones a LdA son exclusiva responsabilidad de las mismas. Si ha detectado una mala carga de alg\u00fan QSO en particular no es LdA quien debe solucionar el problema. P\u00f3ngase en contacto con la instituci\u00f3n organizadora a tal fin o con la estaci\u00f3n contactada buscando sus datos en\u00a0 <a href=\"https:\/\/logdeargentina.com.ar\/wp\/?page_id=17\" target=\"_blank\" rel=\"noopener\">USUARIOS DE LdA.<\/a><\/strong><\/p>\n<\/div>\n\t\t<\/div><\/div><div id=\"panel-gb10675-69e65016535b8-3-0-2\" class=\"so-panel widget widget_text panel-last-child\" data-index=\"7\" ><div class=\"panel-widget-style panel-widget-style-for-gb10675-69e65016535b8-3-0-2\" >\t\t\t<div class=\"textwidget\"><p><em><strong>\u00abEl certificado es v\u00e1lido para la comprobaci\u00f3n de actividad de radioaficionado.\u00bb<\/strong><\/em><\/p>\n<\/div>\n\t\t<\/div><\/div><\/div><\/div><\/div>\n\n\n<hr class=\"wp-block-separator has-text-color has-luminous-vivid-orange-color has-css-opacity has-luminous-vivid-orange-background-color has-background is-style-wide\"\/>\n\n\n<style>\n       .errordiv { padding:10px; margin:10px; border: 1px solid #555555;color: #000000;background-color: #f8f8f8; width:500px; }#advanced_iframe {visibility:visible;opacity:1;vertical-align:top;}.ai-info-bottom-iframe { position: fixed; z-index: 10000; bottom:0; left: 0; margin: 0px; text-align: center; width: 100%; background-color: #ff9999; padding-left: 5px;padding-bottom: 5px; border-top: 1px solid #aaa } a.ai-bold {font-weight: bold;}#ai-layer-div-advanced_iframe p {height:100%;margin:0;padding:0}<\/style><script type=\"text\/javascript\">var ai_iframe_width_advanced_iframe = 0;var ai_iframe_height_advanced_iframe = 0;function aiReceiveMessageadvanced_iframe(event) {  aiProcessMessage(event,\"advanced_iframe\", \"true\",\"\",\"false\",\"false\");}if (window.addEventListener) {  window.addEventListener(\"message\", aiReceiveMessageadvanced_iframe);} else if (el.attachEvent)  {  el.attachEvent(\"message\", aiReceiveMessageadvanced_iframe);}var aiOnloadScrollTop=\"true\";var aiShowDebug=false;\n\t\tif (typeof aiReadyCallbacks === 'undefined') {\n\t\t\tvar aiReadyCallbacks = [];\n\t\t} else if (!(aiReadyCallbacks instanceof Array)) {\n\t\t\tvar aiReadyCallbacks = [];\n\t\t}    function aiShowIframeId(id_iframe) { jQuery(\"#\"+id_iframe).css(\"visibility\", \"visible\");    }    function aiResizeIframeHeight(height) { aiResizeIframeHeight(height,advanced_iframe); }    function aiResizeIframeHeightId(height,width,id) {aiResizeIframeHeightById(id,height);}<\/script><iframe id=\"advanced_iframe\"  name=\"advanced_iframe\"  src=\"https:\/\/logdeargentina.com.ar\/php\/bragado_2024.php\"  width=\"100%\"  height=\"5200\"  frameborder=\"0\"  border=\"0\"  allowtransparency=\"true\"  loading=\"lazy\"  style=\";border-width: 0px;;border: none;;width:100%;;height:5200px;\" ><\/iframe><script type=\"text\/javascript\">var ifrm_advanced_iframe = document.getElementById(\"advanced_iframe\");var hiddenTabsDoneadvanced_iframe = false;\nfunction resizeCallbackadvanced_iframe() {}<\/script><script type=\"text\/javascript\"><\/script><p style=\"display:block !important; visibility:visible !important;margin: -18px 14px 0 0;padding-left: 3px;padding-top:3px;background: white; overflow: hidden; position: relative; line-height:15px;width: fit-content;\"><small style=\"display:block !important;visibility:visible !important\">powered by Advanced iFrame<\/small><\/p>\n\n\n<div style=\"height:20px\" aria-hidden=\"true\" class=\"wp-block-spacer\"><\/div>\n\n\n\n<hr class=\"wp-block-separator has-text-color has-vivid-red-color has-css-opacity has-vivid-red-background-color has-background alignfull is-style-wide\"\/>\n\n\n<div id=\"pl-gb10675-69e6501655e5b\"  class=\"panel-layout wp-block-siteorigin-panels-layout-block\" ><div id=\"pg-gb10675-69e6501655e5b-0\"  class=\"panel-grid panel-no-style\" ><div id=\"pgc-gb10675-69e6501655e5b-0-0\"  class=\"panel-grid-cell\" ><div id=\"panel-gb10675-69e6501655e5b-0-0-0\" class=\"so-panel widget widget_sow-image-grid panel-first-child panel-last-child\" data-index=\"0\" ><div\n\t\t\t\n\t\t\tclass=\"so-widget-sow-image-grid so-widget-sow-image-grid-default-15bfeffd6b98-10675\"\n\t\t\t\n\t\t>\t<div\n\t\tclass=\"sow-image-grid-wrapper\"\n\t\tdata-max-width=\"85\"\t\tdata-max-height=\"75\"\t>\n\t\t\t\t\t<div class=\"sow-image-grid-image\">\n\t\t\t\t\t\t\t\t\t\t\t\t\t<a href=\"https:\/\/fotovig.com.ar\/\"\n\t\t\t\t\t\t\t\t\t\t\t\t\t\t\t\t\t\ttarget=\"_blank\" \t\t\t\t\t\t\t\t\t\t\t\t\t\t\t\t\t\t\t\t\t\t\t\trel=\"noopener noreferrer\" \t\t\t\t\t\t\t\t\t\t\t>\n\t\t\t\t\t\t\t\t<img decoding=\"async\" title=\"Fotovig\" alt=\"Fotovig&quot;\" class=\"sow-image-grid-image_html\" src=\"https:\/\/lda.ar\/imagenes\/escudos\/Marca%20Foto%20Vig%20(Colores).png\" >\t\t\t\t\t\t\t\t\t<\/a>\n\t\t\t\t\t\t\t\t\t\t\t<\/div>\n\t\t\t\t\t<div class=\"sow-image-grid-image\">\n\t\t\t\t\t\t\t\t\t\t\t\t\t<a href=\"http:\/\/www.sa10m.com.ar\/\"\n\t\t\t\t\t\t\t\t\t\t\t\t\t\t\t\t\t\ttarget=\"_blank\" \t\t\t\t\t\t\t\t\t\t\t\t\t\t\t\t\t\t\t\t\t\t\t\trel=\"noopener noreferrer\" \t\t\t\t\t\t\t\t\t\t\t>\n\t\t\t\t\t\t\t\t<img decoding=\"async\" title=\"SA1\u00d8m Contest\" alt=\"SA10m Contest&quot;\" class=\"sow-image-grid-image_html\" src=\"https:\/\/lda.ar\/imagenes\/escudos\/logo_sa10m.png\" >\t\t\t\t\t\t\t\t\t<\/a>\n\t\t\t\t\t\t\t\t\t\t\t<\/div>\n\t\t\t\t\t<div class=\"sow-image-grid-image\">\n\t\t\t\t\t\t\t\t\t\t\t\t\t<a href=\"http:\/\/www.campeonatohf.com.ar\/\"\n\t\t\t\t\t\t\t\t\t\t\t\t\t\t\t\t\t\ttarget=\"_blank\" \t\t\t\t\t\t\t\t\t\t\t\t\t\t\t\t\t\t\t\t\t\t\t\trel=\"noopener noreferrer\" \t\t\t\t\t\t\t\t\t\t\t>\n\t\t\t\t\t\t\t\t<img decoding=\"async\" title=\"Campeonato Argentino de HF\" alt=\"Campeonato Argentino de HF&quot;\" class=\"sow-image-grid-image_html\" src=\"https:\/\/lda.ar\/imagenes\/escudos\/logo_cahf.png\" >\t\t\t\t\t\t\t\t\t<\/a>\n\t\t\t\t\t\t\t\t\t\t\t<\/div>\n\t\t\t\t\t<div class=\"sow-image-grid-image\">\n\t\t\t\t\t\t\t\t\t\t\t\t\t<a href=\"http:\/\/jvp-antenas.com.ar\/\"\n\t\t\t\t\t\t\t\t\t\t\t\t\t\t\t\t\t\ttarget=\"_blank\" \t\t\t\t\t\t\t\t\t\t\t\t\t\t\t\t\t\t\t\t\t\t\t\trel=\"noopener noreferrer\" \t\t\t\t\t\t\t\t\t\t\t>\n\t\t\t\t\t\t\t\t<img decoding=\"async\" title=\"JVP Antenas\" alt=\"JVP Antenas&quot;\" class=\"sow-image-grid-image_html\" src=\"https:\/\/lda.ar\/imagenes\/escudos\/logo_jvp.png\" >\t\t\t\t\t\t\t\t\t<\/a>\n\t\t\t\t\t\t\t\t\t\t\t<\/div>\n\t\t\t\t\t<div class=\"sow-image-grid-image\">\n\t\t\t\t\t\t\t\t\t\t\t\t\t<a href=\"http:\/\/www.jpv-antenas.com.ar\"\n\t\t\t\t\t\t\t\t\t\t\t\t\t\t\t\t\t\ttarget=\"_blank\" \t\t\t\t\t\t\t\t\t\t\t\t\t\t\t\t\t\t\t\t\t\t\t\trel=\"noopener noreferrer\" \t\t\t\t\t\t\t\t\t\t\t>\n\t\t\t\t\t\t\t\t<img decoding=\"async\" title=\"Yaguaret\u00e9 DX Group\" alt=\"Yaguaret\u00e9 DX Group&quot;\" class=\"sow-image-grid-image_html\" src=\"https:\/\/lda.ar\/imagenes\/escudos\/escudo_yaguarete_dx_group_600px.png\" >\t\t\t\t\t\t\t\t\t<\/a>\n\t\t\t\t\t\t\t\t\t\t\t<\/div>\n\t\t\t\t\t<div class=\"sow-image-grid-image\">\n\t\t\t\t\t\t\t\t\t\t\t\t\t<a href=\"https:\/\/www.argentinaroom.com.ar\/\"\n\t\t\t\t\t\t\t\t\t\t\t\t\t\t\t\t\t\ttarget=\"_blank\" \t\t\t\t\t\t\t\t\t\t\t\t\t\t\t\t\t\t\t\t\t\t\t\trel=\"noopener noreferrer\" \t\t\t\t\t\t\t\t\t\t\t>\n\t\t\t\t\t\t\t\t<img decoding=\"async\" title=\"Argentina ROOM\" alt=\"Argentina ROOM&quot;\" class=\"sow-image-grid-image_html\" src=\"https:\/\/lda.ar\/escudos\/marca_arg_room_circular_fdo_celeste.png\" >\t\t\t\t\t\t\t\t\t<\/a>\n\t\t\t\t\t\t\t\t\t\t\t<\/div>\n\t\t\t<\/div>\n<\/div><\/div><\/div><\/div><\/div>","protected":false},"excerpt":{"rendered":"","protected":false},"author":14,"featured_media":0,"parent":0,"menu_order":0,"comment_status":"closed","ping_status":"closed","template":"","meta":{"ngg_post_thumbnail":0,"footnotes":""},"class_list":["post-10675","page","type-page","status-publish","hentry"],"_links":{"self":[{"href":"https:\/\/lda.ar\/index.php?rest_route=\/wp\/v2\/pages\/10675","targetHints":{"allow":["GET"]}}],"collection":[{"href":"https:\/\/lda.ar\/index.php?rest_route=\/wp\/v2\/pages"}],"about":[{"href":"https:\/\/lda.ar\/index.php?rest_route=\/wp\/v2\/types\/page"}],"author":[{"embeddable":true,"href":"https:\/\/lda.ar\/index.php?rest_route=\/wp\/v2\/users\/14"}],"replies":[{"embeddable":true,"href":"https:\/\/lda.ar\/index.php?rest_route=%2Fwp%2Fv2%2Fcomments&post=10675"}],"version-history":[{"count":0,"href":"https:\/\/lda.ar\/index.php?rest_route=\/wp\/v2\/pages\/10675\/revisions"}],"wp:attachment":[{"href":"https:\/\/lda.ar\/index.php?rest_route=%2Fwp%2Fv2%2Fmedia&parent=10675"}],"curies":[{"name":"wp","href":"https:\/\/api.w.org\/{rel}","templated":true}]}}