{"id":10643,"date":"2024-02-21T21:57:28","date_gmt":"2024-02-22T00:57:28","guid":{"rendered":"https:\/\/logdeargentina.com.ar\/wp\/?page_id=10643"},"modified":"2024-02-21T21:57:28","modified_gmt":"2024-02-22T00:57:28","slug":"grat-alfa-centauro-2024-2","status":"publish","type":"page","link":"https:\/\/lda.ar\/?page_id=10643","title":{"rendered":"(GRAT) Alfa Centauro 2024"},"content":{"rendered":"<div id=\"pl-gb10643-69e67cf60234e\"  class=\"panel-layout\" ><div id=\"pg-gb10643-69e67cf60234e-0\"  class=\"panel-grid panel-no-style\" ><div id=\"pgc-gb10643-69e67cf60234e-0-0\"  class=\"panel-grid-cell\" ><div id=\"panel-gb10643-69e67cf60234e-0-0-0\" class=\"so-panel widget widget_sow-headline panel-first-child\" data-index=\"0\" ><div\n\t\t\t\n\t\t\tclass=\"so-widget-sow-headline so-widget-sow-headline-default-20c5311775ad-10643\"\n\t\t\t\n\t\t><div class=\"sow-headline-container \">\n\t\t\t\t\t\t<div class=\"decoration\">\n\t\t\t\t\t\t<div class=\"decoration-inside\"><\/div>\n\t\t\t\t\t<\/div>\n\t\t\t\t\t<\/div>\n<\/div><\/div><div id=\"panel-gb10643-69e67cf60234e-0-0-1\" class=\"so-panel widget widget_sow-image panel-last-child\" data-index=\"1\" ><div\n\t\t\t\n\t\t\tclass=\"so-widget-sow-image so-widget-sow-image-default-113ccd71f3e6-10643\"\n\t\t\t\n\t\t>\n<div class=\"sow-image-container\">\n\t\t<img \n\tsrc=\"https:\/\/www.logdeargentina.com.ar\/imagenes\/membretes\/membrete_GRAT_alfa_centauro_2024.jpg\" title=\"GRAT\" alt=\"GRAT\" \t\tclass=\"so-widget-image\"\/>\n\t<\/div>\n\n<\/div><\/div><\/div><\/div><div id=\"pg-gb10643-69e67cf60234e-1\"  class=\"panel-grid panel-no-style\" ><div id=\"pgc-gb10643-69e67cf60234e-1-0\"  class=\"panel-grid-cell\" ><div id=\"panel-gb10643-69e67cf60234e-1-0-0\" class=\"so-panel widget widget_sow-image panel-first-child panel-last-child\" data-index=\"2\" ><div\n\t\t\t\n\t\t\tclass=\"so-widget-sow-image so-widget-sow-image-default-113ccd71f3e6-10643\"\n\t\t\t\n\t\t>\n<div class=\"sow-image-container\">\n\t\t<img \n\tsrc=\"https:\/\/logdeargentina.com.ar\/imagenes\/qsls_311x200x75\/muestra_qsl-LU1HAK_H-ALFA-CENTAURO-2024.jpg\" title=\"LU1HAK\/H\" alt=\"LU1HAK\/H\" \t\tclass=\"so-widget-image\"\/>\n\t<\/div>\n\n<\/div><\/div><\/div><\/div><div id=\"pg-gb10643-69e67cf60234e-2\"  class=\"panel-grid panel-no-style\" ><div id=\"pgc-gb10643-69e67cf60234e-2-0\"  class=\"panel-grid-cell\" ><div id=\"panel-gb10643-69e67cf60234e-2-0-0\" class=\"so-panel widget widget_sow-editor panel-first-child panel-last-child\" data-index=\"3\" ><div\n\t\t\t\n\t\t\tclass=\"so-widget-sow-editor so-widget-sow-editor-base\"\n\t\t\t\n\t\t>\n<div class=\"siteorigin-widget-tinymce textwidget\">\n\t<p><span style=\"color: #333399;\">Los invitamos a participar de esta hermosa activaci\u00f3n en las alturas de C\u00f3rdoba, Argentina. <\/span><span style=\"color: #333399;\">A m\u00e1s de 2.000 msnm en el Paraje de La Posta, Ruta Provincial 14.<\/span><\/p>\n<p><span style=\"color: #333399;\"><strong><u>RESE\u00d1A<\/u><\/strong>: Hace 63 a\u00f1os se lanzaba desde pampa de achala el primer cohete nacional y sudamericano.<\/span><br \/>\n<span style=\"color: #333399;\">Una vez creados los organismos correspondientes, se empez\u00f3 por crear la primera familia de cohetes, el IIAE comenz\u00f3 a desarrollar la serie de los Centauro. El primero de ellos fue el Alfa Centauro, de una etapa, el Beta Centauro, dos etapas y el Gamma Centauro, tambi\u00e9n de dos etapas. La familia de cohetes estaba dotada de motores a combustible l\u00edquido.<\/span><\/p>\n<p><span style=\"color: #333399;\"><strong>Alfa Centauro<\/strong><\/span><\/p>\n<p><span style=\"color: #333399;\">El primero de la serie, el Alfa Centauro. Contaba con unas dimensiones de 2.705 mm de largo por 101 mm de di\u00e1metro (su ojiva), en total ten\u00eda un peso m\u00e1ximo de 28 kg. No pose\u00eda mucho peso de carga \u00fatil, \u00fanicamente 3,3 kg. El primer lanzamiento dio lugar el 2 de febrero de 1961,7 desde la localidad de Santo Tom\u00e1s (La Posta) en Pampa de Achala, provincia de C\u00f3rdoba. Este lanzamiento signific\u00f3 el primero de una aeronave construida \u00edntegramente en la Argentina.<\/span><\/p>\n<p><span style=\"color: #333399;\"><strong>\u00a0Aquel primer cohete lanzado se lo nombr\u00f3 APEX A1-<\/strong><\/span><\/p>\n<p><span style=\"color: #333399;\">Alfa Centauro, fue la primera vez que la Fuerza A\u00e9rea trabajaba para crear una familia de cohetes. El Comodoro Aldo Zeoli, encargado de la Direcci\u00f3n de Desarrollos del Instituto Aerot\u00e9cnico (DDIA) -dependiente de la Direcci\u00f3n Nacional de Fabricaciones e Investigaciones Aeron\u00e1uticas (DINFIA)- fue quien realiz\u00f3 el conteo y oprimi\u00f3 el bot\u00f3n de emisi\u00f3n. En el sitio, hab\u00eda aproximadamente unos treinta hombres, entre civiles y militares, adem\u00e1s de un fot\u00f3grafo reportero de Clar\u00edn.<\/span><\/p>\n<p><span style=\"color: #333399;\">El cohete alcanz\u00f3 una altura de 20 km y el experimento se produjo sin ning\u00fan problema.<\/span><\/p>\n<p><span style=\"color: #333399;\"><strong>Beta Centauro<\/strong><\/span><\/p>\n<p><span style=\"color: #333399;\">El <strong>30 de septiembre de 1961<\/strong> se lanz\u00f3 el cohete sonda de dos etapas Beta Centauro, bajo la denominaci\u00f3n <strong>APEX-A1-S2-015<\/strong>, en la Base Santo Tom\u00e1s, en Pampa de Achala, provincia de C\u00f3rdoba. Se buscaba con este lanzamiento, experimentar la separaci\u00f3n de las dos etapas. Tambi\u00e9n se prob\u00f3 las mediciones y los instrumentos del veh\u00edculo: velocidad de vuelo, alcance y presi\u00f3n atmosf\u00e9rica, entre otras cosas.<\/span><\/p>\n<p><span style=\"color: #333399;\"><strong>La aeronave alcanz\u00f3 los 25 km.<\/strong><\/span><\/p>\n<\/div>\n<\/div><\/div><\/div><\/div><div id=\"pg-gb10643-69e67cf60234e-3\"  class=\"panel-grid panel-no-style\" ><div id=\"pgc-gb10643-69e67cf60234e-3-0\"  class=\"panel-grid-cell\" ><div id=\"panel-gb10643-69e67cf60234e-3-0-0\" class=\"so-panel widget widget_sow-button panel-first-child\" data-index=\"4\" ><div\n\t\t\t\n\t\t\tclass=\"so-widget-sow-button so-widget-sow-button-atom-84e047a5cb77-10643\"\n\t\t\t\n\t\t><div class=\"ow-button-base ow-button-align-center\"\n>\n\t\t\t<a\n\t\t\t\t\thref=\"https:\/\/logdeargentina.com.ar\/bases\/bases_GRAT_alfa_centauro_2024.pdf\"\n\t\t\t\t\tclass=\"sowb-button ow-icon-placement-left ow-button-hover\" target=\"_blank\" rel=\"noopener noreferrer\" \t>\n\t\t<span>\n\t\t\t<span class=\"sow-icon-fontawesome sow-far\" data-sow-icon=\"&#xf1c1;\"\n\t\tstyle=\"\" \n\t\taria-hidden=\"true\"><\/span>\n\t\t\tVER BASES\t\t<\/span>\n\t\t\t<\/a>\n\t<\/div>\n<\/div><\/div><div id=\"panel-gb10643-69e67cf60234e-3-0-1\" class=\"so-panel widget widget_text\" data-index=\"5\" ><div class=\"panel-widget-style panel-widget-style-for-gb10643-69e67cf60234e-3-0-1\" >\t\t\t<div class=\"textwidget\"><p><strong>Los contactos subidos por las estaciones a LdA son exclusiva responsabilidad de las mismas. Si ha detectado una mala carga de alg\u00fan QSO en particular no es LdA quien debe solucionar el problema. P\u00f3ngase en contacto con la instituci\u00f3n organizadora a tal fin o con la estaci\u00f3n contactada buscando sus datos en\u00a0 <a href=\"https:\/\/logdeargentina.com.ar\/wp\/?page_id=17\" target=\"_blank\" rel=\"noopener\">USUARIOS DE LdA.<\/a><\/strong><\/p>\n<\/div>\n\t\t<\/div><\/div><div id=\"panel-gb10643-69e67cf60234e-3-0-2\" class=\"so-panel widget widget_text panel-last-child\" data-index=\"6\" ><div class=\"panel-widget-style panel-widget-style-for-gb10643-69e67cf60234e-3-0-2\" >\t\t\t<div class=\"textwidget\"><p><em><strong>\u00abEl certificado es v\u00e1lido para la comprobaci\u00f3n de actividad de radioaficionado.\u00bb<\/strong><\/em><\/p>\n<\/div>\n\t\t<\/div><\/div><\/div><\/div><\/div>\n\n\n<hr class=\"wp-block-separator has-text-color has-luminous-vivid-orange-color has-css-opacity has-luminous-vivid-orange-background-color has-background is-style-wide\"\/>\n\n\n<style>\n       .errordiv { padding:10px; margin:10px; border: 1px solid #555555;color: #000000;background-color: #f8f8f8; width:500px; }#advanced_iframe {visibility:visible;opacity:1;vertical-align:top;}.ai-info-bottom-iframe { position: fixed; z-index: 10000; bottom:0; left: 0; margin: 0px; text-align: center; width: 100%; background-color: #ff9999; padding-left: 5px;padding-bottom: 5px; border-top: 1px solid #aaa } a.ai-bold {font-weight: bold;}#ai-layer-div-advanced_iframe p {height:100%;margin:0;padding:0}<\/style><script type=\"text\/javascript\">var ai_iframe_width_advanced_iframe = 0;var ai_iframe_height_advanced_iframe = 0;function aiReceiveMessageadvanced_iframe(event) {  aiProcessMessage(event,\"advanced_iframe\", \"true\",\"\",\"false\",\"false\");}if (window.addEventListener) {  window.addEventListener(\"message\", aiReceiveMessageadvanced_iframe);} else if (el.attachEvent)  {  el.attachEvent(\"message\", aiReceiveMessageadvanced_iframe);}var aiOnloadScrollTop=\"true\";var aiShowDebug=false;\n\t\tif (typeof aiReadyCallbacks === 'undefined') {\n\t\t\tvar aiReadyCallbacks = [];\n\t\t} else if (!(aiReadyCallbacks instanceof Array)) {\n\t\t\tvar aiReadyCallbacks = [];\n\t\t}    function aiShowIframeId(id_iframe) { jQuery(\"#\"+id_iframe).css(\"visibility\", \"visible\");    }    function aiResizeIframeHeight(height) { aiResizeIframeHeight(height,advanced_iframe); }    function aiResizeIframeHeightId(height,width,id) {aiResizeIframeHeightById(id,height);}<\/script><iframe id=\"advanced_iframe\"  name=\"advanced_iframe\"  src=\"https:\/\/logdeargentina.com.ar\/php\/centauro_2024.php\"  width=\"100%\"  height=\"5200\"  frameborder=\"0\"  border=\"0\"  allowtransparency=\"true\"  loading=\"lazy\"  style=\";border-width: 0px;;border: none;;width:100%;;height:5200px;\" ><\/iframe><script type=\"text\/javascript\">var ifrm_advanced_iframe = document.getElementById(\"advanced_iframe\");var hiddenTabsDoneadvanced_iframe = false;\nfunction resizeCallbackadvanced_iframe() {}<\/script><script type=\"text\/javascript\"><\/script><p style=\"display:block !important; visibility:visible !important;margin: -18px 14px 0 0;padding-left: 3px;padding-top:3px;background: white; overflow: hidden; position: relative; line-height:15px;width: fit-content;\"><small style=\"display:block !important;visibility:visible !important\">powered by Advanced iFrame<\/small><\/p>\n\n\n<div style=\"height:20px\" aria-hidden=\"true\" class=\"wp-block-spacer\"><\/div>\n\n\n\n<hr class=\"wp-block-separator has-text-color has-vivid-red-color has-css-opacity has-vivid-red-background-color has-background alignfull is-style-wide\"\/>\n\n\n<div id=\"pl-gb10643-69e67cf605243\"  class=\"panel-layout wp-block-siteorigin-panels-layout-block\" ><div id=\"pg-gb10643-69e67cf605243-0\"  class=\"panel-grid panel-no-style\" ><div id=\"pgc-gb10643-69e67cf605243-0-0\"  class=\"panel-grid-cell\" ><div id=\"panel-gb10643-69e67cf605243-0-0-0\" class=\"so-panel widget widget_sow-image-grid panel-first-child panel-last-child\" data-index=\"0\" ><div\n\t\t\t\n\t\t\tclass=\"so-widget-sow-image-grid so-widget-sow-image-grid-default-15bfeffd6b98-10643\"\n\t\t\t\n\t\t>\t<div\n\t\tclass=\"sow-image-grid-wrapper\"\n\t\tdata-max-width=\"85\"\t\tdata-max-height=\"75\"\t>\n\t\t\t\t\t<div class=\"sow-image-grid-image\">\n\t\t\t\t\t\t\t\t\t\t\t\t\t<a href=\"https:\/\/fotovig.com.ar\/\"\n\t\t\t\t\t\t\t\t\t\t\t\t\t\t\t\t\t\ttarget=\"_blank\" \t\t\t\t\t\t\t\t\t\t\t\t\t\t\t\t\t\t\t\t\t\t\t\trel=\"noopener noreferrer\" \t\t\t\t\t\t\t\t\t\t\t>\n\t\t\t\t\t\t\t\t<img decoding=\"async\" title=\"Fotovig\" alt=\"Fotovig&quot;\" class=\"sow-image-grid-image_html\" src=\"https:\/\/lda.ar\/imagenes\/escudos\/Marca%20Foto%20Vig%20(Colores).png\" >\t\t\t\t\t\t\t\t\t<\/a>\n\t\t\t\t\t\t\t\t\t\t\t<\/div>\n\t\t\t\t\t<div class=\"sow-image-grid-image\">\n\t\t\t\t\t\t\t\t\t\t\t\t\t<a href=\"http:\/\/www.sa10m.com.ar\/\"\n\t\t\t\t\t\t\t\t\t\t\t\t\t\t\t\t\t\ttarget=\"_blank\" \t\t\t\t\t\t\t\t\t\t\t\t\t\t\t\t\t\t\t\t\t\t\t\trel=\"noopener noreferrer\" \t\t\t\t\t\t\t\t\t\t\t>\n\t\t\t\t\t\t\t\t<img decoding=\"async\" title=\"SA1\u00d8m Contest\" alt=\"SA10m Contest&quot;\" class=\"sow-image-grid-image_html\" src=\"https:\/\/lda.ar\/imagenes\/escudos\/logo_sa10m.png\" >\t\t\t\t\t\t\t\t\t<\/a>\n\t\t\t\t\t\t\t\t\t\t\t<\/div>\n\t\t\t\t\t<div class=\"sow-image-grid-image\">\n\t\t\t\t\t\t\t\t\t\t\t\t\t<a href=\"http:\/\/www.campeonatohf.com.ar\/\"\n\t\t\t\t\t\t\t\t\t\t\t\t\t\t\t\t\t\ttarget=\"_blank\" \t\t\t\t\t\t\t\t\t\t\t\t\t\t\t\t\t\t\t\t\t\t\t\trel=\"noopener noreferrer\" \t\t\t\t\t\t\t\t\t\t\t>\n\t\t\t\t\t\t\t\t<img decoding=\"async\" title=\"Campeonato Argentino de HF\" alt=\"Campeonato Argentino de HF&quot;\" class=\"sow-image-grid-image_html\" src=\"https:\/\/lda.ar\/imagenes\/escudos\/logo_cahf.png\" >\t\t\t\t\t\t\t\t\t<\/a>\n\t\t\t\t\t\t\t\t\t\t\t<\/div>\n\t\t\t\t\t<div class=\"sow-image-grid-image\">\n\t\t\t\t\t\t\t\t\t\t\t\t\t<a href=\"http:\/\/jvp-antenas.com.ar\/\"\n\t\t\t\t\t\t\t\t\t\t\t\t\t\t\t\t\t\ttarget=\"_blank\" \t\t\t\t\t\t\t\t\t\t\t\t\t\t\t\t\t\t\t\t\t\t\t\trel=\"noopener noreferrer\" \t\t\t\t\t\t\t\t\t\t\t>\n\t\t\t\t\t\t\t\t<img decoding=\"async\" title=\"JVP Antenas\" alt=\"JVP Antenas&quot;\" class=\"sow-image-grid-image_html\" src=\"https:\/\/lda.ar\/imagenes\/escudos\/logo_jvp.png\" >\t\t\t\t\t\t\t\t\t<\/a>\n\t\t\t\t\t\t\t\t\t\t\t<\/div>\n\t\t\t\t\t<div class=\"sow-image-grid-image\">\n\t\t\t\t\t\t\t\t\t\t\t\t\t<a href=\"http:\/\/www.jpv-antenas.com.ar\"\n\t\t\t\t\t\t\t\t\t\t\t\t\t\t\t\t\t\ttarget=\"_blank\" \t\t\t\t\t\t\t\t\t\t\t\t\t\t\t\t\t\t\t\t\t\t\t\trel=\"noopener noreferrer\" \t\t\t\t\t\t\t\t\t\t\t>\n\t\t\t\t\t\t\t\t<img decoding=\"async\" title=\"Yaguaret\u00e9 DX Group\" alt=\"Yaguaret\u00e9 DX Group&quot;\" class=\"sow-image-grid-image_html\" src=\"https:\/\/lda.ar\/imagenes\/escudos\/escudo_yaguarete_dx_group_600px.png\" >\t\t\t\t\t\t\t\t\t<\/a>\n\t\t\t\t\t\t\t\t\t\t\t<\/div>\n\t\t\t\t\t<div class=\"sow-image-grid-image\">\n\t\t\t\t\t\t\t\t\t\t\t\t\t<a href=\"https:\/\/www.argentinaroom.com.ar\/\"\n\t\t\t\t\t\t\t\t\t\t\t\t\t\t\t\t\t\ttarget=\"_blank\" \t\t\t\t\t\t\t\t\t\t\t\t\t\t\t\t\t\t\t\t\t\t\t\trel=\"noopener noreferrer\" \t\t\t\t\t\t\t\t\t\t\t>\n\t\t\t\t\t\t\t\t<img decoding=\"async\" title=\"Argentina ROOM\" alt=\"Argentina ROOM&quot;\" class=\"sow-image-grid-image_html\" src=\"https:\/\/lda.ar\/escudos\/marca_arg_room_circular_fdo_celeste.png\" >\t\t\t\t\t\t\t\t\t<\/a>\n\t\t\t\t\t\t\t\t\t\t\t<\/div>\n\t\t\t<\/div>\n<\/div><\/div><\/div><\/div><\/div>","protected":false},"excerpt":{"rendered":"","protected":false},"author":14,"featured_media":0,"parent":0,"menu_order":0,"comment_status":"closed","ping_status":"closed","template":"","meta":{"ngg_post_thumbnail":0,"footnotes":""},"class_list":["post-10643","page","type-page","status-publish","hentry"],"_links":{"self":[{"href":"https:\/\/lda.ar\/index.php?rest_route=\/wp\/v2\/pages\/10643","targetHints":{"allow":["GET"]}}],"collection":[{"href":"https:\/\/lda.ar\/index.php?rest_route=\/wp\/v2\/pages"}],"about":[{"href":"https:\/\/lda.ar\/index.php?rest_route=\/wp\/v2\/types\/page"}],"author":[{"embeddable":true,"href":"https:\/\/lda.ar\/index.php?rest_route=\/wp\/v2\/users\/14"}],"replies":[{"embeddable":true,"href":"https:\/\/lda.ar\/index.php?rest_route=%2Fwp%2Fv2%2Fcomments&post=10643"}],"version-history":[{"count":0,"href":"https:\/\/lda.ar\/index.php?rest_route=\/wp\/v2\/pages\/10643\/revisions"}],"wp:attachment":[{"href":"https:\/\/lda.ar\/index.php?rest_route=%2Fwp%2Fv2%2Fmedia&parent=10643"}],"curies":[{"name":"wp","href":"https:\/\/api.w.org\/{rel}","templated":true}]}}