{"id":10627,"date":"2024-01-25T19:32:16","date_gmt":"2024-01-25T22:32:16","guid":{"rendered":"https:\/\/lda.ar\/?page_id=10627"},"modified":"2024-01-25T21:35:00","modified_gmt":"2024-01-26T00:35:00","slug":"dxgrb-150o-aniversario-de-la-ciudad-de-mar-del-plata-2","status":"publish","type":"page","link":"https:\/\/lda.ar\/?page_id=10627","title":{"rendered":"(DXGRB) 150\u00ba Aniversario de la Ciudad de Mar del Plata"},"content":{"rendered":"<div id=\"pl-gb10627-69e6917ea076b\"  class=\"panel-layout\" ><div id=\"pg-gb10627-69e6917ea076b-0\"  class=\"panel-grid panel-no-style\" ><div id=\"pgc-gb10627-69e6917ea076b-0-0\"  class=\"panel-grid-cell\" ><div id=\"panel-gb10627-69e6917ea076b-0-0-0\" class=\"so-panel widget widget_sow-headline panel-first-child\" data-index=\"0\" ><div\n\t\t\t\n\t\t\tclass=\"so-widget-sow-headline so-widget-sow-headline-default-20c5311775ad-10627\"\n\t\t\t\n\t\t><div class=\"sow-headline-container \">\n\t\t\t\t\t\t<div class=\"decoration\">\n\t\t\t\t\t\t<div class=\"decoration-inside\"><\/div>\n\t\t\t\t\t<\/div>\n\t\t\t\t\t<\/div>\n<\/div><\/div><div id=\"panel-gb10627-69e6917ea076b-0-0-1\" class=\"so-panel widget widget_sow-image panel-last-child\" data-index=\"1\" ><div\n\t\t\t\n\t\t\tclass=\"so-widget-sow-image so-widget-sow-image-default-113ccd71f3e6-10627\"\n\t\t\t\n\t\t>\n<div class=\"sow-image-container\">\n\t\t<img \n\tsrc=\"https:\/\/www.logdeargentina.com.ar\/imagenes\/membretes\/membrete_LP4E_150_aniv_MDQ.jpg\" title=\"DXGRG\" alt=\"DXGRG\" \t\tclass=\"so-widget-image\"\/>\n\t<\/div>\n\n<\/div><\/div><\/div><\/div><div id=\"pg-gb10627-69e6917ea076b-1\"  class=\"panel-grid panel-no-style\" ><div id=\"pgc-gb10627-69e6917ea076b-1-0\"  class=\"panel-grid-cell\" ><div id=\"panel-gb10627-69e6917ea076b-1-0-0\" class=\"so-panel widget widget_sow-image panel-first-child panel-last-child\" data-index=\"2\" ><div\n\t\t\t\n\t\t\tclass=\"so-widget-sow-image so-widget-sow-image-default-113ccd71f3e6-10627\"\n\t\t\t\n\t\t>\n<div class=\"sow-image-container\">\n\t\t<img \n\tsrc=\"https:\/\/logdeargentina.com.ar\/imagenes\/qsls_311x200x75\/muestra_qsl-LW7DYP-150ANIV-MDQ-2024.jpg\" title=\"DXGRG\" alt=\"DXGRG\" \t\tclass=\"so-widget-image\"\/>\n\t<\/div>\n\n<\/div><\/div><\/div><\/div><div id=\"pg-gb10627-69e6917ea076b-2\"  class=\"panel-grid panel-no-style\" ><div id=\"pgc-gb10627-69e6917ea076b-2-0\"  class=\"panel-grid-cell\" ><div id=\"panel-gb10627-69e6917ea076b-2-0-0\" class=\"so-panel widget widget_sow-editor panel-first-child panel-last-child\" data-index=\"3\" ><div\n\t\t\t\n\t\t\tclass=\"so-widget-sow-editor so-widget-sow-editor-base\"\n\t\t\t\n\t\t>\n<div class=\"siteorigin-widget-tinymce textwidget\">\n\t<p><span style=\"color: #333399;\">El <strong>DX Group Radioaficionados Bragradense<\/strong> invita a todos los colegas a celebrar el d\u00eda 10 de febrero del 2024 los <strong>150 A\u00f1os de la ciudad de Mar del Plata<\/strong>\u201d<\/span><\/p>\n<p><span style=\"color: #333399;\">Fue <strong>fundada con su nombre actual el 10 de febrero de 1874 por\u00a0<\/strong><a style=\"color: #333399;\" href=\"https:\/\/es.wikipedia.org\/wiki\/Patricio_Peralta_Ramos\"><strong>Patricio Peralta Ramos<\/strong><\/a>, en una estancia de su propiedad, sobre la base de la segunda de las tres extintas misiones jesu\u00edticas de la Pampa, fundadas en la segunda mitad del siglo\u00a0xviii, denominada <strong>Nuestra Se\u00f1ora del Pilar de Puelches<\/strong>, que m\u00e1s tarde recibi\u00f3 el nombre de <strong>Puerto de la\u00a0<\/strong><a style=\"color: #333399;\" href=\"https:\/\/es.wikipedia.org\/wiki\/Laguna_de_los_Padres\"><strong>Laguna de los Padres<\/strong><\/a><em>.<br \/>\n<\/em>Mar del Plata\u00a0es una ciudad <strong>ubicada en el sudeste de la\u00a0<\/strong><a style=\"color: #333399;\" href=\"https:\/\/es.wikipedia.org\/wiki\/Provincia_de_Buenos_Aires\"><strong>provincia de Buenos Aires<\/strong><\/a><strong>,\u00a0<\/strong><a style=\"color: #333399;\" href=\"https:\/\/es.wikipedia.org\/wiki\/Argentina\"><strong>Argentina<\/strong><\/a><strong>, sobre la costa del\u00a0<\/strong><a style=\"color: #333399;\" href=\"https:\/\/es.wikipedia.org\/wiki\/Mar_argentino\"><strong>mar argentino<\/strong><\/a><strong>.<br \/>\n<\/strong>Es la cabecera del\u00a0<a style=\"color: #333399;\" href=\"https:\/\/es.wikipedia.org\/wiki\/Partido_de_General_Pueyrred%C3%B3n\">partido de General Pueyrred\u00f3n<\/a>, un importante\u00a0<a style=\"color: #333399;\" href=\"https:\/\/es.wikipedia.org\/wiki\/Puerto\">puerto<\/a>\u00a0y\u00a0<a style=\"color: #333399;\" href=\"https:\/\/es.wikipedia.org\/wiki\/Balneario_(Am%C3%A9rica_Latina)\">balneario<\/a>\u00a0y el segundo destino\u00a0<a style=\"color: #333399;\" href=\"https:\/\/es.wikipedia.org\/wiki\/Turismo\">tur\u00edstico<\/a>\u00a0del pa\u00eds despu\u00e9s de\u00a0<a style=\"color: #333399;\" href=\"https:\/\/es.wikipedia.org\/wiki\/Buenos_Aires\">Buenos Aires.<\/a><\/span><\/p>\n<p><span style=\"color: #333399;\">Patricio Peralta Ramos continu\u00f3, pese a la oposici\u00f3n de varios vecinos, con los tr\u00e1mites para la fundaci\u00f3n de Mar del Plata. Por un decreto de la gobernaci\u00f3n de la provincia de Buenos Aires del 10 de febrero de 1874, se reconoci\u00f3 al pueblo de la Laguna de los Padres y se le dio el nombre de Mar del Plata, por iniciativa de su fundador, Patricio Peralta Ramos. Esta es la fecha oficial de la fundaci\u00f3n de Mar del Plata. <strong>Su nombre tiene el sentido de \u201cMar de la regi\u00f3n del Plata\u201d o \u201cMar aleda\u00f1o al\u00a0<\/strong><a style=\"color: #333399;\" href=\"https:\/\/es.wikipedia.org\/wiki\/R%C3%ADo_de_la_Plata\"><strong>R\u00edo de la Plata<\/strong><\/a><\/span><\/p>\n<p><span style=\"color: #333399;\">M\u00e1s tarde, en 1879 y tambi\u00e9n a iniciativa de su fundador, se estableci\u00f3 el\u00a0<a style=\"color: #333399;\" href=\"https:\/\/es.wikipedia.org\/wiki\/Partido_de_General_Pueyrredon\">Partido de General Pueyrred\u00f3n<\/a>\u00a0dividiendo en dos el\u00a0<a style=\"color: #333399;\" href=\"https:\/\/es.wikipedia.org\/wiki\/Partido_de_Balcarce\">Partido de General Balcarce<\/a><\/span><\/p>\n<\/div>\n<\/div><\/div><\/div><\/div><div id=\"pg-gb10627-69e6917ea076b-3\"  class=\"panel-grid panel-no-style\" ><div id=\"pgc-gb10627-69e6917ea076b-3-0\"  class=\"panel-grid-cell\" ><div id=\"panel-gb10627-69e6917ea076b-3-0-0\" class=\"so-panel widget widget_sow-button panel-first-child\" data-index=\"4\" ><div\n\t\t\t\n\t\t\tclass=\"so-widget-sow-button so-widget-sow-button-atom-84e047a5cb77-10627\"\n\t\t\t\n\t\t><div class=\"ow-button-base ow-button-align-center\"\n>\n\t\t\t<a\n\t\t\t\t\thref=\"https:\/\/lda.ar\/bases\/bases_LP4E_150_aniv_MDQ.pdf\"\n\t\t\t\t\tclass=\"sowb-button ow-icon-placement-left ow-button-hover\" target=\"_blank\" rel=\"noopener noreferrer\" \t>\n\t\t<span>\n\t\t\t<span class=\"sow-icon-fontawesome sow-far\" data-sow-icon=\"&#xf1c1;\"\n\t\tstyle=\"\" \n\t\taria-hidden=\"true\"><\/span>\n\t\t\tVER BASES\t\t<\/span>\n\t\t\t<\/a>\n\t<\/div>\n<\/div><\/div><div id=\"panel-gb10627-69e6917ea076b-3-0-1\" class=\"so-panel widget widget_text\" data-index=\"5\" ><div class=\"panel-widget-style panel-widget-style-for-gb10627-69e6917ea076b-3-0-1\" >\t\t\t<div class=\"textwidget\"><p><strong>Los contactos subidos por las estaciones a LdA son exclusiva responsabilidad de las mismas. Si ha detectado una mala carga de alg\u00fan QSO en particular no es LdA quien debe solucionar el problema. P\u00f3ngase en contacto con la instituci\u00f3n organizadora a tal fin o con la estaci\u00f3n contactada buscando sus datos en\u00a0 <a href=\"https:\/\/lda.ar\/wp\/?page_id=17\" target=\"_blank\" rel=\"noopener\">USUARIOS DE LdA.<\/a><\/strong><\/p>\n<\/div>\n\t\t<\/div><\/div><div id=\"panel-gb10627-69e6917ea076b-3-0-2\" class=\"so-panel widget widget_text panel-last-child\" data-index=\"6\" ><div class=\"panel-widget-style panel-widget-style-for-gb10627-69e6917ea076b-3-0-2\" >\t\t\t<div class=\"textwidget\"><p><em><strong>\u00abEl certificado es v\u00e1lido para la comprobaci\u00f3n de actividad de radioaficionado.\u00bb<\/strong><\/em><\/p>\n<\/div>\n\t\t<\/div><\/div><\/div><\/div><\/div>\n\n\n<hr class=\"wp-block-separator has-text-color has-luminous-vivid-orange-color has-css-opacity has-luminous-vivid-orange-background-color has-background is-style-wide\"\/>\n\n\n<style>\n       .errordiv { padding:10px; margin:10px; border: 1px solid #555555;color: #000000;background-color: #f8f8f8; width:500px; }#advanced_iframe {visibility:visible;opacity:1;vertical-align:top;}.ai-info-bottom-iframe { position: fixed; z-index: 10000; bottom:0; left: 0; margin: 0px; text-align: center; width: 100%; background-color: #ff9999; padding-left: 5px;padding-bottom: 5px; border-top: 1px solid #aaa } a.ai-bold {font-weight: bold;}#ai-layer-div-advanced_iframe p {height:100%;margin:0;padding:0}<\/style><script type=\"text\/javascript\">var ai_iframe_width_advanced_iframe = 0;var ai_iframe_height_advanced_iframe = 0;function aiReceiveMessageadvanced_iframe(event) {  aiProcessMessage(event,\"advanced_iframe\", \"true\",\"\",\"false\",\"false\");}if (window.addEventListener) {  window.addEventListener(\"message\", aiReceiveMessageadvanced_iframe);} else if (el.attachEvent)  {  el.attachEvent(\"message\", aiReceiveMessageadvanced_iframe);}var aiOnloadScrollTop=\"true\";var aiShowDebug=false;\n\t\tif (typeof aiReadyCallbacks === 'undefined') {\n\t\t\tvar aiReadyCallbacks = [];\n\t\t} else if (!(aiReadyCallbacks instanceof Array)) {\n\t\t\tvar aiReadyCallbacks = [];\n\t\t}    function aiShowIframeId(id_iframe) { jQuery(\"#\"+id_iframe).css(\"visibility\", \"visible\");    }    function aiResizeIframeHeight(height) { aiResizeIframeHeight(height,advanced_iframe); }    function aiResizeIframeHeightId(height,width,id) {aiResizeIframeHeightById(id,height);}<\/script><iframe id=\"advanced_iframe\"  name=\"advanced_iframe\"  src=\"https:\/\/lda.ar\/php\/rancho_mogotes_2024.php\"  width=\"100%\"  height=\"5200\"  frameborder=\"0\"  border=\"0\"  allowtransparency=\"true\"  loading=\"lazy\"  style=\";border-width: 0px;;border: none;;width:100%;;height:5200px;\" ><\/iframe><script type=\"text\/javascript\">var ifrm_advanced_iframe = document.getElementById(\"advanced_iframe\");var hiddenTabsDoneadvanced_iframe = false;\nfunction resizeCallbackadvanced_iframe() {}<\/script><script type=\"text\/javascript\"><\/script><p style=\"display:block !important; visibility:visible !important;margin: -18px 14px 0 0;padding-left: 3px;padding-top:3px;background: white; overflow: hidden; position: relative; line-height:15px;width: fit-content;\"><small style=\"display:block !important;visibility:visible !important\">powered by Advanced iFrame<\/small><\/p>\n\n\n<div style=\"height:20px\" aria-hidden=\"true\" class=\"wp-block-spacer\"><\/div>\n\n\n\n<hr class=\"wp-block-separator has-text-color has-vivid-red-color has-css-opacity has-vivid-red-background-color has-background alignfull is-style-wide\"\/>\n\n\n<div id=\"pl-gb10627-69e6917ea3583\"  class=\"panel-layout wp-block-siteorigin-panels-layout-block\" ><div id=\"pg-gb10627-69e6917ea3583-0\"  class=\"panel-grid panel-no-style\" ><div id=\"pgc-gb10627-69e6917ea3583-0-0\"  class=\"panel-grid-cell\" ><div id=\"panel-gb10627-69e6917ea3583-0-0-0\" class=\"so-panel widget widget_sow-image-grid panel-first-child panel-last-child\" data-index=\"0\" ><div\n\t\t\t\n\t\t\tclass=\"so-widget-sow-image-grid so-widget-sow-image-grid-default-15bfeffd6b98-10627\"\n\t\t\t\n\t\t>\t<div\n\t\tclass=\"sow-image-grid-wrapper\"\n\t\tdata-max-width=\"85\"\t\tdata-max-height=\"75\"\t>\n\t\t\t\t\t<div class=\"sow-image-grid-image\">\n\t\t\t\t\t\t\t\t\t\t\t\t\t<a href=\"https:\/\/fotovig.com.ar\/\"\n\t\t\t\t\t\t\t\t\t\t\t\t\t\t\t\t\t\ttarget=\"_blank\" \t\t\t\t\t\t\t\t\t\t\t\t\t\t\t\t\t\t\t\t\t\t\t\trel=\"noopener noreferrer\" \t\t\t\t\t\t\t\t\t\t\t>\n\t\t\t\t\t\t\t\t<img decoding=\"async\" title=\"Fotovig\" alt=\"Fotovig&quot;\" class=\"sow-image-grid-image_html\" src=\"https:\/\/lda.ar\/imagenes\/escudos\/Marca%20Foto%20Vig%20(Colores).png\" >\t\t\t\t\t\t\t\t\t<\/a>\n\t\t\t\t\t\t\t\t\t\t\t<\/div>\n\t\t\t\t\t<div class=\"sow-image-grid-image\">\n\t\t\t\t\t\t\t\t\t\t\t\t\t<a href=\"http:\/\/www.sa10m.com.ar\/\"\n\t\t\t\t\t\t\t\t\t\t\t\t\t\t\t\t\t\ttarget=\"_blank\" \t\t\t\t\t\t\t\t\t\t\t\t\t\t\t\t\t\t\t\t\t\t\t\trel=\"noopener noreferrer\" \t\t\t\t\t\t\t\t\t\t\t>\n\t\t\t\t\t\t\t\t<img decoding=\"async\" title=\"SA1\u00d8m Contest\" alt=\"SA10m Contest&quot;\" class=\"sow-image-grid-image_html\" src=\"https:\/\/lda.ar\/imagenes\/escudos\/logo_sa10m.png\" >\t\t\t\t\t\t\t\t\t<\/a>\n\t\t\t\t\t\t\t\t\t\t\t<\/div>\n\t\t\t\t\t<div class=\"sow-image-grid-image\">\n\t\t\t\t\t\t\t\t\t\t\t\t\t<a href=\"http:\/\/www.campeonatohf.com.ar\/\"\n\t\t\t\t\t\t\t\t\t\t\t\t\t\t\t\t\t\ttarget=\"_blank\" \t\t\t\t\t\t\t\t\t\t\t\t\t\t\t\t\t\t\t\t\t\t\t\trel=\"noopener noreferrer\" \t\t\t\t\t\t\t\t\t\t\t>\n\t\t\t\t\t\t\t\t<img decoding=\"async\" title=\"Campeonato Argentino de HF\" alt=\"Campeonato Argentino de HF&quot;\" class=\"sow-image-grid-image_html\" src=\"https:\/\/lda.ar\/imagenes\/escudos\/logo_cahf.png\" >\t\t\t\t\t\t\t\t\t<\/a>\n\t\t\t\t\t\t\t\t\t\t\t<\/div>\n\t\t\t\t\t<div class=\"sow-image-grid-image\">\n\t\t\t\t\t\t\t\t\t\t\t\t\t<a href=\"http:\/\/jvp-antenas.com.ar\/\"\n\t\t\t\t\t\t\t\t\t\t\t\t\t\t\t\t\t\ttarget=\"_blank\" \t\t\t\t\t\t\t\t\t\t\t\t\t\t\t\t\t\t\t\t\t\t\t\trel=\"noopener noreferrer\" \t\t\t\t\t\t\t\t\t\t\t>\n\t\t\t\t\t\t\t\t<img decoding=\"async\" title=\"JVP Antenas\" alt=\"JVP Antenas&quot;\" class=\"sow-image-grid-image_html\" src=\"https:\/\/lda.ar\/imagenes\/escudos\/logo_jvp.png\" >\t\t\t\t\t\t\t\t\t<\/a>\n\t\t\t\t\t\t\t\t\t\t\t<\/div>\n\t\t\t\t\t<div class=\"sow-image-grid-image\">\n\t\t\t\t\t\t\t\t\t\t\t\t\t<a href=\"http:\/\/www.jpv-antenas.com.ar\"\n\t\t\t\t\t\t\t\t\t\t\t\t\t\t\t\t\t\ttarget=\"_blank\" \t\t\t\t\t\t\t\t\t\t\t\t\t\t\t\t\t\t\t\t\t\t\t\trel=\"noopener noreferrer\" \t\t\t\t\t\t\t\t\t\t\t>\n\t\t\t\t\t\t\t\t<img decoding=\"async\" title=\"Yaguaret\u00e9 DX Group\" alt=\"Yaguaret\u00e9 DX Group&quot;\" class=\"sow-image-grid-image_html\" src=\"https:\/\/lda.ar\/imagenes\/escudos\/escudo_yaguarete_dx_group_600px.png\" >\t\t\t\t\t\t\t\t\t<\/a>\n\t\t\t\t\t\t\t\t\t\t\t<\/div>\n\t\t\t\t\t<div class=\"sow-image-grid-image\">\n\t\t\t\t\t\t\t\t\t\t\t\t\t<a href=\"https:\/\/www.argentinaroom.com.ar\/\"\n\t\t\t\t\t\t\t\t\t\t\t\t\t\t\t\t\t\ttarget=\"_blank\" \t\t\t\t\t\t\t\t\t\t\t\t\t\t\t\t\t\t\t\t\t\t\t\trel=\"noopener noreferrer\" \t\t\t\t\t\t\t\t\t\t\t>\n\t\t\t\t\t\t\t\t<img decoding=\"async\" title=\"Argentina ROOM\" alt=\"Argentina ROOM&quot;\" class=\"sow-image-grid-image_html\" src=\"https:\/\/lda.ar\/escudos\/marca_arg_room_circular_fdo_celeste.png\" >\t\t\t\t\t\t\t\t\t<\/a>\n\t\t\t\t\t\t\t\t\t\t\t<\/div>\n\t\t\t<\/div>\n<\/div><\/div><\/div><\/div><\/div>","protected":false},"excerpt":{"rendered":"","protected":false},"author":13,"featured_media":0,"parent":0,"menu_order":0,"comment_status":"closed","ping_status":"closed","template":"","meta":{"ngg_post_thumbnail":0,"footnotes":""},"class_list":["post-10627","page","type-page","status-publish","hentry"],"_links":{"self":[{"href":"https:\/\/lda.ar\/index.php?rest_route=\/wp\/v2\/pages\/10627","targetHints":{"allow":["GET"]}}],"collection":[{"href":"https:\/\/lda.ar\/index.php?rest_route=\/wp\/v2\/pages"}],"about":[{"href":"https:\/\/lda.ar\/index.php?rest_route=\/wp\/v2\/types\/page"}],"author":[{"embeddable":true,"href":"https:\/\/lda.ar\/index.php?rest_route=\/wp\/v2\/users\/13"}],"replies":[{"embeddable":true,"href":"https:\/\/lda.ar\/index.php?rest_route=%2Fwp%2Fv2%2Fcomments&post=10627"}],"version-history":[{"count":3,"href":"https:\/\/lda.ar\/index.php?rest_route=\/wp\/v2\/pages\/10627\/revisions"}],"predecessor-version":[{"id":10630,"href":"https:\/\/lda.ar\/index.php?rest_route=\/wp\/v2\/pages\/10627\/revisions\/10630"}],"wp:attachment":[{"href":"https:\/\/lda.ar\/index.php?rest_route=%2Fwp%2Fv2%2Fmedia&parent=10627"}],"curies":[{"name":"wp","href":"https:\/\/api.w.org\/{rel}","templated":true}]}}