{"id":1058,"date":"2020-10-27T12:20:45","date_gmt":"2020-10-27T15:20:45","guid":{"rendered":"https:\/\/lda.ar\/wp\/?page_id=1058"},"modified":"2024-12-11T13:56:31","modified_gmt":"2024-12-11T16:56:31","slug":"lu4lg-170o-aniversario-fallecimiento-de-san-martin","status":"publish","type":"page","link":"https:\/\/lda.ar\/?page_id=1058","title":{"rendered":"| LU4LG | 170\u00ba Aniversario fallecimiento de San Mart\u00edn"},"content":{"rendered":"<div id=\"pl-gb1058-69e691835917b\"  class=\"panel-layout wp-block-siteorigin-panels-layout-block\" ><div id=\"pg-gb1058-69e691835917b-0\"  class=\"panel-grid panel-no-style\" ><div id=\"pgc-gb1058-69e691835917b-0-0\"  class=\"panel-grid-cell\" ><div id=\"panel-gb1058-69e691835917b-0-0-0\" class=\"so-panel widget widget_sow-image panel-first-child\" data-index=\"0\" ><div\n\t\t\t\n\t\t\tclass=\"so-widget-sow-image so-widget-sow-image-default-113ccd71f3e6-1058\"\n\t\t\t\n\t\t>\n<div class=\"sow-image-container\">\n\t\t<img \n\tsrc=\"https:\/\/lda.ar\/wp-content\/uploads\/2020\/10\/membrete_lu4lg_sanmartin_2020-768x139.jpg\" width=\"768\" height=\"139\" srcset=\"https:\/\/lda.ar\/wp-content\/uploads\/2020\/10\/membrete_lu4lg_sanmartin_2020-768x139.jpg 768w, https:\/\/lda.ar\/wp-content\/uploads\/2020\/10\/membrete_lu4lg_sanmartin_2020-300x54.jpg 300w, https:\/\/lda.ar\/wp-content\/uploads\/2020\/10\/membrete_lu4lg_sanmartin_2020-e1603811874818.jpg 1024w, https:\/\/lda.ar\/wp-content\/uploads\/2020\/10\/membrete_lu4lg_sanmartin_2020-1536x277.jpg 1536w, https:\/\/lda.ar\/wp-content\/uploads\/2020\/10\/membrete_lu4lg_sanmartin_2020-2048x370.jpg 2048w\" sizes=\"(max-width: 768px) 100vw, 768px\" title=\"LU4LG 170\u00ba Aniversario fallecimiento de San Mart\u00edn\" alt=\"\" \t\tclass=\"so-widget-image\"\/>\n\t<\/div>\n\n<\/div><\/div><div id=\"panel-gb1058-69e691835917b-0-0-1\" class=\"so-panel widget widget_text\" data-index=\"1\" ><div class=\"panel-widget-style panel-widget-style-for-gb1058-69e691835917b-0-0-1\" >\t\t\t<div class=\"textwidget\"><p id=\"u910179-2\"><strong>El Radio Club Corrientes LU4LG invita a la conmemoraci\u00f3n del 170\u00ba aniversario del paso a la inmortalidad del General Jos\u00e9 de San Mart\u00edn durante los d\u00edas 15 al 23 de agosto de 2020.<\/strong><\/p>\n<\/div>\n\t\t<\/div><\/div><div id=\"panel-gb1058-69e691835917b-0-0-2\" class=\"so-panel widget widget_text panel-last-child\" data-index=\"2\" ><div class=\"panel-widget-style panel-widget-style-for-gb1058-69e691835917b-0-0-2\" >\t\t\t<div class=\"textwidget\"><p><em>El Certificado cumple la totalidad de lo requerido por la Resoluci\u00f3n 3635-E\/2017, art\u00edculos 4.5.4 y 4.6.4, y por lo tanto al tener el Radio Club personer\u00eda jur\u00eddica vigente y ser reconocida por ENACOM es v\u00e1lido para ascensos de categor\u00eda.<\/em><\/p>\n<\/div>\n\t\t<\/div><\/div><\/div><\/div><div id=\"pg-gb1058-69e691835917b-1\"  class=\"panel-grid panel-no-style\" ><div id=\"pgc-gb1058-69e691835917b-1-0\"  class=\"panel-grid-cell\" ><div id=\"panel-gb1058-69e691835917b-1-0-0\" class=\"so-panel widget widget_sow-button panel-first-child panel-last-child\" data-index=\"3\" ><div\n\t\t\t\n\t\t\tclass=\"so-widget-sow-button so-widget-sow-button-atom-84e047a5cb77-1058\"\n\t\t\t\n\t\t><div class=\"ow-button-base ow-button-align-center\"\n>\n\t\t\t<a\n\t\t\t\t\thref=\"https:\/\/lda.ar\/bases\/bases_lu4lg_sanmartin_2020.pdf\"\n\t\t\t\t\tclass=\"sowb-button ow-icon-placement-left ow-button-hover\" target=\"_blank\" rel=\"noopener noreferrer\" \t>\n\t\t<span>\n\t\t\t<span class=\"sow-icon-fontawesome sow-far\" data-sow-icon=\"&#xf1c1;\"\n\t\tstyle=\"\" \n\t\taria-hidden=\"true\"><\/span>\n\t\t\tVER BASES\t\t<\/span>\n\t\t\t<\/a>\n\t<\/div>\n<\/div><\/div><\/div><\/div><\/div>\n\n<style>\n       .errordiv { padding:10px; margin:10px; border: 1px solid #555555;color: #000000;background-color: #f8f8f8; width:500px; }#advanced_iframe {visibility:visible;opacity:1;vertical-align:top;}.ai-info-bottom-iframe { position: fixed; z-index: 10000; bottom:0; left: 0; margin: 0px; text-align: center; width: 100%; background-color: #ff9999; padding-left: 5px;padding-bottom: 5px; border-top: 1px solid #aaa } a.ai-bold {font-weight: bold;}#ai-layer-div-advanced_iframe p {height:100%;margin:0;padding:0}<\/style><script type=\"text\/javascript\">var ai_iframe_width_advanced_iframe = 0;var ai_iframe_height_advanced_iframe = 0;function aiReceiveMessageadvanced_iframe(event) {  aiProcessMessage(event,\"advanced_iframe\", \"true\",\"\",\"false\",\"false\");}if (window.addEventListener) {  window.addEventListener(\"message\", aiReceiveMessageadvanced_iframe);} else if (el.attachEvent)  {  el.attachEvent(\"message\", aiReceiveMessageadvanced_iframe);}var aiOnloadScrollTop=\"true\";var aiShowDebug=false;\n\t\tif (typeof aiReadyCallbacks === 'undefined') {\n\t\t\tvar aiReadyCallbacks = [];\n\t\t} else if (!(aiReadyCallbacks instanceof Array)) {\n\t\t\tvar aiReadyCallbacks = [];\n\t\t}    function aiShowIframeId(id_iframe) { jQuery(\"#\"+id_iframe).css(\"visibility\", \"visible\");    }    function aiResizeIframeHeight(height) { aiResizeIframeHeight(height,advanced_iframe); }    function aiResizeIframeHeightId(height,width,id) {aiResizeIframeHeightById(id,height);}<\/script><iframe id=\"advanced_iframe\"  name=\"advanced_iframe\"  src=\"https:\/\/logdeargentina.com.ar\/php\/lu4lg_2020.php\"  width=\"100%\"  height=\"5000\"  frameborder=\"0\"  border=\"0\"  allowtransparency=\"true\"  loading=\"lazy\"  style=\";border-width: 0px;;border: none;;width:100%;;height:5000px;\" ><\/iframe><script type=\"text\/javascript\">var ifrm_advanced_iframe = document.getElementById(\"advanced_iframe\");var hiddenTabsDoneadvanced_iframe = false;\nfunction resizeCallbackadvanced_iframe() {}<\/script><script type=\"text\/javascript\"><\/script><p style=\"display:block !important; visibility:visible !important;margin: -18px 14px 0 0;padding-left: 3px;padding-top:3px;background: white; overflow: hidden; position: relative; line-height:15px;width: fit-content;\"><small style=\"display:block !important;visibility:visible !important\">powered by Advanced iFrame<\/small><\/p>\n\n\n<p><strong>LU4LG\/L&nbsp;LU1LAE&nbsp;LU1LC&nbsp;LU2LDB&nbsp;LU3LB&nbsp;LU4LC&nbsp;LU4LE&nbsp;LU4LGS&nbsp;LU5LAE&nbsp;LU6LB&nbsp;LU7LC&nbsp;LU7LDH&nbsp;LU8LFV&nbsp;LU8LCI&nbsp;LU8LDZ&nbsp;LU9GOY\/L&nbsp;LU9LCA&nbsp;LU9LL&nbsp;LU9LOP&nbsp;LU9LZR<\/strong><\/p>\n","protected":false},"excerpt":{"rendered":"<p>El Radio Club Corrientes LU4LG invita a la conmemoraci\u00f3n del 170\u00ba aniversario del paso a la inmortalidad del General Jos\u00e9 de San Mart\u00edn durante los d\u00edas 15 al 23 de&hellip; <\/p>\n","protected":false},"author":3,"featured_media":0,"parent":11590,"menu_order":0,"comment_status":"closed","ping_status":"closed","template":"","meta":{"ngg_post_thumbnail":0,"footnotes":""},"class_list":["post-1058","page","type-page","status-publish","hentry"],"_links":{"self":[{"href":"https:\/\/lda.ar\/index.php?rest_route=\/wp\/v2\/pages\/1058","targetHints":{"allow":["GET"]}}],"collection":[{"href":"https:\/\/lda.ar\/index.php?rest_route=\/wp\/v2\/pages"}],"about":[{"href":"https:\/\/lda.ar\/index.php?rest_route=\/wp\/v2\/types\/page"}],"author":[{"embeddable":true,"href":"https:\/\/lda.ar\/index.php?rest_route=\/wp\/v2\/users\/3"}],"replies":[{"embeddable":true,"href":"https:\/\/lda.ar\/index.php?rest_route=%2Fwp%2Fv2%2Fcomments&post=1058"}],"version-history":[{"count":5,"href":"https:\/\/lda.ar\/index.php?rest_route=\/wp\/v2\/pages\/1058\/revisions"}],"predecessor-version":[{"id":12033,"href":"https:\/\/lda.ar\/index.php?rest_route=\/wp\/v2\/pages\/1058\/revisions\/12033"}],"up":[{"embeddable":true,"href":"https:\/\/lda.ar\/index.php?rest_route=\/wp\/v2\/pages\/11590"}],"wp:attachment":[{"href":"https:\/\/lda.ar\/index.php?rest_route=%2Fwp%2Fv2%2Fmedia&parent=1058"}],"curies":[{"name":"wp","href":"https:\/\/api.w.org\/{rel}","templated":true}]}}