{"id":1051,"date":"2020-10-27T11:59:20","date_gmt":"2020-10-27T14:59:20","guid":{"rendered":"https:\/\/lda.ar\/wp\/?page_id=1051"},"modified":"2024-12-11T13:55:46","modified_gmt":"2024-12-11T16:55:46","slug":"us-lu1hra-primer-dia-del-scout-radioaficionado","status":"publish","type":"page","link":"https:\/\/lda.ar\/?page_id=1051","title":{"rendered":"| LU1HRA | Primer d\u00eda del Scout Radioaficionado"},"content":{"rendered":"<div id=\"pl-gb1051-69eb2ed241ee5\"  class=\"panel-layout wp-block-siteorigin-panels-layout-block\" ><div id=\"pg-gb1051-69eb2ed241ee5-0\"  class=\"panel-grid panel-no-style\" ><div id=\"pgc-gb1051-69eb2ed241ee5-0-0\"  class=\"panel-grid-cell\" ><div id=\"panel-gb1051-69eb2ed241ee5-0-0-0\" class=\"so-panel widget widget_sow-image panel-first-child\" data-index=\"0\" ><div\n\t\t\t\n\t\t\tclass=\"so-widget-sow-image so-widget-sow-image-default-113ccd71f3e6-1051\"\n\t\t\t\n\t\t>\n<div class=\"sow-image-container\">\n\t\t<img \n\tsrc=\"https:\/\/lda.ar\/wp-content\/uploads\/2020\/10\/membrete_lu1hra_punilla-768x139.jpg\" width=\"768\" height=\"139\" srcset=\"https:\/\/lda.ar\/wp-content\/uploads\/2020\/10\/membrete_lu1hra_punilla-768x139.jpg 768w, https:\/\/lda.ar\/wp-content\/uploads\/2020\/10\/membrete_lu1hra_punilla-300x54.jpg 300w, https:\/\/lda.ar\/wp-content\/uploads\/2020\/10\/membrete_lu1hra_punilla-e1603810670548.jpg 1024w, https:\/\/lda.ar\/wp-content\/uploads\/2020\/10\/membrete_lu1hra_punilla-1536x277.jpg 1536w, https:\/\/lda.ar\/wp-content\/uploads\/2020\/10\/membrete_lu1hra_punilla-2048x370.jpg 2048w\" sizes=\"(max-width: 768px) 100vw, 768px\" title=\"LU1HRA. Primer d\u00eda del Scout Radioaficionado\" alt=\"\" \t\tclass=\"so-widget-image\"\/>\n\t<\/div>\n\n<\/div><\/div><div id=\"panel-gb1051-69eb2ed241ee5-0-0-1\" class=\"so-panel widget widget_text\" data-index=\"1\" ><div class=\"panel-widget-style panel-widget-style-for-gb1051-69eb2ed241ee5-0-0-1\" >\t\t\t<div class=\"textwidget\"><p id=\"u910179-2\"><strong>Estimados colegas:<\/strong><\/p>\n<p id=\"u910179-4\"><strong>El Grupo Scout Gral. Bartolom\u00e9 Mitre junto al Grupo Radioaficionados Valle de Punilla filial del Radio Club Alta Gracia LU1HRA y Scout de Argentina organizan la presente actividad con motivo de celebrar el primer d\u00eda del \u00abSCOUT RADIOAFICIONADO\u00bb en homenaje a Federico V. Santos Rinaudo LU9HFS, quien, a pesar de su corta edad, nos ha dejado un sin fin de aprendizajes y ense\u00f1anzas, superando barreras que han sido estoicamente derribadas por su temple e interminable curiosidad.<br \/>\n<\/strong><strong>Federico nos alent\u00f3 y a\u00fan nos alienta a trabajar para ser mejores personas, a ver lo mejor en el otro, a compartir sin miedo lo que pensamos entre otras tantas cosas!!!<br \/>\n<\/strong><strong>Ha sido el nexo que hoy nos permite unir estas dos grandes hermandades en una fecha que, de ahora en m\u00e1s, celebraremos en su honor!<br \/>\n<\/strong><strong>Siempre Listos!<\/strong><\/p>\n<\/div>\n\t\t<\/div><\/div><div id=\"panel-gb1051-69eb2ed241ee5-0-0-2\" class=\"so-panel widget widget_text panel-last-child\" data-index=\"2\" ><div class=\"panel-widget-style panel-widget-style-for-gb1051-69eb2ed241ee5-0-0-2\" >\t\t\t<div class=\"textwidget\"><p><em>El Certificado cumple la totalidad de lo requerido por la Resoluci\u00f3n 3635-E\/2017, art\u00edculos 4.5.4 y 4.6.4, y por lo tanto al tener el Radio Club personer\u00eda jur\u00eddica vigente y ser reconocida por ENACOM es v\u00e1lido para ascensos de categor\u00eda.<\/em><\/p>\n<\/div>\n\t\t<\/div><\/div><\/div><\/div><div id=\"pg-gb1051-69eb2ed241ee5-1\"  class=\"panel-grid panel-no-style\" ><div id=\"pgc-gb1051-69eb2ed241ee5-1-0\"  class=\"panel-grid-cell\" ><div id=\"panel-gb1051-69eb2ed241ee5-1-0-0\" class=\"so-panel widget widget_sow-button panel-first-child panel-last-child\" data-index=\"3\" ><div\n\t\t\t\n\t\t\tclass=\"so-widget-sow-button so-widget-sow-button-atom-84e047a5cb77-1051\"\n\t\t\t\n\t\t><div class=\"ow-button-base ow-button-align-center\"\n>\n\t\t\t<a\n\t\t\t\t\thref=\"https:\/\/lda.ar\/bases\/bases_lu1hra_scout_radioaficionado_2020.pdf\"\n\t\t\t\t\tclass=\"sowb-button ow-icon-placement-left ow-button-hover\" target=\"_blank\" rel=\"noopener noreferrer\" \t>\n\t\t<span>\n\t\t\t<span class=\"sow-icon-fontawesome sow-far\" data-sow-icon=\"&#xf1c1;\"\n\t\tstyle=\"\" \n\t\taria-hidden=\"true\"><\/span>\n\t\t\tVER BASES\t\t<\/span>\n\t\t\t<\/a>\n\t<\/div>\n<\/div><\/div><\/div><\/div><\/div>\n\n<style>\n       .errordiv { padding:10px; margin:10px; border: 1px solid #555555;color: #000000;background-color: #f8f8f8; width:500px; }#advanced_iframe {visibility:visible;opacity:1;vertical-align:top;}.ai-info-bottom-iframe { position: fixed; z-index: 10000; bottom:0; left: 0; margin: 0px; text-align: center; width: 100%; background-color: #ff9999; padding-left: 5px;padding-bottom: 5px; border-top: 1px solid #aaa } a.ai-bold {font-weight: bold;}#ai-layer-div-advanced_iframe p {height:100%;margin:0;padding:0}<\/style><script type=\"text\/javascript\">var ai_iframe_width_advanced_iframe = 0;var ai_iframe_height_advanced_iframe = 0;function aiReceiveMessageadvanced_iframe(event) {  aiProcessMessage(event,\"advanced_iframe\", \"true\",\"\",\"false\",\"false\");}if (window.addEventListener) {  window.addEventListener(\"message\", aiReceiveMessageadvanced_iframe);} else if (el.attachEvent)  {  el.attachEvent(\"message\", aiReceiveMessageadvanced_iframe);}var aiOnloadScrollTop=\"true\";var aiShowDebug=false;\n\t\tif (typeof aiReadyCallbacks === 'undefined') {\n\t\t\tvar aiReadyCallbacks = [];\n\t\t} else if (!(aiReadyCallbacks instanceof Array)) {\n\t\t\tvar aiReadyCallbacks = [];\n\t\t}    function aiShowIframeId(id_iframe) { jQuery(\"#\"+id_iframe).css(\"visibility\", \"visible\");    }    function aiResizeIframeHeight(height) { aiResizeIframeHeight(height,advanced_iframe); }    function aiResizeIframeHeightId(height,width,id) {aiResizeIframeHeightById(id,height);}<\/script><iframe id=\"advanced_iframe\"  name=\"advanced_iframe\"  src=\"https:\/\/logdeargentina.com.ar\/php\/scouts_2020.php\"  width=\"100%\"  height=\"5100\"  frameborder=\"0\"  border=\"0\"  allowtransparency=\"true\"  loading=\"lazy\"  style=\";border-width: 0px;;border: none;;width:100%;;height:5100px;\" ><\/iframe><script type=\"text\/javascript\">var ifrm_advanced_iframe = document.getElementById(\"advanced_iframe\");var hiddenTabsDoneadvanced_iframe = false;\nfunction resizeCallbackadvanced_iframe() {}<\/script><script type=\"text\/javascript\"><\/script><p style=\"display:block !important; visibility:visible !important;margin: -18px 14px 0 0;padding-left: 3px;padding-top:3px;background: white; overflow: hidden; position: relative; line-height:15px;width: fit-content;\"><small style=\"display:block !important;visibility:visible !important\">powered by Advanced iFrame<\/small><\/p>\n\n\n<p><strong>LT5L&nbsp;LU1IAE&nbsp;LU1IAH&nbsp;LU1IES&nbsp;LU1JKN&nbsp;LU1QR&nbsp;LU2AMM&nbsp;LU2FDA&nbsp;LU2WDZ&nbsp;LU3PEX&nbsp;LU4MH&nbsp;LU5HA&nbsp;LU5QAC&nbsp;LU7HAL&nbsp;LU8DIJ&nbsp;LU8HLE&nbsp;LU9BSA&nbsp;LU9EEY&nbsp;LU9HSC&nbsp;LU9HNF&nbsp;LU9NFS&nbsp;LW4EWC&nbsp;LW5DTG&nbsp;LW9DVW&nbsp;LW9JTA<\/strong><\/p>\n","protected":false},"excerpt":{"rendered":"<p>Estimados colegas: El Grupo Scout Gral. Bartolom\u00e9 Mitre junto al Grupo Radioaficionados Valle de Punilla filial del Radio Club Alta Gracia LU1HRA y Scout de Argentina organizan la presente actividad&hellip; <\/p>\n","protected":false},"author":3,"featured_media":0,"parent":11590,"menu_order":0,"comment_status":"closed","ping_status":"closed","template":"","meta":{"ngg_post_thumbnail":0,"footnotes":""},"class_list":["post-1051","page","type-page","status-publish","hentry"],"_links":{"self":[{"href":"https:\/\/lda.ar\/index.php?rest_route=\/wp\/v2\/pages\/1051","targetHints":{"allow":["GET"]}}],"collection":[{"href":"https:\/\/lda.ar\/index.php?rest_route=\/wp\/v2\/pages"}],"about":[{"href":"https:\/\/lda.ar\/index.php?rest_route=\/wp\/v2\/types\/page"}],"author":[{"embeddable":true,"href":"https:\/\/lda.ar\/index.php?rest_route=\/wp\/v2\/users\/3"}],"replies":[{"embeddable":true,"href":"https:\/\/lda.ar\/index.php?rest_route=%2Fwp%2Fv2%2Fcomments&post=1051"}],"version-history":[{"count":5,"href":"https:\/\/lda.ar\/index.php?rest_route=\/wp\/v2\/pages\/1051\/revisions"}],"predecessor-version":[{"id":12032,"href":"https:\/\/lda.ar\/index.php?rest_route=\/wp\/v2\/pages\/1051\/revisions\/12032"}],"up":[{"embeddable":true,"href":"https:\/\/lda.ar\/index.php?rest_route=\/wp\/v2\/pages\/11590"}],"wp:attachment":[{"href":"https:\/\/lda.ar\/index.php?rest_route=%2Fwp%2Fv2%2Fmedia&parent=1051"}],"curies":[{"name":"wp","href":"https:\/\/api.w.org\/{rel}","templated":true}]}}