{"id":1024,"date":"2020-10-27T11:14:15","date_gmt":"2020-10-27T14:14:15","guid":{"rendered":"https:\/\/lda.ar\/wp\/?page_id=1024"},"modified":"2020-10-31T11:03:03","modified_gmt":"2020-10-31T14:03:03","slug":"lu7dzv-y-lu5dsm-fiestas-patronales-san-miguel-arcangel","status":"publish","type":"page","link":"https:\/\/lda.ar\/?page_id=1024","title":{"rendered":"(LU7DZV y LU5DSM) Fiestas Patronales \u00abSan Miguel Arc\u00e1ngel\u00bb"},"content":{"rendered":"<div id=\"pl-gb1024-69e6b75604b26\"  class=\"panel-layout\" ><div id=\"pg-gb1024-69e6b75604b26-0\"  class=\"panel-grid panel-no-style\" ><div id=\"pgc-gb1024-69e6b75604b26-0-0\"  class=\"panel-grid-cell\" ><div id=\"panel-gb1024-69e6b75604b26-0-0-0\" class=\"so-panel widget widget_sow-image panel-first-child\" data-index=\"0\" ><div\n\t\t\t\n\t\t\tclass=\"so-widget-sow-image so-widget-sow-image-default-113ccd71f3e6-1024\"\n\t\t\t\n\t\t>\n<div class=\"sow-image-container\">\n\t\t<img \n\tsrc=\"https:\/\/lda.ar\/wp-content\/uploads\/2020\/10\/membrete_lu7dzv_lu5dsm_patronales2020-1024x135.jpg\" width=\"1024\" height=\"135\" srcset=\"https:\/\/lda.ar\/wp-content\/uploads\/2020\/10\/membrete_lu7dzv_lu5dsm_patronales2020-1024x135.jpg 1024w, https:\/\/lda.ar\/wp-content\/uploads\/2020\/10\/membrete_lu7dzv_lu5dsm_patronales2020-300x39.jpg 300w, https:\/\/lda.ar\/wp-content\/uploads\/2020\/10\/membrete_lu7dzv_lu5dsm_patronales2020-768x101.jpg 768w, https:\/\/lda.ar\/wp-content\/uploads\/2020\/10\/membrete_lu7dzv_lu5dsm_patronales2020-e1603807954196.jpg 1026w\" sizes=\"(max-width: 1024px) 100vw, 1024px\" title=\"(LU7DZV y LU5DSM) Fiestas Patronales \u00abSan Miguel Arc\u00e1ngel\u00bb\" alt=\"\" \t\tclass=\"so-widget-image\"\/>\n\t<\/div>\n\n<\/div><\/div><div id=\"panel-gb1024-69e6b75604b26-0-0-1\" class=\"so-panel widget widget_text\" data-index=\"1\" ><div class=\"panel-widget-style panel-widget-style-for-gb1024-69e6b75604b26-0-0-1\" >\t\t\t<div class=\"textwidget\"><p><strong>Del 18 al 29 de septiembre del 2020 se pondr\u00e1 al aire un Certificado Digital con motivo del d\u00eda de nuestro santo patrono San Miguel Arc\u00e1ngel que se celebra el d\u00eda 29 de septiembre como cada a\u00f1o en la ciudad de San Miguel. Por tal motivo el Radio Club Grupo DX San Miguel LU5DSM junto al Radio Club General Sarmiento LU7DZV, otorgan un Certificado Digital el cual ser\u00e1 validado a trav\u00e9s de Log de Argentina (LDA). Podr\u00e1n participar y obtener este CERTIFICADO DIGITAL todos los Radio Aficionados argentinos, extranjeros TITULARES de licencias otorgadas por las autoridades competentes.<\/strong><\/p>\n<\/div>\n\t\t<\/div><\/div><div id=\"panel-gb1024-69e6b75604b26-0-0-2\" class=\"so-panel widget widget_text panel-last-child\" data-index=\"2\" ><div class=\"panel-widget-style panel-widget-style-for-gb1024-69e6b75604b26-0-0-2\" >\t\t\t<div class=\"textwidget\"><p><em>El Certificado cumple la totalidad de lo requerido por la Resoluci\u00f3n 3635-E\/2017, art\u00edculos 4.5.4 y 4.6.4, y por lo tanto al tener el Radio Club personer\u00eda jur\u00eddica vigente y ser reconocida por ENACOM es v\u00e1lido para ascensos de categor\u00eda.<\/em><\/p>\n<\/div>\n\t\t<\/div><\/div><\/div><\/div><div id=\"pg-gb1024-69e6b75604b26-1\"  class=\"panel-grid panel-no-style\" ><div id=\"pgc-gb1024-69e6b75604b26-1-0\"  class=\"panel-grid-cell\" ><div id=\"panel-gb1024-69e6b75604b26-1-0-0\" class=\"so-panel widget widget_sow-button panel-first-child\" data-index=\"3\" ><div\n\t\t\t\n\t\t\tclass=\"so-widget-sow-button so-widget-sow-button-atom-84e047a5cb77-1024\"\n\t\t\t\n\t\t><div class=\"ow-button-base ow-button-align-center\"\n>\n\t\t\t<a\n\t\t\t\t\thref=\"https:\/\/lda.ar\/bases\/bases_lu7dzv_lu5dsm_patronales2020.pdf\"\n\t\t\t\t\tclass=\"sowb-button ow-icon-placement-left ow-button-hover\" target=\"_blank\" rel=\"noopener noreferrer\" \t>\n\t\t<span>\n\t\t\t<span class=\"sow-icon-fontawesome sow-far\" data-sow-icon=\"&#xf1c1;\"\n\t\tstyle=\"\" \n\t\taria-hidden=\"true\"><\/span>\n\t\t\tVER BASES\t\t<\/span>\n\t\t\t<\/a>\n\t<\/div>\n<\/div><\/div><div id=\"panel-gb1024-69e6b75604b26-1-0-1\" class=\"widget_text so-panel widget widget_custom_html panel-last-child\" data-index=\"4\" ><div class=\"textwidget custom-html-widget\"><iframe loading=\"lazy\" width=\"98%\" height=\"5100\" src=\"https:\/\/lda.ar\/php\/lu7dzv_lu5dsm_2020.php\" frameborder=\"0\" allowfullscreen; style=\"margin-left: 2em;\"><\/iframe><\/div><\/div><\/div><\/div><\/div>","protected":false},"excerpt":{"rendered":"<p>Del 18 al 29 de septiembre del 2020 se pondr\u00e1 al aire un Certificado Digital con motivo del d\u00eda de nuestro santo patrono San Miguel Arc\u00e1ngel que se celebra el&hellip; <\/p>\n","protected":false},"author":3,"featured_media":0,"parent":1406,"menu_order":0,"comment_status":"closed","ping_status":"closed","template":"","meta":{"ngg_post_thumbnail":0,"footnotes":""},"class_list":["post-1024","page","type-page","status-publish","hentry"],"_links":{"self":[{"href":"https:\/\/lda.ar\/index.php?rest_route=\/wp\/v2\/pages\/1024","targetHints":{"allow":["GET"]}}],"collection":[{"href":"https:\/\/lda.ar\/index.php?rest_route=\/wp\/v2\/pages"}],"about":[{"href":"https:\/\/lda.ar\/index.php?rest_route=\/wp\/v2\/types\/page"}],"author":[{"embeddable":true,"href":"https:\/\/lda.ar\/index.php?rest_route=\/wp\/v2\/users\/3"}],"replies":[{"embeddable":true,"href":"https:\/\/lda.ar\/index.php?rest_route=%2Fwp%2Fv2%2Fcomments&post=1024"}],"version-history":[{"count":4,"href":"https:\/\/lda.ar\/index.php?rest_route=\/wp\/v2\/pages\/1024\/revisions"}],"predecessor-version":[{"id":1572,"href":"https:\/\/lda.ar\/index.php?rest_route=\/wp\/v2\/pages\/1024\/revisions\/1572"}],"up":[{"embeddable":true,"href":"https:\/\/lda.ar\/index.php?rest_route=\/wp\/v2\/pages\/1406"}],"wp:attachment":[{"href":"https:\/\/lda.ar\/index.php?rest_route=%2Fwp%2Fv2%2Fmedia&parent=1024"}],"curies":[{"name":"wp","href":"https:\/\/api.w.org\/{rel}","templated":true}]}}